{"id":76,"date":"2020-04-27T22:16:49","date_gmt":"2020-04-27T20:16:49","guid":{"rendered":"http:\/\/extremia.org\/wp\/?page_id=76"},"modified":"2024-12-27T22:35:58","modified_gmt":"2024-12-27T21:35:58","slug":"regles","status":"publish","type":"page","link":"https:\/\/extremia.org\/wp\/?page_id=76","title":{"rendered":"Aides de jeu diverses"},"content":{"rendered":"\n<p>Vous trouverez ici des aides de jeu diverses pour diff\u00e9rents syst\u00e8mes, utilisables ou non dans le monde d&rsquo;Extremia. <\/p>\n\n\n\n<p>Vous retrouverez notamment : <\/p>\n\n\n\n<ul>\n<li>La liste des Classes de Prestiges d&rsquo;Extremia pour DD3.5<\/li>\n\n\n\n<li>Des r\u00e8gles optionnelles et additionnelles pour le syst\u00e8me de jeu AD&amp;D2<\/li>\n\n\n\n<li>le Guide Gisselin, un guide regroupant diverses auberges des Terres du Nord en un seul endroit<\/li>\n\n\n\n<li>D\u00e8s personnages pr\u00e9-tir\u00e9s pour le syst\u00e8me \u00ab\u00a0Chroniques Oubli\u00e9es\u00a0\u00bb<\/li>\n<\/ul>\n\n\n\n<p><\/p>\n\n\n\n<p><\/p>\n\n\n\n<h2>Les Classes de Prestige d&rsquo;Extremia pour DD3<\/h2>\n\n\n\n<p>Retrouvez ici les classes de Prestige sp\u00e9cialement con\u00e7ues pour le Monde d&rsquo;Extremia !<\/p>\n\n\n\n<p><\/p>\n\n\n\n<p><a href=\"https:\/\/extremia.org\/wp\/?page_id=180\" data-type=\"page\" data-id=\"180\">Membre de l&rsquo;Ordre Ardent<\/a>, une CP pour Pr\u00eatre, Paladin, Guerrier\/Pr\u00eatre d&rsquo;<a href=\"https:\/\/extremia.org\/wp\/?page_id=174\" data-type=\"page\" data-id=\"174\">Uron<\/a>.<\/p>\n\n\n\n<p><a href=\"https:\/\/extremia.org\/wp\/?page_id=353\" data-type=\"page\" data-id=\"353\">Pieux Gu\u00e9risseur de la Dame Gardienne<\/a>, pour les Pr\u00eatres d&rsquo;<a href=\"https:\/\/extremia.org\/wp\/?page_id=348\" data-type=\"page\" data-id=\"348\">Iniva<\/a>. <\/p>\n\n\n\n<p><a href=\"https:\/\/extremia.org\/wp\/?page_id=226\" data-type=\"page\" data-id=\"226\">Marcheur de la Loi<\/a>, une CP pour Pr\u00eatre ou Magicien v\u00e9n\u00e9rant <a href=\"https:\/\/extremia.org\/wp\/?page_id=220\" data-type=\"page\" data-id=\"220\">Marblus<\/a>.<\/p>\n\n\n\n<p><a href=\"https:\/\/extremia.org\/wp\/?page_id=199\" data-type=\"page\" data-id=\"199\">Gardien de la Flamme Blanche<\/a>, une classe de prestige pour Paladin ou Guerrier\/Pr\u00eatre d&rsquo;<a href=\"https:\/\/extremia.org\/wp\/?page_id=174\" data-type=\"page\" data-id=\"174\">Uron<\/a>.<\/p>\n\n\n\n<p><a href=\"https:\/\/extremia.org\/wp\/?page_id=329\" data-type=\"page\" data-id=\"329\">Adorateur du L\u00e9viathan<\/a>, une classe de Pr\u00eatre ou de Guerrier\/Pr\u00eatre pour adorateurs de <a href=\"https:\/\/extremia.org\/wp\/?page_id=325\" data-type=\"page\" data-id=\"325\">Dakrel&rsquo;<\/a>.<\/p>\n\n\n\n<p><a href=\"https:\/\/extremia.org\/wp\/?page_id=193\" data-type=\"page\" data-id=\"193\">Champion de l&rsquo;Ordre Lumineux<\/a>, une CP pour Pr\u00eatre, Guerrier\/Pr\u00eatre, Paladin v\u00e9n\u00e9rant <a href=\"https:\/\/extremia.org\/wp\/?page_id=174\" data-type=\"page\" data-id=\"174\">Uron<\/a>.<\/p>\n\n\n\n<p><a href=\"https:\/\/extremia.org\/wp\/?page_id=260\" data-type=\"page\" data-id=\"260\">Adepte de la congr\u00e9gation du Croc Gel\u00e9<\/a>, une CP pour Pr\u00eatre, Guerrier\/Pr\u00eatre, Pr\u00eatre\/roublard de <a href=\"https:\/\/extremia.org\/wp\/?page_id=256\" data-type=\"page\" data-id=\"256\">Chiar<\/a>.<\/p>\n\n\n\n<p><a href=\"https:\/\/extremia.org\/wp\/?page_id=224\" data-type=\"page\" data-id=\"224\">Inquisiteur du Juste<\/a>, une CP pour Pr\u00eatre ou Guerrier\/Pr\u00eatre de <a href=\"https:\/\/extremia.org\/wp\/?page_id=220\" data-type=\"page\" data-id=\"220\">Marblus<\/a>.<\/p>\n\n\n\n<p><a href=\"https:\/\/extremia.org\/wp\/?page_id=356\" data-type=\"page\" data-id=\"356\">Saint Protecteur d&rsquo;Iniva<\/a>, une classe de prestige pour les Pr\u00eatres adorant <a href=\"https:\/\/extremia.org\/wp\/?page_id=348\" data-type=\"page\" data-id=\"348\">Iniva<\/a>. <\/p>\n\n\n\n<p><a href=\"https:\/\/extremia.org\/wp\/?page_id=212\" data-type=\"page\" data-id=\"212\">Elu du Roc<\/a>, une classe de prestige pour Pr\u00eatre ou Guerrier\/Pr\u00eatre v\u00e9n\u00e9rant <a href=\"https:\/\/extremia.org\/wp\/?page_id=208\" data-type=\"page\" data-id=\"208\">Abbo<\/a>.<\/p>\n\n\n\n<p><a href=\"https:\/\/extremia.org\/wp\/?page_id=214\" data-type=\"page\" data-id=\"214\">Marteleur d&rsquo;\u00e9toiles<\/a>, une classe de prestige de Pr\u00eatre et de Guerrier\/Pr\u00eatre d&rsquo;<a href=\"https:\/\/extremia.org\/wp\/?page_id=208\" data-type=\"page\" data-id=\"208\">Abbo<\/a>. <\/p>\n\n\n\n<p><a href=\"https:\/\/extremia.org\/wp\/?page_id=265\" data-type=\"page\" data-id=\"265\">Serviteur D\u00e9moniaque de Chiar<\/a>, une classe de prestige de Pr\u00eatre ou de Guerrier\/Pr\u00eatre v\u00e9n\u00e9rant <a href=\"https:\/\/extremia.org\/wp\/?page_id=256\" data-type=\"page\" data-id=\"256\">Chiar<\/a>.<\/p>\n\n\n\n<p><a href=\"https:\/\/extremia.org\/wp\/?page_id=340\" data-type=\"page\" data-id=\"340\">Chef de Guerre du Balafr\u00e9 \/ de l&rsquo;Edent\u00e9<\/a> une CP pour Pr\u00eatre ou Guerrier\/Pr\u00eatre  de <a href=\"https:\/\/extremia.org\/wp\/?page_id=336\" data-type=\"page\" data-id=\"336\">Gornar et Untog<\/a>.<\/p>\n\n\n\n<p><a href=\"https:\/\/extremia.org\/wp\/?page_id=345\" data-type=\"page\" data-id=\"345\">Champion du Balafr\u00e9 \/ de l&rsquo;Edent\u00e9<\/a> une CP de Pr\u00eatre ou Guerrier\/Pr\u00eatre, pour les divinit\u00e9 <a href=\"https:\/\/extremia.org\/wp\/?page_id=336\" data-type=\"page\" data-id=\"336\">Gornar et Untog<\/a>.<\/p>\n\n\n\n<p><a href=\"https:\/\/extremia.org\/wp\/?page_id=403\" data-type=\"page\" data-id=\"403\">Maitre des Temp\u00eates<\/a>, une CP de  Pr\u00eatre ou de Guerrier\/Pr\u00eatre de <a href=\"https:\/\/extremia.org\/wp\/?page_id=393\" data-type=\"page\" data-id=\"393\">Xamidi<\/a>. <\/p>\n\n\n\n<p><a href=\"https:\/\/extremia.org\/wp\/?page_id=443\" data-type=\"page\" data-id=\"443\">Seigneur des Morts<\/a>, classe de prestige pour les Pr\u00eatres de <a href=\"https:\/\/extremia.org\/wp\/?page_id=439\" data-type=\"page\" data-id=\"439\">Knl&rsquo;ka<\/a>. <\/p>\n\n\n\n<p><a href=\"https:\/\/extremia.org\/wp\/?page_id=484\" data-type=\"page\" data-id=\"484\">Ex\u00e9cuteur du Cobra Noir<\/a> une CP pour Pr\u00eatre ou Roublard\/Pr\u00eatre d&rsquo;<a href=\"https:\/\/extremia.org\/wp\/?page_id=476\" data-type=\"page\" data-id=\"476\">Hamo\u00ef<\/a>.<\/p>\n\n\n\n<p><a href=\"https:\/\/extremia.org\/wp\/?page_id=503\" data-type=\"page\" data-id=\"503\">Berger des \u00c2mes Perdues<\/a>, une CP pour Pr\u00eatre, Roublard\/Pr\u00eatre et adorateurs du dieu <a href=\"https:\/\/extremia.org\/wp\/?page_id=499\" data-type=\"page\" data-id=\"499\">R\u00e9bion<\/a>.<\/p>\n\n\n\n<p>Fr\u00e8re de Bataille une CP pour Guerrier, Barde, Barbare, R\u00f4deur, dans le cadre de campagne d&rsquo;Etangard.  <\/p>\n\n\n\n<p>Gardien Clanique, une classe de prestige de Guerrier dans le cadre de campagne d&rsquo;Etangard. <\/p>\n\n\n\n<p><a href=\"https:\/\/extremia.org\/wp\/?page_id=697\" data-type=\"page\" data-id=\"697\">Majarchitecte<\/a>, une classe de prestige pour Magicien dans le cadre de campagne de Fall.<\/p>\n\n\n\n<p>Archer mont\u00e9 Nordois, une CP pour Guerrier, R\u00f4deur, Roublard dans le cadre des Terres du Nord.<\/p>\n\n\n\n<p><a href=\"https:\/\/extremia.org\/wp\/?page_id=722\" data-type=\"page\" data-id=\"722\">Mage de l&rsquo;Assembl\u00e9e d&rsquo;Abellius<\/a>, une classe de prestige pour Magicien, partout dans le monde d&rsquo;Extremia.<\/p>\n\n\n\n<p>Fureteur de la Harpe Enchant\u00e9e, une CP pour Barde, Roublard, Guerrier\/Barde dans les Terres du Nord.<\/p>\n\n\n\n<p><a href=\"https:\/\/extremia.org\/wp\/?page_id=729\" data-type=\"page\" data-id=\"729\">Cavalier R\u00f4deur<\/a>, une CP pour R\u00f4deur, Druide ou Guerrier dans les Terres du Nord.<\/p>\n\n\n\n<h2>Vieilleries : R\u00e8gles compl\u00e9mentaires pour AD&amp;D2<\/h2>\n\n\n\n<p><\/p>\n\n\n\n<p>Pour remplacer les quelques points inutilisables et combler quelques trous dans les r\u00e8gles d&rsquo;AD&amp;D deuxi\u00e8me \u00e9dition, Extr\u00eamia a pendant longtemps utilis\u00e9 quelques r\u00e8gles propres. Ces r\u00e8gles ont pour la plupart le m\u00e9rite d&rsquo;\u00eatre simples mais agr\u00e9mentent le jeu de mani\u00e8re indispensable.<br>Et ne le r\u00e9p\u00e9tez pas, mais un vieux grimoire de sortil\u00e8ges est cach\u00e9 en bas de cette page ! il est un peu moisi mais peut encore ajouter un peu de piment extremian aux parties. <\/p>\n\n\n\n<p>Attention : ces parchemins viennent d&rsquo;une autre \u00e9poque. Plus personne ne sait vraiment les utiliser, ni les mettre \u00e0 jour. Seules quelques pages sont encore utilisables de nos jours, ou alors il vous faudra les convertir vers un syst\u00e8me de jeu plus moderne&#8230;<\/p>\n\n\n\n<p><\/p>\n\n\n\n<h3>Le Manuel des R\u00e8gles Additionnelles Extremia &#8211; version A&amp;D2<\/h3>\n\n\n\n<p><\/p>\n\n\n\n<p>Les nombreux points de r\u00e8gles cr\u00e9\u00e9s lors de nos campagnes sur Extremia quand nous utilisions les r\u00e8gles d&rsquo;AD&amp;D2 sont regroup\u00e9s dans cette section. Certaines n&rsquo;ont plus de raison d&rsquo;\u00eatre dans les versions sup\u00e9rieures ou Pathfinder, mais la plupart sont r\u00e9utilisables avec peu d&rsquo;ajustements, pour donner une touche Extremianne \u00e0 vos campagnes !<\/p>\n\n\n\n<p>On trouve : <\/p>\n\n\n\n<ul>\n<li>Du nouvel \u00e9quipement, principalement des armes et objets magiques, ainsi que nos r\u00e8gles concernant la construction des b\u00e2timents et des objets magiques.<\/li>\n<\/ul>\n\n\n\n<ul>\n<li>Un nouveau syst\u00e8me de comp\u00e9tences diverses. Un background \u00e9norme pour chaque perso en un quart d&rsquo;heure !<\/li>\n<\/ul>\n\n\n\n<ul>\n<li>Un d\u00e9tail des races rencontr\u00e9es sur la plan\u00e8te, dont les fameux \u00e9n\u00e8ques.<\/li>\n<\/ul>\n\n\n\n<ul>\n<li>Les classes qui ont \u00e9t\u00e9 jou\u00e9es ou utilis\u00e9es par des PNJ. Notamment l&rsquo;Eclaireur !<\/li>\n<\/ul>\n\n\n\n<ul>\n<li>Une vingtaine de profils originaux !<\/li>\n<\/ul>\n\n\n\n<p>Certaines r\u00e8gles sont librement inspir\u00e9es de cr\u00e9ations d&rsquo;autres personnes. Elles sont simplement incluses ici parce qu&rsquo;elles ont \u00e9t\u00e9 jou\u00e9es et trouv\u00e9es int\u00e9ressantes. Ce sera signal\u00e9 d\u00e8s que possible pour ce qui ne l&rsquo;est pas d\u00e9j\u00e0.<\/p>\n\n\n\n<div class=\"wp-block-file\"><a id=\"wp-block-file--media-93f8ce17-e594-4f36-9403-a92144d7c15b\" href=\"https:\/\/extremia.org\/wp\/wp-content\/uploads\/Extremia-0.5.0-regles.pdf\">Extremia-0.5.0-regles<\/a><a href=\"https:\/\/extremia.org\/wp\/wp-content\/uploads\/Extremia-0.5.0-regles.pdf\" class=\"wp-block-file__button wp-element-button\" download aria-describedby=\"wp-block-file--media-93f8ce17-e594-4f36-9403-a92144d7c15b\">T\u00e9l\u00e9charger<\/a><\/div>\n\n\n\n<h3>Le Livre des Sortil\u00e8ges d&rsquo;Extremia  &#8211; version AD&amp;D2<\/h3>\n\n\n\n<p>Ce tome h\u00e9berge l&rsquo;ensemble des sorts ne provenant pas de TSR\/Wizard of the Coast que nous utilisions. Certains sont des cr\u00e9ations originales pour Extremia, d&rsquo;autres ont \u00e9t\u00e9 r\u00e9cup\u00e9r\u00e9s sur le web. Si on s&rsquo;en rappelle, on essayera de rendre \u00e0 Jules ce qui appartient \u00e0 C\u00e9sar&#8230; L&rsquo;ensemble des sortil\u00e8ges, pri\u00e8res, sciences et d\u00e9votions accessibles dans Extremia en plus de celles de base. <\/p>\n\n\n\n<p>Le premier chapitre d\u00e9taille aussi le fonctionnement de la magie, et fournit aussi les g\u00e9n\u00e9ralit\u00e9s sur la place des utilisateurs de magie dans le monde. Ce Livre n&rsquo;est plus d\u00e9velopp\u00e9 depuis le passage \u00e0 la 3\u00e8me \u00e9dition de D&amp;D. Il n&rsquo;\u00e9voluera donc plus.<\/p>\n\n\n\n<div class=\"wp-block-file\"><a id=\"wp-block-file--media-bbd74694-3dea-4b0e-92a1-969a8517f750\" href=\"https:\/\/extremia.org\/wp\/wp-content\/uploads\/Extremia-0.5.0-sortileges.pdf\">Extremia-0.5.0-sortileges<\/a><a href=\"https:\/\/extremia.org\/wp\/wp-content\/uploads\/Extremia-0.5.0-sortileges.pdf\" class=\"wp-block-file__button wp-element-button\" download aria-describedby=\"wp-block-file--media-bbd74694-3dea-4b0e-92a1-969a8517f750\">T\u00e9l\u00e9charger<\/a><\/div>\n\n\n\n<h2>Le Guide Gisselin<\/h2>\n\n\n\n<p>Avis aux voyageurs et aux amateurs de bonne ch\u00e8re, le Guide Gisselin des meilleures tavernes et auberges des Terres du Nord, \u00e9dition de l&rsquo;ann\u00e9e 475 Ep.IV est sorti ! D&rsquo;un format reduit, ce guide vous accompagnera autour de toutes les meilleures tables des Terres du Nord ! Gisselin le Barde, au cours de ses p\u00e9r\u00e9grinations, a consign\u00e9 dans ce livre ses impressions sur tous les \u00e9tablissements qu&rsquo;il a visit\u00e9s de Fang \u00e0 Zamar et du Petit Pays \u00e0 l&rsquo;Ulthisie, recensant ainsi environ 80 \u00e9tablissements du meilleur au pire ! Ce sont aussi les plus confortables des chambres qui vous attendent a des prix d\u00e9fiant toute concurrence qui seront d\u00e9sormais entre vos mains \u00e0 tout instant !<\/p>\n\n\n\n<p>Vous tenez entre les mains une \u00e9dition collector : le Barde Gisselin ayant disparu, il n&rsquo;y a \u00e0 ce jour pas d&rsquo;\u00e9dition plus \u00e0 jour.<\/p>\n\n\n\n<p>Deux fichiers sont disponibles : <br>&#8211; une version A5 native<br>&#8211; une version A5 repagin\u00e9e en A4 plus facile \u00e0 imprimer<\/p>\n\n\n\n<div class=\"wp-block-file\"><a id=\"wp-block-file--media-c7125264-c713-4c06-b269-cca53d665947\" href=\"https:\/\/extremia.org\/wp\/wp-content\/uploads\/Extremia-0.5.0-gisselin-A5.pdf\" target=\"_blank\" rel=\"noreferrer noopener\">Extremia-0.5.0-gisselin-A5<\/a><a href=\"https:\/\/extremia.org\/wp\/wp-content\/uploads\/Extremia-0.5.0-gisselin-A5.pdf\" class=\"wp-block-file__button wp-element-button\" download aria-describedby=\"wp-block-file--media-c7125264-c713-4c06-b269-cca53d665947\">T\u00e9l\u00e9charger<\/a><\/div>\n\n\n\n<div class=\"wp-block-file\"><a id=\"wp-block-file--media-8e31b04e-a749-4eac-befb-684ad04a9e14\" href=\"https:\/\/extremia.org\/wp\/wp-content\/uploads\/Extremia-0.5.0-gisselin-A4.pdf\" target=\"_blank\" rel=\"noreferrer noopener\">Extremia-0.5.0-gisselin-A4<\/a><a href=\"https:\/\/extremia.org\/wp\/wp-content\/uploads\/Extremia-0.5.0-gisselin-A4.pdf\" class=\"wp-block-file__button wp-element-button\" download aria-describedby=\"wp-block-file--media-8e31b04e-a749-4eac-befb-684ad04a9e14\">T\u00e9l\u00e9charger<\/a><\/div>\n\n\n\n<h2>Documents pour Chroniques Oubli\u00e9es Fantasy<\/h2>\n\n\n\n<p>Quelques aides de jeu pour le syst\u00e8me Chroniques Oubli\u00e9es, \u00e9galement utilisable dans le Monde d&rsquo;Extremia.<\/p>\n\n\n\n<h3>Pr\u00e9-tir\u00e9s niveau 4<\/h3>\n\n\n\n<div class=\"wp-block-file\"><a id=\"wp-block-file--media-10456cca-356f-43e1-8ce4-aab4d8c0449f\" href=\"https:\/\/extremia.org\/wp\/wp-content\/uploads\/CO_Extremia_Gulsha_chevalier_niv4.pdf\">CO_Extremia_Gulsha_chevalier_niv4<\/a><a href=\"https:\/\/extremia.org\/wp\/wp-content\/uploads\/CO_Extremia_Gulsha_chevalier_niv4.pdf\" class=\"wp-block-file__button wp-element-button\" download aria-describedby=\"wp-block-file--media-10456cca-356f-43e1-8ce4-aab4d8c0449f\">T\u00e9l\u00e9charger<\/a><\/div>\n\n\n\n<div class=\"wp-block-file\"><a id=\"wp-block-file--media-c5b942f4-a712-4601-bd33-bfb8da6115fc\" href=\"https:\/\/extremia.org\/wp\/wp-content\/uploads\/CO_Extremia_Amaril_Rodeur_niv4.pdf\">CO_Extremia_Amaril_R\u00f4deur_niv4<\/a><a href=\"https:\/\/extremia.org\/wp\/wp-content\/uploads\/CO_Extremia_Amaril_Rodeur_niv4.pdf\" class=\"wp-block-file__button wp-element-button\" download aria-describedby=\"wp-block-file--media-c5b942f4-a712-4601-bd33-bfb8da6115fc\">T\u00e9l\u00e9charger<\/a><\/div>\n\n\n\n<div class=\"wp-block-file\"><a id=\"wp-block-file--media-72000cab-2845-4b6f-9886-2c04edf5c5d9\" href=\"https:\/\/extremia.org\/wp\/wp-content\/uploads\/CO_Extremia_Imielle_Druidesse_niv4.pdf\">CO_Extremia_Imi\u00eblle_Druidesse_niv4<\/a><a href=\"https:\/\/extremia.org\/wp\/wp-content\/uploads\/CO_Extremia_Imielle_Druidesse_niv4.pdf\" class=\"wp-block-file__button wp-element-button\" download aria-describedby=\"wp-block-file--media-72000cab-2845-4b6f-9886-2c04edf5c5d9\">T\u00e9l\u00e9charger<\/a><\/div>\n\n\n\n<h3>Pr\u00e9-tir\u00e9s niveau 6 (Seigneur des Anneaux)<\/h3>\n\n\n\n<p>Lors d&rsquo;une partie One Shot dans les Terres du Milieu (<em>\u00ab\u00a0et si&#8230; la Communaut\u00e9 de l&rsquo;Anneau n&rsquo;\u00e9tait pas pass\u00e9 par la Moria\u00a0\u00bb<\/em>), 4 membres de la communaut\u00e9 d&rsquo;Extremia on eu l&rsquo;occasion de jouer rien de moins que L\u00e9golas, Gimli, Boromir et Aragorn! les fiches sont disponibles ici : <\/p>\n\n\n\n<p><\/p>\n\n\n\n<div class=\"wp-block-file\"><a id=\"wp-block-file--media-8846c225-d71a-4df8-8661-f8cd492aa863\" href=\"https:\/\/extremia.org\/wp\/wp-content\/uploads\/CO_Extremia_Aragorn_Rodeur_niv6.pdf\">CO_Extremia_Aragorn_Rodeur_niv6<\/a><a href=\"https:\/\/extremia.org\/wp\/wp-content\/uploads\/CO_Extremia_Aragorn_Rodeur_niv6.pdf\" class=\"wp-block-file__button wp-element-button\" download aria-describedby=\"wp-block-file--media-8846c225-d71a-4df8-8661-f8cd492aa863\">T\u00e9l\u00e9charger<\/a><\/div>\n\n\n\n<div class=\"wp-block-file\"><a id=\"wp-block-file--media-dd9efbaf-c1bf-4c64-9d38-c902976023bd\" href=\"https:\/\/extremia.org\/wp\/wp-content\/uploads\/CO_Extremia_Legolas_Archer_niv6.pdf\">CO_Extremia_Legolas_Archer_niv6<\/a><a href=\"https:\/\/extremia.org\/wp\/wp-content\/uploads\/CO_Extremia_Legolas_Archer_niv6.pdf\" class=\"wp-block-file__button wp-element-button\" download aria-describedby=\"wp-block-file--media-dd9efbaf-c1bf-4c64-9d38-c902976023bd\">T\u00e9l\u00e9charger<\/a><\/div>\n\n\n\n<div class=\"wp-block-file\"><a id=\"wp-block-file--media-dfe39dbf-65e1-4e6c-8af9-d443ee37349a\" href=\"https:\/\/extremia.org\/wp\/wp-content\/uploads\/CO_Extremia_Gimli_Guerrier_niv6.pdf\">CO_Extremia_Gimli_Guerrier_niv6<\/a><a href=\"https:\/\/extremia.org\/wp\/wp-content\/uploads\/CO_Extremia_Gimli_Guerrier_niv6.pdf\" class=\"wp-block-file__button wp-element-button\" download aria-describedby=\"wp-block-file--media-dfe39dbf-65e1-4e6c-8af9-d443ee37349a\">T\u00e9l\u00e9charger<\/a><\/div>\n\n\n\n<div class=\"wp-block-file\"><a id=\"wp-block-file--media-5e9e62da-3380-4b51-a4c4-50fef31f6a7d\" href=\"https:\/\/extremia.org\/wp\/wp-content\/uploads\/CO_Extremia_Boromir_Chevalier_niv6.pdf\">CO_Extremia_Boromir_Chevalier_niv6<\/a><a href=\"https:\/\/extremia.org\/wp\/wp-content\/uploads\/CO_Extremia_Boromir_Chevalier_niv6.pdf\" class=\"wp-block-file__button wp-element-button\" download aria-describedby=\"wp-block-file--media-5e9e62da-3380-4b51-a4c4-50fef31f6a7d\">T\u00e9l\u00e9charger<\/a><\/div>\n","protected":false},"excerpt":{"rendered":"<p>Vous trouverez ici des aides de jeu diverses pour diff\u00e9rents syst\u00e8mes, utilisables ou non dans le monde d&rsquo;Extremia. Vous retrouverez notamment : Les Classes de Prestige d&rsquo;Extremia pour DD3 Retrouvez ici les classes de Prestige sp\u00e9cialement con\u00e7ues pour le Monde d&rsquo;Extremia ! Membre de l&rsquo;Ordre Ardent, une CP pour Pr\u00eatre, Paladin, Guerrier\/Pr\u00eatre d&rsquo;Uron. Pieux Gu\u00e9risseur [&hellip;]<\/p>\n","protected":false},"author":2,"featured_media":0,"parent":0,"menu_order":0,"comment_status":"closed","ping_status":"closed","template":"","meta":[],"_links":{"self":[{"href":"https:\/\/extremia.org\/wp\/index.php?rest_route=\/wp\/v2\/pages\/76"}],"collection":[{"href":"https:\/\/extremia.org\/wp\/index.php?rest_route=\/wp\/v2\/pages"}],"about":[{"href":"https:\/\/extremia.org\/wp\/index.php?rest_route=\/wp\/v2\/types\/page"}],"author":[{"embeddable":true,"href":"https:\/\/extremia.org\/wp\/index.php?rest_route=\/wp\/v2\/users\/2"}],"replies":[{"embeddable":true,"href":"https:\/\/extremia.org\/wp\/index.php?rest_route=%2Fwp%2Fv2%2Fcomments&post=76"}],"version-history":[{"count":20,"href":"https:\/\/extremia.org\/wp\/index.php?rest_route=\/wp\/v2\/pages\/76\/revisions"}],"predecessor-version":[{"id":736,"href":"https:\/\/extremia.org\/wp\/index.php?rest_route=\/wp\/v2\/pages\/76\/revisions\/736"}],"wp:attachment":[{"href":"https:\/\/extremia.org\/wp\/index.php?rest_route=%2Fwp%2Fv2%2Fmedia&parent=76"}],"curies":[{"name":"wp","href":"https:\/\/api.w.org\/{rel}","templated":true}]}}