{"id":729,"date":"2024-12-27T22:17:19","date_gmt":"2024-12-27T21:17:19","guid":{"rendered":"https:\/\/extremia.org\/wp\/?page_id=729"},"modified":"2026-03-15T20:31:10","modified_gmt":"2026-03-15T19:31:10","slug":"confrerie-des-cavaliers-rodeurs","status":"publish","type":"page","link":"https:\/\/extremia.org\/wp\/?page_id=729","title":{"rendered":"Confr\u00e9rie des Cavaliers-R\u00f4deurs"},"content":{"rendered":"\n<figure class=\"wp-block-image size-full is-resized\"><img fetchpriority=\"high\" decoding=\"async\" src=\"https:\/\/extremia.org\/wp\/wp-content\/uploads\/TDN-Allassard.jpg\" alt=\"\" class=\"wp-image-730\" width=\"377\" height=\"376\" srcset=\"https:\/\/extremia.org\/wp\/wp-content\/uploads\/TDN-Allassard.jpg 476w, https:\/\/extremia.org\/wp\/wp-content\/uploads\/TDN-Allassard-300x300.jpg 300w, https:\/\/extremia.org\/wp\/wp-content\/uploads\/TDN-Allassard-150x150.jpg 150w\" sizes=\"(max-width: 377px) 100vw, 377px\" \/><figcaption class=\"wp-element-caption\">Allassard, fondateur des Cavaliers-R\u00f4deurs<\/figcaption><\/figure>\n\n\n\n<h3>Histoire de la Confr\u00e9rie des Cavaliers-R\u00f4deurs<\/h3>\n\n\n\n<p>La Confr\u00e9rie des Cavaliers-R\u00f4deurs f\u00fbt cr\u00e9\u00e9e en 847 Ep.IV par Allassard de S\u00e9l\u00e9ana, alors en pleine activit\u00e9 au sein des fameux Chasseurs Impitoyables. Celui-ci voulut organiser un r\u00e9seau, capable de collecter et de faire circuler un maximum d\u2019informations relatives \u00e0 la protection des int\u00e9r\u00eats de la Nature, tout en \u00e9tant capable d\u2019intervenir vite et fort en cas de besoin.<\/p>\n\n\n\n<p>Il fit donc appel \u00e0 certains de ses vieux camarades r\u00f4deurs, eux aussi en activit\u00e9 dans diff\u00e9rents groupes d\u2019aventuriers pour constituer les bases de la confr\u00e9rie : Balkir Vip\u00e8re des bois, Karmin Jappar, Kim, Mervin ainsi que Keyoke, le c\u00e9l\u00e8bre druide des<\/p>\n\n\n\n<p>P\u00eacheurs sans Piti\u00e9.<\/p>\n\n\n\n<h3>Description<\/h3>\n\n\n\n<p>Le but principal des Cavaliers-R\u00f4deurs est de prot\u00e9ger les espaces naturels et leurs habitants des diverses agressions : citons par exemple une d\u00e9forestation irresponsable d\u2019une communaut\u00e9 urbaine, l\u2019installation d\u2019une tribu trolle dans des bois f\u00e9eriques, les feux de for\u00eats\u2026 Pour ce faire l\u2019organisation agit de deux moyens, soit par la force, en exterminant la source du probl\u00e8me, soit par la diplomatie, ce qui la pousse \u00e0 acheter un maximum de terres pour les mettre sous sa protection. La confr\u00e9rie r\u00e9side<\/p>\n\n\n\n<p>et agit, principalement dans les Terres du Nord, mais aussi \u00e0 ConSudre.<\/p>\n\n\n\n<h3>Organisation<\/h3>\n\n\n\n<p>Les Cavaliers-R\u00f4deurs sont organis\u00e9s en plusieurs branches distinctes :<\/p>\n\n\n\n<p>\u2022 Tout d\u2019abord la branche officielle : elle se compose essentiellement de r\u00f4deurs (bien que des groupes d\u2019aventuriers complets y aient d\u00e9j\u00e0 \u00e9t\u00e9 rencontr\u00e9s), on trouve aussi des guerriers exer\u00e7ant la profession de guide, ou des pr\u00eatres de mythologies li\u00e9es \u00e0 la nature. Ces r\u00f4deurs (et autres) passent r\u00e9guli\u00e8rement dans les petites villes avoisinant les r\u00e9gions sauvages, dans des comptoirs de la confr\u00e9rie tenus par des fouines (voir plus bas), elles aussi membres de l\u2019organisation. Les comptoirs de la confr\u00e9rie proposent les services de ses hommes aux marchands et voyageurs d\u00e9sirant traverser des terres inhospitali\u00e8res. Ce syst\u00e8me satisfait les usagers heureux de trouver d\u2019aussi bons guides, et d\u2019aussi vaillants gardes du corps, les membres de la confr\u00e9rie \u00e9tant g\u00e9n\u00e9ralement plus exp\u00e9riment\u00e9s que de simples soldats. Pour les R\u00f4deurs, elle permet \u00e0 titre personnel de pouvoir subvenir \u00e0 ses besoins, de rester en contact avec tous ses fr\u00e8res d\u2019armes (une grande solidarit\u00e9 r\u00e8gne entre les membres de la confr\u00e9rie, et beaucoup sont en fait de vieux amis voire des parents), tout en effectuant de nombreux voyages.<\/p>\n\n\n\n<p>L\u2019autre point important est que cette occupation permet aux Cavaliers de pouvoir explorer sans cesse de nouveaux territoires. La confr\u00e9rie prend une commission sur les b\u00e9n\u00e9fices ce qui lui permet de faire tourner les comptoirs et d\u2019avoir des fonds pour ses autres activit\u00e9s. De leurs nombreux voyages et de leurs fr\u00e9quents contacts avec les marchands et autres, (les voyages durant parfois plusieurs mois\u2026) les Cavaliers retirent et collectent de nombreuses et utiles informations qu\u2019ils transmettent au prochain comptoir par la voie la plus rapide (message cod\u00e9 confi\u00e9 \u00e0 un suivant volant, ou magie). Enfin les Cavaliers repr\u00e9sentent la moiti\u00e9 des effectifs de la confr\u00e9rie : ce sont eux qui interviendront le plus souvent dans des probl\u00e8mes o\u00f9 seule une action physique peut \u00eatre utile.<\/p>\n\n\n\n<p>\u2022 La branche officieuse r\u00e9unit en son sein plusieurs activit\u00e9s : en premier lieu, les Fouines, qui tirent leur nom de leur animal f\u00e9tiche, connu pour sa curiosit\u00e9 et sa grande discr\u00e9tion. Cette faction sp\u00e9ciale de la confr\u00e9rie est constitu\u00e9e d\u2019hommes et de femmes, ayant re\u00e7u une formation sp\u00e9ciale dans la collecte et la diffusion d\u2019informations. Cet entra\u00eenement intensif leur est prodigu\u00e9 par des sp\u00e9cialistes en la mati\u00e8re, tel que l\u2019\u00e9nigmatique Jeff ou encore le myst\u00e9rieux Traxru. Ces agents exercent souvent une double activit\u00e9, telle qu\u2019aubergiste, b\u00fbcheron, ou mar\u00e9chal-ferrant, en plus de leur activit\u00e9 au sein de la confr\u00e9rie. Ils se tiennent en relations \u00e9troites des informations, mais toujours de mani\u00e8re discr\u00e8te ou anodine. On trouve les fouines principalement dans les petites villes et villages, occupant des m\u00e9tiers qui les maintiennent pr\u00e8s des informations des tavernes et des rues. Cependant les Fouines de ville existent aussi, on les trouve alors dans des postes plus proches des informations du pouvoir, tels que marchands ais\u00e9s, bardes de cour, m\u00e9decins et apothicaires, pr\u00eatres de certains cultes, \u00e9claireurs en chef, mar\u00e9chaux\u2026<\/p>\n\n\n\n<p>\u2022 \u00c0 noter que les Fouines ne se connaissent pas entres-elles, chaque agent en connaissant seulement deux autres : celui qui lui transmet des informations et celui \u00e0 qui les transmettre, ceci pour emp\u00eacher toute tentative de d\u00e9mant\u00e8lement du r\u00e9seau. De plus lors de son inscription tout candidat est sond\u00e9 magiquement pour s\u2019assurer qu\u2019il s\u2019agit bien d\u2019un d\u00e9fenseur du bien.<\/p>\n\n\n\n<p>\u2022 Il existe aussi dans la confr\u00e9rie plusieurs factions \u00e0 vocations combattantes. Certaines sont directement sous le commandement des plus grands membres, c\u2019est par exemple le cas des Cavaliers ail\u00e9s d\u2019Allassard compos\u00e9s d\u2019une trentaine de r\u00f4deurs et d\u2019\u00e9claireurs bien entra\u00een\u00e9s mont\u00e9s sur hippogriffe. Mais il existe aussi de telles brigades au sein de la confr\u00e9rie, comme la brigade anti-troll dont la direction a \u00e9t\u00e9 confi\u00e9e au c\u00e9l\u00e8bre Lucien Barnes dont la vaillance et la d\u00e9termination \u00e0 exterminer<\/p>\n\n\n\n<p>les trolls sont d\u00e9sormais plus que l\u00e9gendaires.<\/p>\n\n\n\n<p>\u2022 Enfin la confr\u00e9rie des Cavaliers-R\u00f4deurs ne pourrait exister sans tous ses amis et appuis, notamment dans les milieux druidiques de <a href=\"https:\/\/extremia.org\/wp\/?page_id=273\" data-type=\"page\" data-id=\"273\">Fresha<\/a>, chez les \u00eatres f\u00e9\u00e9riques des for\u00eats, et plus occasionnellement les clerg\u00e9s de <a href=\"https:\/\/extremia.org\/wp\/?page_id=393\" data-type=\"page\" data-id=\"393\">Xamidi<\/a>, <a href=\"https:\/\/extremia.org\/wp\/?page_id=174\" data-type=\"page\" data-id=\"174\">Uron<\/a> ou <a href=\"https:\/\/extremia.org\/wp\/?page_id=325\" data-type=\"page\" data-id=\"325\">Dakrel\u2019<\/a>.<\/p>\n\n\n\n<p>Tous ces diff\u00e9rents groupes partagent souvent les vues des Cavaliers et n\u2019h\u00e9siteront pas \u00e0 faire appel \u00e0 eux et collaborer pour voir triompher leurs int\u00e9r\u00eats communs. Tous ces appuis ainsi que les tr\u00e8s nombreuses et tr\u00e8s puissantes relations de Keyoke et d\u2019Allassard, tendent \u00e0 donner un certain poids politique \u00e0 la confr\u00e9rie.<\/p>\n\n\n\n<p>Les dirigeants<\/p>\n\n\n\n<h2>Organe dirigeant<\/h2>\n\n\n\n<p>Le Conseil des Cavaliers. Il est constitu\u00e9 de tous les membres exp\u00e9riment\u00e9s ayant d\u00e9j\u00e0 prouv\u00e9 leur valeur<br>au service de la cause. Il est actuellement compos\u00e9 d\u2019une quinzaine de membres. \u00c0 l\u2019int\u00e9rieur de ce<br>conseil si\u00e8ge la plus haute instance dite du \u00ab Grand Conseil \u00bb, ou \u00ab le clan des p\u00e8res \u00bb, il est compos\u00e9<br>des six membres fondateurs de la confr\u00e9rie, soit Balkir Vip\u00e8re des Bois, Karmin Jappar, Kim, Mervin et bien s\u00fbr Keyoke et Allassard. Si l\u2019un de ces membres venait \u00e0 d\u00e9c\u00e9der le grand conseil \u00e9lirait un nouveau p\u00e8re parmi le conseil des Cavaliers. Les membres sont \u00e9lus \u00e0 vie et ne peuvent \u00eatres r\u00e9voqu\u00e9s que sur<br>vote du conseil.<\/p>\n\n\n\n<figure class=\"wp-block-image size-large is-resized\"><img decoding=\"async\" src=\"https:\/\/extremia.org\/wp\/wp-content\/uploads\/TDN-Karmin-840x1024.jpg\" alt=\"\" class=\"wp-image-763\" width=\"279\" height=\"341\" srcset=\"https:\/\/extremia.org\/wp\/wp-content\/uploads\/TDN-Karmin-840x1024.jpg 840w, https:\/\/extremia.org\/wp\/wp-content\/uploads\/TDN-Karmin-246x300.jpg 246w, https:\/\/extremia.org\/wp\/wp-content\/uploads\/TDN-Karmin-768x936.jpg 768w, https:\/\/extremia.org\/wp\/wp-content\/uploads\/TDN-Karmin.jpg 850w\" sizes=\"(max-width: 279px) 100vw, 279px\" \/><figcaption class=\"wp-element-caption\">Karmin Jappar<\/figcaption><\/figure>\n\n\n\n<figure class=\"wp-block-image size-large is-resized\"><img decoding=\"async\" src=\"https:\/\/extremia.org\/wp\/wp-content\/uploads\/TdN-PJ-Keyoke-683x1024.png\" alt=\"\" class=\"wp-image-764\" width=\"265\" height=\"397\" srcset=\"https:\/\/extremia.org\/wp\/wp-content\/uploads\/TdN-PJ-Keyoke-683x1024.png 683w, https:\/\/extremia.org\/wp\/wp-content\/uploads\/TdN-PJ-Keyoke-200x300.png 200w, https:\/\/extremia.org\/wp\/wp-content\/uploads\/TdN-PJ-Keyoke-768x1152.png 768w, https:\/\/extremia.org\/wp\/wp-content\/uploads\/TdN-PJ-Keyoke.png 1024w\" sizes=\"(max-width: 265px) 100vw, 265px\" \/><figcaption class=\"wp-element-caption\">Keyoke de Havrebusard<\/figcaption><\/figure>\n\n\n\n<figure class=\"wp-block-image size-full is-resized\"><img loading=\"lazy\" decoding=\"async\" src=\"https:\/\/extremia.org\/wp\/wp-content\/uploads\/TDN-Valim.jpg\" alt=\"\" class=\"wp-image-765\" width=\"301\" height=\"333\" srcset=\"https:\/\/extremia.org\/wp\/wp-content\/uploads\/TDN-Valim.jpg 640w, https:\/\/extremia.org\/wp\/wp-content\/uploads\/TDN-Valim-272x300.jpg 272w\" sizes=\"(max-width: 301px) 100vw, 301px\" \/><figcaption class=\"wp-element-caption\">Valim<\/figcaption><\/figure>\n\n\n\n<h3><a><\/a><a>Conditions<\/a><\/h3>\n\n\n\n<p>Pour devenir Cavalier R\u00f4deur, un personnage doit r\u00e9pondre aux crit\u00e8res suivants&nbsp;:<\/p>\n\n\n\n<p><strong>Alignement<\/strong> : Bon<\/p>\n\n\n\n<p><strong>Bonus de base au toucher <\/strong>: +8<\/p>\n\n\n\n<p><strong>Comp\u00e9tences<\/strong>&nbsp;: degr\u00e9 de ma\u00eetrise de de 9 en Equitation, de 4 en Connaissance (Nature ou G\u00e9ographie, au choix), et de 4 en Perception.<\/p>\n\n\n\n<p><strong>Don<\/strong>&nbsp;: Combat mont\u00e9, Pistage<\/p>\n\n\n\n<p><strong>Sp\u00e9cial<\/strong>&nbsp;: le personnage doit r\u00e9sider dans les Terres du Nord et id\u00e9alement v\u00e9n\u00e9rer <a href=\"https:\/\/extremia.org\/wp\/?page_id=273\" data-type=\"page\" data-id=\"273\">Fresha<\/a>.<\/p>\n\n\n\n<h3><a><\/a><a>Caract\u00e9ristiques de classe<\/a><\/h3>\n\n\n\n<p><strong>D\u00e9s de vie<\/strong>&nbsp;: d8<\/p>\n\n\n\n<p><strong>Comp\u00e9tences de Classe<\/strong>&nbsp;: Connaissance (Religion), Connaissance (G\u00e9ographie), Connaissance (Nature), Connaissance (G\u00e9ographie), Dressage, Equitation, Discr\u00e9tion, Intimidation, Premiers Secours, Profession, Acrobatie.<\/p>\n\n\n\n<p><strong>Points de comp\u00e9tences additionnels \u00e0 chaque niveau<\/strong>&nbsp;: 6 + modificateur d\u2019Intelligence.<\/p>\n\n\n\n<p><strong>Armes et Armures<\/strong>&nbsp;: le Cavalier-R\u00f4deur est form\u00e9 aux maniements des armes courantes et aux ports des armures l\u00e9g\u00e8res et interm\u00e9diaires.<\/p>\n\n\n\n<p><strong>Cavalier Incomparable (Ext) <\/strong>: le Cavalier-R\u00f4deur b\u00e9n\u00e9ficie d\u2019un bonus d\u2019aptitude \u00e9quivalent \u00e0 son niveau de Classe + son bonus de Sagesse \u00e0 tous ses tests d\u2019Equitation, ainsi qu\u2019\u00e0 tous ses tests de Dressage en rapport avec son compagnon animal (monture).<\/p>\n\n\n\n<p><strong>Compagnon Animal (Sur)&nbsp;: <\/strong>&nbsp;le Cavalier-R\u00f4deur b\u00e9n\u00e9ficie d\u2019un compagnon animal (Cheval) comme s\u2019il \u00e9tait Druide. Le Cavalier-R\u00f4deur cumule ses niveau de Cavalier-R\u00f4deurs avec la moiti\u00e9 de ses niveau de R\u00f4deur et la totalit\u00e9 de ses niveaux de Druide afin de d\u00e9terminer les pouvoirs de son Compagnon Animal. Si le personnage b\u00e9n\u00e9ficie d\u00e9j\u00e0 d\u2019un compagnon animal par une autre de ses classes, alors il gagne un niveau de sorts effectif \u00e0 la place.<\/p>\n\n\n\n<p><strong>Triple galop (Ext)<\/strong>. Au niveau 2, le Cavalier-R\u00f4deur sait tirer toute la vitesse de sa monture. Il chevauche sa monture \u00e0 une vitesse de d\u00e9placement de base accrue de 3m. Cette augmentation s\u2019applique \u00e0 tous les modes de d\u00e9placement maitris\u00e9s par sa monture (par exemple la nage).<\/p>\n\n\n\n<p><strong>Charge de Cavalerie (Ext)<\/strong>&nbsp;: Au niveau 3, le Cavalier-R\u00f4deur peut r\u00e9aliser des charges mont\u00e9es plus pr\u00e9cises. Il obtient un bonus aux jets d\u2019attaque au corps \u00e0 corps de +4 quand il charge sur sa monture (au lieu de +2 normalement). De plus, il ne subit pas de malus \u00e0 la CA apr\u00e8s la charge tant qu\u2019il reste sur sa monture.<\/p>\n\n\n\n<p><strong>D\u00e9chainement (Ext)<\/strong>&nbsp;: Au niveau 2, le Cavalier-R\u00f4deur gagne le don suppl\u00e9mentaire de Pi\u00e9tinement. Il re\u00e7oit un bonus de +2 \u00e0 ses tentatives de renversement alors qu\u2019il est sur sa monture. En outre, sa monture gagne un bonus de +2 \u00e0 ses jets de d\u00e9g\u00e2ts lorsqu\u2019elle effectue des attaques de Sabot ou utilise sa capacit\u00e9 de Pi\u00e9tinement, et ce m\u00eame quand elle n\u2019effectue pas un renversement.<\/p>\n\n\n\n<p><strong>Vigilance&nbsp;(Ext)<\/strong>&nbsp;: Le Cavalier-R\u00f4deur remarque plus facilement les d\u00e9tails que les autres personnes. Il gagne le Don de Vigilance.<\/p>\n\n\n\n<figure class=\"wp-block-table\"><table><tbody><tr><td>Niv.&nbsp;<br>Flamme Blanche<\/td><td>Bonus de<br>base \u00e0 l&rsquo;Attaque<\/td><td>Bonus de base aux Reflexes<\/td><td>Bonus de base \u00e0 la Vigueur<\/td><td>Bonus de base \u00e0 la Volont\u00e9<\/td><td>Sp\u00e9cial<\/td><\/tr><tr><td>1<\/td><td>+1<\/td><td>+0<\/td><td>+2<\/td><td>+0<\/td><td>Cavalier Incomparable, Compagnon animal<\/td><\/tr><tr><td>2<\/td><td>+2<\/td><td>+0<\/td><td>+3<\/td><td>+0<\/td><td>Triple Galop, Charge de Cavalerie<\/td><\/tr><tr><td>3<\/td><td>+3<\/td><td>+1<\/td><td>+3<\/td><td>+1<\/td><td>D\u00e9cha\u00eenement, Vigilance<\/td><\/tr><\/tbody><\/table><\/figure>\n","protected":false},"excerpt":{"rendered":"<p>Histoire de la Confr\u00e9rie des Cavaliers-R\u00f4deurs La Confr\u00e9rie des Cavaliers-R\u00f4deurs f\u00fbt cr\u00e9\u00e9e en 847 Ep.IV par Allassard de S\u00e9l\u00e9ana, alors en pleine activit\u00e9 au sein des fameux Chasseurs Impitoyables. Celui-ci voulut organiser un r\u00e9seau, capable de collecter et de faire circuler un maximum d\u2019informations relatives \u00e0 la protection des int\u00e9r\u00eats de la Nature, tout en [&hellip;]<\/p>\n","protected":false},"author":3,"featured_media":0,"parent":76,"menu_order":0,"comment_status":"closed","ping_status":"closed","template":"","meta":[],"_links":{"self":[{"href":"https:\/\/extremia.org\/wp\/index.php?rest_route=\/wp\/v2\/pages\/729"}],"collection":[{"href":"https:\/\/extremia.org\/wp\/index.php?rest_route=\/wp\/v2\/pages"}],"about":[{"href":"https:\/\/extremia.org\/wp\/index.php?rest_route=\/wp\/v2\/types\/page"}],"author":[{"embeddable":true,"href":"https:\/\/extremia.org\/wp\/index.php?rest_route=\/wp\/v2\/users\/3"}],"replies":[{"embeddable":true,"href":"https:\/\/extremia.org\/wp\/index.php?rest_route=%2Fwp%2Fv2%2Fcomments&post=729"}],"version-history":[{"count":4,"href":"https:\/\/extremia.org\/wp\/index.php?rest_route=\/wp\/v2\/pages\/729\/revisions"}],"predecessor-version":[{"id":766,"href":"https:\/\/extremia.org\/wp\/index.php?rest_route=\/wp\/v2\/pages\/729\/revisions\/766"}],"up":[{"embeddable":true,"href":"https:\/\/extremia.org\/wp\/index.php?rest_route=\/wp\/v2\/pages\/76"}],"wp:attachment":[{"href":"https:\/\/extremia.org\/wp\/index.php?rest_route=%2Fwp%2Fv2%2Fmedia&parent=729"}],"curies":[{"name":"wp","href":"https:\/\/api.w.org\/{rel}","templated":true}]}}