{"id":722,"date":"2024-12-22T22:58:39","date_gmt":"2024-12-22T21:58:39","guid":{"rendered":"https:\/\/extremia.org\/wp\/?page_id=722"},"modified":"2024-12-22T23:03:22","modified_gmt":"2024-12-22T22:03:22","slug":"mage-de-lassemblee-dabellius","status":"publish","type":"page","link":"https:\/\/extremia.org\/wp\/?page_id=722","title":{"rendered":"Mage de l&rsquo;Assembl\u00e9e d&rsquo;Abellius"},"content":{"rendered":"\n<p>Classe de prestige pour les jeteurs de sorts profane.<\/p>\n\n\n\n<p><\/p>\n\n\n\n<p><strong>Description<\/strong><\/p>\n\n\n\n<p>Lorsqu\u2019il fonda l\u2019Assembl\u00e9e qui porte son nom, Abellius le Rouge a souhait\u00e9 regrouper de puissant mages, \u00e9rudits et autres arcanistes amen\u00e9s \u00e0 prot\u00e9ger Extremia et \u00e0 apporter leur concours face \u00e0 de nombreuses menaces. La plupart du temps, les membres sont occup\u00e9s \u00e0 disserter ou \u00e0 r\u00e9soudre des probl\u00e9matiques magiques. Ils partagent leurs connaissances et leurs&nbsp; pouvoirs pour faire avancer leurs recherches. Les Membres de l\u2019Assembl\u00e9e ont la charge d&rsquo;\u00e9tudier, d&rsquo;archiver et de transmettre les anciens savoirs, et tout particuli\u00e8rement ceux concernant la magie profane. Mais de temps \u00e0 autre, certains membres partent \u00e9galement en mission pour l\u2019Assembl\u00e9e d\u2019Abellius. Nombre de ses plus anciens membres de l\u2019organisation sont de puissants mages. Parmi les principaux alli\u00e9s de l&rsquo;Assembl\u00e9e d\u2019Abellius se trouvent aussi d&rsquo;influents magiciens et ensorceleurs qui ont ouvert \u00e0 l\u2019Assembl\u00e9e l&rsquo;acc\u00e8s aux connaissances qu&rsquo;ils ont accumul\u00e9es.<\/p>\n\n\n\n<p>Abellius a toujours craint que son organisation soit un jour noyaut\u00e9e de l\u2019int\u00e9rieur, ou servent un jour les int\u00e9r\u00eats d\u2019un puissant mage qui prendrait le contr\u00f4le de l\u2019organisation. Aussi, certains Mage de l\u2019Assembl\u00e9e parcourent le monde \u00e0 la recherche de candidats potentiels. On les appelle les Scruteurs de l\u2019Assembl\u00e9e. Lorsqu\u2019un candidat est identifi\u00e9, il est secr\u00e8tement surveill\u00e9, scrut\u00e9, analys\u00e9 pendant une ann\u00e9e. Ce fonctionnement permet \u00e0 l\u2019Assembl\u00e9e d\u2019Abellius de s\u2019assurer de la probit\u00e9, de la loyaut\u00e9 et de la bont\u00e9 du candidat. Quand un Scruteur estime que le candidat est s\u00fbr, il l\u2019aborde en t\u00eate \u00e0 t\u00eate en r\u00e9v\u00e9lant sa qualit\u00e9 et en lui proposant de rejoindre l\u2019Assembl\u00e9e d\u2019Abellius.<\/p>\n\n\n\n<p>Les Mages de l\u2019Assembl\u00e9e d\u2019Abellius portent une \u00e9charpe rouge brod\u00e9e, en l\u2019honneur de la couleur de la robe de leur fondateur. Ils sont ainsi ais\u00e9ment reconnaissables lorsqu\u2019ils souhaitent l\u2019\u00eatre.<\/p>\n\n\n\n<p><strong>Conditions<\/strong><\/p>\n\n\n\n<p>Pour devenir Mage l\u2019Assembl\u00e9e d\u2019Abellius, un personnage doit r\u00e9pondre aux crit\u00e8res suivants&nbsp;:<\/p>\n\n\n\n<p><strong>Alignement<\/strong> : non mauvais<\/p>\n\n\n\n<p><strong>Comp\u00e9tences<\/strong> : degr\u00e9 de ma\u00eetrise de 10 en Art de la magie et Connaissances (myst\u00e8res), degr\u00e9 de ma\u00eetrise de 7 en Connaissances (folklore local), degr\u00e9 de ma\u00eetrise de 8 en Concentration et Connaissances (au choix), degr\u00e9 de ma\u00eetrise de 3 en Psychologie<\/p>\n\n\n\n<p><strong>Sorts<\/strong> : capacit\u00e9 de lancer des sorts de magie profane de 5e niveau<\/p>\n\n\n\n<p><strong>Don<\/strong> : Aptitude magique, Attaque Magique, Don de m\u00e9tamagie (au choix)<\/p>\n\n\n\n<p><strong>Sp\u00e9cial <\/strong>: les individus qui d\u00e9sirent entrer dans l\u2019Assembl\u00e9e d\u2019Abellius doivent \u00eatre parrain\u00e9s par un membre actif et avoir \u00e9t\u00e9 \u00e9pi\u00e9 par ce membre, de mani\u00e8re discr\u00e8te, pendant toute une ann\u00e9e, afin d\u2019assurer que le candidat est digne de rejoindre les rangs de l\u2019Assembl\u00e9e d\u2019Abellius.<\/p>\n\n\n\n<p><strong>Caract\u00e9ristiques de classe<\/strong><\/p>\n\n\n\n<p><strong>D\u00e9s de vie<\/strong> : d4<\/p>\n\n\n\n<p><strong>Comp\u00e9tences de Classe<\/strong> : Art de la magie (Int), Artisanat (Int), Bluff (Cha), Concentration (Con), Connaissances (toutes) (Int), D\u00e9cryptage (Int), Perception (Sag), Diplomatie (Cha), \u00c9quitation (Dex), Langue (-), Perception auditive (Sag), Premiers secours (Sag), Profession (Sag), Psychologie (Sag), Renseignement (Cha), Repr\u00e9sentation (Cha).<\/p>\n\n\n\n<p><strong>Points de comp\u00e9tences additionnels \u00e0 chaque niveau<\/strong> : 4 + modificateur d\u2019Intelligence.<\/p>\n\n\n\n<p><strong>Armes et armures<\/strong>&nbsp;: Les mages de l\u2019Assembl\u00e9e d\u2019Abellius sont form\u00e9s au maniement des armes courantes, mais pas au port d&rsquo;armure.<\/p>\n\n\n\n<p><strong>Sorts<\/strong>&nbsp;: A chaque niveau de mage de l\u2019Assembl\u00e9e d\u2019Abellius, le personnage obtient un niveau effectif de jeteur de sorts pour une de ses classes de lanceur de sorts pr\u00e9c\u00e9dentes. Il obtient les sorts par jour et le niveau de lanceur de sorts d&rsquo;un personnage de son niveau effectif. Par contre, il ne gagne aucun des autres avantages accompagnant habituellement ce niveau (dons de m\u00e9tamagie ou de cr\u00e9ation d&rsquo;objets, meilleure chance de repousser les morts-vivants, etc.).<\/p>\n\n\n\n<p>Si le mage de l\u2019Assembl\u00e9e d\u2019Abellius poss\u00e8de plusieurs classes de lanceur de sorts profane, le niveau effectif ne s&rsquo;applique qu&rsquo;\u00e0 l&rsquo;une d&rsquo;entre elles, au choix du personnage.<\/p>\n\n\n\n<p><strong>Arcane libre (Sur)<\/strong>&nbsp;: &nbsp;Par une action complexe, une fois par jour, le Mage de l\u2019Assembl\u00e9e d\u2019Abellius peut lancer l\u2019un de ses sorts profanes sans utiliser un sort pr\u00e9par\u00e9 ni un emplacement de sort. Ce sort doit appara\u00eetre dans la liste des sorts profanes de la classe du personnage et ce dernier doit \u00eatre d\u2019un niveau suffisant dans cette classe de lanceur de sorts pour pouvoir le lancer. Le personnage n\u2019a pas besoin de pr\u00e9parer le sort et celui-ci ne doit pas n\u00e9cessairement faire partie de son r\u00e9pertoire de sorts connus. Lorsqu\u2019il lance un sort de cette fa\u00e7on, on consid\u00e8re que le niveau de lanceur de sorts du personnage est augment\u00e9 de deux niveaux par rapport \u00e0 son niveau r\u00e9el pour d\u00e9terminer les effets bas\u00e9s sur le niveau. Il peut appliquer les dons de m\u00e9tamagie qu\u2019il ma\u00eetrise sur ce sort, mais le niveau total modifi\u00e9 ne peut \u00eatre sup\u00e9rieur au sort profane de plus haut niveau qu\u2019il est capable de lancer avec cette classe de lanceur de sorts.<\/p>\n\n\n\n<p><strong>Mage protecteur&nbsp;(Sur)<\/strong>&nbsp;: Une fois par jour quand un sort ou effet surnaturel soumis \u00e0 la r\u00e9sistance \u00e0 la magie cible un alli\u00e9 du Mage de l\u2019Assembl\u00e9e d\u2019Abellius, ou s&rsquo;ils sont dans la zone d&rsquo;effet du sort, il peut rediriger les d\u00e9g\u00e2ts sur lui-m\u00eame par une action imm\u00e9diate. Il peut ainsi prot\u00e9ger un nombre d&rsquo;alli\u00e9s \u00e9gal \u00e0 son modificateur d&rsquo;Intelligence, tant qu&rsquo;ils sont \u00e0 9 m\u00e8tres ou moins du Mage de l\u2019Assembl\u00e9e d\u2019Abellius. Le Mage doit tenter le jet de sauvegarde appropri\u00e9 pour chaque alli\u00e9 prot\u00e9g\u00e9, et peut donc \u00eatre amen\u00e9 \u00e0 faire plusieurs jets de sauvegarde contre un unique sort ou effet. Il prend tous les d\u00e9g\u00e2ts et souffre de tous les \u00e9tats pr\u00e9judiciables et autres effets que ses alli\u00e9s auraient subis, et peut donc les subir plusieurs fois. Ceci ne prot\u00e8ge les alli\u00e9s que des d\u00e9g\u00e2ts et effets impos\u00e9s lorsque l&rsquo;arcaniste a d\u00e9pens\u00e9 son action imm\u00e9diate, pas des effets ou d\u00e9g\u00e2ts dus \u00e0 un effet non instantan\u00e9.<\/p>\n\n\n\n<p><strong>Optimisation magique (Sur)<\/strong>\u00b6&nbsp;: Une fois par jour, le Mage de l\u2019Assembl\u00e9e d\u2019Abellius peut lancer un sort comme s\u2019il \u00e9tait sous l\u2019effet du don Quintessence des sorts. Ceci n\u2019augmente ni son niveau, ni sa dur\u00e9e d\u2019incantation.<\/p>\n\n\n\n<p><strong>Renvoi magique (Sur)<\/strong>\u00b6&nbsp;: Par une action imm\u00e9diate, une fois par jour, le Mage de l\u2019Assembl\u00e9e d\u2019Abellius ou plus pour renvoyer un sort \u00e0 son lanceur. Ceci fonctionne comme un renvoi des sorts mais seulement \u00e0 condition que le sort renvoy\u00e9 soit d\u2019un niveau \u00e9gal ou inf\u00e9rieur au niveau maximum que le Mage de l\u2019Assembl\u00e9e peut lancer.<\/p>\n\n\n\n<p><strong>Magie acc\u00e9l\u00e9r\u00e9e (Sur)\u00b6<\/strong>&nbsp;: Une fois par jour, un Mage de l\u2019Assembl\u00e9e d\u2019Abellius peut lancer un sort comme s\u2019il \u00e9tait sous l\u2019effet du don Incantation rapide. Ceci n\u2019augmente ni son niveau, ni sa dur\u00e9e d\u2019incantation.<\/p>\n\n\n\n<p><\/p>\n\n\n\n<figure class=\"wp-block-table\"><table><tbody><tr><td><strong>Niv.&nbsp;<br>Mage de l\u2019Assembl\u00e9e d\u2019Abellius<\/strong><\/td><td><strong>Bonus de<br>base \u00e0 l&rsquo;Attaque<\/strong><\/td><td><strong>Bonus de base aux Reflexes<\/strong><\/td><td><strong>Bonus de base \u00e0 la Vigueur<\/strong><\/td><td><strong>Bonus de base \u00e0 la Volont\u00e9<\/strong><\/td><td><strong>Sp\u00e9cial<\/strong><\/td><td><strong>Sorts<\/strong><\/td><\/tr><tr><td>1<\/td><td>+0<\/td><td>+0<\/td><td>+0<\/td><td>+2<\/td><td>Arcane libre<\/td><td>+1 niv de jeteur de sort effectif<\/td><\/tr><tr><td>2<\/td><td>+1<\/td><td>+0<\/td><td>+0<\/td><td>+3<\/td><td>Mage Protecteur<\/td><td>+1 niv de jeteur de sort effectif<\/td><\/tr><tr><td>3<\/td><td>+1<\/td><td>+1<\/td><td>+1<\/td><td>+3<\/td><td>Optimisation magique<\/td><td>+1 niv de jeteur de sort effectif<\/td><\/tr><tr><td>4<\/td><td>+2<\/td><td>+1<\/td><td>+1<\/td><td>+4<\/td><td>Renvoi magique<\/td><td>+1 niv de jeteur de sort effectif<\/td><\/tr><tr><td>5<\/td><td>+2<\/td><td>+1<\/td><td>+1<\/td><td>+4<\/td><td>Magie acc\u00e9l\u00e9r\u00e9e<\/td><td>+1 niv de jeteur de sort effectif<\/td><\/tr><\/tbody><\/table><\/figure>\n","protected":false},"excerpt":{"rendered":"<p>Classe de prestige pour les jeteurs de sorts profane. Description Lorsqu\u2019il fonda l\u2019Assembl\u00e9e qui porte son nom, Abellius le Rouge a souhait\u00e9 regrouper de puissant mages, \u00e9rudits et autres arcanistes amen\u00e9s \u00e0 prot\u00e9ger Extremia et \u00e0 apporter leur concours face \u00e0 de nombreuses menaces. La plupart du temps, les membres sont occup\u00e9s \u00e0 disserter ou [&hellip;]<\/p>\n","protected":false},"author":3,"featured_media":0,"parent":76,"menu_order":0,"comment_status":"closed","ping_status":"closed","template":"","meta":[],"_links":{"self":[{"href":"https:\/\/extremia.org\/wp\/index.php?rest_route=\/wp\/v2\/pages\/722"}],"collection":[{"href":"https:\/\/extremia.org\/wp\/index.php?rest_route=\/wp\/v2\/pages"}],"about":[{"href":"https:\/\/extremia.org\/wp\/index.php?rest_route=\/wp\/v2\/types\/page"}],"author":[{"embeddable":true,"href":"https:\/\/extremia.org\/wp\/index.php?rest_route=\/wp\/v2\/users\/3"}],"replies":[{"embeddable":true,"href":"https:\/\/extremia.org\/wp\/index.php?rest_route=%2Fwp%2Fv2%2Fcomments&post=722"}],"version-history":[{"count":2,"href":"https:\/\/extremia.org\/wp\/index.php?rest_route=\/wp\/v2\/pages\/722\/revisions"}],"predecessor-version":[{"id":726,"href":"https:\/\/extremia.org\/wp\/index.php?rest_route=\/wp\/v2\/pages\/722\/revisions\/726"}],"up":[{"embeddable":true,"href":"https:\/\/extremia.org\/wp\/index.php?rest_route=\/wp\/v2\/pages\/76"}],"wp:attachment":[{"href":"https:\/\/extremia.org\/wp\/index.php?rest_route=%2Fwp%2Fv2%2Fmedia&parent=722"}],"curies":[{"name":"wp","href":"https:\/\/api.w.org\/{rel}","templated":true}]}}