{"id":697,"date":"2024-08-07T18:24:53","date_gmt":"2024-08-07T16:24:53","guid":{"rendered":"https:\/\/extremia.org\/wp\/?page_id=697"},"modified":"2024-08-07T18:36:35","modified_gmt":"2024-08-07T16:36:35","slug":"majarchitecte","status":"publish","type":"page","link":"https:\/\/extremia.org\/wp\/?page_id=697","title":{"rendered":"Majarchitecte"},"content":{"rendered":"\n<p>Une classe de prestige pour magicien, qu&rsquo;on retrouve dans le pays de Fall. <\/p>\n\n\n\n<p><\/p>\n\n\n\n<figure class=\"wp-block-image size-large is-resized\"><img fetchpriority=\"high\" decoding=\"async\" src=\"https:\/\/extremia.org\/wp\/wp-content\/uploads\/Fall-Majarchitecte-722x1024.png\" alt=\"\" class=\"wp-image-698\" width=\"352\" height=\"500\" srcset=\"https:\/\/extremia.org\/wp\/wp-content\/uploads\/Fall-Majarchitecte-722x1024.png 722w, https:\/\/extremia.org\/wp\/wp-content\/uploads\/Fall-Majarchitecte-211x300.png 211w, https:\/\/extremia.org\/wp\/wp-content\/uploads\/Fall-Majarchitecte-768x1090.png 768w, https:\/\/extremia.org\/wp\/wp-content\/uploads\/Fall-Majarchitecte-1083x1536.png 1083w, https:\/\/extremia.org\/wp\/wp-content\/uploads\/Fall-Majarchitecte-1444x2048.png 1444w, https:\/\/extremia.org\/wp\/wp-content\/uploads\/Fall-Majarchitecte.png 1748w\" sizes=\"(max-width: 352px) 100vw, 352px\" \/><figcaption class=\"wp-element-caption\"><em>Majarchitectes en action<\/em><\/figcaption><\/figure>\n\n\n\n<h2>Description<\/h2>\n\n\n\n<p>Les Majarchitectes sont des sorciers sp\u00e9cialis\u00e9s dans la r\u00e9alisation, la construction et l\u2019entretien de nombreux b\u00e2timents, monuments et autres structures. Ajouter quelques fonctions magiques \u00e0 une demeure (tel un diablotin dans la porte d\u2019entr\u00e9e, s\u2019enqu\u00e9rant de l\u2019identit\u00e9 de visiteurs) ou bien doter des b\u00e2timents de protection magique, telles sont les autres sp\u00e9cialit\u00e9s des membres de la Guilde. Bien que des magiciens ind\u00e9pendants puissent \u00e9galement faire de telles choses, les Majarchitectes sont devenus de v\u00e9ritables experts en la mati\u00e8re, et la r\u00e9putation des membres de la Guilde n\u2019est plus \u00e0 prouver. Ils sont \u00e9galement tr\u00e8s souvent appel\u00e9s par l\u2019administration Fallienne lorsqu\u2019elle a besoin d\u2019un nouveau b\u00e2timent remarquable ou bien pour ajouter des fonctionnalit\u00e9s \u00e0 un b\u00e2timent existant. Les Majarchitectes repr\u00e9sentent une corporation prestigieuse et puissante, sauf en termes de nombre. En effet, les membres sont tri\u00e9s sur le volet, et seuls les meilleurs sont accept\u00e9s et ont le supr\u00eame honneur de mettre \u00ab membre de la Guilde des Majarchitectes \u00bb sur leur devanture. Les Majarchitectes membres de la guilde prot\u00e8gent jalousement leurs secrets et sont toujours \u00e0 la recherche de nouvelles innovations.<\/p>\n\n\n\n<h2>Conditions<\/h2>\n\n\n\n<p>Conditions<br>Pour se qualifier pour la classe de prestige de Majarchitecte, un personnage doit r\u00e9pondre aux crit\u00e8res suivants :<br><\/p>\n\n\n\n<p><strong>Dons<\/strong> : Efficacit\u00e9 des sorts accrue, cr\u00e9ation d\u2019objets merveilleux<br><strong>Comp\u00e9tences<\/strong> : Connaissance (architecture &amp; ing\u00e9nierie) 8, Art de la Magie 8.<br><strong>Sorts<\/strong> : facult\u00e9 de lancer des sorts profane de 5e Niveau<\/p>\n\n\n\n<h2>Caract\u00e9ristiques de classe<\/h2>\n\n\n\n<p>D\u00e9 de vie : d4<br>Armes et armures : Un Majarchitecte ne re\u00e7oit aucune formation au maniement des armes ou au<br>port d\u2019armure.<br>Comp\u00e9tence de classe : Art de la Magie, Artisanat, Connaissance (toutes), D\u00e9cryptage, D\u00e9samor\u00e7age\/Sabotage, Profession.<br>Point de comp\u00e9tence \u00e0 chaque niveau additionnel : 2 + modificateur d\u2019Int.<br>Don de Metamagie : Un Majarchitecte doit choisir ses dons de M\u00e9tamagie suppl\u00e9mentaire parmi les<br>suivants : Augmentation d\u2019intensit\u00e9, Extension de dur\u00e9e, Extension de zone d\u2019effet, Extension de port\u00e9e, Extension d\u2019effet.<\/p>\n\n\n\n<p><br><strong>Magie de la Fabrication<\/strong> : Au premier niveau, une fois par jour et en plus de ses sortil\u00e8ges normaux, un Majarchitecte peut jeter une fois par jour l\u2019un des sorts de la liste suivante : R\u00e9paration, Cr\u00e9ation<br>Mineure, Fabrication, Cr\u00e9ation Majeure. On utilise bien s\u00fbr son niveau de jeteur de sorts effectif pour<br>calculer les donn\u00e9es des sorts ainsi lanc\u00e9s.<br><\/p>\n\n\n\n<p><strong>Magie du bois<\/strong> : Un Majarchitecte ayant atteint le niveau 2 peut, une fois par jour et en plus de ses<br>sortil\u00e8ges normaux, jeter une fois par jour l\u2019un des sorts de la liste suivante : Gourdin Magique, Distorsion<br>du bois, Fa\u00e7onnage du bois, Bois de fer, Transmutation du m\u00e9tal en bois, Passe-Muraille.<br><\/p>\n\n\n\n<p><strong>Magie du b\u00e2tisseur <\/strong>: Un Majarchitecte ayant atteint le niveau 3 gagne ce puissant pouvoir, s\u2019approchant<br>de celui d\u2019une lyre de b\u00e2tisseur. Une fois par jour, le Majarchitecte peut produire une puissante<br>\u00e9nergie permettant de construire magiquement des b\u00e2timents ou des galeries, des tranch\u00e9es, etc.<br>L\u2019effet produit une \u00e9nergie durant trente minutes, fournissant un r\u00e9sultat au travail \u00e9gal de 100<br>humains pendant trois jours. Chaque heure apr\u00e8s la premi\u00e8re, le Majarchitecte doit r\u00e9ussir un test<br>de Concentration DD25. D\u00e8s qu\u2019il en rate un, il doit s\u2019arr\u00eater et attendre au moins une semaine pour pouvoir r\u00e9utiliser ce pouvoir.<\/p>\n\n\n\n<p><\/p>\n\n\n\n<p><strong>Magie de la pierre<\/strong> : Un Majarchitecte ayant atteint le niveau 4 peut, une fois par jour et en plus de ses sortil\u00e8ges normaux, jeter une fois par jour l\u2019un des sorts de la liste suivante : Ramollissement de la terre et de la pierre, Fa\u00e7onnage de la pierre, Mur de pierre, P\u00e9trification, Transmutation de la Pierre en boue,<br>transmutation de la boue en pierre. <\/p>\n\n\n\n<p><strong>Magie du m\u00e9tal<\/strong> : Un Majarchitecte ayant atteint le niveau 4 peut, une fois par jour et en plus de ses<br>sortil\u00e8ges normaux, jeter une fois par jour l\u2019un des sorts de la liste suivante : Rouille, M\u00e9tal Br\u00fblant, Mur<br>de Fer, Corps de Fer.<br><\/p>\n\n\n\n<p><strong>Sorts<\/strong> : A chaque niveau de Majarchitecte, le personnage obtient un niveau effectif de jeteur de sort dans l\u2019une de ses classes pratiquant la magie profane et dont il ma\u00eetrise le 5e niveau de sorts. Il obtient les sorts par jours (ainsi que les sorts connus, le choix \u00e9ch\u00e9ant) et le niveau de lanceur de sort effectif. N\u00e9anmoins, il ne gagne aucun autre avantage accompagnant normalement ce niveau,<br>tels qu\u2019une meilleure chance de repousser les morts-vivants, de nouveaux dons, etc.<\/p>\n\n\n\n<p>Sorts : A chaque niveau de Majarchitecte, le<br>personnage obtient un niveau effectif de jeteur de<br>sort dans l\u2019une de ses classes pratiquant la magie<br>profane et dont il ma\u00eetrise le 5e niveau de sorts.<br>Il obtient les sorts par jours (ainsi que les sorts<br>connus, le choix \u00e9ch\u00e9ant) et le niveau de lanceur<br>de sort effectif. N\u00e9anmoins, il ne gagne aucun autre<br>avantage accompagnant normalement ce niveau,<br>tels qu\u2019une meilleure chance de repousser les<br>morts-vivants, de nouveaux dons, etc.<\/p>\n\n\n\n<p>Niv<br>Bonus \u00e0<br>l\u2019attaque R\u00e9f. Vig. Vol.<br>Pouvoirs sp\u00e9ciaux Sorts<br>1 +0 +0 +0 +2 Don de m\u00e9tamagie, Magie de la Fabrication<br>+1<br>niveau effectif<br>2 +1 +0 +0 +3 Don de m\u00e9tamagie, Magie du bois<br>+1<br>niveau effectif<br>3 +1 +1 +1 +3 Don de m\u00e9tamagie, Magie du b\u00e2tisseur<br>+1<br>niveau effectif<br>4 +2 +4 +1 +4 Don de m\u00e9tamagie, Magie de la Pierre<br>+1<br>niveau effectif<br>5 +2 +4 +2 +5 Don de m\u00e9tamagie, Magie de M\u00e9tal<br>+1<br>niveau effectif<\/p>\n","protected":false},"excerpt":{"rendered":"<p>Une classe de prestige pour magicien, qu&rsquo;on retrouve dans le pays de Fall. Description Les Majarchitectes sont des sorciers sp\u00e9cialis\u00e9s dans la r\u00e9alisation, la construction et l\u2019entretien de nombreux b\u00e2timents, monuments et autres structures. Ajouter quelques fonctions magiques \u00e0 une demeure (tel un diablotin dans la porte d\u2019entr\u00e9e, s\u2019enqu\u00e9rant de l\u2019identit\u00e9 de visiteurs) ou bien [&hellip;]<\/p>\n","protected":false},"author":3,"featured_media":0,"parent":76,"menu_order":0,"comment_status":"closed","ping_status":"closed","template":"","meta":[],"_links":{"self":[{"href":"https:\/\/extremia.org\/wp\/index.php?rest_route=\/wp\/v2\/pages\/697"}],"collection":[{"href":"https:\/\/extremia.org\/wp\/index.php?rest_route=\/wp\/v2\/pages"}],"about":[{"href":"https:\/\/extremia.org\/wp\/index.php?rest_route=\/wp\/v2\/types\/page"}],"author":[{"embeddable":true,"href":"https:\/\/extremia.org\/wp\/index.php?rest_route=\/wp\/v2\/users\/3"}],"replies":[{"embeddable":true,"href":"https:\/\/extremia.org\/wp\/index.php?rest_route=%2Fwp%2Fv2%2Fcomments&post=697"}],"version-history":[{"count":4,"href":"https:\/\/extremia.org\/wp\/index.php?rest_route=\/wp\/v2\/pages\/697\/revisions"}],"predecessor-version":[{"id":705,"href":"https:\/\/extremia.org\/wp\/index.php?rest_route=\/wp\/v2\/pages\/697\/revisions\/705"}],"up":[{"embeddable":true,"href":"https:\/\/extremia.org\/wp\/index.php?rest_route=\/wp\/v2\/pages\/76"}],"wp:attachment":[{"href":"https:\/\/extremia.org\/wp\/index.php?rest_route=%2Fwp%2Fv2%2Fmedia&parent=697"}],"curies":[{"name":"wp","href":"https:\/\/api.w.org\/{rel}","templated":true}]}}