{"id":512,"date":"2024-01-01T13:22:16","date_gmt":"2024-01-01T12:22:16","guid":{"rendered":"https:\/\/extremia.org\/wp\/?page_id=512"},"modified":"2024-01-01T13:22:16","modified_gmt":"2024-01-01T12:22:16","slug":"lurmina","status":"publish","type":"page","link":"https:\/\/extremia.org\/wp\/?page_id=512","title":{"rendered":"Lurmina"},"content":{"rendered":"\n<figure class=\"wp-block-image size-full\"><img fetchpriority=\"high\" decoding=\"async\" width=\"246\" height=\"319\" src=\"https:\/\/extremia.org\/wp\/wp-content\/uploads\/image-40.png\" alt=\"\" class=\"wp-image-513\" srcset=\"https:\/\/extremia.org\/wp\/wp-content\/uploads\/image-40.png 246w, https:\/\/extremia.org\/wp\/wp-content\/uploads\/image-40-231x300.png 231w\" sizes=\"(max-width: 246px) 100vw, 246px\" \/><\/figure>\n\n\n\n<p><\/p>\n\n\n\n<h3><a>La divinit\u00e9<\/a><\/h3>\n\n\n\n<p>Lurmina est une d\u00e9esse empreinte d\u2019amour et de volupt\u00e9. Charmeuse et joyeuse, on lui attribue les domaines de l\u2019amour, de la fertilit\u00e9, du mariage, des naissances, des enfants, de la vie, de la beaut\u00e9, du plaisir, de la joie, du charme. Elle est \u00e9galement la Protectrice des amants et des enfants, ainsi que la Sainte Patronne des prostitu\u00e9es.<\/p>\n\n\n\n<p>Lurmina est une divinit\u00e9 profond\u00e9ment bonne qui \u0153uvre pour le bonheur de ses ouailles, pour un monde fait de plaisir et de paix. Elle entretient de bons rapports avec tous les dieux bons ainsi qu\u2019avec <a href=\"https:\/\/extremia.org\/wp\/?page_id=491\" data-type=\"page\" data-id=\"491\">Dagan<\/a>. Lurmina est tr\u00e8s souvent surnomm\u00e9e la Reine des Plaisirs.<\/p>\n\n\n\n<p>La repr\u00e9sentation de Lurmina peut varier d\u2019un endroit \u00e0 un autre mais il s\u2019agit toujours d\u2019une femme l\u00e9g\u00e8rement v\u00eatue, charmeuse et dot\u00e9e d\u2019une beaut\u00e9 sans \u00e9gal, qu\u2019il s\u2019agisse d\u2019une humaine, d\u2019une elfe ou d\u2019une dryade. On utilise parfois l\u2019expression \u00ab Belle comme Lurmina \u00bb, qui signifie \u00ab Belle comme le jour \u00bb, ou encore \u00ab&nbsp;touch\u00e9e par la gr\u00e2ce de Lurmina&nbsp;\u00bb.<\/p>\n\n\n\n<h3><a>Ses fid\u00e8les<\/a><\/h3>\n\n\n\n<p>Les pr\u00eatres de Lurmina sont exclusivement des femmes. Les hommes sont admis en tant que serviteurs ou suivants mais ne peuvent \u00eatre ordonn\u00e9 pr\u00eatre. Les Pr\u00eatresses de Lurmina peuvent \u00eatre de toute race ou de toute condition, mais sont dans leur grande majorit\u00e9 tr\u00e8s belles et tr\u00e8s charismatiques. De par l\u2019organisation matriarcale du clerg\u00e9, la plupart des jeunes filles int\u00e9grant les rangs du clerg\u00e9 de Lurmina sont elles-m\u00eames les filles des pr\u00eatresses de la Reine des Plaisirs. D\u00e8s leur plus jeune \u00e2ge, les futures pr\u00eatresses sont entra\u00een\u00e9es \u00e0 \u00eatre parfaitement \u00e9duqu\u00e9es puis apprennent \u00e0 contr\u00f4ler leur corps puis d\u00e9couvrent et apprennent \u00e0 contr\u00f4ler leurs d\u00e9sirs et leur plaisir physique. On leur apprend aussi les faiblesses des hommes et des femmes, les subtilit\u00e9s du calendrier f\u00e9minin, mais aussi la manipulation \u00ab douce \u00bb et comment utiliser leur apparence physique. A terme, les jeunes femmes, suite \u00e0 cet entra\u00eenement pouss\u00e9 et insolites, deviendront \u00e0 la fois des expertes en relations amoureuses, des diplomates hors pair et ou des gouvernantes avis\u00e9es, aussi \u00e0 l\u2019aise avec les enfants que pour conseiller les jeunes \u00e9pouses afin qu\u2019elles comblent leur maris\u2026 quand elles ne s\u00e9duisent pas ces derniers !<\/p>\n\n\n\n<p>Les simples pr\u00eatresses de Lurmina se nomment des S\u0153urs. Le grade sup\u00e9rieur est celui \u00ab Grande S\u0153ur \u00bb, qui a normalement la charge des novices et de leur entra\u00eenement. Un lieu de culte ou une communaut\u00e9 est plac\u00e9 sous la responsabilit\u00e9 d\u2019une Matriarche. Elles dirigent des communaut\u00e9s le plus souvent ind\u00e9pendantes et autonomes, qui ne se rejoignent que sur le respect des directives envoy\u00e9es par les Hautes Matriarches, qui dirigent les lieux saints du culte et constituent le lien du pouvoir vers la base des Matriarches.<\/p>\n\n\n\n<p>Enfin, toutes les pr\u00eatresses de Lurmina se soumettent \u00e0 l\u2019autorit\u00e9 de la Sainte Matriarche. Repr\u00e9sentante supr\u00eame du clerg\u00e9, la Sainte Matriarche est nomm\u00e9e par la Sainte Matriarche qui la pr\u00e9c\u00e8de. Celle-ci choisit de son vivant celle qui lui succ\u00e8dera \u00e0 sa mort. Il s\u2019agit le plus souvent d\u2019une des Hautes Matriarches les plus actives.<\/p>\n\n\n\n<p>Le clerg\u00e9 de Lurmina et ses ravissantes pr\u00eatresses remplissent plusieurs r\u00f4les dans la soci\u00e9t\u00e9. Ces r\u00f4les sont plus ou moins prononc\u00e9s selon les r\u00e9gions, et les temples ont presque toujours un double emploi :<\/p>\n\n\n\n<ul>\n<li>Lieu de culte et orphelinat, dont les pr\u00eatresses sont des \u00e9ducatrices hors pairs pla\u00e7ant les enfants au-dessus de toute autre forme de richesses ; Elles conseillent \u00e9galement les femmes des communaut\u00e9s dans lesquelles le temple est \u00e9tabli en mati\u00e8re de f\u00e9condit\u00e9, d\u2019\u00e9ducation, etc.<\/li>\n\n\n\n<li>Lieu de culte et maison close : Courtisanes, les pr\u00eatresses de ce type de temple remplissent le r\u00f4le de prostitu\u00e9es de luxe et canalisent leur \u00e9nergie pendant les rapports sexuels, dont on dit qu\u2019elles tirent des pouvoirs incommensurables. Certains de ces curieux temples accueillent aussi de simples prostitu\u00e9es qui peuvent recevoir soins et h\u00e9bergement.<\/li>\n\n\n\n<li>Lieu de culte et centre artistique : Si le culte de Bohpo accueille de nombreux artistes en son sein (architectes, \u00e9crivains, acteurs, dramaturges, po\u00e8tes\u2026), les pr\u00eatresses de ces temples ne sont pas en reste. Elles soutiennent, voire entretiennent, des sculpteurs, peintres et autres dessinateurs, quand elles ne mettent pas la main \u00e0 la p\u00e2te elles-m\u00eames.<\/li>\n<\/ul>\n\n\n\n<p>Les pr\u00eatresses de la Reine des Plaisirs suivent \u00ab La R\u00e8gle de la Vie \u00bb : Elles ne peuvent pas prendre la vie d\u2019un humano\u00efde tel qu\u2019il soit. En revanche, en cas de menace, elles peuvent tout \u00e0 fait tuer un monstre, si les circonstances l\u2019exigent. Elles n\u2019ont aucun probl\u00e8me pour \u00e9liminer les morts-vivants et les cr\u00e9atures artificielles, \u00ab des cr\u00e9atures mal\u00e9fiques d\u00e9j\u00e0 mortes, de toute fa\u00e7on \u00bb (de l\u2019aveu m\u00eame des pr\u00eatresses de Lurmina).<\/p>\n\n\n\n<p>Les tenues religieuses des pr\u00eatresses sont des robes tr\u00e8s moulantes et aguicheuses, et toujours dans les teintes de rose. Les pr\u00eatresses portent \u00e9galement de nombreux bijoux et accessoires : ch\u00e2les, tatouages, ceintures, etc. Les pr\u00eatresses de la Reine des Plaisirs ont une hygi\u00e8ne parfaite et se parfument toujours avec des lotions enivrantes et sensuelles.<\/p>\n\n\n\n<p>Quant au blason de Lurmina, il repr\u00e9sente un c\u0153ur sur un fond clair. Le symbole religieux des pr\u00eatresses de Lurmina est une bague en or surmont\u00e9e d\u2019un petit saphir. Enfin, la devise du culte est \u00ab L\u2019Amour et le Beau\u00bb.<\/p>\n\n\n\n<p>Les pr\u00eatresses de Lurmina entretiennent des cimeti\u00e8res fleuris et bien ordonn\u00e9s, qui ont plus l\u2019allure de jardin verdoyants que de terrains sinistres. Les pr\u00eatresses d\u00e9funtes sont enterr\u00e9es dans des cercueils de bois qui sont ensevelis puis recouvert d\u2019une dalle de pierre longue de la longueur d\u2019un homme sur lesquels ont \u00e9crit un po\u00e8me d\u00e9crivant la vie pass\u00e9e de la pr\u00eatresse. A l\u2019inverse de beaucoup d\u2019autres cultes, les jardins-cimeti\u00e8res du culte de Lurmina sont des lieux joyeux o\u00f9 les pr\u00eatresses vivantes aiment venir se promener. M\u00eame les enterrements sont plac\u00e9s sous le signe de la joie et ont se rem\u00e9more avec plaisir les meilleurs moments pass\u00e9es avec la d\u00e9funte.<\/p>\n\n\n\n<p>Les temples de Lurmina sont des mod\u00e8les d\u2019architecture et de beaut\u00e9, aux courbes arrondies et dont les jardins luxuriants sont d\u00e9cor\u00e9s de statues de femmes nues. Des tableaux ornent les murs et les temples les plus grands abritent aussi des termes.<\/p>\n\n\n\n<p>Un peu \u00e0 part du clerg\u00e9 officiel, Les S\u0153urs-Gardiennes constituent une sorte d\u2019ordre religieux ou de secte autonome. On raconte qu\u2019elles se battraient plus facilement que les autres pr\u00eatresses de Lurmina et qu\u2019elles ne suivraient pas forc\u00e9ment la R\u00e8gle de la Vie. Leur existence remonterait \u00e0 une lointaine tradition guerri\u00e8re des tribus d\u2019amazones de contr\u00e9es lointaines. Les S\u0153urs-Gardiennes sont rares et peu nombreuses, et ont tendance \u00e0 vivre en marge du culte officiel, sans pour autant s\u2019y heurter. Elles utiliseraient \u00e0 la fois leurs talents de s\u00e9duction ainsi que leurs talents guerriers afin de parvenir \u00e0 leurs fins, que seule semble conna\u00eetre la Gardienne-M\u00e8re, qui est responsable de l\u2019Ordre.<\/p>\n\n\n\n<figure class=\"wp-block-image size-full\"><img decoding=\"async\" width=\"316\" height=\"691\" src=\"https:\/\/extremia.org\/wp\/wp-content\/uploads\/image-41.png\" alt=\"\" class=\"wp-image-514\" srcset=\"https:\/\/extremia.org\/wp\/wp-content\/uploads\/image-41.png 316w, https:\/\/extremia.org\/wp\/wp-content\/uploads\/image-41-137x300.png 137w\" sizes=\"(max-width: 316px) 100vw, 316px\" \/><\/figure>\n\n\n\n<p><em>Une pr\u00eatresse de Lurmina<\/em><\/p>\n\n\n\n<p>La plupart des adeptes du culte de Lurmina sont humains, elfes ou demi-elfes. Quelques halfelines et quelques rares gnomes ont parfois \u00e9t\u00e9 aper\u00e7us dans les rangs des pr\u00eatresses de la Reine des Plaisirs. Dans le Tiz\u00f9n, les adorateurs de Lurmina peuvent se retrouver notamment en Kamberdie, au Keltenos et \u00e0 Menesa. Dans le Vyrmonus, c\u2019est surtout \u00e0 ConSudre, dans le Vyrman, les Royaumes Orphelins et la Principaut\u00e9 Calanienne qu\u2019on retrouve des temples de Lurmina, et plus rarement dans les Terres du Nord. Enfin, le culte est presque absent des continents du Karakite et du Zorbaranus, \u00e0 l\u2019exception de rares temples et sectes en Idaria. On raconte qu\u2019un des lieux saints de Lurmina existerait quelque part dans le Zorbaranus, mais m\u00eame les simples Matriarches du culte n\u2019ont que peu d\u2019information \u00e0 ce sujet.<\/p>\n\n\n\n<h3><a>El\u00e9ments techniques<\/a><\/h3>\n\n\n\n<p><strong>Alignement g\u00e9n\u00e9ral<\/strong> : Lurmina est Chaotique Bonne. Ses pr\u00eatresses sont principalement Chaotiques Bonnes, mais certaines sont Neutres Bonnes, et quelques-unes sont Chaotiques Neutres.<\/p>\n\n\n\n<p><strong>Domaines<\/strong> : \u00e0 choisir parmi Chaos, Protection, Gu\u00e9rison, Flore, Lib\u00e9ration*, Cr\u00e9ation*<\/p>\n\n\n\n<p><strong>Arme de pr\u00e9dilection<\/strong> : Masse d\u2019armes l\u00e9g\u00e8re<\/p>\n\n\n\n<p><strong>Pouvoirs sp\u00e9ciaux<\/strong>&nbsp;:<\/p>\n\n\n\n<ul>\n<li>Repousser les morts-vivants<\/li>\n\n\n\n<li>Convertir spontan\u00e9ment ses sorts en sorts de soins de m\u00eame niveau.<\/li>\n<\/ul>\n\n\n\n<p><strong>Comp\u00e9tences de classe<\/strong>&nbsp;: Art de la magie (Int), Artisanat (Int), Concentration (Con), Connaissances (histoire) (Int), Connaissances (myst\u00e8res) (Int), Psychologie (Sag), Connaissances (religion) (Int), Diplomatie (Cha), Premiers secours (Sag) et Profession (Sag). Une pr\u00eatresse de Lurmina qui choisit le domaine de la Flore ajoute la comp\u00e9tence Connaissances (nature) (Int) \u00e0 la liste pr\u00e9c\u00e9dente.<\/p>\n","protected":false},"excerpt":{"rendered":"<p>La divinit\u00e9 Lurmina est une d\u00e9esse empreinte d\u2019amour et de volupt\u00e9. Charmeuse et joyeuse, on lui attribue les domaines de l\u2019amour, de la fertilit\u00e9, du mariage, des naissances, des enfants, de la vie, de la beaut\u00e9, du plaisir, de la joie, du charme. Elle est \u00e9galement la Protectrice des amants et des enfants, ainsi que [&hellip;]<\/p>\n","protected":false},"author":3,"featured_media":0,"parent":412,"menu_order":0,"comment_status":"closed","ping_status":"closed","template":"","meta":[],"_links":{"self":[{"href":"https:\/\/extremia.org\/wp\/index.php?rest_route=\/wp\/v2\/pages\/512"}],"collection":[{"href":"https:\/\/extremia.org\/wp\/index.php?rest_route=\/wp\/v2\/pages"}],"about":[{"href":"https:\/\/extremia.org\/wp\/index.php?rest_route=\/wp\/v2\/types\/page"}],"author":[{"embeddable":true,"href":"https:\/\/extremia.org\/wp\/index.php?rest_route=\/wp\/v2\/users\/3"}],"replies":[{"embeddable":true,"href":"https:\/\/extremia.org\/wp\/index.php?rest_route=%2Fwp%2Fv2%2Fcomments&post=512"}],"version-history":[{"count":1,"href":"https:\/\/extremia.org\/wp\/index.php?rest_route=\/wp\/v2\/pages\/512\/revisions"}],"predecessor-version":[{"id":515,"href":"https:\/\/extremia.org\/wp\/index.php?rest_route=\/wp\/v2\/pages\/512\/revisions\/515"}],"up":[{"embeddable":true,"href":"https:\/\/extremia.org\/wp\/index.php?rest_route=\/wp\/v2\/pages\/412"}],"wp:attachment":[{"href":"https:\/\/extremia.org\/wp\/index.php?rest_route=%2Fwp%2Fv2%2Fmedia&parent=512"}],"curies":[{"name":"wp","href":"https:\/\/api.w.org\/{rel}","templated":true}]}}