{"id":503,"date":"2023-12-27T10:35:07","date_gmt":"2023-12-27T09:35:07","guid":{"rendered":"https:\/\/extremia.org\/wp\/?page_id=503"},"modified":"2023-12-27T10:35:07","modified_gmt":"2023-12-27T09:35:07","slug":"berger-des-ames-perdues","status":"publish","type":"page","link":"https:\/\/extremia.org\/wp\/?page_id=503","title":{"rendered":"Berger des \u00c2mes Perdues"},"content":{"rendered":"\n<p>Classe de prestige pour les adeptes de<a href=\"https:\/\/extremia.org\/wp\/?page_id=499\" data-type=\"page\" data-id=\"499\"> R\u00e9bion<\/a>.<\/p>\n\n\n\n<p><strong>Description<\/strong><\/p>\n\n\n\n<p>Les Bergers des \u00c2mes Perdues sont des personnes \u00e0 la moralit\u00e9 douteuse qui sont souvent habit\u00e9s par de sombres desseins tel que l\u2019app\u00e2t du gain, la soif de pouvoir\u2026 et le plaisir de manipuler les gens. Ces personnages sont des adorateurs de R\u00e9bion qui cherchent int\u00e9grer une guide de voleurs ou autre malandrins, ou mieux encore, \u00e0 fonder leur propre organisation mal intentionn\u00e9e. Leur vocation est de faire profiter de leurs pouvoirs les \u00ab \u00e2mes perdues \u00bb : mendiants, laiss\u00e9s pour compte, voleur, hors-la-loi, pirate etc. Ainsi, le Berger des \u00c2mes Perdues sert de guide et d\u2019autorit\u00e9 religieuse \u00e0 ses ouailles, ceux-ci&nbsp; \u0153uvrant dans l\u2019ill\u00e9galit\u00e9 tout en pouvant compter sur le soutien d\u2019un pr\u00eatre.<\/p>\n\n\n\n<p>Les Bergers des \u00c2mes Perdues sont des personnages qui allient certains des talents des Roublards avec la capacit\u00e9 de lancer des sorts. Du fait de leur discr\u00e9tion et de leurs sorts, les Bergers des \u00c2mes Perdues font des assassins redout\u00e9s (bien que leurs pouvoirs en ce domaine soit sans comparaison avec ceux des v\u00e9ritables assassins), ils peuvent aussi se r\u00e9v\u00e9ler d\u2019excellents espions, et des cambrioleurs dou\u00e9s.<\/p>\n\n\n\n<p>Les Bergers des \u00c2mes Perdues cachent leurs v\u00e9ritables talents \u00e0 la plupart des gens, mais peuvent cependant jouir d\u2019un grand prestige au sein des diff\u00e9rentes communaut\u00e9s de voleurs et autres guildes. En effet les malandrins divers voient en eux de puissants alli\u00e9s, capables d\u2019am\u00e9liorer leurs propres comp\u00e9tences, de les soigner, et de les conseiller en qualit\u00e9 que guide spirituel\u2026 et ils ont raison !<\/p>\n\n\n\n<p>Un Berger des \u00c2mes Perdues peut agir en qualit\u00e9 de chef d\u2019une organisation criminel, en tant que bras droit d\u2019un autre leader charismatique ou bien en tant que guide religieux de la communaut\u00e9. Parfois, un Berger des \u00c2mes Perdues dissimule sa vraie nature et berne son environnement, \u00e0 la mani\u00e8re du gourou d\u2019une secte : les membres de sa communaut\u00e9 ont l\u2019impression de faire le bien ou de voler pour soutenir un id\u00e9al, alors qu\u2019en r\u00e9alit\u00e9, ils sont embrigad\u00e9s et agissent pour l\u2019enrichissement du Berger des \u00c2mes Perdues.<\/p>\n\n\n\n<p><strong>Attaque Sournoise<\/strong>&nbsp;: au niveau 3, le Berger des \u00c2mes Perdues b\u00e9n\u00e9ficie d\u20191d6 d\u2019Attaque Sournoise. Ce pouvoir est port\u00e9 \u00e0 2d6 au niveau 6 et 3d6 au niveau 9.<\/p>\n\n\n\n<p><strong>Conditions<\/strong><\/p>\n\n\n\n<p>Pour devenir un Bergers des \u00c2mes Perdues un personnage doit satisfaire les conditions suivantes :<\/p>\n\n\n\n<p>&#8211; Degr\u00e9s de ma\u00eetrise de 6 en Discr\u00e9tion, 5 Perception, 6 et 5 Bluff.<\/p>\n\n\n\n<p>&#8211; Capacit\u00e9 de lancer des sorts divins de 2\u00e8me niveau.<\/p>\n\n\n\n<p>&#8211; Pouvoir d\u2019attaque sournoise d\u2019au moins 2d6<\/p>\n\n\n\n<p><strong>Alignement<\/strong> : Non Loyal<\/p>\n\n\n\n<p><strong>Bonus de base \u00e0 l\u2019attaque<\/strong> : +4<\/p>\n\n\n\n<p><strong>Bonus de base aux JS<\/strong>: Volont\u00e9 +4<\/p>\n\n\n\n<p><strong>Comp\u00e9tences<\/strong> : degr\u00e9 de ma\u00eetrise de de 6 en Discr\u00e9tion, 5 Perception, 6 et 5 Bluff.<\/p>\n\n\n\n<p><strong>Sorts<\/strong> : Facult\u00e9 de lancer des sorts divins de 2\u00e8me Niveau.<\/p>\n\n\n\n<p><strong>Divinit\u00e9 <\/strong>: R\u00e9bion \u00eatre la divinit\u00e9 tut\u00e9laire du personnage.<\/p>\n\n\n\n<p><strong>Don<\/strong> : Fourberie<\/p>\n\n\n\n<p><strong>Sp\u00e9cial <\/strong>: Pouvoir d\u2019attaque sournoise d\u2019au moins 2d6<\/p>\n\n\n\n<p><strong>Caract\u00e9ristiques de classe<\/strong><\/p>\n\n\n\n<p><strong>D\u00e9s de vie<\/strong> : d6<\/p>\n\n\n\n<p><strong>Comp\u00e9tences de Classe<\/strong> : Artisanat, Connaissance (locale\/religion), Bluff, Contrefa\u00e7on, Crochetage, D\u00e9cryptage, D\u00e9guisement, D\u00e9placement silencieux, Sabotage, Perception, Diplomatie, Discr\u00e9tion, Estimation, Evasion, Intimidation, Natation, Profession, Psychologie, Renseignement, Repr\u00e9sentation, Saut, Utilisation d\u2019objet magique, Premier secours, Concentration.<\/p>\n\n\n\n<p><strong>Points de comp\u00e9tences additionnels \u00e0 chaque niveau<\/strong> : 5 + modificateur d\u2019Intelligence.<\/p>\n\n\n\n<p><strong>Armes et armures<\/strong>&nbsp;: Le Berger des \u00c2mes Perdues ne re\u00e7oit aucune formation au maniement des armes ou au port des armures.<\/p>\n\n\n\n<p><strong>Sorts<\/strong>&nbsp;: \u00c0 chaque niveau de Berger des \u00c2mes Perdues \u00e0 l\u2019exception du 1<sup>er<\/sup>, le personnage gagne un niveau de jeteur de sort effectif. Il obtient les sorts par jour et le niveau de lanceur de sorts d&rsquo;un personnage de son niveau effectif. En revanche, il ne gagne aucun des autres avantages accompagnant habituellement ce niveau (don de m\u00e9tamagie ou de cr\u00e9ation d&rsquo;objets, renvoi des morts-vivants, etc.). Si le Maitre des Temp\u00eates poss\u00e8de plusieurs classes de lanceur de sorts, le niveau effectif ne s&rsquo;applique qu&rsquo;\u00e0 l&rsquo;une d&rsquo;entre elles, au choix du personnage.<\/p>\n\n\n\n<p><strong>Foi renforc\u00e9e (Sur)<\/strong> : la vie particuli\u00e8rement immorale du Berger des \u00e2mes perdues, et sa grande foi en R\u00e9bion, lui permettent de progresser normalement dans ses sorts divins, ses niveaux de pr\u00eatre et de Berger des \u00c2mes Perdues se cumulant pour d\u00e9terminer son niveau de lanceur de sort.<\/p>\n\n\n\n<p><strong>Voix du Berger (Sur)<\/strong> : D\u00e8s le niveau 1, un Berger des \u00c2mes Perdues peut utiliser sa comp\u00e9tence de Bluff pour susciter la bravoure chez ses alli\u00e9s (ainsi qu\u2019en lui), les prot\u00e9ger contre la peur et am\u00e9liorer leurs comp\u00e9tences martiales. Pour b\u00e9n\u00e9ficier de cet effet, un alli\u00e9 doit \u00eatre capable de voir ou d\u2019entendre le discours, les vocif\u00e9rations ou les encouragements du Berger des \u00c2mes Perdues. Il b\u00e9n\u00e9ficie alors d\u2019un bonus de moral de +1 aux jets de sauvegarde contre les effets de terreur et de charme et d\u2019un bonus de comp\u00e9tence de +1 aux jets d\u2019attaque et de d\u00e9g\u00e2ts avec des armes. Lorsque le Berger des \u00c2mes Perdues atteint le niveau 5 et le niveau 10, ce bonus augmente de +1. La Voix du Berger est un effet mental qui utilise des composantes sonores. Ce pouvoir fonctionne de la m\u00eame mani\u00e8re que le pouvoir d\u2019inspiration vaillante du barde, mais bas\u00e9 sur la comp\u00e9tence Bluff plut\u00f4t que sur Repr\u00e9sentation.<\/p>\n\n\n\n<p><strong>Dissimulation de sort (Ext)<\/strong>&nbsp;: Le Berger des \u00c2mes Perdues doit parfois dissimuler ses comp\u00e9tences de jeteur de sorts aux yeux des autres. Ainsi, d\u00e8s le niveau 1, il b\u00e9n\u00e9ficie du don de dissimulation de sort, m\u00eame s\u2019il n\u2019en remplit pas les pr\u00e9-requis.<\/p>\n\n\n\n<p><strong>Prestige (Ext)<\/strong>&nbsp;: : Un Berger des \u00e2mes perdues est un malfrat \u00e9clair\u00e9 et brillant qui dispose du soutien de sa divinit\u00e9. De ce fait il jouit d\u2019un grand prestige au sein de la \u00ab profession \u00bb. Au niveau 2, le Berger des \u00c2mes Perdues b\u00e9n\u00e9ficie donc du don Prestige, m\u00eame s\u2019il n\u2019en remplit pas les conditions.<\/p>\n\n\n\n<p><strong>Beau parleur (Ext)<\/strong>&nbsp;: A partir du niveau 2, une fois par jour, le Berger des \u00c2mes Perdues peut lancer deux d\u00e9s au cours d\u2019un test de Bluff et choisir le meilleur r\u00e9sultat des deux. Il doit d\u00e9cider d\u2019utiliser ce talent avant le test de Bluff . Le Berger des \u00c2mes Perdues gagne une utilisation quotidienne suppl\u00e9mentaire de ce talent au niveau 6 et au niveau 10.<\/p>\n\n\n\n<p><strong>Protection des Brebis \u00e9gar\u00e9es&nbsp;(Sur)<\/strong>&nbsp;: Au niveau 4, le Berger des \u00c2mes Perdues gagne le pouvoir de prot\u00e9ger ses ouailles contre leurs adversaires Loyaux. Au prix d\u2019une action libre, le Berger des \u00c2mes perdues peut d\u00e9clencher un sort de <em>Cercle magique contre la Loi<\/em>. Ce pouvoir est une capacit\u00e9 magique.<\/p>\n\n\n\n<p><strong>Conseil de Combat&nbsp;(Ext)<\/strong>&nbsp;: Au niveau 4, chaque fois qu&rsquo;un Berger des \u00c2mes Perdues rate une attaque au corps \u00e0 corps contre un adversaire, il peut d\u00e9signer un alli\u00e9 dans un rayon de 9 m\u00e8tres de la cible et lui accorder un bonus d&rsquo;intuition de +1 \u00e0 son prochain jet d&rsquo;attaque contre cet adversaire avant le prochain tour du Berger. Au niveau 8, le bonus d&rsquo;intuition passe \u00e0 +2.<\/p>\n\n\n\n<p><strong>Esprit fuyant (Sur)<\/strong>&nbsp;: Au niveau 5, le Berger des \u00c2mes Perdues peut \u00e9chapper au contr\u00f4le mental. Ceci fonctionne comme le talent de roublard du m\u00eame nom. Si le Berger dispose d\u00e9j\u00e0 de ce pouvoir gr\u00e2ce \u00e0 une autre classe, leurs nombres d\u2019utilisations se cumulent mais le personnage ne peut l\u2019utiliser qu\u2019une fois par round.<\/p>\n\n\n\n<p><strong>Libert\u00e9 de Mouvement (Sur)<\/strong>&nbsp;: Au niveau 7, le Berger des \u00c2mes Perdues se retrouve prot\u00e9g\u00e9 par sa divinit\u00e9 afin qu\u2019il puisse rester aupr\u00e8s de ses ouailles et les soutenir. Sur une action libre, une fois par jour, il peut b\u00e9n\u00e9ficier d\u2019un sort de Libert\u00e9 de Mouvement, comme s\u2019il \u00e9tait lanc\u00e9 par un magicien de m\u00eame niveau.<\/p>\n\n\n\n<p><strong>Etat Gazeux (Sur)<\/strong>\u00a0: Le Berger des \u00c2mes Perdues est un membre influent de sa communaut\u00e9, voire m\u00eame un chef. Mais si les choses tournent vraiment mal, il n\u2019h\u00e9sitera pas \u00e0 sacrifier ses brebis et \u00e0 prendre la poudre d\u2019escampette. Au niveau 10, le Berger des \u00c2mes Perdues peut lancer Etat Gazeux au prix d\u2019une action simple, une fois par jour, comme s\u2019il \u00e9tait lanc\u00e9 par un magicien de m\u00eame niveau.<\/p>\n\n\n\n<figure class=\"wp-block-table\"><table><tbody><tr><td>Niv.&nbsp;<br>Berger des \u00c2mes Perdues<\/td><td>Bonus de<br>base \u00e0 l&rsquo;Attaque<\/td><td>Bonus de base aux Reflexes<\/td><td>Bonus de base \u00e0 la Vigueur<\/td><td>Bonus de base \u00e0 la Volont\u00e9<\/td><td>Sp\u00e9cial<\/td><td>Sorts<\/td><\/tr><tr><td>1<\/td><td>+0<\/td><td>+2<\/td><td>+0<\/td><td>+2<\/td><td><em>Foi renforc\u00e9e, Voix du Berger<\/em>. Dissimulation de sort.<\/td><td>&nbsp;<\/td><\/tr><tr><td>2<\/td><td>+1<\/td><td>+3<\/td><td>+0<\/td><td>+3<\/td><td>Prestige, Beau Parleur 1\/j<\/td><td>+1 niv de jeteur de sort effectif<\/td><\/tr><tr><td>3<\/td><td>+2<\/td><td>+3<\/td><td>+1<\/td><td>+3<\/td><td>Attaque sournoise +1d6<\/td><td>+1 niv de jeteur de sort effectif<\/td><\/tr><tr><td>4<\/td><td>+3<\/td><td>+4<\/td><td>+1<\/td><td>+4<\/td><td><em>Protection des brebis \u00e9gar\u00e9es, Conseil de combat<\/em><em><\/em><\/td><td>+1 niv de jeteur de sort effectif<\/td><\/tr><tr><td>5<\/td><td>+3<\/td><td>+4<\/td><td>+1<\/td><td>+4<\/td><td><em>Voix du Berger +2, Esprit fuyant.<\/em><\/td><td>+1 niv de jeteur de sort effectif<\/td><\/tr><tr><td>6<\/td><td>+4<\/td><td>+5<\/td><td>+2<\/td><td>+5<\/td><td>Attaque sournoise +2d6, Beau Parleur 1\/j<\/td><td>+1 niv de jeteur de sort effectif<\/td><\/tr><tr><td>7<\/td><td>+5<\/td><td>+5<\/td><td>+2<\/td><td>+5<\/td><td>Libert\u00e9 de Mouvement<\/td><td>+1 niv de jeteur de sort effectif<\/td><\/tr><tr><td>8<\/td><td>+6<\/td><td>+6<\/td><td>+2<\/td><td>+6<\/td><td><em>Conseil de combat +2<\/em><em><\/em><\/td><td>+1 niv de jeteur de sort effectif<\/td><\/tr><tr><td>9<\/td><td>+6<\/td><td>+6<\/td><td>+3<\/td><td>+6<\/td><td>Attaque sournoise +3d6<\/td><td>+1 niv de jeteur de sort effectif<\/td><\/tr><tr><td>10<\/td><td>+7<\/td><td>+7<\/td><td>+3<\/td><td>+7<\/td><td><em>Voix du Berger +3, <\/em>Beau Parleur 1\/j, Etat Gazeux.<em><\/em><\/td><td>+1 niv de jeteur de sort effectif<\/td><\/tr><\/tbody><\/table><\/figure>\n","protected":false},"excerpt":{"rendered":"<p>Classe de prestige pour les adeptes de R\u00e9bion. Description Les Bergers des \u00c2mes Perdues sont des personnes \u00e0 la moralit\u00e9 douteuse qui sont souvent habit\u00e9s par de sombres desseins tel que l\u2019app\u00e2t du gain, la soif de pouvoir\u2026 et le plaisir de manipuler les gens. Ces personnages sont des adorateurs de R\u00e9bion qui cherchent int\u00e9grer [&hellip;]<\/p>\n","protected":false},"author":3,"featured_media":0,"parent":499,"menu_order":0,"comment_status":"closed","ping_status":"closed","template":"","meta":[],"_links":{"self":[{"href":"https:\/\/extremia.org\/wp\/index.php?rest_route=\/wp\/v2\/pages\/503"}],"collection":[{"href":"https:\/\/extremia.org\/wp\/index.php?rest_route=\/wp\/v2\/pages"}],"about":[{"href":"https:\/\/extremia.org\/wp\/index.php?rest_route=\/wp\/v2\/types\/page"}],"author":[{"embeddable":true,"href":"https:\/\/extremia.org\/wp\/index.php?rest_route=\/wp\/v2\/users\/3"}],"replies":[{"embeddable":true,"href":"https:\/\/extremia.org\/wp\/index.php?rest_route=%2Fwp%2Fv2%2Fcomments&post=503"}],"version-history":[{"count":1,"href":"https:\/\/extremia.org\/wp\/index.php?rest_route=\/wp\/v2\/pages\/503\/revisions"}],"predecessor-version":[{"id":504,"href":"https:\/\/extremia.org\/wp\/index.php?rest_route=\/wp\/v2\/pages\/503\/revisions\/504"}],"up":[{"embeddable":true,"href":"https:\/\/extremia.org\/wp\/index.php?rest_route=\/wp\/v2\/pages\/499"}],"wp:attachment":[{"href":"https:\/\/extremia.org\/wp\/index.php?rest_route=%2Fwp%2Fv2%2Fmedia&parent=503"}],"curies":[{"name":"wp","href":"https:\/\/api.w.org\/{rel}","templated":true}]}}