{"id":499,"date":"2023-12-27T10:32:26","date_gmt":"2023-12-27T09:32:26","guid":{"rendered":"https:\/\/extremia.org\/wp\/?page_id=499"},"modified":"2023-12-27T10:32:26","modified_gmt":"2023-12-27T09:32:26","slug":"rebion","status":"publish","type":"page","link":"https:\/\/extremia.org\/wp\/?page_id=499","title":{"rendered":"R\u00e9bion"},"content":{"rendered":"\n<figure class=\"wp-block-image size-full is-resized\"><img fetchpriority=\"high\" decoding=\"async\" src=\"https:\/\/extremia.org\/wp\/wp-content\/uploads\/image-38.png\" alt=\"\" class=\"wp-image-501\" width=\"281\" height=\"363\" srcset=\"https:\/\/extremia.org\/wp\/wp-content\/uploads\/image-38.png 281w, https:\/\/extremia.org\/wp\/wp-content\/uploads\/image-38-232x300.png 232w\" sizes=\"(max-width: 281px) 100vw, 281px\" \/><\/figure>\n\n\n\n<h3><a>La divinit\u00e9<\/a><\/h3>\n\n\n\n<p>R\u00e9bion est une divinit\u00e9 fourbe et cupide et ses int\u00e9r\u00eats passent avant toute chose. Ses attributions ont rapport avec la ruse, la discorde, la malice, le vol et la manipulation. R\u00e9bion est par ailleurs le saint patron de nombreux voleurs, charlatans et autres imposteurs. On retrouve aussi quelques ensorceleurs, enchanteurs et illusionnistes parmi ses fid\u00e8les.<\/p>\n\n\n\n<p>Individualiste et impr\u00e9visible, R\u00e9bion est un dieu qui agit toujours dans l\u2019ombre, dressant parfois les autres dieux les uns contre les autres dans le seul but de se divertir. R\u00e9bion entretient toutefois quelques rapports avec <a href=\"https:\/\/extremia.org\/wp\/?page_id=476\" data-type=\"page\" data-id=\"476\">Hamo\u00ef<\/a>, mais aussi <a href=\"https:\/\/extremia.org\/wp\/?page_id=256\" data-type=\"page\" data-id=\"256\">Chiar<\/a> ou m\u00eame <a href=\"https:\/\/extremia.org\/wp\/?page_id=423\" data-type=\"page\" data-id=\"423\">Lucrine<\/a>. En revanche, R\u00e9bion est en conflit ouvert avec <a href=\"https:\/\/extremia.org\/wp\/?page_id=220\" data-type=\"page\" data-id=\"220\">Marblus<\/a> et <a href=\"https:\/\/extremia.org\/wp\/?page_id=174\" data-type=\"page\" data-id=\"174\">Uron<\/a>.<\/p>\n\n\n\n<p>R\u00e9bion est le plus souvent repr\u00e9sent\u00e9 par un Renard Argent\u00e9 au regard per\u00e7ant. Parmi ses nombreux surnoms, il est parfois appel\u00e9 \u00ab&nbsp;le Dieu-Renard&nbsp;\u00bb ou le \u00ab&nbsp;Renard Fouineur&nbsp;\u00bb, ou encore \u00ab&nbsp;le Fourbe Subtil&nbsp;\u00bb. On dit souvent, pour d\u00e9signer un personnage retord ou fourbe qu\u2019il est \u00abun des mignons de R\u00e9bion&nbsp;\u00bb. Et lorsque deux personnes se querellent beaucoup, on dit souvent qu\u2019ils ont \u00ab\u00e9t\u00e9 mordus par R\u00e9bion&nbsp;\u00bb.<\/p>\n\n\n\n<h3><a>Ses fid\u00e8les<\/a><\/h3>\n\n\n\n<p>Le clerg\u00e9 de R\u00e9bion n\u2019est pas hi\u00e9rarchis\u00e9 et ses lieux de culte sont extr\u00eamement rares. A l\u2019image des pr\u00eatres de Shala, les pr\u00eatres de R\u00e9bion sont autonomes. Toutefois, l\u00e0 o\u00f9 les pr\u00eatres de Shala sont nomades, les pr\u00eatres de R\u00e9bion aiment se s\u00e9dentariser dans une r\u00e9gion agissant dans l\u2019ombre ou d\u00e9guis\u00e9s afin de tisser une toile et d\u2019\u00e9tablir de solides contacts, ou encore des couvertures en b\u00e9ton.<\/p>\n\n\n\n<p>La plupart des pr\u00eatres de R\u00e9bion agissent seuls ou s\u2019entourent de quelques roublards. Lorsqu\u2019un pr\u00eatre du Dieu-Renard rencontre un jeune homme qui lui semble prometteur, il le prend sous son aile et en fait son disciple. Il formera et \u00e9duquera ce dernier jusqu\u2019\u00e0 ce que le disciple puisse voler de ses propres ailes. Il pourra alors quitter son ma\u00eetre pour s\u2019\u00e9tablir dans une autre r\u00e9gion, puis, lorsqu\u2019il aura acquis suffisamment d\u2019exp\u00e9rience, il formera \u00e0 son tour un disciple. Un disciple peut conserver des liens \u00e9troits avec son tuteur durant toute sa carri\u00e8re, ou au contraire perdre tout contact avec ce dernier.<\/p>\n\n\n\n<p>Parfois, un pr\u00eatre de R\u00e9bion particuli\u00e8rement influent parvient \u00e0 s\u2019entourer d\u2019un groupe de roublards et de quelques disciples, qu\u2019il organise comme une v\u00e9ritable guilde autour d\u2019un lieu de culte secret. Ce lieu de culte est le plus souvent en ville,&nbsp;dissimul\u00e9 dans les \u00e9gouts ou les bas-fonds. On appelle les pr\u00eatres dirigeant ces communaut\u00e9s ind\u00e9pendantes les \u00ab&nbsp;Bergers des \u00c2mes Perdues&nbsp;\u00bb.<\/p>\n\n\n\n<p>L\u2019occupation principale des pr\u00eatres de R\u00e9bion est de monter des arnaques, d\u2019organiser secr\u00e8tement des disputes, participer \u00e0 des cambriolages, bref de tirer les ficelles dans l\u2019ombre, tout en se divertissant et en s\u2019enrichissant. En effet, les pr\u00eatres de R\u00e9bion sont un peu le reflet plus sombre des pr\u00eatres de Lucrine, et certains membres du culte du Renard Fouineur sont des anciens adorateurs de la faiseuse de fortune.<\/p>\n\n\n\n<figure class=\"wp-block-image size-full is-resized\"><img decoding=\"async\" src=\"https:\/\/extremia.org\/wp\/wp-content\/uploads\/image-37.png\" alt=\"\" class=\"wp-image-500\" width=\"257\" height=\"430\" srcset=\"https:\/\/extremia.org\/wp\/wp-content\/uploads\/image-37.png 393w, https:\/\/extremia.org\/wp\/wp-content\/uploads\/image-37-179x300.png 179w\" sizes=\"(max-width: 257px) 100vw, 257px\" \/><figcaption class=\"wp-element-caption\"><em>Un pr\u00eatre de R\u00e9bion<\/em><\/figcaption><\/figure>\n\n\n\n<p>Les pr\u00eatres de R\u00e9bion portent des tuniques proches de celle des ninjas, d\u2019une couleur bleue nuit. Ces tuniques sont agr\u00e9ment\u00e9es d\u2019une cape de m\u00eame couleur et dot\u00e9e d\u2019une capuche. Les pr\u00eatres de R\u00e9bion portent \u00e9galement un masque en argent. Mais fr\u00e9quemment, les pr\u00eatres de R\u00e9bion d\u00e9laissent leurs habits officiels pour se d\u00e9guiser voire se travestir afin de se confectionner de fausses identit\u00e9s. Leur symbole religieux est une queue de renard, souvent attach\u00e9e \u00e0 leur ceinture. La devise du culte de R\u00e9bion est \u00ab&nbsp;Malice et Fourberie\u00bb. Quant au blason du culte, il repr\u00e9sente un renard argent\u00e9 sur fond bleu.<\/p>\n\n\n\n<p>Les pr\u00eatres de R\u00e9bion pratiquent l\u2019embaumement de leurs d\u00e9funts. Ils les font ensuite reposer dans des sarcophages en leur laissant quelques bijoux amass\u00e9s de leur vivant. Les adorateurs du Fourbe Subtil aiment \u00e9galement apprivoiser un renard, qu\u2019ils affectionnent comme un animal domestique.<\/p>\n\n\n\n<p>La plupart des adeptes de R\u00e9bion sont humains, gnomes ou Halfelin. Les demi-elfes ne sont pas rares non plus. En revanche, le culte ne compte que tr\u00e8s peu de nains et pratiquement aucun demi-orque.<\/p>\n\n\n\n<p>Dans le Vyrmonus, on retrouve des adorateurs du Dieu-Renard dans les Royaumes Orphelins, la Principaut\u00e9 Calanaise ou les Iles Froides. Le culte est cependant plus secr\u00e8tement observ\u00e9s dans plusieurs autres pays. Dans le Tiz\u00f9n, on retrouve surtout des adorateurs de R\u00e9bion \u00e0 Menesa ou \u00e0 Zandrizzin. Dans le Karakite, le culte est courant au Zhullag, mais tr\u00e8s rare ailleurs. Enfin, on ne trouve presque pas d\u2019adaptes dans le Zorbaranus, sauf quelques communaut\u00e9s secr\u00e8tes au Dh\u00e2zal ou au Gurvand. On ne connait pas de lieu saint de R\u00e9bion \u00e0 l\u2019heure actuelle.<\/p>\n\n\n\n<h3><a>El\u00e9ments techniques<\/a><\/h3>\n\n\n\n<p><strong>Alignement g\u00e9n\u00e9ral<\/strong>&nbsp;: R\u00e9bion est Chaotique Neutre. Ses pr\u00eatres sont Chaotiques Neutres, parfois Neutre ou Neutre Mauvais.<\/p>\n\n\n\n<p><strong>Domaines&nbsp;<\/strong>: \u00e0 choisir parmi Duperie, Chaos, Connaissance, Mal, Domination*, Communaut\u00e9*<\/p>\n\n\n\n<p><strong>Arme de pr\u00e9dilection<\/strong>&nbsp;: Ep\u00e9e courte<\/p>\n\n\n\n<p><strong>Pouvoirs sp\u00e9ciaux<\/strong>&nbsp;:<\/p>\n\n\n\n<ul>\n<li>Convertir spontan\u00e9ment ses sorts en sorts de Soins ou de Blessures de m\u00eame niveau (au choix du joueur&nbsp;: le choix doit \u00eatre effectu\u00e9 en d\u00e9but de carri\u00e8re et ne peut plus \u00eatre chang\u00e9 ensuite).<\/li>\n\n\n\n<li>Bonus de +1d6 en attaque sournoise. Ce pouvoir est identique au pouvoir de Roublard et ce d\u00e9 suppl\u00e9mentaire se cumule avec les d\u00e9s d\u2019attaque sournoise que le pr\u00eatre peut avoir s\u2019il a des niveaux de roublard ou de toute autre classe ayant acc\u00e8s \u00e0 cette capacit\u00e9.<\/li>\n<\/ul>\n\n\n\n<p><strong>Comp\u00e9tences de classe<\/strong>&nbsp;: Art de la magie (Int), Artisanat (Int), Concentration (Con), Contrefa\u00e7on (Dex), Connaissances (myst\u00e8res) (Int), Escamotage (Dex), Connaissances (religion) (Int), Diplomatie (Cha), Premiers secours (Sag) et Profession (Sag). Un pr\u00eatre qui choisit le domaine de la Connaissance ajoute toutes les formes de Connaissances (Int) \u00e0 cette liste. Un pr\u00eatre qui choisit le domaine de la Duperie ajoute les comp\u00e9tences Bluff (Cha), D\u00e9guisement (Cha) et Discr\u00e9tion (Dex) \u00e0 cette liste.<\/p>\n","protected":false},"excerpt":{"rendered":"<p>La divinit\u00e9 R\u00e9bion est une divinit\u00e9 fourbe et cupide et ses int\u00e9r\u00eats passent avant toute chose. Ses attributions ont rapport avec la ruse, la discorde, la malice, le vol et la manipulation. R\u00e9bion est par ailleurs le saint patron de nombreux voleurs, charlatans et autres imposteurs. On retrouve aussi quelques ensorceleurs, enchanteurs et illusionnistes parmi [&hellip;]<\/p>\n","protected":false},"author":3,"featured_media":0,"parent":412,"menu_order":0,"comment_status":"closed","ping_status":"closed","template":"","meta":[],"_links":{"self":[{"href":"https:\/\/extremia.org\/wp\/index.php?rest_route=\/wp\/v2\/pages\/499"}],"collection":[{"href":"https:\/\/extremia.org\/wp\/index.php?rest_route=\/wp\/v2\/pages"}],"about":[{"href":"https:\/\/extremia.org\/wp\/index.php?rest_route=\/wp\/v2\/types\/page"}],"author":[{"embeddable":true,"href":"https:\/\/extremia.org\/wp\/index.php?rest_route=\/wp\/v2\/users\/3"}],"replies":[{"embeddable":true,"href":"https:\/\/extremia.org\/wp\/index.php?rest_route=%2Fwp%2Fv2%2Fcomments&post=499"}],"version-history":[{"count":1,"href":"https:\/\/extremia.org\/wp\/index.php?rest_route=\/wp\/v2\/pages\/499\/revisions"}],"predecessor-version":[{"id":502,"href":"https:\/\/extremia.org\/wp\/index.php?rest_route=\/wp\/v2\/pages\/499\/revisions\/502"}],"up":[{"embeddable":true,"href":"https:\/\/extremia.org\/wp\/index.php?rest_route=\/wp\/v2\/pages\/412"}],"wp:attachment":[{"href":"https:\/\/extremia.org\/wp\/index.php?rest_route=%2Fwp%2Fv2%2Fmedia&parent=499"}],"curies":[{"name":"wp","href":"https:\/\/api.w.org\/{rel}","templated":true}]}}