{"id":491,"date":"2023-12-25T01:10:49","date_gmt":"2023-12-25T00:10:49","guid":{"rendered":"https:\/\/extremia.org\/wp\/?page_id=491"},"modified":"2023-12-25T01:10:49","modified_gmt":"2023-12-25T00:10:49","slug":"dagan","status":"publish","type":"page","link":"https:\/\/extremia.org\/wp\/?page_id=491","title":{"rendered":"Dagan"},"content":{"rendered":"\n<figure class=\"wp-block-image size-full is-resized\"><img decoding=\"async\" src=\"https:\/\/extremia.org\/wp\/wp-content\/uploads\/Dagan.gif\" alt=\"\" class=\"wp-image-492\" width=\"192\" height=\"248\"\/><\/figure>\n\n\n\n<h3><a>La divinit\u00e9<\/a><\/h3>\n\n\n\n<p>Dagan est une divinit\u00e9 impr\u00e9visible et \u00e0 l\u2019humeur changeante. Dagan est un personnage fantasque, toujours titubant, jamais s\u00e9rieux, et dont l\u2019\u00e9thique est inexistante. Les clerg\u00e9s des autres dieux, \u00e0 l\u2019exception de celui de Lurmina, consid\u00e8rent Dagan comme la brebis galeuse du Panth\u00e9on et le juge incapable de sobri\u00e9t\u00e9 (dans tous les sens du terme). Cependant Dagan semble s\u2019en moquer, si toutefois il s\u2019en rend compte&nbsp;!<\/p>\n\n\n\n<p>On associe Dagan au Chaos, mais aussi \u00e0 la d\u00e9cadence et aux paradis artificiels. L\u2019alcool, le tabac, les drogues n\u2019ont aucun secret pour lui De nombreuses expressions sont inspir\u00e9e de ce dieu&nbsp;: \u00ab&nbsp;bon vivant comme Dagan&nbsp;\u00bb, car Dagan est toujours pr\u00eat \u00e0 festoyer&nbsp;; on dit des ivrognes qu\u2019ils sont&nbsp;\u00ab&nbsp;saouls comme Dagan&nbsp;\u00bb et lors d\u2019orgies, on p\u00e9n\u00e8tre \u00ab&nbsp;dans l\u2019antre de Dagan&nbsp;\u00bb. Dans un euph\u00e9misme comique, on peut dire d\u2019une personne d\u00e9c\u00e9d\u00e9e qu\u2019elle \u00ab&nbsp;est partie trinquer avec Dagan&nbsp;\u00bb (et il est \u00e9vident que si c\u2019est le cas, il est impossible de revenir\u2026).<\/p>\n\n\n\n<p>Dagan est repr\u00e9sent\u00e9 par un Halfelin bedonnant et mal ras\u00e9, g\u00e9n\u00e9ralement en train de fumer, affal\u00e9 sur un tonneau de bi\u00e8re. Dagan est le symbole de la d\u00e9cadence. On surnomme aussi Dagan \u00ab&nbsp;Saint Tonnelet&nbsp;\u00bb.<\/p>\n\n\n\n<h3><a>Ses fid\u00e8les<\/a><\/h3>\n\n\n\n<p>Les suivants de Dagan lui ressemblent beaucoup&nbsp;: anarchistes, d\u00e9viants, f\u00eatards, ivrognes, drogu\u00e9s composent la plupart des ouailles de Dagan. Certains ne vivent que d\u2019orgies permanentes, mangeant et buvant tout ce qu\u2019ils peuvent, d\u2019autres festoient sans cesse, d\u2019autres encore vivent en reclus, ne s\u2019amusant gu\u00e8re mais \u00e9tant rarement conscient, tout drogu\u00e9s qu\u2019ils sont.<\/p>\n\n\n\n<p>Les pr\u00eatres de Dagan ont la lourde t\u00e2che de veiller sur tout ce petit monde\u2026 ou plut\u00f4t de les guider vers le nirvana \u00e0 l\u2019aide de paradis artificiels. Eux-m\u00eames rarement sobres ou totalement conscients, les pr\u00eatres de Dagan peuvent \u00eatre des illumin\u00e9s, des mystiques, des anciens guerriers dont leur nature d\u2019alcoolique leur a r\u00e9v\u00e9l\u00e9 \u00ab&nbsp;la voie de la v\u00e9rit\u00e9&nbsp;\u00bb, une voie ou l\u2019ont fui le monde pour se retrouver \u00e0 festoyer avec Dagan\u2026<\/p>\n\n\n\n<p>Les pr\u00eatres de Dagan portent des tuniques rouge et teint\u00e9es de rose, ainsi que de larges ceintures dor\u00e9es et ornement\u00e9es parfois de pierres pr\u00e9cieuses. Ils portent \u00e0 leur cou un pendentif en terre cuite repr\u00e9sentant une amphore&nbsp;: il s\u2019agit de leur symbole sacr\u00e9. Ils ont aussi la r\u00e9putation de conna\u00eetre les arcanes secrets de la fabrication des drogues, somnif\u00e8res et autres substances hallucinog\u00e8nes (notamment les champignons).<\/p>\n\n\n\n<p>Il est bien \u00e9videmment impossible pour les fid\u00e8les de Dagan d\u2019avoir un clerg\u00e9 digne de ce nom&nbsp;: les pr\u00eatres de Dagan sont presque plus des tenanciers de taverne que des hommes de religion. Les quelques temples de Dagan sont bien souvent sorte de taverne en centre-ville. Quand ils sont en dehors de la ville, il s\u2019agit principalement de cahutes mal arrang\u00e9es propre au Chaos entourant Dagan.<\/p>\n\n\n\n<p>Les c\u00e9r\u00e9monies religieuses en l\u2019honneur de Dagan sont tr\u00e8s arros\u00e9es&nbsp;: en effet, il est inconcevable de ne pas boire, car c\u2019est en \u00e9tant ivre que l\u2019on peut communier avec Dagan et le rejoindre&nbsp;dans la Cave des Cieux, sorte d\u2019immense cellier divin dans lequel seraient renferm\u00e9s tous les alcools existants. La devise des pr\u00eatres de Dagan est d\u2019ailleurs toute simple et toute trouv\u00e9e&nbsp;: \u00ab&nbsp;A la tienne&nbsp;!&nbsp;\u00bb.<\/p>\n\n\n\n<figure class=\"wp-block-image size-full is-resized\"><img fetchpriority=\"high\" decoding=\"async\" src=\"https:\/\/extremia.org\/wp\/wp-content\/uploads\/image-36.png\" alt=\"\" class=\"wp-image-493\" width=\"275\" height=\"384\" srcset=\"https:\/\/extremia.org\/wp\/wp-content\/uploads\/image-36.png 346w, https:\/\/extremia.org\/wp\/wp-content\/uploads\/image-36-214x300.png 214w\" sizes=\"(max-width: 275px) 100vw, 275px\" \/><figcaption class=\"wp-element-caption\"><em>Un pr\u00eatre de Dagan<\/em><\/figcaption><\/figure>\n\n\n\n<p>Lorsqu\u2019ils d\u00e9c\u00e8dent, les fid\u00e8les de Dagan se font enterr\u00e9s non loin d\u2019un champ de vignes. Leur corps est tout d\u2019abord d\u00e9pos\u00e9 dans un cercueil en bois ressemblant \u00e9tonnement \u00e0 un tonneau. On leur laisse une flasque d\u2019alcool fort dans le cercueil afin que le parcours du d\u00e9funt jusqu&rsquo;\u00e0 la Cave des Cieux lui paraisse moins long, puis on br\u00fble du tabac en son honneur avant de recouvrir le cercueil de terre. Il est de coutumes de planter par la suite un pied de vigne \u00e0 l\u2019endroit o\u00f9 le corps du d\u00e9funt repose.<\/p>\n\n\n\n<p>Les fid\u00e8les de Dagan ne sont pas toujours nombreux, mais on peut les retrouver \u00e0 n\u2019importe quel endroit de la plan\u00e8te, \u00e0 pr\u00eacher pour la bonne parole (ou plut\u00f4t pour la bonne bi\u00e8re). On les rencontre toutefois un peu plus souvent dans le Vyrmonus (Carn\u00f9r, Nur\u00f9n-Castiglione, Royaumes Orphelins, Principaut\u00e9 Calanienne) dans le Tizun &nbsp;(Aldering, Keltenos, Menesa) ou \u00e0 Zhullag, dans le Karakite.<\/p>\n\n\n\n<p>Les adorateurs de Saint Tonnelet sont principalement des Nains, des Halfelins ou des Humains. On rencontre parfois des demi-Elfes ou des Demi-Orques adorateurs de Dagan, mais tr\u00e8s rarement des races monstrueuses. On ne conna\u00eet pas de lieu saint particulier pour le culte de Dagan&nbsp;: les adorateurs des autres cultes ont tendance \u00e0 dire que n\u2019importe quelle taverne ouverte est un lieu de p\u00e8lerinage obligatoire pour les ouailles de Saint Tonnelet\u2026<\/p>\n\n\n\n<h3><a>El\u00e9ments techniques<\/a><\/h3>\n\n\n\n<p>Alignement g\u00e9n\u00e9ral&nbsp;: Dagan est Chaotique Neutre. Ses pr\u00eatres sont Chaotiques Neutres ou Neutres, et parfois Chaotique Bons.<\/p>\n\n\n\n<p><strong>Domaines<\/strong>&nbsp;: \u00e0 choisir parmi Chance, Chaos, Gu\u00e9rison, Force, Folie*, R\u00eaves*<\/p>\n\n\n\n<p><strong>Arme de pr\u00e9dilection<\/strong>&nbsp;: le Gourdin<\/p>\n\n\n\n<p><strong>Pouvoirs sp\u00e9ciaux<\/strong>&nbsp;:<\/p>\n\n\n\n<ul>\n<li>Don de Talent (\u00e0 choisir avec la comp\u00e9tence Artisanat&nbsp;: Brasserie, Cuisine ou Herboristerie)<\/li>\n\n\n\n<li>Convertir spontan\u00e9ment ses sorts en sorts de Soins ou de Blessures de m\u00eame niveau (au choix du joueur&nbsp;: le choix doit \u00eatre effectu\u00e9 en d\u00e9but de carri\u00e8re et ne peut plus \u00eatre chang\u00e9 ensuite).<\/li>\n<\/ul>\n\n\n\n<p><strong>Comp\u00e9tences de classe<\/strong>&nbsp;: Art de la magie (Int), Artisanat (Int), Concentration (Con), Connaissances (histoire) (Int), Connaissances (myst\u00e8res) (Int), Connaissances (plan) (Int), Connaissances (religion) (Int), Equilibre (Dex), Premiers secours (Sag) et Profession (Sag).<\/p>\n","protected":false},"excerpt":{"rendered":"<p>La divinit\u00e9 Dagan est une divinit\u00e9 impr\u00e9visible et \u00e0 l\u2019humeur changeante. Dagan est un personnage fantasque, toujours titubant, jamais s\u00e9rieux, et dont l\u2019\u00e9thique est inexistante. Les clerg\u00e9s des autres dieux, \u00e0 l\u2019exception de celui de Lurmina, consid\u00e8rent Dagan comme la brebis galeuse du Panth\u00e9on et le juge incapable de sobri\u00e9t\u00e9 (dans tous les sens du [&hellip;]<\/p>\n","protected":false},"author":3,"featured_media":0,"parent":412,"menu_order":0,"comment_status":"closed","ping_status":"closed","template":"","meta":[],"_links":{"self":[{"href":"https:\/\/extremia.org\/wp\/index.php?rest_route=\/wp\/v2\/pages\/491"}],"collection":[{"href":"https:\/\/extremia.org\/wp\/index.php?rest_route=\/wp\/v2\/pages"}],"about":[{"href":"https:\/\/extremia.org\/wp\/index.php?rest_route=\/wp\/v2\/types\/page"}],"author":[{"embeddable":true,"href":"https:\/\/extremia.org\/wp\/index.php?rest_route=\/wp\/v2\/users\/3"}],"replies":[{"embeddable":true,"href":"https:\/\/extremia.org\/wp\/index.php?rest_route=%2Fwp%2Fv2%2Fcomments&post=491"}],"version-history":[{"count":1,"href":"https:\/\/extremia.org\/wp\/index.php?rest_route=\/wp\/v2\/pages\/491\/revisions"}],"predecessor-version":[{"id":494,"href":"https:\/\/extremia.org\/wp\/index.php?rest_route=\/wp\/v2\/pages\/491\/revisions\/494"}],"up":[{"embeddable":true,"href":"https:\/\/extremia.org\/wp\/index.php?rest_route=\/wp\/v2\/pages\/412"}],"wp:attachment":[{"href":"https:\/\/extremia.org\/wp\/index.php?rest_route=%2Fwp%2Fv2%2Fmedia&parent=491"}],"curies":[{"name":"wp","href":"https:\/\/api.w.org\/{rel}","templated":true}]}}