{"id":484,"date":"2023-12-24T17:15:11","date_gmt":"2023-12-24T16:15:11","guid":{"rendered":"https:\/\/extremia.org\/wp\/?page_id=484"},"modified":"2023-12-24T17:15:11","modified_gmt":"2023-12-24T16:15:11","slug":"executeur-du-cobra-noir","status":"publish","type":"page","link":"https:\/\/extremia.org\/wp\/?page_id=484","title":{"rendered":"Ex\u00e9cuteur du Cobra Noir"},"content":{"rendered":"\n<p>Classe de prestige pour les fid\u00e8les d\u2019<a href=\"https:\/\/extremia.org\/wp\/?page_id=476\" data-type=\"page\" data-id=\"476\">Hamo\u00ef<\/a>.<\/p>\n\n\n\n<h3>Histoire du Cobra Noir<\/h3>\n\n\n\n<p>L\u2019histoire de cette guilde est assez mal connu, en raison du secret qui entoure ce groupe et leur capacit\u00e9 \u00e0 ne pas r\u00e9v\u00e9ler d\u2019information. Les Ex\u00e9cuteurs du Cobra Noir pr\u00e9f\u00e8re en effet se battre \u00e0 mort plut\u00f4t que de se laisser capturer.<\/p>\n\n\n\n<p>On raconte que le Cobra Noir serait n\u00e9 \u00e0 Zandrizzin il y a plusieurs si\u00e8cles et qu\u2019initialement, seuls les Drows pouvaient en \u00eatre membre.<\/p>\n\n\n\n<p>Le Cobra Noir s\u2019est cependant r\u00e9pandu dans le monde au fil des ans et aujourd\u2019hui, les Drows sont minoritaires parmi les Ex\u00e9cuteurs, m\u00eame s\u2019ils n\u2019en restent pas moins de redoutables membres. Il est difficile de comptabiliser les Ex\u00e9cuteurs du Cobra Noir. Ils seraient moins de trois cents \u00e0 travers le monde, ne seraient pas pr\u00e9sents partout, mais des commanditaires qui les recherchent activement sont \u00e0 peu pr\u00e8s certains que ceux-ci les contacteront rapidement\u2026<\/p>\n\n\n\n<h3>Description<\/h3>\n\n\n\n<p>Le Cobra Noir est une organisation secr\u00e8te d\u2019assassins et de tueurs fanatiques d\u00e9vou\u00e9s \u00e0 Hamo\u00ef. Ils op\u00e8rent \u00e0 la fois pour ex\u00e9cuter les ordres du clerg\u00e9 d\u2019Hamo\u00ef mais ils offrent parfois leurs services \u00e0 d\u2019autres organisations ayant les moyens de se les offrir. Leur z\u00e8le extr\u00eame en fait de formidales assassins, redoutables et implacables. Ils sont craints jusqu\u2019aux sph\u00e8res dirigeantes, despotes \u00e9clair\u00e9s comme tyran, qui pourraient un jour se retrouver face \u00e0 un adepte du Cobra Noir.<\/p>\n\n\n\n<p>On retrouve principalement des pr\u00eatres, des roublards\/pr\u00eatres, ou des pr\u00eatres\/guerriers parmi les Ex\u00e9cuteurs du Cobra Noir. Le clerg\u00e9 et les pr\u00eatres de haut niveau se montrent attentifs aux serviteurs z\u00e9l\u00e9s du culte qui pourrait \u00eatre suffisamment fanatis\u00e9s et prometteurs pour rejoindre le Cobra Noir.<\/p>\n\n\n\n<p>.<\/p>\n\n\n\n<h3>Conditions<\/h3>\n\n\n\n<p>Pour devenir Ex\u00e9cuteur du Cobra Noir, il faut satisfaire aux conditions suivantes :<\/p>\n\n\n\n<p><strong>Alignement<\/strong>&nbsp;: ne doit pas \u00eatre bon<\/p>\n\n\n\n<p><strong>Comp\u00e9tences<\/strong>&nbsp;: degr\u00e9 de ma\u00eetrise de 6 en Connaissances (religion), degr\u00e9 de ma\u00eetrise de 8 en D\u00e9placement silencieux, degr\u00e9 de ma\u00eetrise de 8 en Discr\u00e9tion, degr\u00e9 de ma\u00eetrise de 6 en D\u00e9tection.<\/p>\n\n\n\n<p><strong>Dons<\/strong>&nbsp;: &nbsp;Arme de Pr\u00e9dilection (Rapi\u00e8re), Volont\u00e9 de fer, Esquive<\/p>\n\n\n\n<p><strong>Sorts<\/strong>&nbsp;: &nbsp;facult\u00e9 de lancer des sorts divins de 2e niveau<\/p>\n\n\n\n<p><strong>Sp\u00e9cial<\/strong>&nbsp;: &nbsp;d\u00e9g\u00e2ts d\u2019attaque sournoise +1d6. De plus, en tant qu\u2019adepte d\u2019Hamo\u00ef, le candidat au Cobra Noir doit remplir seul une mission, qui consiste le plus souvent en un assassinat d\u2019un ennemi du culte d\u2019Hamo\u00ef. Plus rarement, il peut d\u2019agir d\u2019une mission pour le compte d\u2019un commanditaire du Cobra Noir. Dans le cas, le candidat est accompagn\u00e9 par un Ex\u00e9cuteur du Cobra Noir exp\u00e9riment\u00e9. Ce dernier doit s\u2019assurer de la bonne ex\u00e9cution de la mission. Si le candidat \u00e9choue, l\u2019Ex\u00e9cuteur exp\u00e9riment\u00e9 rempli lui-m\u00eame l\u2019assassinat, et se d\u00e9barrasse par la m\u00eame occasion du candidat malheureux\u2026<\/p>\n\n\n\n<h3>Caract\u00e9ristiques de Classe<\/h3>\n\n\n\n<p><strong>Comp\u00e9tences de classe<\/strong> : Acrobaties (Dex), Art de la magie (Int), Artisanat (Int), Concentration (Con), Connaissances (religion) (Int), D\u00e9tection (Sag), Discr\u00e9tion (Dex), Escalade (For), Escamotage (Dex), \u00c9vasion (Dex), Natation (For), Profession (Sag), Saut (For).<\/p>\n\n\n\n<p><strong>Points de comp\u00e9tence \u00e0 chaque niveau <\/strong>: 4 + modificateur d\u2019Int.<\/p>\n\n\n\n<p><strong>D\u00e9s de vie<\/strong> : d6<\/p>\n\n\n\n<p><strong>Armes et armure<\/strong> :&nbsp; Les Ex\u00e9cuteurs du Cobra Noir ne re\u00e7oit aucune formation au maniement des armes ou au port des armures.<\/p>\n\n\n\n<p><strong>Sorts<\/strong> :&nbsp; \u00c0 chaque niveau pair d\u2019Ex\u00e9cuteur du Cobra Noir, le personnage obtient un niveau effectif de jeteur de sorts pour une de ses classes pr\u00e9c\u00e9dentes pratiquant la magie divine et dont il ma\u00eetrise le 2e niveau de sorts (s&rsquo;il poss\u00e8de plusieurs classes de ce type, le niveau effectif ne s&rsquo;applique qu&rsquo;\u00e0 l&rsquo;une d&rsquo;entre elles, au choix du personnage). Il obtient les sorts par jour (ainsi que les sorts connus, le cas \u00e9ch\u00e9ant) et le niveau de lanceur de sorts d&rsquo;un personnage de son niveau effectif de lanceur de sorts. N\u00e9anmoins, il ne gagne aucun des autres avantages accompagnant habituellement ce niveau, tels qu&rsquo;une meilleure chance de repousser ou d&rsquo;intimider les morts-vivants, de nouveaux dons de m\u00e9tamagie ou de cr\u00e9ation d&rsquo;objets, etc.<\/p>\n\n\n\n<p><strong>Souplesse du Serpent (Ext)<\/strong> : l\u2019Ex\u00e9cuteur du Cobra Noir re\u00e7oit la don de Souplesse du Serpent, m\u00eame s\u2019il n\u2019en rempli pas les pr\u00e9-requis. S\u2019il poss\u00e8de d\u00e9j\u00e0 ce don par ailleurs, il re\u00e7oit \u00e0 la place le don d\u2019Attaque Eclair.<\/p>\n\n\n\n<p><strong>Moral Fanatique (Sur)<\/strong> :&nbsp; l\u2019Ex\u00e9cuteur du Cobra Noir est immunis\u00e9 contre la terreur, aussi bien magique que naturelle.<\/p>\n\n\n\n<p><strong>Attaque du Cobra (Sur)<\/strong> : Au niveau 2, un Ex\u00e9cuteur du Cobra Noir apprend comment effectuer cette attaque meurtri\u00e8re. Pour d\u00e9clencher une Attaque du Cobra, l\u2019assassin tient sa rapi\u00e8re, et d\u00e9crit un lent mouvement lancinant avec la lame. L&rsquo;Ex\u00e9cuteur doit se trouver \u00e0 moins de 9 m\u00e8tres (6 c) de sa victime et cette derni\u00e8re doit la voir. L\u2019attaque du Cobra d\u00e9bute par une action simple et hypnotise sa victime pour 1d4 rounds \u00e0 moins qu\u2019elle ne r\u00e9ussisse un jet de Volont\u00e9 (DD 10 + niveau de classe de l\u2019Ex\u00e9cuteur + modificateur de Charisme de l\u2019Ex\u00e9cuteur). Cette Hypnose fait perdre \u00e0 la victime ses bonus de Dext\u00e9rit\u00e9 contre l\u2019Ex\u00e9cuteur du Cobra Noir. Si, pendant qu\u2019elle est hypnotis\u00e9e, la victime est frapp\u00e9e par la rapi\u00e8re de l\u2019Ex\u00e9cuteur, ce dernier b\u00e9n\u00e9ficie inflige en plus de ses d\u00e9g\u00e2ts habituels, les effets d\u2019un poison magique infligeant imm\u00e9diatement la perte de 1d3 points de Constitution, sauf si la victime r\u00e9ussi un jet de Vigueur ((DD 10 + niveau de classe de l\u2019Ex\u00e9cuteur + modificateur de Charisme de l\u2019Ex\u00e9cuteur).<\/p>\n\n\n\n<p><strong>Attaque sournoise (Ext)<\/strong> :&nbsp; Aux niveaux 3, 6 et 9, l\u2019Ex\u00e9cuteur du Cobra Noir b\u00e9n\u00e9ficie de d\u00e9g\u00e2ts accrus sur ses attaques sournoises. \u00c9tant donn\u00e9 que l\u2019Ex\u00e9cuteur du Cobra Noir a re\u00e7u la possibilit\u00e9 d&rsquo;effectuer des attaques sournoises par le biais d&rsquo;une autre source (comme la classe de roublard), les d\u00e9g\u00e2ts suppl\u00e9mentaires se cumulent.<\/p>\n\n\n\n<p><strong>Tueur (Sur)<\/strong> : Au niveau 4, l&rsquo;Ex\u00e9cuteur peut appliquer la propri\u00e9t\u00e9 tueuse \u00e0 sa rapi\u00e8re par une action rapide. Il choisit le type de cr\u00e9ature vis\u00e9 quand il utilise le pouvoir (et le sous-type si le type est humano\u00efde ou ext\u00e9rieur). Une fois le type choisi, il peut en changer par une action rapide. Ce pouvoir fonctionne tant que l&rsquo;Ex\u00e9cuteur tient sa rapi\u00e8re. S&rsquo;il la l\u00e2che ou se la fait prendre, elle ne reprend cette propri\u00e9t\u00e9 qu&rsquo;une fois de retour dans les mains de l\u2019Exc\u00e9cuteur, si sa dur\u00e9e n&rsquo;a pas expir\u00e9e. Chaque jour, ce pouvoir dure un nombre de rounds \u00e9gal au niveau de l&rsquo;Ex\u00e9cuteur. Ces rounds ne sont pas forc\u00e9ment cons\u00e9cutifs.<\/p>\n\n\n\n<p><strong>Convocation d\u2019un Cobra Imp\u00e9rial (Mag)<\/strong> :&nbsp; Une fois par jour au niveau niveau 5, l\u2019Ex\u00e9cuteur du Cobra Noir peut invoquer un Cobra Imp\u00e9rial, comme s\u2019il avait lanc\u00e9 un sort de Convovation des Monstres V.&nbsp; Par une action libre, il peut mentalement diriger le Cobra Imp\u00e9rial (FP5).<\/p>\n\n\n\n<p><strong>Tueur chevronn\u00e9 (Sur)<\/strong> : Une fois atteint le niveau 7, l\u2019Ex\u00e9cuteur du Cobra Noir&nbsp; qui utilise sa capacit\u00e9 de tueur voit les d\u00e9g\u00e2ts inflig\u00e9s par l&rsquo;arme sur le type d&rsquo;ennemis choisi passer \u00e0 3d6.<\/p>\n\n\n\n<p><strong>Tueur supr\u00eame (Sur)<\/strong> :&nbsp; Une fois atteint le niveau 10, l\u2019Ex\u00e9cuteur du Cobra Noir&nbsp; qui utilise sa capacit\u00e9 de tueur voit les d\u00e9g\u00e2ts inflig\u00e9s par l&rsquo;arme sur le type d&rsquo;ennemis choisi passer \u00e0 4d6.<\/p>\n","protected":false},"excerpt":{"rendered":"<p>Classe de prestige pour les fid\u00e8les d\u2019Hamo\u00ef. Histoire du Cobra Noir L\u2019histoire de cette guilde est assez mal connu, en raison du secret qui entoure ce groupe et leur capacit\u00e9 \u00e0 ne pas r\u00e9v\u00e9ler d\u2019information. Les Ex\u00e9cuteurs du Cobra Noir pr\u00e9f\u00e8re en effet se battre \u00e0 mort plut\u00f4t que de se laisser capturer. On raconte [&hellip;]<\/p>\n","protected":false},"author":3,"featured_media":0,"parent":476,"menu_order":0,"comment_status":"closed","ping_status":"closed","template":"","meta":[],"_links":{"self":[{"href":"https:\/\/extremia.org\/wp\/index.php?rest_route=\/wp\/v2\/pages\/484"}],"collection":[{"href":"https:\/\/extremia.org\/wp\/index.php?rest_route=\/wp\/v2\/pages"}],"about":[{"href":"https:\/\/extremia.org\/wp\/index.php?rest_route=\/wp\/v2\/types\/page"}],"author":[{"embeddable":true,"href":"https:\/\/extremia.org\/wp\/index.php?rest_route=\/wp\/v2\/users\/3"}],"replies":[{"embeddable":true,"href":"https:\/\/extremia.org\/wp\/index.php?rest_route=%2Fwp%2Fv2%2Fcomments&post=484"}],"version-history":[{"count":1,"href":"https:\/\/extremia.org\/wp\/index.php?rest_route=\/wp\/v2\/pages\/484\/revisions"}],"predecessor-version":[{"id":485,"href":"https:\/\/extremia.org\/wp\/index.php?rest_route=\/wp\/v2\/pages\/484\/revisions\/485"}],"up":[{"embeddable":true,"href":"https:\/\/extremia.org\/wp\/index.php?rest_route=\/wp\/v2\/pages\/476"}],"wp:attachment":[{"href":"https:\/\/extremia.org\/wp\/index.php?rest_route=%2Fwp%2Fv2%2Fmedia&parent=484"}],"curies":[{"name":"wp","href":"https:\/\/api.w.org\/{rel}","templated":true}]}}