{"id":476,"date":"2023-12-24T17:04:43","date_gmt":"2023-12-24T16:04:43","guid":{"rendered":"https:\/\/extremia.org\/wp\/?page_id=476"},"modified":"2023-12-24T17:16:02","modified_gmt":"2023-12-24T16:16:02","slug":"hamoi","status":"publish","type":"page","link":"https:\/\/extremia.org\/wp\/?page_id=476","title":{"rendered":"Hamo\u00ef"},"content":{"rendered":"\n<figure class=\"wp-block-image size-full is-resized\"><img decoding=\"async\" src=\"https:\/\/extremia.org\/wp\/wp-content\/uploads\/Hamoi.gif\" alt=\"\" class=\"wp-image-479\" width=\"182\" height=\"237\"\/><\/figure>\n\n\n\n<h3><a>La divinit\u00e9<\/a><\/h3>\n\n\n\n<p><a href=\"https:\/\/extremia.org\/wp\/?page_id=476\" data-type=\"page\" data-id=\"476\">Hamo\u00ef<\/a> est un dieu retors et cupide, fourbe et profond\u00e9ment mauvais. Il est r\u00e9put\u00e9 l\u00e2che et sournois, mais extr\u00eamement dangereux, car dot\u00e9 de grands pouvoirs de coercition. Capable des plans les plus ambitieux, Hamo\u00ef est servi par un ensemble de races mauvaises ayant une confiance aveugle en leur seigneur et ma\u00eetre. Hamo\u00ef est associ\u00e9 \u00e0 l\u2019Ombre et aux profondeurs. Il est \u00e9galement le protecteur des reptiles et le Saint Patron des assassins. Hamo\u00ef est repr\u00e9sent\u00e9 par un gigantesque serpent dot\u00e9 de 4 bras humano\u00efdes et arm\u00e9s de rapi\u00e8res. Pour cette raison, Hamo\u00ef est surnomm\u00e9 \u00ab&nbsp;le Dieu-Serpent&nbsp;\u00bb.<\/p>\n\n\n\n<p>Parfois Hamo\u00ef tisse des alliances temporaires avec des dieux comme<a href=\"https:\/\/extremia.org\/wp\/?page_id=256\" data-type=\"page\" data-id=\"256\"> Chiar<\/a>, R\u00e9bion ou <a href=\"https:\/\/extremia.org\/wp\/?page_id=439\" data-type=\"page\" data-id=\"439\">Knl\u2019ka<\/a>. Hamo\u00ef d\u00e9teste les dieux bons comme <a href=\"https:\/\/extremia.org\/wp\/?page_id=174\" data-type=\"page\" data-id=\"174\">Uron<\/a> et sa terrible lumi\u00e8re ou encore <a href=\"https:\/\/extremia.org\/wp\/?page_id=348\" data-type=\"page\" data-id=\"348\">Iniva<\/a> et ses pouvoirs curatifs.<\/p>\n\n\n\n<h3><a>Ses fid\u00e8les<\/a><\/h3>\n\n\n\n<p>Les fid\u00e8les d\u2019Hamo\u00ef sont principalement des membres des races des marais (Hommes-L\u00e9zards, Slaads, Ogres), des membres des races des profondeurs (Duergars, Drows, Troglodytes, Ombres des Roches, Otyugh\u2026) ou encore des humains malfaisants. On compte \u00e9galement les Yuan-ti parmi les fid\u00e8les d\u2019Hamo\u00ef. Ceux-ci se consid\u00e8rent d\u2019ailleurs comme les plus proches fid\u00e8les d\u2019Hamo\u00ef. On a aussi trouv\u00e9 des Elfes, des Nains et des Orques parmi les fid\u00e8les du Dieu-Serpent, mais ces cas ne sont tr\u00e8s courants.<\/p>\n\n\n\n<p>Les Temples d\u2019Hamo\u00ef sont toujours souterrains, car Hamo\u00ef et ses sbires ha\u00efssent la lumi\u00e8re du jour. Dans ces sombres cavernes, les pr\u00eatres d\u2019Hamo\u00ef aiment s\u2019entourer de serpents et de serviteurs reptiliens. D\u2019ailleurs, les temples les plus grands sont prot\u00e9g\u00e9s par des serpents constricteurs g\u00e9ants. La d\u00e9coration est g\u00e9n\u00e9ralement de mauvais go\u00fbt, comme par exemple des peaux de b\u00eates, des collections de crocs et de dents ou encore des collections de dards d\u2019animaux ou de monstres. Les couloirs des temples sont souvent vo\u00fbt\u00e9s ou arrondis, comme si le passage avait \u00e9t\u00e9 trac\u00e9 par un immense serpent. De mani\u00e8re g\u00e9n\u00e9rale, les temples d\u2019Hamo\u00ef favorisent les formes arrondies et les salles circulaires. Statues de serpents et fosses \u00e0 reptiles font partie des autres \u00ab&nbsp;raffinements&nbsp;\u00bb des temples d\u2019Hamo\u00ef.<\/p>\n\n\n\n<p>Le clerg\u00e9 d\u2019Hamo\u00ef n\u2019est absolument pas organis\u00e9. Chaque pr\u00eatre ou groupe de pr\u00eatre semble diriger sa communaut\u00e9 de mani\u00e8re totalement autonome. Il n\u2019y a aucun lien hi\u00e9rarchique entre les pr\u00eatres, la loi du plus fort domine. D\u2019ailleurs, si une communaut\u00e9 poss\u00e8de plus d\u2019un pr\u00eatre, les d\u00e9fis, affrontements et assassinats entre pr\u00eatres sont fr\u00e9quents. La devise des mignons d\u2019Hamo\u00ef est \u00ab&nbsp;Que s\u2019etende &nbsp;l\u2019Ombre&nbsp;\u00bb.<\/p>\n\n\n\n<p>Les pr\u00eatres d\u2019Hamo\u00ef se d\u00e9signent eux-m\u00eames par le titre de \u00ab&nbsp;Ma\u00eetres-Serpents&nbsp;\u00bb. Bien qu\u2019il n\u2019y ait aucune hi\u00e9rarchie ou direction dans le culte, les pr\u00eatres ne se consid\u00e8rent pas \u00e9gaux&nbsp;: il y a en g\u00e9n\u00e9ral toujours un rapport de dominant-domin\u00e9 et des conflits d\u2019influence. Les pr\u00eatres d\u2019Hamo\u00ef sont pass\u00e9s ma\u00eetres dans l\u2019art de l\u2019hypnose et du contr\u00f4le mental&nbsp;: Certains parmi eux sont des personnages tr\u00e8s charismatiques (quand ils sortent de l\u2019ombre dans laquelle ils semblent vivre en permanence).<\/p>\n\n\n\n<p>Les fid\u00e8les d\u2019Hamo\u00ef sont aussi fascin\u00e9s par les poisons, qu\u2019ils adorent utiliser contre leurs ennemis. Les Pr\u00eatres d\u2019Hamo\u00ef y \u00e9tant particuli\u00e8rement r\u00e9sistants, ils n\u2019h\u00e9sitent pas \u00e0 s\u2019en servir m\u00eame contre leurs serviteurs\u2026 afin de s\u2019assurer de leur \u00ab&nbsp;loyaut\u00e9&nbsp;\u00bb via des antidotes savamment distill\u00e9s\u2026 Ils utilisent \u00e9galement les poisons pour se d\u00e9barrasser des tra\u00eetres, et rien n\u2019enthousiasment plus les fid\u00e8les qu\u2019une mise \u00e0 mort par empoisonnement (bien que les assassinats dans les ruelles sordides au c\u0153ur de la nuit ne soient pas pour leur d\u00e9plaire non plus).<\/p>\n\n\n\n<p>Les pr\u00eatres d\u2019Hamo\u00ef portent des sortes de combinaisons tr\u00e8s serr\u00e9es et moulant leur corps, comme une sorte de deuxi\u00e8me peau (de serpent). Cette combinaison comprend des gants noirs, un pantalon et une chemise kaki parsem\u00e9e de rayures noires (dans le dos uniquement) et des bottes de cuir noires et souples. Lors des c\u00e9r\u00e9monies, ils rev\u00eatent aussi des capes d\u2019un vert tr\u00e8s fonc\u00e9. Leur symbole religieux est une bague en or repr\u00e9sentant une t\u00eate de serpent.<\/p>\n\n\n\n<p>Les Ma\u00eetres-Serpents&nbsp;portent surtout des armures de cuir, d\u2019\u00e9cailles ou de peau, qu\u2019ils essayent de teindre dans les m\u00eames tons que leur tenue religieuse. Les pr\u00eatres d\u2019Hamo\u00ef n\u2019ont pas peur de se battre et sont r\u00e9put\u00e9s pour leur cruaut\u00e9, leur agilit\u00e9 et leur rapidit\u00e9.<\/p>\n\n\n\n<figure class=\"wp-block-image size-full\"><img fetchpriority=\"high\" decoding=\"async\" width=\"215\" height=\"473\" src=\"https:\/\/extremia.org\/wp\/wp-content\/uploads\/Clerge-Pretresse-Hamoi-1.jpg\" alt=\"\" class=\"wp-image-478\" srcset=\"https:\/\/extremia.org\/wp\/wp-content\/uploads\/Clerge-Pretresse-Hamoi-1.jpg 215w, https:\/\/extremia.org\/wp\/wp-content\/uploads\/Clerge-Pretresse-Hamoi-1-136x300.jpg 136w\" sizes=\"(max-width: 215px) 100vw, 215px\" \/><\/figure>\n\n\n\n<p><em>Une pr\u00eatresse d\u2019Hamo\u00ef<\/em><em><\/em><\/p>\n\n\n\n<p>Les fid\u00e8les d\u2019Hamo\u00ef ont tendance \u00e0 dormir le jour et \u00e0 vivre la nuit, car ils ne sentent plus forts lorsque les t\u00e9n\u00e8bres les entourent. Pour eux, la nuit est le point culminant de la journ\u00e9e et donc la p\u00e9riode la plus propice aux crimes, aux intrigues et aux c\u00e9r\u00e9monies. Lors de ces derni\u00e8res, il est de coutume pour les fid\u00e8les d\u2019 Hamo\u00ef de sacrifier des victimes par empoisonnement, puis de boire une coupe de leur sang. Parmi les autres rituels religieux, citons les pri\u00e8res qu\u2019ils effectuent \u00e0 plat ventre dans l\u2019obscurit\u00e9 la plus totale, humbles et serviles devant Hamo\u00ef, dans une position rappelant celle du serpent. Dans les temples, ces pri\u00e8res s\u2019effectuent le plus souvent dans des salles dot\u00e9es de statues repr\u00e9sentant le Dieu-Serpent. Lorsqu\u2019ils d\u00e9c\u00e8dent, les fid\u00e8les d\u2019Hamo\u00ef sont g\u00e9n\u00e9ralement d\u00e9pos\u00e9s dans des catacombes lugubres gard\u00e9es par des Serpent g\u00e9ants.<\/p>\n\n\n\n<p>Dans le Vyrmonus, le culte d\u2019Hamo\u00ef est interdit dans presque tous les pays. On retrouve de rares adeptes cach\u00e9s, dans les Terres du Nord, ou les Iles Froides. Enfin, quelques communaut\u00e9s vivent \u00ab\u00a0au grand jours\u00a0\u00bb dans certains Royaumes Orphelins mais aussi en Principaut\u00e9 Calanienne, o\u00f9 il est dit que le culte (et notamment les redoutables <a href=\"https:\/\/extremia.org\/wp\/?page_id=484\" data-type=\"page\" data-id=\"484\">Ex\u00e9cuteurs du Cobra Noir<\/a>) aid\u00e8rent le Prince Boulbab Oreille d\u2019Argent \u00e0 prendre le pouvoir.<\/p>\n\n\n\n<p>Dans le Tizun, le culte d\u2019Hamo\u00ef est dominant \u00e0 Zandrizzin (o\u00f9 les repr\u00e9sentations reptiliennes sont cependant remplac\u00e9es par des Araign\u00e9es). Ailleurs, le culte est interdit, mais il existe des sectes et des groupuscules actifs en Aldering, au Keltenos et m\u00eame au sein du v\u00e9n\u00e9rable Empire de Fligornil.<\/p>\n\n\n\n<p>On retrouve quelques adeptes dans le Zorbaranus, notamment au Dhaz\u00e2l o\u00f9 le culte d\u2019Hamo\u00ef est tol\u00e9r\u00e9. Il est en revanche interdit ailleurs, mais on retrouve des groupes d\u2019adeptes cach\u00e9s parmi la population en Idara, \u00e0 Menedev et m\u00eame au sein de la Th\u00e9ocratie de Falbur. Enfin, dans le Karakite, le culte d\u2019Hamo\u00ef est courant au Chica-Ta, rare \u00e0 Zhullag et plut\u00f4t pr\u00e9sent secr\u00e8tement au Chongten.<\/p>\n\n\n\n<p>&nbsp;On ne conna\u00eet pas de lieux saints pour le clerg\u00e9 d\u2019Hamo\u00ef, mais des rumeurs reviennent p\u00e9riodiquement, faisant \u00e9tat d\u2019une certaine \u00ab&nbsp;Cit\u00e9 des Serpents&nbsp;\u00bb, ville souterraine tourn\u00e9e tout \u00e0 la gloire d\u2019Hamo\u00ef. Personne ne sait o\u00f9 une telle cit\u00e9 pourrait se trouver, mais beaucoup de sages laissent \u00e0 penser qu\u2019elle aurait toutes les chances de se trouver au Chica-Ta.<\/p>\n\n\n\n<h3><a>El\u00e9ments techniques<\/a><\/h3>\n\n\n\n<p><strong>Alignement g\u00e9n\u00e9ral<\/strong>&nbsp;: Hamo\u00ef est Neutre Mauvais. Ses pr\u00eatres sont surtout Neutre Mauvais, mais parfois Loyal Mauvais.<\/p>\n\n\n\n<p><strong>Domaines<\/strong>&nbsp;: \u00e0 choisir parmi Duperie, Mal, Chaos, Air, C\u00e9l\u00e9rit\u00e9*, Domination*<\/p>\n\n\n\n<p><strong>Arme de pr\u00e9dilection<\/strong>&nbsp;: La Rapi\u00e8re<\/p>\n\n\n\n<p><strong>Pouvoirs sp\u00e9ciaux<\/strong>&nbsp;:<\/p>\n\n\n\n<ul>\n<li>Aucun risque de s\u2019empoisonner en manipulant le poison et bonus de +2 aux Jets de Sauvegarde contre le poison<\/li>\n\n\n\n<li>Convertir spontan\u00e9ment ses sorts en sorts de Blessures de m\u00eame niveau<\/li>\n<\/ul>\n\n\n\n<p><strong>Comp\u00e9tences de classe<\/strong>&nbsp;: Art de la magie (Int), Artisanat (Int), Concentration (Con), Connaissances (histoire) (Int), Connaissances (myst\u00e8res) (Int), Evasion (Dex), Connaissances (religion) (Int), D\u00e9placement silencieux (Dex), Premiers secours (Sag) et Profession (Sag). Un pr\u00eatre d\u2019Hamo\u00ef qui choisit le domaine de la Duperie ajoute les comp\u00e9tences Bluff (Cha), D\u00e9guisement (Cha) et Discr\u00e9tion (Dex) \u00e0 cette liste.<\/p>\n","protected":false},"excerpt":{"rendered":"<p>La divinit\u00e9 Hamo\u00ef est un dieu retors et cupide, fourbe et profond\u00e9ment mauvais. Il est r\u00e9put\u00e9 l\u00e2che et sournois, mais extr\u00eamement dangereux, car dot\u00e9 de grands pouvoirs de coercition. Capable des plans les plus ambitieux, Hamo\u00ef est servi par un ensemble de races mauvaises ayant une confiance aveugle en leur seigneur et ma\u00eetre. Hamo\u00ef est [&hellip;]<\/p>\n","protected":false},"author":3,"featured_media":0,"parent":412,"menu_order":0,"comment_status":"closed","ping_status":"closed","template":"","meta":[],"_links":{"self":[{"href":"https:\/\/extremia.org\/wp\/index.php?rest_route=\/wp\/v2\/pages\/476"}],"collection":[{"href":"https:\/\/extremia.org\/wp\/index.php?rest_route=\/wp\/v2\/pages"}],"about":[{"href":"https:\/\/extremia.org\/wp\/index.php?rest_route=\/wp\/v2\/types\/page"}],"author":[{"embeddable":true,"href":"https:\/\/extremia.org\/wp\/index.php?rest_route=\/wp\/v2\/users\/3"}],"replies":[{"embeddable":true,"href":"https:\/\/extremia.org\/wp\/index.php?rest_route=%2Fwp%2Fv2%2Fcomments&post=476"}],"version-history":[{"count":4,"href":"https:\/\/extremia.org\/wp\/index.php?rest_route=\/wp\/v2\/pages\/476\/revisions"}],"predecessor-version":[{"id":486,"href":"https:\/\/extremia.org\/wp\/index.php?rest_route=\/wp\/v2\/pages\/476\/revisions\/486"}],"up":[{"embeddable":true,"href":"https:\/\/extremia.org\/wp\/index.php?rest_route=\/wp\/v2\/pages\/412"}],"wp:attachment":[{"href":"https:\/\/extremia.org\/wp\/index.php?rest_route=%2Fwp%2Fv2%2Fmedia&parent=476"}],"curies":[{"name":"wp","href":"https:\/\/api.w.org\/{rel}","templated":true}]}}