{"id":431,"date":"2023-11-05T09:54:47","date_gmt":"2023-11-05T08:54:47","guid":{"rendered":"https:\/\/extremia.org\/wp\/?page_id=431"},"modified":"2023-11-05T09:57:48","modified_gmt":"2023-11-05T08:57:48","slug":"shala","status":"publish","type":"page","link":"https:\/\/extremia.org\/wp\/?page_id=431","title":{"rendered":"Shala"},"content":{"rendered":"\n<figure class=\"wp-block-image size-full\"><img fetchpriority=\"high\" decoding=\"async\" width=\"280\" height=\"363\" src=\"https:\/\/extremia.org\/wp\/wp-content\/uploads\/image-23.png\" alt=\"\" class=\"wp-image-432\" srcset=\"https:\/\/extremia.org\/wp\/wp-content\/uploads\/image-23.png 280w, https:\/\/extremia.org\/wp\/wp-content\/uploads\/image-23-231x300.png 231w\" sizes=\"(max-width: 280px) 100vw, 280px\" \/><\/figure>\n\n\n\n<h3><a>La divinit\u00e9<\/a><\/h3>\n\n\n\n<p>Shala est une d\u00e9esse enjou\u00e9e et active, qui tient rarement en place. Ses domaines de pr\u00e9dilections ont rapport \u00e0 la avec la destin\u00e9e, la chance et les voyages. D\u2019un naturel producteur, elle vient en aide aux \u00e9gar\u00e9s, et parfois \u00e0 d\u2019autres personnes au gr\u00e9 du hasard. Elle est la patronne des voyageurs, des colporteurs, des joueurs et autres parieurs.<\/p>\n\n\n\n<p>\u00c9galement appel\u00e9e la Dame du Destin, Shala est une d\u00e9esse plut\u00f4t solitaire, et elles ou ses ouailles n\u2019entretiennent en g\u00e9n\u00e9ral que peu de contacts avec les autres divinit\u00e9s. Toutefois, Shala et son culte d\u00e9veloppent parfois des relations avec leurs homologues d\u2019<a href=\"https:\/\/extremia.org\/wp\/?page_id=348\" data-type=\"page\" data-id=\"348\">Iniva<\/a>, <a href=\"https:\/\/extremia.org\/wp\/?page_id=393\" data-type=\"page\" data-id=\"393\">Xamidi<\/a>, d\u2019<a href=\"https:\/\/extremia.org\/wp\/?page_id=407\" data-type=\"page\" data-id=\"407\">Appoca<\/a> ou de <a href=\"https:\/\/extremia.org\/wp\/?page_id=273\" data-type=\"page\" data-id=\"273\">Fresha<\/a>. En g\u00e9n\u00e9ral, les adeptes de Shala ne comprennent pas la mani\u00e8re d\u2019agir trop rigide ou trop extr\u00eame des clerg\u00e9s d\u2019<a href=\"https:\/\/extremia.org\/wp\/?page_id=174\" data-type=\"page\" data-id=\"174\">Uron<\/a>, <a href=\"https:\/\/extremia.org\/wp\/?page_id=220\" data-type=\"page\" data-id=\"220\">Marblus<\/a>, <a href=\"https:\/\/extremia.org\/wp\/?page_id=256\" data-type=\"page\" data-id=\"256\">Chiar<\/a>, <a href=\"https:\/\/extremia.org\/wp\/?page_id=336\" data-type=\"page\" data-id=\"336\">Gornar &amp; Untog<\/a>, Hamo\u00ef ou R\u00e9bion. Dans l\u2019esprit, les adeptes de Shala sont tr\u00e8s \u00e9loign\u00e9s des id\u00e9aux de ces derniers.<\/p>\n\n\n\n<p>Shala est repr\u00e9sent\u00e9e par une femme humaine aux longs cheveux bruns. On la repr\u00e9sente fr\u00e9quemment entour\u00e9e de Tr\u00e8fles \u00e0 quatre feuilles. On dit souvent d\u2019une personne qu\u2019elle a \u00ab&nbsp;la chance de Shala&nbsp;\u00bb lorsque le hasard fait bien les choses. On utilise souvent la locution \u00ab&nbsp;que Shala guide tes pas&nbsp;\u00bb \u00e0 un ami lorsque celui-ci entreprend un voyage, afin de lui souhaiter bonne chance. Cette locution est \u00e9galement la devise du culte de Fresha.<\/p>\n\n\n\n<h3><a>Ses fid\u00e8les<\/a><\/h3>\n\n\n\n<p>Le culte de Shala n\u2019est pas organis\u00e9 en clerg\u00e9. Les pr\u00eatres de Shala sont le plus souvent des pr\u00eatres itin\u00e9rants, sans attaches et sans communaut\u00e9 religieuse autour d\u2019eux. En effet, les pr\u00eatres de Shala pr\u00e9f\u00e8rent apporter leur aide au hasard des chemins et des rencontres. Il existe toutefois dans les grandes villes des petites chapelles d\u00e9di\u00e9es \u00e0 Shala et servant de temples. Il n\u2019y a pas de pr\u00eatres r\u00e9sident dans ces chapelle&nbsp;: lorsqu\u2019un pr\u00eatre de Shala est de passage dans une ville comportant une chapelle, il est de coutume que ce dernier s\u2019y rende et rel\u00e8ve le pr\u00eatre s\u2019occupant de la chapelle. Le dernier arriv\u00e9 sera lui aussi remplac\u00e9 par le prochain pr\u00eatre de Shala passant par la ville, etc. Parfois, certaines chapelles peuvent \u00eatre inoccup\u00e9es pendant des mois, voire laiss\u00e9es \u00e0 l\u2019abandon.<\/p>\n\n\n\n<p>Les pr\u00eatres de Shala se consid\u00e8rent tous comme des \u00e9gaux, ce qui fait qu\u2019il n\u2019y a pas de lien hi\u00e9rarchique, quel que soit la puissance ou l\u2019exp\u00e9rience des pr\u00eatres. Les membres exp\u00e9riment\u00e9s prennent des jeunes apprentis, le temps de les former et de leur apprendre les ficelles du m\u00e9tier, avant de les laisser voler de leurs propres ailes. Les pr\u00eatres de Shala choisissent souvent leur apprenti au hasard des routes, et n\u2019ont en g\u00e9n\u00e9ral qu\u2019un seul apprenti \u00e0 la fois, au maximum deux. Les pr\u00eatres de Shala n\u2019ont pas de nom en particulier. Leur principal r\u00f4le est d\u2019influer sur le destin, d\u2019apporter un peu de chance et un peu d\u2019aide l\u00e0 o\u00f9 ils apparaissent. Leur passage dans une petite communaut\u00e9&nbsp;est g\u00e9n\u00e9ralement vu comme un signe de chance \u2013 m\u00eame si le plus chanceux reste presque toujours le pr\u00eatre de Shala lui-m\u00eame, prot\u00e9g\u00e9 par sa divinit\u00e9\u2026<\/p>\n\n\n\n<figure class=\"wp-block-image size-full\"><img decoding=\"async\" width=\"394\" height=\"731\" src=\"https:\/\/extremia.org\/wp\/wp-content\/uploads\/image-24.png\" alt=\"\" class=\"wp-image-433\" srcset=\"https:\/\/extremia.org\/wp\/wp-content\/uploads\/image-24.png 394w, https:\/\/extremia.org\/wp\/wp-content\/uploads\/image-24-162x300.png 162w\" sizes=\"(max-width: 394px) 100vw, 394px\" \/><\/figure>\n\n\n\n<p>Ce statut de porte-bonheur permet aux pr\u00eatres de Shala de subsister par l\u2019aum\u00f4ne ou les offrandes que la populace leur fait, d\u2019en l\u2019espoir d\u2019attirer les faveurs de Shala ou de les aider lorsque le destin s\u2019acharne. Mais de toute mani\u00e8re, les pr\u00eatres de Shala tombent souvent sur un pommier ou des vignes lorsqu\u2019ils ont faim ou un petit cours d\u2019eau bien fra\u00eeche lorsqu\u2019ils ont soif\u2026<\/p>\n\n\n\n<p>Les pr\u00eatres de Shala ont par cons\u00e9quent une attitude souvent d\u00e9sinvolte et enjou\u00e9e, comme s\u2019ils prenaient les tours du destin avec un d\u00e9tachement teint\u00e9 de fatalit\u00e9.&nbsp; Beaucoup ont confiance en eux et en leur chance, \u00ab&nbsp;la protection de Shala&nbsp;\u00bb, et n\u2019ont de ce fait, pas tr\u00e8s peur de la mort. La plupart des pr\u00eatres de Shala sont d\u2019ailleurs assez joviaux et sont d\u2019agr\u00e9ables compagnons de voyage, mais qui \u00e0 un moment donn\u00e9, reprenne le chemin de l\u2019aventure de leur c\u00f4t\u00e9, afin de rencontrer de nouveaux compagnons de voyage et de suivre une autre route, l\u00e0 o\u00f9 le hasard guidera leur pas. Les pr\u00eatres de Shala sont par cons\u00e9quent de grands voyageurs et ont souvent de solides connaissances en g\u00e9ographie ou en cartographie. Ils voyagent le plus souvent l\u00e9ger, appr\u00e9ciant l\u2019\u00e9quipement pratique et peu encombrant qui va avec leur \u00e9tat d\u2019esprit de nomade.<\/p>\n\n\n\n<p>Les pr\u00eatres de Shala portent des braies beiges et une curieuse veste en cuir, comportant un bouton central en forme de tr\u00e8fle \u00e0 quatre feuilles. Ce gros bouton est souvent en or ou en argent, et tient lieu de symbole religieux. Enfin, pour compl\u00e9ter leur tenue, les pr\u00eatres de Shala portent un chapeau \u00e0 larges bords pour les prot\u00e9ger des intemp\u00e9ries. Sur les temples de Shala, on retrouve souvent le blason de Shala, qui reprend le tr\u00e8fle \u00e0 quatre feuilles.<\/p>\n\n\n\n<p>Lorsqu\u2019ils se rencontrent, les fid\u00e8les de Shala aiment mettre leur chance \u00e0 l\u2019\u00e9preuve&nbsp;: il n\u2019est pas rare qu\u2019ils parient, jouent ou tentent quelques d\u00e9fis un peu dangereux afin de voir qui est le pr\u00eatre ayant le plus les faveurs de Shala. Pour les pr\u00eatres de Shala, tout dans leur vie est une affaire de chance, de rencontre, de destin\u00e9e et de hasard. Il n\u2019est pas rare qu\u2019ils tirent \u00e0 pile ou face la direction qu\u2019ils doivent prendre lorsqu\u2019ils arrivent \u00e0 un croisement. De par leur mode de vie boh\u00e8me, les pr\u00eatres de Shala ne se marient g\u00e9n\u00e9ralement pas, mais cela ne constitue en aucun cas un commandement de Shala. Simplement, par convenance personnelle, la plupart des pr\u00eatres restent c\u00e9libataires (mais pas chastes).<\/p>\n\n\n\n<p>Les fid\u00e8les de Shala, lorsque vient la mort, sont enterr\u00e9s le long des routes passantes, dans des simples cercueils en bois et sans symbole particulier. Ainsi, les fid\u00e8les ne sont pas loin des p\u00e8lerins, voyageurs et autres marcheurs qui parcourent les routes comme eux-m\u00eames l\u2019ont fait lors de leur vie pass\u00e9e.<\/p>\n\n\n\n<p>Les Humains et les Gnomes sont les deux races v\u00e9n\u00e9rant le plus souvent Shala. Il existe cependant des suivants de Fresha dans presque toutes les races, mais chez les humains et les gnomes, la v\u00e9n\u00e9ration de Shala est courante, alors que dans d\u2019autres races, ce fait est bien moins courant. Toutefois, on peut rencontrer de nombreux fid\u00e8les de Shala chez les Demi-Elfes.<\/p>\n\n\n\n<p>On trouve des adeptes de Shala notamment dans le Vyrmonus. Le culte de Shala est en effet assez r\u00e9pandu \u00e0 Fall, \u00e0 Carn\u00f9r, au Vyrman, dans les Royaumes Orphelins et en Principaut\u00e9 Calanienne. Dans le Tizun, on retrouve le culte de Shala en Aldering, au Keltenos et \u00e0 Menesa. Enfin, dans le Zorbaranus, Shala est notamment v\u00e9n\u00e9r\u00e9e \u00e0 Dhaz\u00e2l.<\/p>\n\n\n\n<p>Le clerg\u00e9 de Shala, de par son mode de fonctionnement itin\u00e9rant de ses pr\u00eatres, n\u2019a pas beaucoup de lieux de p\u00e8lerinage. Toutefois, un jour, un pr\u00eatre de Shala aurait eu un jour une r\u00e9v\u00e9lation ou bien aurait trouv\u00e9 un tr\u00e9sor, alors qu\u2019il se trouvait au carrefour de plusieurs voies importantes au Keltenos. Depuis, cet endroit est appel\u00e9 la Crois\u00e9e des Bonnes Fortunes et est devenu une sorte de lieu de p\u00e8lerinage, qui a attir\u00e9 \u00e0 lui des vendeurs de porte-bonheurs qui se massent sur le carrefour au m\u00eame titre que des pr\u00eatres de Shala ou de simples voyageurs.<\/p>\n\n\n\n<h3><a>El\u00e9ments techniques<\/a><\/h3>\n\n\n\n<p><strong>Alignement g\u00e9n\u00e9ral<\/strong>&nbsp;: Shala est Neutre. Ses pr\u00eatres sont Neutre ou Chaotique Neutre. Parfois, on peut rencontrer quelques pr\u00eatres Chaotiques Bons.<\/p>\n\n\n\n<p><strong>Domaines<\/strong>&nbsp;: \u00e0 choisir parmi Chance, Chaos, Voyage, Protection, Lib\u00e9ration*, Mysticisme*<\/p>\n\n\n\n<p><strong>Arme de pr\u00e9dilection<\/strong>&nbsp;: Lance<\/p>\n\n\n\n<p><strong>Pouvoirs sp\u00e9ciaux<\/strong>&nbsp;:<\/p>\n\n\n\n<ul>\n<li>Convertir spontan\u00e9ment ses sorts en sorts de Soins ou de Blessures de m\u00eame niveau (au choix du joueur&nbsp;: le choix doit \u00eatre effectu\u00e9 en d\u00e9but de carri\u00e8re et ne peut plus \u00eatre chang\u00e9 ensuite).<\/li>\n\n\n\n<li>Un don gratuit \u00e0 choisir parmi les trois suivants : Reflexes surhumains, Vigueur Surhumaine ou Volont\u00e9 de Fer.<\/li>\n<\/ul>\n\n\n\n<p><strong>Comp\u00e9tences de classe<\/strong>&nbsp;: Art de la magie (Int), Artisanat (Int), Concentration (Con), Connaissances (histoire) (Int), Connaissances (myst\u00e8res) (Int), Evasion (Dex), Connaissances (religion) (Int), Diplomatie (Cha), Premiers secours (Sag) et Profession (Sag). Un pr\u00eatre qui choisit le domaine du Voyage ajoute la comp\u00e9tence Survie (Sag) \u00e0 cette liste.<\/p>\n","protected":false},"excerpt":{"rendered":"<p>La divinit\u00e9 Shala est une d\u00e9esse enjou\u00e9e et active, qui tient rarement en place. Ses domaines de pr\u00e9dilections ont rapport \u00e0 la avec la destin\u00e9e, la chance et les voyages. D\u2019un naturel producteur, elle vient en aide aux \u00e9gar\u00e9s, et parfois \u00e0 d\u2019autres personnes au gr\u00e9 du hasard. Elle est la patronne des voyageurs, des [&hellip;]<\/p>\n","protected":false},"author":3,"featured_media":0,"parent":412,"menu_order":1,"comment_status":"closed","ping_status":"closed","template":"","meta":[],"_links":{"self":[{"href":"https:\/\/extremia.org\/wp\/index.php?rest_route=\/wp\/v2\/pages\/431"}],"collection":[{"href":"https:\/\/extremia.org\/wp\/index.php?rest_route=\/wp\/v2\/pages"}],"about":[{"href":"https:\/\/extremia.org\/wp\/index.php?rest_route=\/wp\/v2\/types\/page"}],"author":[{"embeddable":true,"href":"https:\/\/extremia.org\/wp\/index.php?rest_route=\/wp\/v2\/users\/3"}],"replies":[{"embeddable":true,"href":"https:\/\/extremia.org\/wp\/index.php?rest_route=%2Fwp%2Fv2%2Fcomments&post=431"}],"version-history":[{"count":3,"href":"https:\/\/extremia.org\/wp\/index.php?rest_route=\/wp\/v2\/pages\/431\/revisions"}],"predecessor-version":[{"id":437,"href":"https:\/\/extremia.org\/wp\/index.php?rest_route=\/wp\/v2\/pages\/431\/revisions\/437"}],"up":[{"embeddable":true,"href":"https:\/\/extremia.org\/wp\/index.php?rest_route=\/wp\/v2\/pages\/412"}],"wp:attachment":[{"href":"https:\/\/extremia.org\/wp\/index.php?rest_route=%2Fwp%2Fv2%2Fmedia&parent=431"}],"curies":[{"name":"wp","href":"https:\/\/api.w.org\/{rel}","templated":true}]}}