{"id":423,"date":"2023-11-05T09:47:20","date_gmt":"2023-11-05T08:47:20","guid":{"rendered":"https:\/\/extremia.org\/wp\/?page_id=423"},"modified":"2023-11-05T09:55:44","modified_gmt":"2023-11-05T08:55:44","slug":"lucrine","status":"publish","type":"page","link":"https:\/\/extremia.org\/wp\/?page_id=423","title":{"rendered":"Lucrine"},"content":{"rendered":"\n<figure class=\"wp-block-image size-full\"><img fetchpriority=\"high\" decoding=\"async\" width=\"246\" height=\"319\" src=\"https:\/\/extremia.org\/wp\/wp-content\/uploads\/image-19.png\" alt=\"\" class=\"wp-image-424\" srcset=\"https:\/\/extremia.org\/wp\/wp-content\/uploads\/image-19.png 246w, https:\/\/extremia.org\/wp\/wp-content\/uploads\/image-19-231x300.png 231w\" sizes=\"(max-width: 246px) 100vw, 246px\" \/><\/figure>\n\n\n\n<h3><a>La divinit\u00e9<\/a><\/h3>\n\n\n\n<p>Lucrine est une d\u00e9esse bavarde, argumentatrice et d\u00e9termin\u00e9e. Ses attributions sont les \u00e9changes, le commerce, la prosp\u00e9rit\u00e9 et la richesse. De ce fait, Lucrine est la Sainte Patronne des Marchands, des N\u00e9gociants, des Usuriers, des Banquiers (lorsque cela existe), des Changeurs de monnaie. Lucrine est une d\u00e9esse qui tente de favoriser les \u00e9changes et le d\u00e9veloppement de la civilisation sur Extremia. Elle entretient des relations conviviales avec Lurmina, <a href=\"https:\/\/extremia.org\/wp\/?page_id=407\" data-type=\"page\" data-id=\"407\">Appoca<\/a>, <a href=\"https:\/\/extremia.org\/wp\/?page_id=431\" data-type=\"page\" data-id=\"431\">Shala<\/a>, et m\u00eame R\u00e9bion ou Dagan. En revanche,\u00a0 elle entretient des relations conflictuelles avec <a href=\"https:\/\/extremia.org\/wp\/?page_id=273\" data-type=\"page\" data-id=\"273\">Fresha<\/a> ou <a href=\"https:\/\/extremia.org\/wp\/?page_id=336\" data-type=\"page\" data-id=\"336\">Gornar &amp; Untog<\/a>.<\/p>\n\n\n\n<p>Lucrine est le plus souvent repr\u00e9sent\u00e9e par une femme \u00e0 quatre bras, symbolisant les \u00e9changes. Chacune de ses mains tient un \u00e9l\u00e9ment diff\u00e9rent&nbsp;: une bourse pleine d\u2019or, une brique (certain y voit cependant un lingot), une statuette (certain y voit un rapport avec une \u0153uvre d\u2019art), et la derni\u00e8re main est vide, mais ouverte comme pour prendre quelque chose. La chevelure ou l\u2019allure de la femme varie selon les r\u00e9gions et les pays, mais ressemblent souvent physiquement aux femmes du pays dans laquelle la repr\u00e9sentation de Lucrine est pr\u00e9sente. Le cou, les oreilles et les poignets de la repr\u00e9sentation sont toujours ornement\u00e9s de bijoux. S\u2019il s\u2019agit d\u2019une statue, les bijoux seront alors de v\u00e9ritables travaux d\u2019orf\u00e8vrerie.<\/p>\n\n\n\n<p>On dit souvent d\u2019un rude n\u00e9gociateur ou d\u2019un marchand qu\u2019il est \u00ab&nbsp;habile comme Lucrine&nbsp;\u00bb ou qu\u2019il est \u00ab&nbsp;le fils de Lucrine&nbsp;\u00bb. On surnomme parfois Lucrine \u00ab&nbsp;la Faiseuse de Fortune&nbsp;\u00bb.<\/p>\n\n\n\n<h3><a>Ses fid\u00e8les<\/a><\/h3>\n\n\n\n<p>Le clerg\u00e9 de Lucrine n\u2019est pas tr\u00e8s hi\u00e9rarchis\u00e9 et chaque temple est g\u00e9r\u00e9 selon le bon vouloir de son grand pr\u00eatre. Ainsi il n\u2019est pas rare de voir une attitude tr\u00e8s diff\u00e9rente d\u2019un temple de Lucrine \u00e0 un autre. La plupart des temples recrutent tr\u00e8s jeunes de futurs disciples qui seront form\u00e9s \u00e0 l\u2019art de la n\u00e9gociation et du commerce, apprenant tant les lois que les mani\u00e8res de les contourner l\u00e9galement&nbsp;! Les pr\u00eatres de Lucrine n\u2019ont pas vraiment de titre ou de nom particulier, mais certains pr\u00eatres aiment \u00e0 s\u2019affubler eux-m\u00eames d\u2019un titre honorifique, du genre \u00ab&nbsp;le Tr\u00e8s Grand Conseiller&nbsp;\u00bb, \u00ab&nbsp;l\u2019Excellent Ma\u00eetre des N\u00e9goce&nbsp;\u00bb ou encore \u00ab&nbsp;l\u2019Exub\u00e9rant N\u00e9gociateur du Dunarir et de l\u2019Ulthisie&nbsp;\u00bb. A vrai dire, les pr\u00eatres de Lucrine sont souvent des personnes s\u00fbres d\u2019elles et imbues de leur personne, ce qui ne les emp\u00eache pas de ne jamais sous-estimer un adversaire potentiel.<\/p>\n\n\n\n<p>Les principales missions des pr\u00eatres de Lucrine est de conseiller les marchands, d\u00e9velopper les \u00e9changes des villes dans lesquelles les temples sont implant\u00e9s, f\u00e9d\u00e9rer les commer\u00e7ants dans des associations et des guildes, fournir des conseils lorsque le gouvernement d\u2019une ville ou d\u2019une r\u00e9gion souhaite faire un investissement important, etc. Tous les conseils des pr\u00eatres de Lucrine sont r\u00e9mun\u00e9r\u00e9s, et les comp\u00e9tences commerciales naturelles des pr\u00eatres fait du culte une organisation riche et opulente, dont les membres n\u2019h\u00e9sitent pas \u00e0 s\u2019afficher ostensiblement avec les derniers v\u00eatements \u00e0 la mode ou des bijoux \u00e0 faire p\u00e2lir une duchesse. Toutefois, certains pr\u00eatres de Lucrine ont parfois une attitude inverse et se r\u00e9v\u00e8lent \u00eatre de v\u00e9ritables grippe-sous, ne laissant jamais passer une occasion de s\u2019enrichir mais rechignant \u00e0 d\u00e9penser.<\/p>\n\n\n\n<p>Tous les pr\u00eatres de Lucrine cherchent \u00e0 am\u00e9liorer leur statut social et m\u00eame s\u2019ils vivent dans un temple, les initiatives personnelles pour s\u2019enrichir ou r\u00e9ussir sont l\u00e9gions. Les pr\u00eatres de Lucrine peuvent parfois se \u00ab&nbsp;tirer dans les pattes&nbsp;\u00bb, avec la b\u00e9n\u00e9diction du ma\u00eetre du temple, car tous voient cette comp\u00e9tition comme naturelle et faisant partie du jeu. Les hauts dignitaires de Lucrine voient cela comme un entrainement permanent permettant aux pr\u00eatres de progresser. Il n\u2019est pas rare qu\u2019un pr\u00eatre particuli\u00e8rement prometteur soit m\u00eame aid\u00e9 (voire prot\u00e9g\u00e9) par des hauts dignitaires afin qu\u2019ils ne subissent pas trop les affres de coll\u00e8gues jaloux\u2026<\/p>\n\n\n\n<p>Les pr\u00eatres de Lucrine, bien que tr\u00e8s mat\u00e9rialistes, prennent parfois la vie \u00e0 la l\u00e9g\u00e8re et ont tendance ne la consid\u00e9rer que comme un vaste jeu dans lequel ils doivent donner le meilleur d\u2019eux-m\u00eames et remplir leur t\u00e2che du mieux possible. Devant cette motivation, on comprend ais\u00e9ment pourquoi il est presque impossible de berner ou m\u00eame de rivaliser avec un pr\u00eatre de Lucrine\u2026 l\u2019un des passe-temps favoris des pr\u00eatres de Lucrine est de raconter le d\u00e9roulement de leurs meilleures affaires, et ils se donnent syst\u00e9matiquement leur beau r\u00f4le. Par certains c\u00f4t\u00e9s, les pr\u00eatres de Lucrine ont beaucoup en commun avec les pr\u00eatres de R\u00e9bion, et il est parfois arriv\u00e9, dans l\u2019histoire des deux cultes, que certains pr\u00eatres renient leur foi d\u2019origine pour rejoindre l\u2019autre clerg\u00e9.<\/p>\n\n\n\n<p><\/p>\n\n\n\n<figure class=\"wp-block-image size-full\"><img decoding=\"async\" width=\"430\" height=\"656\" src=\"https:\/\/extremia.org\/wp\/wp-content\/uploads\/image-20.png\" alt=\"\" class=\"wp-image-425\" srcset=\"https:\/\/extremia.org\/wp\/wp-content\/uploads\/image-20.png 430w, https:\/\/extremia.org\/wp\/wp-content\/uploads\/image-20-197x300.png 197w\" sizes=\"(max-width: 430px) 100vw, 430px\" \/><figcaption class=\"wp-element-caption\">Les pr\u00eatres de Lucrine portent des tenues amples et finement travaill\u00e9es, toujours dans des teintes oranges et or, afin qu\u2019on les identifie bien. Ils portent \u00e9galement un curieux chapeau noir de forme ronde et aux bords en demi-lune. Ils portent le plus souvent des bijoux et autres parures afin de rehausser leur tenue. Ils affectionnent les armes d\u2019apparat et les sandales en forme de babouches.<br>&nbsp;<br>Le blason du culte est une pi\u00e8ce de monnaie, tandis que le symbole religieux pendentif auquel est attach\u00e9e une pi\u00e8ce de platine. Quant \u00e0 la devise du culte, il s\u2019agit de \u00ab&nbsp;Charit\u00e9 bien ordonn\u00e9e commence par soi-m\u00eame&nbsp;\u00bb.<br>&nbsp;<br>Le culte de Lucrine enterre ses morts dans des cercueils de bois finement travaill\u00e9, qui sont ensuite ensevelis sous la terre. Une plaque de pierre recouvre ensuite la tombe, le plus souvent avec une \u00e9pitaphe humoristique rappelant le fid\u00e8le d\u00e9c\u00e9d\u00e9. Les richesses du d\u00e9funt sont transmises \u00e0 ses h\u00e9ritiers, moyennant un imp\u00f4t pr\u00e9lev\u00e9 par le culte (sorte de droit de succession&nbsp;!). Si le d\u00e9funt n\u2019a pas d\u00e9sign\u00e9 d\u2019h\u00e9ritier, l\u2019int\u00e9gralit\u00e9 de la fortune revient au culte, qui l\u2019administrera comme bon lui semble.&nbsp;<br>&nbsp;<br>Les humains, les demi-elfes, les Halfelins et les nains sont les principaux adorateurs de Lucrine. Parfois, on retrouve aussi des gnomes et des elfes. Dans le Vyrmonus, on les adorateurs de la Faiseuse de Fortune principalement \u00e0 Fall, Carn\u00f9r, au Vyrman, en Bordanie, en Nur\u00f9n-Castiglione et dans les Royaumes Orphelins. Dans le Tizun, le culte de Lucrine est populaire, notamment en Sudarvie, en Aldering, en Kamberdie et au Keltenos. M\u00eame les Pirates de Menesa v\u00e8n\u00e8rent la Faiseuse de Fortune&nbsp;! Dans le Zorbaranus, la pr\u00e9sence du culte de Lucrine se limit\u00e9 au Dhazal, qui abriterait le Grand Bazar, lieu Saint du culte de Lucrine. Au travers les \u00e2ges, il aurait \u00e9t\u00e9 vu \u00e0 tellement d\u2019endroit que beaucoup commencent \u00e0 croire que ce lieu saint mythique serait en fait\u2026 itin\u00e9rant. Enfin, il semblerait que le clerg\u00e9 de Lucrine soit compl\u00e8tement absent du Karakite.<br>&nbsp;<br><a>El\u00e9ments techniques<\/a><br>&nbsp;<br><strong>Alignement g\u00e9n\u00e9ral<\/strong>&nbsp;: Lucrine est Neutre. Ses pr\u00eatres sont Neutres, Loyaux Neutres, Neutres Bons ou Neutres Mauvais.<br>&nbsp;<br><strong>Domaines<\/strong>&nbsp;: \u00e0 choisir parmi Chance, Connaissance, Duperie, Voyage, Gloire*, Pacte*<br>&nbsp;<br><strong>Arme de pr\u00e9dilection<\/strong>&nbsp;: l\u2019\u00e9p\u00e9e courte<br>&nbsp;<br><strong>Pouvoirs sp\u00e9ciaux<\/strong>&nbsp;:<br>&nbsp;<br>&#8211;&nbsp;&nbsp;&nbsp;&nbsp;&nbsp;&nbsp;&nbsp; Bonus de +2 en Bluff et bonus de +2 en Psychologie<br>&#8211;&nbsp;&nbsp;&nbsp;&nbsp;&nbsp;&nbsp;&nbsp; Convertir spontan\u00e9ment ses sorts en sorts de Soins ou de Blessures de m\u00eame niveau (au choix du joueur&nbsp;: le choix doit \u00eatre effectu\u00e9 en d\u00e9but de carri\u00e8re et ne peut plus \u00eatre chang\u00e9 ensuite).<br>&nbsp;<br><strong>Comp\u00e9tences de classe<\/strong>&nbsp;: Art de la magie (Int), Artisanat (Int), Concentration (Con), Estimation (Int), Connaissances (myst\u00e8res) (Int), Psychologie (Sag), Connaissances (religion) (Int), Diplomatie (Cha), Premiers secours (Sag) et Profession (Sag). Un pr\u00eatre qui choisit le domaine de la Duperie<br>ajoute les comp\u00e9tences Bluff (Cha), D\u00e9guisement (Cha) et Discr\u00e9tion (Dex) \u00e0 cette liste. Un pr\u00eatre qui choisit le domaine de la Connaissance ajoute toutes les formes de Connaissances (Int) \u00e0 cette liste.<\/figcaption><\/figure>\n","protected":false},"excerpt":{"rendered":"<p>La divinit\u00e9 Lucrine est une d\u00e9esse bavarde, argumentatrice et d\u00e9termin\u00e9e. Ses attributions sont les \u00e9changes, le commerce, la prosp\u00e9rit\u00e9 et la richesse. De ce fait, Lucrine est la Sainte Patronne des Marchands, des N\u00e9gociants, des Usuriers, des Banquiers (lorsque cela existe), des Changeurs de monnaie. Lucrine est une d\u00e9esse qui tente de favoriser les \u00e9changes [&hellip;]<\/p>\n","protected":false},"author":3,"featured_media":0,"parent":412,"menu_order":1,"comment_status":"closed","ping_status":"closed","template":"","meta":[],"_links":{"self":[{"href":"https:\/\/extremia.org\/wp\/index.php?rest_route=\/wp\/v2\/pages\/423"}],"collection":[{"href":"https:\/\/extremia.org\/wp\/index.php?rest_route=\/wp\/v2\/pages"}],"about":[{"href":"https:\/\/extremia.org\/wp\/index.php?rest_route=\/wp\/v2\/types\/page"}],"author":[{"embeddable":true,"href":"https:\/\/extremia.org\/wp\/index.php?rest_route=\/wp\/v2\/users\/3"}],"replies":[{"embeddable":true,"href":"https:\/\/extremia.org\/wp\/index.php?rest_route=%2Fwp%2Fv2%2Fcomments&post=423"}],"version-history":[{"count":2,"href":"https:\/\/extremia.org\/wp\/index.php?rest_route=\/wp\/v2\/pages\/423\/revisions"}],"predecessor-version":[{"id":435,"href":"https:\/\/extremia.org\/wp\/index.php?rest_route=\/wp\/v2\/pages\/423\/revisions\/435"}],"up":[{"embeddable":true,"href":"https:\/\/extremia.org\/wp\/index.php?rest_route=\/wp\/v2\/pages\/412"}],"wp:attachment":[{"href":"https:\/\/extremia.org\/wp\/index.php?rest_route=%2Fwp%2Fv2%2Fmedia&parent=423"}],"curies":[{"name":"wp","href":"https:\/\/api.w.org\/{rel}","templated":true}]}}