{"id":412,"date":"2023-11-01T10:14:28","date_gmt":"2023-11-01T09:14:28","guid":{"rendered":"https:\/\/extremia.org\/wp\/?page_id=412"},"modified":"2023-12-25T01:15:44","modified_gmt":"2023-12-25T00:15:44","slug":"divinites","status":"publish","type":"page","link":"https:\/\/extremia.org\/wp\/?page_id=412","title":{"rendered":"Divinit\u00e9s"},"content":{"rendered":"\n<figure class=\"wp-block-image size-large is-resized\"><img fetchpriority=\"high\" decoding=\"async\" src=\"https:\/\/extremia.org\/wp\/wp-content\/uploads\/Extremia-logo112287-1024x1024.jpg\" alt=\"\" class=\"wp-image-323\" width=\"337\" height=\"337\" srcset=\"https:\/\/extremia.org\/wp\/wp-content\/uploads\/Extremia-logo112287-1024x1024.jpg 1024w, https:\/\/extremia.org\/wp\/wp-content\/uploads\/Extremia-logo112287-300x300.jpg 300w, https:\/\/extremia.org\/wp\/wp-content\/uploads\/Extremia-logo112287-150x150.jpg 150w, https:\/\/extremia.org\/wp\/wp-content\/uploads\/Extremia-logo112287-768x768.jpg 768w, https:\/\/extremia.org\/wp\/wp-content\/uploads\/Extremia-logo112287-1536x1536.jpg 1536w, https:\/\/extremia.org\/wp\/wp-content\/uploads\/Extremia-logo112287-2048x2048.jpg 2048w\" sizes=\"(max-width: 337px) 100vw, 337px\" \/><figcaption class=\"wp-element-caption\"><em>Le combat entre Uron et Chiar<\/em><\/figcaption><\/figure>\n\n\n\n<p>D\u00e9couvrez ici les 18 divinit\u00e9s qui r\u00e9gissent le monde d&rsquo;Extremia. Apprenez tous de ces Dieux, de leurs adeptes, de leurs rituels et de leurs pouvoirs.<\/p>\n\n\n\n<p><\/p>\n\n\n\n<ul>\n<li><a href=\"https:\/\/extremia.org\/wp\/?page_id=208\" data-type=\"page\" data-id=\"208\">Abbo<\/a>, dieu, de la force physique, de la Terre, des pierres des m\u00e9taux.<\/li>\n\n\n\n<li><a href=\"https:\/\/extremia.org\/wp\/?page_id=407\" data-type=\"page\" data-id=\"407\">Appoca<\/a>, d\u00e9esse des r\u00e9coltes, des champs, de la chasse et la p\u00eache, de la paix.<\/li>\n\n\n\n<li><a href=\"http:\/\/Bohpo\" data-type=\"URL\" data-id=\"Bohpo\">Bohpo<\/a>, dieu du savoir, de la culture et de l\u2019intellect.<\/li>\n\n\n\n<li><a href=\"https:\/\/extremia.org\/wp\/?page_id=256\" data-type=\"page\" data-id=\"256\">Chiar<\/a>, dieu du Mal, du froid et de la corruption des \u00e2mes.<\/li>\n\n\n\n<li><a href=\"https:\/\/extremia.org\/wp\/?page_id=491\" data-type=\"page\" data-id=\"491\">Dagan<\/a>, dieu du Chaos et de la d\u00e9cadence.<\/li>\n\n\n\n<li><a href=\"https:\/\/extremia.org\/wp\/?page_id=325\" data-type=\"page\" data-id=\"325\">Dakrel&rsquo;<\/a>, dieu de l&rsquo;Eau, des mers et des Oc\u00e9ans.<\/li>\n\n\n\n<li><a href=\"https:\/\/extremia.org\/wp\/?page_id=273\" data-type=\"page\" data-id=\"273\">Fresha<\/a>, d\u00e9esse de la Nature.<\/li>\n\n\n\n<li><a href=\"https:\/\/extremia.org\/wp\/?page_id=336\" data-type=\"page\" data-id=\"336\">Gornar &amp; Untog<\/a>, dieux jumeaux de la guerre, de la destruction et des affrontements.<\/li>\n\n\n\n<li><a href=\"https:\/\/extremia.org\/wp\/?page_id=476\" data-type=\"page\" data-id=\"476\">Hamo\u00ef<\/a>, dieu de l&rsquo;Ombre et des profondeurs.<\/li>\n\n\n\n<li><a href=\"https:\/\/extremia.org\/wp\/?page_id=348\" data-type=\"page\" data-id=\"348\">Iniva<\/a>, d\u00e9esse de la gu\u00e9rison de l\u2019espoir, et de la protection.<\/li>\n\n\n\n<li><a href=\"https:\/\/extremia.org\/wp\/?page_id=439\" data-type=\"page\" data-id=\"439\">Knl&rsquo;ka<\/a>, d\u00e9esse de la mort, la douleur, les ch\u00e2timents et les maladies.<\/li>\n\n\n\n<li><a href=\"https:\/\/extremia.org\/wp\/?page_id=423\" data-type=\"page\" data-id=\"423\">Lucrine<\/a>, d\u00e9esse du commerce, la prosp\u00e9rit\u00e9 et la richesse.<\/li>\n\n\n\n<li>Lurmina, d\u00e9esse de l\u2019amour, de la fertilit\u00e9, du mariage,  de la beaut\u00e9, du plaisir, et de la joie<\/li>\n\n\n\n<li><a href=\"https:\/\/extremia.org\/wp\/?page_id=220\" data-type=\"page\" data-id=\"220\">Marblus<\/a>, dieu de la justice de l&rsquo;\u00e9galit\u00e9, de la Loi et de l&rsquo;ordre.<\/li>\n\n\n\n<li>R\u00e9bion, dieu de la ruse, de la discorde et de la manipulation.<\/li>\n\n\n\n<li><a href=\"https:\/\/extremia.org\/wp\/?page_id=431\" data-type=\"page\" data-id=\"431\">Shala<\/a>, d\u00e9esse de la Destin\u00e9e, de la chances et des voyages.<\/li>\n\n\n\n<li><a href=\"https:\/\/extremia.org\/wp\/?page_id=174\" data-type=\"page\" data-id=\"174\">Uron<\/a>, dieu du Bien, de la lumi\u00e8re et de Feu.<\/li>\n\n\n\n<li><a href=\"https:\/\/extremia.org\/wp\/?page_id=393\" data-type=\"page\" data-id=\"393\">Xamidi<\/a>, de l\u2019Air, de l\u2019\u00e9lectricit\u00e9, et du le climat<\/li>\n<\/ul>\n","protected":false},"excerpt":{"rendered":"<p>D\u00e9couvrez ici les 18 divinit\u00e9s qui r\u00e9gissent le monde d&rsquo;Extremia. Apprenez tous de ces Dieux, de leurs adeptes, de leurs rituels et de leurs pouvoirs.<\/p>\n","protected":false},"author":3,"featured_media":0,"parent":0,"menu_order":0,"comment_status":"closed","ping_status":"closed","template":"","meta":[],"_links":{"self":[{"href":"https:\/\/extremia.org\/wp\/index.php?rest_route=\/wp\/v2\/pages\/412"}],"collection":[{"href":"https:\/\/extremia.org\/wp\/index.php?rest_route=\/wp\/v2\/pages"}],"about":[{"href":"https:\/\/extremia.org\/wp\/index.php?rest_route=\/wp\/v2\/types\/page"}],"author":[{"embeddable":true,"href":"https:\/\/extremia.org\/wp\/index.php?rest_route=\/wp\/v2\/users\/3"}],"replies":[{"embeddable":true,"href":"https:\/\/extremia.org\/wp\/index.php?rest_route=%2Fwp%2Fv2%2Fcomments&post=412"}],"version-history":[{"count":4,"href":"https:\/\/extremia.org\/wp\/index.php?rest_route=\/wp\/v2\/pages\/412\/revisions"}],"predecessor-version":[{"id":497,"href":"https:\/\/extremia.org\/wp\/index.php?rest_route=\/wp\/v2\/pages\/412\/revisions\/497"}],"wp:attachment":[{"href":"https:\/\/extremia.org\/wp\/index.php?rest_route=%2Fwp%2Fv2%2Fmedia&parent=412"}],"curies":[{"name":"wp","href":"https:\/\/api.w.org\/{rel}","templated":true}]}}