{"id":374,"date":"2023-10-29T12:29:42","date_gmt":"2023-10-29T11:29:42","guid":{"rendered":"https:\/\/extremia.org\/wp\/?page_id=374"},"modified":"2024-02-24T09:54:51","modified_gmt":"2024-02-24T08:54:51","slug":"illustrations","status":"publish","type":"page","link":"https:\/\/extremia.org\/wp\/?page_id=374","title":{"rendered":"Illustrations"},"content":{"rendered":"\n<p>Vous trouverez ici le portefeuille d&rsquo;illustrations d&rsquo;Extremia.<\/p>\n\n\n\n<p>Voici d\u00e9j\u00e0 les illustrations de Lisa Fix, qui r\u00e9alise les illustrations de couverture des sc\u00e9narios pour Extremia. Son site est visible ici : <\/p>\n\n\n\n<blockquote class=\"wp-block-quote\">\n<p><a href=\"https:\/\/emea01.safelinks.protection.outlook.com\/?url=http%3A%2F%2Fwww.lisafix.fr%2F&amp;data=05%7C02%7C%7Cf072a2e6c57a4aa718d208dc1bfcf748%7C84df9e7fe9f640afb435aaaaaaaaaaaa%7C1%7C0%7C638416020503743480%7CUnknown%7CTWFpbGZsb3d8eyJWIjoiMC4wLjAwMDAiLCJQIjoiV2luMzIiLCJBTiI6Ik1haWwiLCJXVCI6Mn0%3D%7C3000%7C%7C%7C&amp;sdata=ZJGUtJA7RBspUFZp2RMFv82AGlNMhPi%2BUx0UUngLyN0%3D&amp;reserved=0\">www.lisafix.fr<\/a><\/p>\n<\/blockquote>\n\n\n\n<figure class=\"wp-block-image size-large\"><img fetchpriority=\"high\" decoding=\"async\" width=\"722\" height=\"1024\" src=\"https:\/\/extremia.org\/wp\/wp-content\/uploads\/COUV-Les-Maraudeurs-722x1024.jpg\" alt=\"\" class=\"wp-image-375\" srcset=\"https:\/\/extremia.org\/wp\/wp-content\/uploads\/COUV-Les-Maraudeurs-722x1024.jpg 722w, https:\/\/extremia.org\/wp\/wp-content\/uploads\/COUV-Les-Maraudeurs-211x300.jpg 211w, https:\/\/extremia.org\/wp\/wp-content\/uploads\/COUV-Les-Maraudeurs-768x1090.jpg 768w, https:\/\/extremia.org\/wp\/wp-content\/uploads\/COUV-Les-Maraudeurs-1083x1536.jpg 1083w, https:\/\/extremia.org\/wp\/wp-content\/uploads\/COUV-Les-Maraudeurs-1444x2048.jpg 1444w, https:\/\/extremia.org\/wp\/wp-content\/uploads\/COUV-Les-Maraudeurs.jpg 1748w\" sizes=\"(max-width: 722px) 100vw, 722px\" \/><figcaption class=\"wp-element-caption\">Couverture du sc\u00e9nario \u00ab\u00a0Les Maraudeurs\u00a0\u00bb, qui se d\u00e9roule dans les Terres du Nord<\/figcaption><\/figure>\n\n\n\n<figure class=\"wp-block-image size-large\"><img decoding=\"async\" width=\"722\" height=\"1024\" src=\"https:\/\/extremia.org\/wp\/wp-content\/uploads\/COUV-A-lombre-des-Bois-Joyeux-722x1024.jpg\" alt=\"\" class=\"wp-image-376\" srcset=\"https:\/\/extremia.org\/wp\/wp-content\/uploads\/COUV-A-lombre-des-Bois-Joyeux-722x1024.jpg 722w, https:\/\/extremia.org\/wp\/wp-content\/uploads\/COUV-A-lombre-des-Bois-Joyeux-211x300.jpg 211w, https:\/\/extremia.org\/wp\/wp-content\/uploads\/COUV-A-lombre-des-Bois-Joyeux-768x1090.jpg 768w, https:\/\/extremia.org\/wp\/wp-content\/uploads\/COUV-A-lombre-des-Bois-Joyeux-1083x1536.jpg 1083w, https:\/\/extremia.org\/wp\/wp-content\/uploads\/COUV-A-lombre-des-Bois-Joyeux-1444x2048.jpg 1444w, https:\/\/extremia.org\/wp\/wp-content\/uploads\/COUV-A-lombre-des-Bois-Joyeux.jpg 1748w\" sizes=\"(max-width: 722px) 100vw, 722px\" \/><figcaption class=\"wp-element-caption\">Couverture de \u00ab\u00a0A l&rsquo;ombre des Bois-Joyeux\u00a0\u00bb<\/figcaption><\/figure>\n\n\n\n<p><\/p>\n\n\n\n<figure class=\"wp-block-image size-large\"><img decoding=\"async\" width=\"1024\" height=\"722\" src=\"https:\/\/extremia.org\/wp\/wp-content\/uploads\/COUV-Apparences-Trompeuses-1024x722.jpg\" alt=\"\" class=\"wp-image-378\" srcset=\"https:\/\/extremia.org\/wp\/wp-content\/uploads\/COUV-Apparences-Trompeuses-1024x722.jpg 1024w, https:\/\/extremia.org\/wp\/wp-content\/uploads\/COUV-Apparences-Trompeuses-300x211.jpg 300w, https:\/\/extremia.org\/wp\/wp-content\/uploads\/COUV-Apparences-Trompeuses-768x541.jpg 768w, https:\/\/extremia.org\/wp\/wp-content\/uploads\/COUV-Apparences-Trompeuses-1536x1083.jpg 1536w, https:\/\/extremia.org\/wp\/wp-content\/uploads\/COUV-Apparences-Trompeuses-2048x1444.jpg 2048w\" sizes=\"(max-width: 1024px) 100vw, 1024px\" \/><figcaption class=\"wp-element-caption\">Couverture du sc\u00e9nario \u00ab\u00a0Apparences Trompeuses\u00a0\u00bb<\/figcaption><\/figure>\n\n\n\n<figure class=\"wp-block-image size-large\"><img loading=\"lazy\" decoding=\"async\" width=\"722\" height=\"1024\" src=\"https:\/\/extremia.org\/wp\/wp-content\/uploads\/COUV-Un-Dragon-bien-sur-de-lui-722x1024.jpg\" alt=\"\" class=\"wp-image-377\" srcset=\"https:\/\/extremia.org\/wp\/wp-content\/uploads\/COUV-Un-Dragon-bien-sur-de-lui-722x1024.jpg 722w, https:\/\/extremia.org\/wp\/wp-content\/uploads\/COUV-Un-Dragon-bien-sur-de-lui-211x300.jpg 211w, https:\/\/extremia.org\/wp\/wp-content\/uploads\/COUV-Un-Dragon-bien-sur-de-lui-768x1090.jpg 768w, https:\/\/extremia.org\/wp\/wp-content\/uploads\/COUV-Un-Dragon-bien-sur-de-lui-1083x1536.jpg 1083w, https:\/\/extremia.org\/wp\/wp-content\/uploads\/COUV-Un-Dragon-bien-sur-de-lui-1444x2048.jpg 1444w, https:\/\/extremia.org\/wp\/wp-content\/uploads\/COUV-Un-Dragon-bien-sur-de-lui.jpg 1748w\" sizes=\"(max-width: 722px) 100vw, 722px\" \/><figcaption class=\"wp-element-caption\">Couverture de \u00ab\u00a0Un Dragon bien s\u00fbr de lui\u00a0\u00bb<\/figcaption><\/figure>\n\n\n\n<figure class=\"wp-block-image size-large\"><img loading=\"lazy\" decoding=\"async\" width=\"1024\" height=\"722\" src=\"https:\/\/extremia.org\/wp\/wp-content\/uploads\/COUV-Sur-les-Traces-de-Deslan-Kamin-1024x722.jpg\" alt=\"\" class=\"wp-image-379\" srcset=\"https:\/\/extremia.org\/wp\/wp-content\/uploads\/COUV-Sur-les-Traces-de-Deslan-Kamin-1024x722.jpg 1024w, https:\/\/extremia.org\/wp\/wp-content\/uploads\/COUV-Sur-les-Traces-de-Deslan-Kamin-300x211.jpg 300w, https:\/\/extremia.org\/wp\/wp-content\/uploads\/COUV-Sur-les-Traces-de-Deslan-Kamin-768x541.jpg 768w, https:\/\/extremia.org\/wp\/wp-content\/uploads\/COUV-Sur-les-Traces-de-Deslan-Kamin-1536x1083.jpg 1536w, https:\/\/extremia.org\/wp\/wp-content\/uploads\/COUV-Sur-les-Traces-de-Deslan-Kamin-2048x1444.jpg 2048w\" sizes=\"(max-width: 1024px) 100vw, 1024px\" \/><figcaption class=\"wp-element-caption\">Couverture du sc\u00e9nario \u00ab\u00a0Sur les Traces de Deslan Kamin\u00a0\u00bb<\/figcaption><\/figure>\n\n\n\n<figure class=\"wp-block-image size-large\"><img loading=\"lazy\" decoding=\"async\" width=\"722\" height=\"1024\" src=\"https:\/\/extremia.org\/wp\/wp-content\/uploads\/COUV-le-siege-de-Zamar-722x1024.png\" alt=\"\" class=\"wp-image-380\" srcset=\"https:\/\/extremia.org\/wp\/wp-content\/uploads\/COUV-le-siege-de-Zamar-722x1024.png 722w, https:\/\/extremia.org\/wp\/wp-content\/uploads\/COUV-le-siege-de-Zamar-211x300.png 211w, https:\/\/extremia.org\/wp\/wp-content\/uploads\/COUV-le-siege-de-Zamar-768x1090.png 768w, https:\/\/extremia.org\/wp\/wp-content\/uploads\/COUV-le-siege-de-Zamar-1083x1536.png 1083w, https:\/\/extremia.org\/wp\/wp-content\/uploads\/COUV-le-siege-de-Zamar-1444x2048.png 1444w, https:\/\/extremia.org\/wp\/wp-content\/uploads\/COUV-le-siege-de-Zamar.png 1748w\" sizes=\"(max-width: 722px) 100vw, 722px\" \/><figcaption class=\"wp-element-caption\">Couverture du sc\u00e9nario \u00ab\u00a0le Si\u00e8ge de Zamar\u00a0\u00bb<\/figcaption><\/figure>\n\n\n\n<figure class=\"wp-block-image size-large\"><img loading=\"lazy\" decoding=\"async\" width=\"722\" height=\"1024\" src=\"https:\/\/extremia.org\/wp\/wp-content\/uploads\/COUV-Reglements-de-comptes-722x1024.jpg\" alt=\"\" class=\"wp-image-524\" srcset=\"https:\/\/extremia.org\/wp\/wp-content\/uploads\/COUV-Reglements-de-comptes-722x1024.jpg 722w, https:\/\/extremia.org\/wp\/wp-content\/uploads\/COUV-Reglements-de-comptes-211x300.jpg 211w, https:\/\/extremia.org\/wp\/wp-content\/uploads\/COUV-Reglements-de-comptes-768x1090.jpg 768w, https:\/\/extremia.org\/wp\/wp-content\/uploads\/COUV-Reglements-de-comptes-1083x1536.jpg 1083w, https:\/\/extremia.org\/wp\/wp-content\/uploads\/COUV-Reglements-de-comptes-1444x2048.jpg 1444w, https:\/\/extremia.org\/wp\/wp-content\/uploads\/COUV-Reglements-de-comptes.jpg 1748w\" sizes=\"(max-width: 722px) 100vw, 722px\" \/><figcaption class=\"wp-element-caption\">Couverture du sc\u00e9nario \u00ab\u00a0R\u00e8glement de comptes\u00a0\u00bb<\/figcaption><\/figure>\n\n\n\n<figure class=\"wp-block-image size-large\"><img loading=\"lazy\" decoding=\"async\" width=\"768\" height=\"1024\" src=\"https:\/\/extremia.org\/wp\/wp-content\/uploads\/COUV-jeu-de-mains-1-768x1024.png\" alt=\"\" class=\"wp-image-544\" srcset=\"https:\/\/extremia.org\/wp\/wp-content\/uploads\/COUV-jeu-de-mains-1-768x1024.png 768w, https:\/\/extremia.org\/wp\/wp-content\/uploads\/COUV-jeu-de-mains-1-225x300.png 225w, https:\/\/extremia.org\/wp\/wp-content\/uploads\/COUV-jeu-de-mains-1-1152x1536.png 1152w, https:\/\/extremia.org\/wp\/wp-content\/uploads\/COUV-jeu-de-mains-1-1536x2048.png 1536w\" sizes=\"(max-width: 768px) 100vw, 768px\" \/><figcaption class=\"wp-element-caption\">Couverture du sc\u00e9nario \u00ab\u00a0Jeu de main, jeu de vilains\u00a0\u00bb<\/figcaption><\/figure>\n\n\n\n<figure class=\"wp-block-image size-large\"><img loading=\"lazy\" decoding=\"async\" width=\"722\" height=\"1024\" src=\"https:\/\/extremia.org\/wp\/wp-content\/uploads\/COUV-A-qui-profite-le-crime-722x1024.png\" alt=\"\" class=\"wp-image-546\" srcset=\"https:\/\/extremia.org\/wp\/wp-content\/uploads\/COUV-A-qui-profite-le-crime-722x1024.png 722w, https:\/\/extremia.org\/wp\/wp-content\/uploads\/COUV-A-qui-profite-le-crime-211x300.png 211w, https:\/\/extremia.org\/wp\/wp-content\/uploads\/COUV-A-qui-profite-le-crime-768x1090.png 768w, https:\/\/extremia.org\/wp\/wp-content\/uploads\/COUV-A-qui-profite-le-crime-1083x1536.png 1083w, https:\/\/extremia.org\/wp\/wp-content\/uploads\/COUV-A-qui-profite-le-crime-1444x2048.png 1444w, https:\/\/extremia.org\/wp\/wp-content\/uploads\/COUV-A-qui-profite-le-crime.png 1748w\" sizes=\"(max-width: 722px) 100vw, 722px\" \/><figcaption class=\"wp-element-caption\">Couverture du sc\u00e9nario \u00ab\u00a0A qui profite le crime\u00a0\u00bb<\/figcaption><\/figure>\n\n\n\n<figure class=\"wp-block-image size-large\"><img loading=\"lazy\" decoding=\"async\" width=\"722\" height=\"1024\" src=\"https:\/\/extremia.org\/wp\/wp-content\/uploads\/COUV-Vengeance-Mortelle-722x1024.jpg\" alt=\"\" class=\"wp-image-603\" srcset=\"https:\/\/extremia.org\/wp\/wp-content\/uploads\/COUV-Vengeance-Mortelle-722x1024.jpg 722w, https:\/\/extremia.org\/wp\/wp-content\/uploads\/COUV-Vengeance-Mortelle-211x300.jpg 211w, https:\/\/extremia.org\/wp\/wp-content\/uploads\/COUV-Vengeance-Mortelle-768x1089.jpg 768w, https:\/\/extremia.org\/wp\/wp-content\/uploads\/COUV-Vengeance-Mortelle-1083x1536.jpg 1083w, https:\/\/extremia.org\/wp\/wp-content\/uploads\/COUV-Vengeance-Mortelle-1444x2048.jpg 1444w, https:\/\/extremia.org\/wp\/wp-content\/uploads\/COUV-Vengeance-Mortelle.jpg 1682w\" sizes=\"(max-width: 722px) 100vw, 722px\" \/><figcaption class=\"wp-element-caption\">Couverture de \u00ab\u00a0Vengeance mortelle\u00a0\u00bb<\/figcaption><\/figure>\n","protected":false},"excerpt":{"rendered":"<p>Vous trouverez ici le portefeuille d&rsquo;illustrations d&rsquo;Extremia. Voici d\u00e9j\u00e0 les illustrations de Lisa Fix, qui r\u00e9alise les illustrations de couverture des sc\u00e9narios pour Extremia. Son site est visible ici : www.lisafix.fr<\/p>\n","protected":false},"author":3,"featured_media":0,"parent":0,"menu_order":0,"comment_status":"closed","ping_status":"closed","template":"","meta":[],"_links":{"self":[{"href":"https:\/\/extremia.org\/wp\/index.php?rest_route=\/wp\/v2\/pages\/374"}],"collection":[{"href":"https:\/\/extremia.org\/wp\/index.php?rest_route=\/wp\/v2\/pages"}],"about":[{"href":"https:\/\/extremia.org\/wp\/index.php?rest_route=\/wp\/v2\/types\/page"}],"author":[{"embeddable":true,"href":"https:\/\/extremia.org\/wp\/index.php?rest_route=\/wp\/v2\/users\/3"}],"replies":[{"embeddable":true,"href":"https:\/\/extremia.org\/wp\/index.php?rest_route=%2Fwp%2Fv2%2Fcomments&post=374"}],"version-history":[{"count":5,"href":"https:\/\/extremia.org\/wp\/index.php?rest_route=\/wp\/v2\/pages\/374\/revisions"}],"predecessor-version":[{"id":604,"href":"https:\/\/extremia.org\/wp\/index.php?rest_route=\/wp\/v2\/pages\/374\/revisions\/604"}],"wp:attachment":[{"href":"https:\/\/extremia.org\/wp\/index.php?rest_route=%2Fwp%2Fv2%2Fmedia&parent=374"}],"curies":[{"name":"wp","href":"https:\/\/api.w.org\/{rel}","templated":true}]}}