{"id":356,"date":"2023-01-01T23:15:56","date_gmt":"2023-01-01T22:15:56","guid":{"rendered":"https:\/\/extremia.org\/wp\/?page_id=356"},"modified":"2024-02-23T23:25:47","modified_gmt":"2024-02-23T22:25:47","slug":"saint-protecteur-diniva","status":"publish","type":"page","link":"https:\/\/extremia.org\/wp\/?page_id=356","title":{"rendered":"Saint Protecteur d&rsquo;Iniva"},"content":{"rendered":"\n<p>Classe de prestige pour les adeptes de d\u2019<a href=\"https:\/\/extremia.org\/wp\/?page_id=348\" data-type=\"page\" data-id=\"348\">Iniva<\/a>.<\/p>\n\n\n\n<figure class=\"wp-block-image size-large is-resized\"><img fetchpriority=\"high\" decoding=\"async\" src=\"https:\/\/extremia.org\/wp\/wp-content\/uploads\/Vyrman-Adarea-923x1024.jpg\" alt=\"\" class=\"wp-image-354\" width=\"370\" height=\"410\" srcset=\"https:\/\/extremia.org\/wp\/wp-content\/uploads\/Vyrman-Adarea-923x1024.jpg 923w, https:\/\/extremia.org\/wp\/wp-content\/uploads\/Vyrman-Adarea-271x300.jpg 271w, https:\/\/extremia.org\/wp\/wp-content\/uploads\/Vyrman-Adarea-768x852.jpg 768w, https:\/\/extremia.org\/wp\/wp-content\/uploads\/Vyrman-Adarea.jpg 1321w\" sizes=\"(max-width: 370px) 100vw, 370px\" \/><figcaption class=\"wp-element-caption\"><em>Adarea, Sainte Protectrice d&rsquo;Iniva<\/em><\/figcaption><\/figure>\n\n\n\n<h3><a>Histoire de l\u2019Ordre des Saints Protecteurs d\u2019Iniva<\/a><\/h3>\n\n\n\n<p>En 306 Ep. IV, un myst\u00e9rieux navire accosta au port d\u2019Orvia. Il s\u2019av\u00e9ra &nbsp;\u00eatre rempli de morts-vivants qui se d\u00e9vers\u00e8rent dans la ville en faisant de nombreux morts. Le Clerg\u00e9 d\u2019Iniva du soigner de nombreux habitants de diverses afflictions de morts-vivants. Afin qu\u2019une telle situation ne se reproduise, le clerg\u00e9 d\u00e9cida de fonder un ordre de pr\u00eatres sp\u00e9cialis\u00e9s dans la d\u00e9fense et la protection, &nbsp;l&rsquo;Ordre des Saints-Protecteurs afin de prot\u00e9ger la population de nouveaux assauts. Cet Ordre prit le nom de Saints Protecteurs d\u2019Iniva. L\u2019ordre, au d\u00e9part particuli\u00e8rement pr\u00e9sent dans la r\u00e9gion de la C\u00f4te du Poisson, s\u2019\u00e9tendit par la suite dans tout le Vyrman, dans le sud de la Bordanie, puis \u00e0 l\u2019est, vers les Terres du Nord, ConSudre, Fall et m\u00eame jusque dans la lointaine Surdavie, dans le Tizun.<\/p>\n\n\n\n<p>Le si\u00e8ge de l\u2019Ordre est rest\u00e9 dans la ville d\u2019Orvia, au temple de la Pr\u00e9servation, qui est devenu un lieu saint pour le culte. Mais il est possible de rencontrer des Saints Protecteurs itin\u00e9rants dans de nombreuses r\u00e9gions du monde.<\/p>\n\n\n\n<h3><a>Description<\/a><\/h3>\n\n\n\n<p>Les membres de l\u2019Ordre des Saints Protecteurs d\u2019Iniva sont le plus souvent des personnes m\u00e9thodiques, organis\u00e9es et particuli\u00e8rement serviables, toujours pr\u00eat \u00e0 aider la veuve et l\u2019orphelin. Leur devise \u00ab&nbsp;D\u00e9fendre et Prot\u00e9ger&nbsp;\u00bb, refl\u00e8te leur temp\u00e9rament. Ils n\u2019utilisent jamais leurs pouvoirs pour attaquer, seulement pour se d\u00e9fendre ou prot\u00e9ger les innocents. Si la majorit\u00e9 des Saints Protecteurs sont s\u00e9dentaires et pr\u00e9f\u00e8rent perfectionner leurs techniques de d\u00e9fense au sein de leurs temples, Certains pr\u00e9f\u00e8rent parcourir le monde afin d\u2019aller au devant du danger et prot\u00e9ger ceux qui le n\u00e9cessite.<\/p>\n\n\n\n<h3><a>Conditions<\/a><\/h3>\n\n\n\n<p>Pour devenir Saint Protecteur d\u2019Iniva, un personnage doit r\u00e9pondre aux crit\u00e8res suivants&nbsp;:<\/p>\n\n\n\n<p><strong>Alignement : <\/strong>Bon<\/p>\n\n\n\n<p><strong>Bonus de base \u00e0 l\u2019attaque : <\/strong>+4<\/p>\n\n\n\n<p><strong>Bonus de base aux JS: <\/strong>Volont\u00e9 +4<\/p>\n\n\n\n<p><strong>Comp\u00e9tences : <\/strong>degr\u00e9 de ma\u00eetrise de 6 en Connaissance (Religion) et de 5 en Premiers Secours<\/p>\n\n\n\n<p><strong>Sorts : <\/strong>facult\u00e9 de lancer des sorts divins de 2\u00e8me Niveau<\/p>\n\n\n\n<p><strong>Divinit\u00e9 : <\/strong><a href=\"https:\/\/extremia.org\/wp\/?page_id=348\" data-type=\"page\" data-id=\"348\">Iniva<\/a> doit \u00eatre la divinit\u00e9 tut\u00e9laire du personnage.<\/p>\n\n\n\n<p><strong>Sp\u00e9cial : <\/strong>Capacit\u00e9 de lancer le sort de Protection d\u2019Autrui, Capacit\u00e9 de Repousser les morts-vivants.<\/p>\n\n\n\n<h3><a>Caract\u00e9ristiques de classe<\/a><\/h3>\n\n\n\n<p><strong>D\u00e9s de vie : <\/strong>d8<\/p>\n\n\n\n<p><strong>Comp\u00e9tences de Classe : <\/strong>Concentration, Connaissance (Religion), Profession, Diplomatie, Premiers Secours, Art de la Magie.<\/p>\n\n\n\n<p><strong>Points de comp\u00e9tences additionnels \u00e0 chaque niveau : <\/strong>2 + modificateur d\u2019Intelligence.<\/p>\n\n\n\n<p><strong>Armes et armures<\/strong>&nbsp;: Le Saint Protecteur d\u2019Iniva ne gagne aucune formation au maniement des armes et des boucliers, mais est form\u00e9 au port des armures l\u00e9g\u00e8res et Interm\u00e9diaires.<\/p>\n\n\n\n<p><strong>Immunit\u00e9 contre la terreur (Ext)<\/strong>. A partir du niveau 1, le Saint Protecteur D\u2019Iniva est immunis\u00e9 contre la terreur (magique ou ordinaire).<\/p>\n\n\n\n<p><strong>Position d\u00e9fensive (Ext)<\/strong>. A partir du niveau 1, Chaque round, au d\u00e9but de son tour de jeu, un Saint Protecteur peut prot\u00e9ger un alli\u00e9 situ\u00e9 \u00e0 1,50 m\u00e8tre ou moins de lui et dont le nombre de DV est inf\u00e9rieur au sien. Il choisit alors un nombre qu&rsquo;il applique comme malus \u00e0 sa propre classe d&rsquo;armure et que son prot\u00e9g\u00e9 applique en tant que bonus \u00e0 sa CA. Au niveau 1, ce nombre ne peut d\u00e9passer 1, mais ce maximum augmente de 1 point tous les 2 niveaux (2 au niveau 3, 3 au niveau 5).<\/p>\n\n\n\n<p><strong>D\u00e9fense sacr\u00e9e (Ext)<\/strong>. D\u00e8s le niveau 2, le Saint Protecteur d\u2019Iniva b\u00e9n\u00e9ficie d&rsquo;un bonus de +1 aux jets de sauvegarde contre les sorts de magie divine, mais \u00e9galement contre les pouvoirs magiques et pouvoirs surnaturels des Ext\u00e9rieurs. Au niveau 4, ce bonus passe \u00e0 +2.<\/p>\n\n\n\n<p><strong>Aura de D\u00e9fense (Sur)<\/strong>. Un Saint Protecteur de niveau 2 devient capable de prot\u00e9ger ses alli\u00e9s. Tous ses alli\u00e9s dans un rayon de 3 m\u00e8tres autour de lui b\u00e9n\u00e9ficient d&rsquo;un bonus de moral de +4 sur les sauvegardes contre les effets de terreur. Ils perdent ce bonus si le Saint Protecteur est paralys\u00e9, inconscient ou sans d\u00e9fense pour une raison ou une autre.<\/p>\n\n\n\n<p><strong>Sant\u00e9 Divine (Ext).<\/strong> Un Saint Protecteur de niveau 3 est immunis\u00e9 contre toutes les maladies, y compris celles qui sont d\u2019origine magique ou surnaturelle comme la putr\u00e9faction de la momie.<\/p>\n\n\n\n<p><strong>Annulation d\u2019enchantement (Mag)<\/strong>. \u00c0 partir du niveau 4, le Saint Protecteur peut lancer annulation d&rsquo;enchantement (comme le sort du m\u00eame nom) une fois par semaine. Tous les 3 niveaux suivants, il dispose d\u2019une utilisation hebdomadaire suppl\u00e9mentaire (2 par semaine au niveau 7, 3 au niveau 10)<\/p>\n\n\n\n<p><strong>Interf\u00e9rence Divine (Sur).<\/strong> Au niveau 5, le Saint Protecteur b\u00e9n\u00e9ficie du Don Interf\u00e9rence Divine, qui permet de sacrifier un sort pour obliger un ennemi \u00e0 refaire un jet d\u2019attaque r\u00e9ussi contre un alli\u00e9. Le Saint Protecteur b\u00e9n\u00e9ficie de ce Don m\u00eame s\u2019il ne satisfait pas aux conditions d\u2019obtention du don.<strong>Sorts<\/strong>&nbsp;: \u00c0 partir du niveau 2 puis \u00e0 chaque nouveau niveau de Saint Protecteur, le personnage gagne un niveau de jeteur de sort effectif. Il obtient les sorts par jour et le niveau de lanceur de sorts d&rsquo;un personnage de son niveau effectif. En revanche, il ne gagne aucun des autres avantages accompagnant habituellement ce niveau (don de m\u00e9tamagie ou de cr\u00e9ation d&rsquo;objets, etc. ; \u00e0 l\u2019exception de l&rsquo;aptitude de renvoi des morts-vivants, voir ci-dessous). Si le Saint Protecteur d\u2019Iniva poss\u00e8de plusieurs classes de lanceur de sorts, le niveau effectif ne s&rsquo;applique qu&rsquo;\u00e0 l&rsquo;une d&rsquo;entre elles, au choix du personnage.<\/p>\n\n\n\n<figure class=\"wp-block-table\"><table><tbody><tr><td>Niv.&nbsp;<br>Saint Proecteur<\/td><td>Bonus de<br>base \u00e0 l&rsquo;Attaque<\/td><td>Bonus de base aux Reflexes<\/td><td>Bonus de base \u00e0 la Vigueur<\/td><td>Bonus de base \u00e0 la Volont\u00e9<\/td><td>Sp\u00e9cial<\/td><td>Sorts<\/td><\/tr><tr><td>1<\/td><td>+0<\/td><td>+0<\/td><td>+2<\/td><td>+2<\/td><td>Immunit\u00e9 contre la Terreur, Position D\u00e9fensive (1)<\/td><td>&#8211;<\/td><\/tr><tr><td>2<\/td><td>+1<\/td><td>+0<\/td><td>+3<\/td><td>+3<\/td><td>D\u00e9fense Sacr\u00e9e,&nbsp;&nbsp;&nbsp;&nbsp;&nbsp;&nbsp;&nbsp;&nbsp;&nbsp;&nbsp;&nbsp;&nbsp;&nbsp;&nbsp;&nbsp;&nbsp; Aura de D\u00e9fense<\/td><td>+1 niv de jeteur de sort effectif<\/td><\/tr><tr><td>3<\/td><td>+2<\/td><td>+1<\/td><td>+3<\/td><td>+3<\/td><td>Sant\u00e9 Divine,&nbsp;&nbsp;&nbsp;&nbsp;&nbsp;&nbsp;&nbsp;&nbsp;&nbsp;&nbsp;&nbsp;&nbsp;&nbsp;&nbsp;&nbsp;&nbsp; Position D\u00e9fensive (2)<\/td><td>+1 niv de jeteur de sort effectif<\/td><\/tr><tr><td>4<\/td><td>+3<\/td><td>+1<\/td><td>+4<\/td><td>+4<\/td><td>Annulation d\u2019enchantement, D\u00e9fense Sacr\u00e9e (2)<\/td><td>+1 niv de jeteur de sort effectif<\/td><\/tr><tr><td>5<\/td><td>+3<\/td><td>+1<\/td><td>+4<\/td><td>+4<\/td><td>Interf\u00e9rence Divine,&nbsp;&nbsp;&nbsp;&nbsp;&nbsp;&nbsp;&nbsp;&nbsp;&nbsp;&nbsp;&nbsp; Aura de D\u00e9fense (2)<\/td><td>+1 niv de jeteur de sort effectif<\/td><\/tr><\/tbody><\/table><\/figure>\n","protected":false},"excerpt":{"rendered":"<p>Classe de prestige pour les adeptes de d\u2019Iniva. Histoire de l\u2019Ordre des Saints Protecteurs d\u2019Iniva En 306 Ep. IV, un myst\u00e9rieux navire accosta au port d\u2019Orvia. Il s\u2019av\u00e9ra &nbsp;\u00eatre rempli de morts-vivants qui se d\u00e9vers\u00e8rent dans la ville en faisant de nombreux morts. Le Clerg\u00e9 d\u2019Iniva du soigner de nombreux habitants de diverses afflictions de [&hellip;]<\/p>\n","protected":false},"author":3,"featured_media":0,"parent":348,"menu_order":0,"comment_status":"closed","ping_status":"closed","template":"","meta":[],"_links":{"self":[{"href":"https:\/\/extremia.org\/wp\/index.php?rest_route=\/wp\/v2\/pages\/356"}],"collection":[{"href":"https:\/\/extremia.org\/wp\/index.php?rest_route=\/wp\/v2\/pages"}],"about":[{"href":"https:\/\/extremia.org\/wp\/index.php?rest_route=\/wp\/v2\/types\/page"}],"author":[{"embeddable":true,"href":"https:\/\/extremia.org\/wp\/index.php?rest_route=\/wp\/v2\/users\/3"}],"replies":[{"embeddable":true,"href":"https:\/\/extremia.org\/wp\/index.php?rest_route=%2Fwp%2Fv2%2Fcomments&post=356"}],"version-history":[{"count":3,"href":"https:\/\/extremia.org\/wp\/index.php?rest_route=\/wp\/v2\/pages\/356\/revisions"}],"predecessor-version":[{"id":580,"href":"https:\/\/extremia.org\/wp\/index.php?rest_route=\/wp\/v2\/pages\/356\/revisions\/580"}],"up":[{"embeddable":true,"href":"https:\/\/extremia.org\/wp\/index.php?rest_route=\/wp\/v2\/pages\/348"}],"wp:attachment":[{"href":"https:\/\/extremia.org\/wp\/index.php?rest_route=%2Fwp%2Fv2%2Fmedia&parent=356"}],"curies":[{"name":"wp","href":"https:\/\/api.w.org\/{rel}","templated":true}]}}