{"id":353,"date":"2023-01-01T23:11:46","date_gmt":"2023-01-01T22:11:46","guid":{"rendered":"https:\/\/extremia.org\/wp\/?page_id=353"},"modified":"2024-02-23T23:26:54","modified_gmt":"2024-02-23T22:26:54","slug":"pieux-guerisseurs-de-la-dame-gardienne","status":"publish","type":"page","link":"https:\/\/extremia.org\/wp\/?page_id=353","title":{"rendered":"Pieux Gu\u00e9risseurs de la Dame Gardienne"},"content":{"rendered":"\n<p>Cette classe de prestige s\u2019adresse aux adeptes d\u2019<a href=\"https:\/\/extremia.org\/wp\/?page_id=348\" data-type=\"page\" data-id=\"348\">Iniva<\/a>.<\/p>\n\n\n\n<figure class=\"wp-block-image size-large is-resized\"><img fetchpriority=\"high\" decoding=\"async\" src=\"https:\/\/extremia.org\/wp\/wp-content\/uploads\/Pieuse-guerisseuse-de-la-Dame-Gardienne-722x1024.png\" alt=\"\" class=\"wp-image-578\" width=\"297\" height=\"423\" srcset=\"https:\/\/extremia.org\/wp\/wp-content\/uploads\/Pieuse-guerisseuse-de-la-Dame-Gardienne-211x300.png 211w, https:\/\/extremia.org\/wp\/wp-content\/uploads\/Pieuse-guerisseuse-de-la-Dame-Gardienne-768x1090.png 768w\" sizes=\"(max-width: 297px) 100vw, 297px\" \/><figcaption class=\"wp-element-caption\"><em>Une pieuse gu\u00e9risseuse<\/em><\/figcaption><\/figure>\n\n\n\n<h3><a>Description<\/a><\/h3>\n\n\n\n<p>L\u2019un des Ordres d\u2019\u00e9lite du clerg\u00e9 d\u2019Iniva est l\u2019Ordre des Pieux Gu\u00e9risseurs de la Dame Gardienne. L\u2019organisation des Pieux Gu\u00e9risseurs est proche des Hospitaliers&nbsp;: sp\u00e9cialis\u00e9s dans les soins et la gu\u00e9rison \u00e0 l\u2019extr\u00eame. Les meilleurs soigneurs du clerg\u00e9 sont en effet orient\u00e9s vers cet Ordre afin de devenir des experts dans leur domaine.<\/p>\n\n\n\n<p>Les Pieux Gu\u00e9risseurs peuvent \u00eatre trouv\u00e9s dans de nombreuses r\u00e9gions du monde, ouvrant le plus souvent des h\u00f4pitaux, des l\u00e9proseries ou des hospices, afin de s\u2019occuper des plus affaiblis et des plus d\u00e9munis. G\u00e9n\u00e9reux et honn\u00eate \u00e0 l\u2019extr\u00eame, les Pieux Gu\u00e9risseurs de la Dame Gardienne sont profond\u00e9ment bons et tourn\u00e9s vers l\u2019aide de leur prochain. Ils ont tendance \u00e0 refuser le combat, sauf lorsque cela est vraiment impossible, et concentrent leurs efforts sur les soins et la protection de leurs compagnons. Il est toutefois rare de trouver des Pieux Gu\u00e9risseurs \u00e0 l\u2019ext\u00e9rieur de leurs monast\u00e8res, tant ils ont de travail \u00e0 fournir.<\/p>\n\n\n\n<p>En temps de guerre, les dirigeants des pays en conflits n\u2019h\u00e9sitent pas \u00e0 faire appel \u00e0 l\u2019Ordre des Pieux Gu\u00e9risseurs de la Dame Gardienne afin que ceux-ci se tiennent \u00e0 l\u2019arri\u00e8re afin de soigner les bless\u00e9s et de les remettre sur pied au plus vite. On ne compte plus les miracles effectu\u00e9s par les Pieux Gu\u00e9risseurs&nbsp;: des h\u00e9ros donn\u00e9s pour morts ou condamn\u00e9s par une horrible blessure ont pu \u00eatre sauv\u00e9s par les Pieux Gu\u00e9risseurs, tant leurs pouvoirs de soigneurs sont puissants.<\/p>\n\n\n\n<h3><a>Conditions<\/a><\/h3>\n\n\n\n<p>Pour devenir Pieux Gu\u00e9risseurs de la Dame Gardienne, un personnage doit r\u00e9pondre aux crit\u00e8res suivants&nbsp;:<\/p>\n\n\n\n<p><strong>Alignement : <\/strong>Bon<\/p>\n\n\n\n<p><strong>Bonus de base \u00e0 l\u2019attaque :<\/strong> +4<\/p>\n\n\n\n<p><strong>Bonus de base aux JS: <\/strong>Volont\u00e9 +4<\/p>\n\n\n\n<p><strong>Comp\u00e9tences : <\/strong>degr\u00e9 de ma\u00eetrise de 6 en Connaissance (Religion) et de 5 en Premiers Secours<\/p>\n\n\n\n<p><strong>Sorts : <\/strong>facult\u00e9 de lancer des sorts divins de 1er niveau et \u00e0 acc\u00e8s au Domaine de la Gu\u00e9rison<\/p>\n\n\n\n<p><strong>Divinit\u00e9 : <\/strong><a href=\"https:\/\/extremia.org\/wp\/?page_id=348\" data-type=\"page\" data-id=\"348\">Iniva<\/a> doit \u00eatre la divinit\u00e9 tut\u00e9laire du personnage.<\/p>\n\n\n\n<p><strong>Don : <\/strong>Am\u00e9lioration de la magie curative<\/p>\n\n\n\n<h3><a>Caract\u00e9ristiques de classe<\/a><\/h3>\n\n\n\n<p><strong>D\u00e9s de vie : <\/strong>d8<\/p>\n\n\n\n<p><strong>Comp\u00e9tences de Classe : <\/strong>Arts de la Magie, Artisanat (Alchimie), Concentration, Connaissance (Religion), Connaissance (Myst\u00e8res), Premiers Secours, Psychologie, Profession, Diplomatie<\/p>\n\n\n\n<p><strong>Points de comp\u00e9tences additionnels \u00e0 chaque niveau : <\/strong>2 + modificateur d\u2019Intelligence.<\/p>\n\n\n\n<p><strong>Sant\u00e9 Divine<\/strong>&nbsp;: Afin d\u2019\u00eatre prot\u00e9g\u00e9 contre les maladies, Iniva octroie aux Pieux Gu\u00e9risseurs obtient une sant\u00e9 florissante&nbsp;: Un Pieux Gu\u00e9risseur est immunis\u00e9 contre toutes les maladies, y compris celles qui sont d\u2019origine magique ou surnaturelle, comme la lycanthropie et la putr\u00e9faction transmise par les momies.<\/p>\n\n\n\n<p><strong>Bonus contre le poison<\/strong>&nbsp;: Au niveau 2, le Pieux Gu\u00e9risseur obtient un bonus de +1 aux jets de sauvegarde contre tous les poisons. Il augmente ensuite tous les niveaux pairs (+1 au niveau 2, +2 au niveau 4, +3 au niveau 6, etc.).<\/p>\n\n\n\n<p><strong>Extension de Soins<\/strong>&nbsp;: \u00c0 partir niveau 3, chaque fois que le Pieux Gu\u00e9risseur lance un sort du domaine de la Gu\u00e9rison, le sort agit comme s\u2019il b\u00e9n\u00e9ficiait du don Extension d\u2019effet, sans demander de sort de niveau sup\u00e9rieur.<\/p>\n\n\n\n<p><strong>Quintessence des Soins<\/strong>&nbsp;: A partir du niveau 5, chaque fois que le Pieux Gu\u00e9risseur lance un sort du domaine de la Gu\u00e9rison, le sort agit comme s\u2019il b\u00e9n\u00e9ficiait du Quintessence des Sorts, sans demander d\u2019emplacement de sort sup\u00e9rieur.<\/p>\n\n\n\n<p><strong>Gu\u00e9rison Sainte<\/strong>&nbsp;: Au niveau 7, le Pieux Gu\u00e9risseur obtient le don de Gu\u00e9rison Sainte&nbsp;: par une action complexe, le personnage peut d\u00e9penser une tentative de renvoi de morts-vivants pour conf\u00e9rer le pouvoir de gu\u00e9rison acc\u00e9l\u00e9r\u00e9e (3) \u00e0 toutes les cr\u00e9atures vivantes dans un rayonnement de 18m. Les effets durent pendant un nombre de rounds \u00e9gal \u00e0 1 + le modificateur de Charisme du personnage (1 round minimum).<\/p>\n\n\n\n<p><strong>Domaine Suppl\u00e9mentaire<\/strong>&nbsp;: au niveau 9, le Pieux Gu\u00e9risseur peut choisir un Domaine suppl\u00e9mentaire parmi la liste des Domaines permis aux pr\u00eatres d\u2019Iniva.<\/p>\n\n\n\n<p><strong>Sorts<\/strong>&nbsp;: \u00e0 chaque niveau de Pieux Gu\u00e9risseur, le personnage obtient un niveau effectif de jeteur de sorts pour une de ses classes pr\u00e9c\u00e9dentes pratiquant la magie divine (s\u2019il poss\u00e8de plusieurs classes de ce type, le niveau effectif ne s\u2019applique qu\u2019\u00e0 l\u2019une d\u2019entre elles, au choix du personnage). Il obtient les sorts par jour et le niveau de lanceur de sorts d\u2019un personnage de son niveau effectif. N\u00e9anmoins, il ne gagne aucun des autres avantages accompagnant habituellement ce niveau, tels qu&rsquo;une meilleure chance de repousser ou d&rsquo;intimider les morts-vivants, de nouveaux dons de m\u00e9tamagie ou de cr\u00e9ation d&rsquo;objets, etc.<\/p>\n\n\n\n<figure class=\"wp-block-table\"><table><tbody><tr><td>Niv.&nbsp;<br>Pieux Gu\u00e9risseur<\/td><td>Bonus de<br>base \u00e0 l&rsquo;Attaque<\/td><td>Bonus de base aux Reflexes<\/td><td>Bonus de base \u00e0 la Vigueur<\/td><td>Bonus de base \u00e0 la Volont\u00e9<\/td><td>Sp\u00e9cial<\/td><td>Sorts<\/td><\/tr><tr><td>1<\/td><td>+0<\/td><td>+0<\/td><td>+2<\/td><td>+2<\/td><td>Sant\u00e9 divine<\/td><td>+1 niv de jeteur de sort effectif<\/td><\/tr><tr><td>2<\/td><td>+1<\/td><td>+0<\/td><td>+3<\/td><td>+3<\/td><td><a href=\"http:\/\/bonnarien.dyndns.org\/aidesdejeux\/Classes\/Assassin.php#Utilisation_du_poison#Utilisation_du_poison\">Bonus contre le poison (+1)<\/a><\/td><td>+1 niv de jeteur de sort effectif<\/td><\/tr><tr><td>3<\/td><td>+2<\/td><td>+1<\/td><td>+3<\/td><td>+3<\/td><td>Extension des soins<\/td><td>+1 niv de jeteur de sort effectif<\/td><\/tr><tr><td>4<\/td><td>+3<\/td><td>+1<\/td><td>+4<\/td><td>+4<\/td><td><a href=\"http:\/\/bonnarien.dyndns.org\/aidesdejeux\/Classes\/Assassin.php#Utilisation_du_poison#Utilisation_du_poison\">Bonus contre le poison (+2)<\/a><\/td><td>+1 niv de jeteur de sort effectif<\/td><\/tr><tr><td>5<\/td><td>+3<\/td><td>+1<\/td><td>+4<\/td><td>+4<\/td><td>Quintessence des soins<\/td><td>+1 niv de jeteur de sort effectif<\/td><\/tr><tr><td>6<\/td><td>+4<\/td><td>+2<\/td><td>+5<\/td><td>+5<\/td><td><a href=\"http:\/\/bonnarien.dyndns.org\/aidesdejeux\/Classes\/Assassin.php#Utilisation_du_poison#Utilisation_du_poison\">Bonus contre le poison (+3)<\/a><\/td><td>+1 niv de jeteur de sort effectif<\/td><\/tr><tr><td>7<\/td><td>+5<\/td><td>+2<\/td><td>+5<\/td><td>+5<\/td><td>Gu\u00e9rison Sainte<\/td><td>+1 niv de jeteur de sort effectif<\/td><\/tr><tr><td>8<\/td><td>+6<\/td><td>+2<\/td><td>+6<\/td><td>+6<\/td><td><a href=\"http:\/\/bonnarien.dyndns.org\/aidesdejeux\/Classes\/Assassin.php#Utilisation_du_poison#Utilisation_du_poison\">Bonus contre le poison (+4)<\/a><\/td><td>+1 niv de jeteur de sort effectif<\/td><\/tr><tr><td>9<\/td><td>+6<\/td><td>+3<\/td><td>+6<\/td><td>+6<\/td><td>Domaine suppl\u00e9mentaire<\/td><td>+1 niv de jeteur de sort effectif<\/td><\/tr><tr><td>10<\/td><td>+7<\/td><td>+3<\/td><td>+7<\/td><td>+7<\/td><td><a href=\"http:\/\/bonnarien.dyndns.org\/aidesdejeux\/Classes\/Assassin.php#Utilisation_du_poison#Utilisation_du_poison\">Bonus contre le poison (+5)<\/a><\/td><td>+1 niv de jeteur de sort effectif<\/td><\/tr><\/tbody><\/table><\/figure>\n","protected":false},"excerpt":{"rendered":"<p>Cette classe de prestige s\u2019adresse aux adeptes d\u2019Iniva. Description L\u2019un des Ordres d\u2019\u00e9lite du clerg\u00e9 d\u2019Iniva est l\u2019Ordre des Pieux Gu\u00e9risseurs de la Dame Gardienne. L\u2019organisation des Pieux Gu\u00e9risseurs est proche des Hospitaliers&nbsp;: sp\u00e9cialis\u00e9s dans les soins et la gu\u00e9rison \u00e0 l\u2019extr\u00eame. Les meilleurs soigneurs du clerg\u00e9 sont en effet orient\u00e9s vers cet Ordre afin [&hellip;]<\/p>\n","protected":false},"author":3,"featured_media":0,"parent":348,"menu_order":0,"comment_status":"closed","ping_status":"closed","template":"","meta":[],"_links":{"self":[{"href":"https:\/\/extremia.org\/wp\/index.php?rest_route=\/wp\/v2\/pages\/353"}],"collection":[{"href":"https:\/\/extremia.org\/wp\/index.php?rest_route=\/wp\/v2\/pages"}],"about":[{"href":"https:\/\/extremia.org\/wp\/index.php?rest_route=\/wp\/v2\/types\/page"}],"author":[{"embeddable":true,"href":"https:\/\/extremia.org\/wp\/index.php?rest_route=\/wp\/v2\/users\/3"}],"replies":[{"embeddable":true,"href":"https:\/\/extremia.org\/wp\/index.php?rest_route=%2Fwp%2Fv2%2Fcomments&post=353"}],"version-history":[{"count":3,"href":"https:\/\/extremia.org\/wp\/index.php?rest_route=\/wp\/v2\/pages\/353\/revisions"}],"predecessor-version":[{"id":581,"href":"https:\/\/extremia.org\/wp\/index.php?rest_route=\/wp\/v2\/pages\/353\/revisions\/581"}],"up":[{"embeddable":true,"href":"https:\/\/extremia.org\/wp\/index.php?rest_route=\/wp\/v2\/pages\/348"}],"wp:attachment":[{"href":"https:\/\/extremia.org\/wp\/index.php?rest_route=%2Fwp%2Fv2%2Fmedia&parent=353"}],"curies":[{"name":"wp","href":"https:\/\/api.w.org\/{rel}","templated":true}]}}