{"id":348,"date":"2023-01-01T23:01:09","date_gmt":"2023-01-01T22:01:09","guid":{"rendered":"https:\/\/extremia.org\/wp\/?page_id=348"},"modified":"2023-11-01T10:17:26","modified_gmt":"2023-11-01T09:17:26","slug":"iniva","status":"publish","type":"page","link":"https:\/\/extremia.org\/wp\/?page_id=348","title":{"rendered":"Iniva"},"content":{"rendered":"\n<figure class=\"wp-block-image size-full\"><img fetchpriority=\"high\" decoding=\"async\" width=\"245\" height=\"318\" src=\"https:\/\/extremia.org\/wp\/wp-content\/uploads\/image-12.png\" alt=\"\" class=\"wp-image-349\" srcset=\"https:\/\/extremia.org\/wp\/wp-content\/uploads\/image-12.png 245w, https:\/\/extremia.org\/wp\/wp-content\/uploads\/image-12-231x300.png 231w\" sizes=\"(max-width: 245px) 100vw, 245px\" \/><\/figure>\n\n\n\n<h3><a>La divinit\u00e9<\/a><\/h3>\n\n\n\n<p>Iniva est une divinit\u00e9 dont le but premier est d\u2019apporter la protection \u00e0 ses ouailles et \u00e0 d\u00e9velopper l\u2019entraide entres les races. Ses attributions regroupent tout ce qui a rapport \u00e0 la Gu\u00e9rison et aux soins, aux relations humaines, \u00e0 l\u2019espoir, \u00e0 la protection.<\/p>\n\n\n\n<p>D&rsquo;un naturel calme et doux, Iniva ne supporte ni la violence, ni les conflits. Sainte Patronne des m\u00e9decins, rebouteux, diplomates, apothicaires, sentinelles, gardes du corps. Elle veille sur ses ouailles avec bienveillance et compassion.<\/p>\n\n\n\n<p>Iniva ne supporte ni le mauvais <a href=\"https:\/\/extremia.org\/wp\/?page_id=256\" data-type=\"page\" data-id=\"256\">Chiar<\/a> ni les rustres <a href=\"https:\/\/extremia.org\/wp\/?page_id=336\" data-type=\"page\" data-id=\"336\">Gornar &amp; Untog<\/a>. Mais sa pire ennemie est sans conteste Knl\u2019ka, la d\u00e9esse associ\u00e9e \u00e0 la mort, dont les actions peuvent ruiner tous les efforts d\u2019Iniva. En revanche, le culte d\u2019Iniva entretient de bonnes relations avec les clerg\u00e9s de Lurmina et de <a href=\"https:\/\/extremia.org\/wp\/?page_id=220\" data-type=\"page\" data-id=\"220\">Marblus<\/a>.<\/p>\n\n\n\n<p>Iniva est repr\u00e9sent\u00e9e par une femme aux cheveux bruns et courts et au regard calme et clair, et rev\u00eatue d&rsquo;une toge bleu pale. On la repr\u00e9sente fr\u00e9quemment entour\u00e9e de potions, fioles et autres \u00e9lixirs. On dit souvent d\u2019une personne qu\u2019elle est \u00ab&nbsp;calme comme Iniva&nbsp;\u00bb ou qu\u2019elle \u00ab&nbsp;\u00e0 la patience d\u2019Iniva\u00bb. On surnomme Iniva \u00ab&nbsp;la Main Gu\u00e9risseuse&nbsp;\u00bb, \u00ab&nbsp;la Protectrice&nbsp;\u00bb, ou la \u00ab&nbsp;Dame Gardienne&nbsp;\u00bb<\/p>\n\n\n\n<h3><a>Ses fid\u00e8les<\/a><\/h3>\n\n\n\n<p>Le clerg\u00e9 d\u2019Iniva est relativement bien organis\u00e9 et cherche \u00e0 \u00eatre repr\u00e9sent\u00e9 partout, et notamment dans les r\u00e9gions ou les conflits sont persistants et ou la protection de leur d\u00e9esse pourrait s\u2019av\u00e9rer utile. Le clerg\u00e9 d\u2019Iniva pousse ses pr\u00eatres \u00e0 prendre des initiatives et \u00e0 agir comme m\u00e9diateurs et des protecteurs partout ou ils le peuvent, tout en cherchant \u00e0 \u00e9viter le conflit. Les pr\u00eatres rapportent alors les r\u00e9sultats de leurs n\u00e9gociations \u00e0 leurs sup\u00e9rieurs, m\u00eame si ceux-ci sont tr\u00e8s \u00e9loign\u00e9s. L\u2019ordre r\u00e8gne dans le clerg\u00e9 d\u2019Iniva, ainsi qu\u2019une certaine flexibilit\u00e9 et une haute compr\u00e9hension des motivations humaines de toute sorte. La protection d\u2019autrui et la bonne sant\u00e9 de ses ouailles sont les priorit\u00e9s du clerg\u00e9 d\u2019Iniva.<\/p>\n\n\n\n<p>Un bon pr\u00eatre d\u2019Iniva se doit d\u2019\u00eatre compatissant, profond\u00e9ment bon et doit toujours d\u00e9fendre les faibles et les opprim\u00e9s. La devise du clerg\u00e9 est \u00ab&nbsp;D\u00e9fendre et Prot\u00e9ger&nbsp;\u00bb.<\/p>\n\n\n\n<p>Il existe toutefois trois Ordres d\u2019\u00e9lite dans le clerg\u00e9 d\u2019Iniva. Plut\u00f4t que des factions, ces trois ordres coop\u00e8rent entre eux et sont simplement sp\u00e9cialis\u00e9s dans un domaine.<\/p>\n\n\n\n<ul>\n<li>L\u2019Ordre des <a href=\"https:\/\/extremia.org\/wp\/?page_id=353\" data-type=\"page\" data-id=\"353\">Pieux Gu\u00e9risseurs de la Dame Gardienne<\/a> (style Hospitaliers) a en charge de nombreux hospices, et ses membres s\u2019occupent des malades, des bless\u00e9s, des infirmes. Ses pr\u00eatres sont d\u00e9vou\u00e9s compatissants et travailleurs.<\/li>\n\n\n\n<li>L\u2019Ordre des <a href=\"https:\/\/extremia.org\/wp\/?page_id=356\" data-type=\"page\" data-id=\"356\">Saints Protecteurs d\u2019Iniva<\/a> (style Templiers) est avant tout des gardiens et des protecteurs. Les missions d\u2019escorte, les protections de lieux sacr\u00e9s ou importants forment leurs quotidiens. Les membres de cet Ordres sont ob\u00e9issants, pr\u00eats \u00e0 se sacrifier et toujours loyaux.<\/li>\n\n\n\n<li>L\u2019Ordre de V\u00e9paril (style Diplomate) s\u2019occupe de la diplomatie et de la politique.&nbsp; Ses membres sont de fins diplomates et des conseillers prudents. Ce sont des intellectuels, f\u00e9rus de relations humaines, mais qui peuvent se r\u00e9v\u00e9ler \u00eatre d\u2019ardents n\u00e9gociateurs.<\/li>\n<\/ul>\n\n\n\n<figure class=\"wp-block-image size-full\"><img decoding=\"async\" width=\"404\" height=\"708\" src=\"https:\/\/extremia.org\/wp\/wp-content\/uploads\/image-13.png\" alt=\"\" class=\"wp-image-350\" srcset=\"https:\/\/extremia.org\/wp\/wp-content\/uploads\/image-13.png 404w, https:\/\/extremia.org\/wp\/wp-content\/uploads\/image-13-171x300.png 171w\" sizes=\"(max-width: 404px) 100vw, 404px\" \/><figcaption class=\"wp-element-caption\"><em>Un pr\u00eatre d\u2019Iniva<\/em><\/figcaption><\/figure>\n\n\n\n<p>Les pr\u00eatres d\u2019Iniva portent des tuniques d\u2019un bleu tr\u00e8s pale orn\u00e9e d\u2019une grande main. La plupart des pr\u00eatres en milieu urbains portent d\u2019humbles sandales, mais les pr\u00eatres d\u2019Iniva ayant aussi \u00e0 voyager, ils peuvent \u00eatre rencontres en v\u00eatements de voyage, mais leur tunique ais\u00e9ment reconnaissable est toujours apparente. Le symbole religieux des pr\u00eatres d\u2019Iniva sont deux grosses bagues en argent.<\/p>\n\n\n\n<p>Les c\u00e9r\u00e9monies du culte d\u2019Iniva sont le plus souvent calmes et silencieuses, ses pr\u00eatres ne prenant la parole que si n\u00e9cessaire. Les moments de pri\u00e8res sont eux aussi silencieux et solennelles, chacun demandant \u00e0 Iniva d\u2019apporter calme et protection \u00e0 la communaut\u00e9 d\u2019une r\u00e9gion donn\u00e9e. Lorsqu\u2019un pr\u00eatre d\u2019Iniva meurt, il est enterr\u00e9 avec tous les honneurs du a son rang. Le clerg\u00e9 d\u2019Iniva entretient des cimeti\u00e8res ou sont enterr\u00e9s les pr\u00eatres, les serviteurs du culte et les plus fervents suivants. De petites plaques de marbre ou de pierre mentionnent le nom des d\u00e9funts.<\/p>\n\n\n\n<p>La plupart des pr\u00eatres et suivants d\u2019Iniva sont humains ou demi-elfes. Il arrive toutefois de trouver parfois quelques elfes dans leurs rangs.<\/p>\n\n\n\n<p>Iniva est v\u00e9n\u00e9r\u00e9e dans de nombreux pays du Vyrmonus, o\u00f9 son culte est tr\u00e8s courant&nbsp;: les Terres du Nord, ConSudre (pays dans lequel on trouve la L\u00e9proserie de Sainte Cadiz o\u00f9 de nombreux pr\u00eatres du clerg\u00e9 se rendent en p\u00e8lerinage), Fall, le Vyrman ou le petit royaume du B\u00e9rold. Son culte est en revanche plus rare en Bordanie (sauf au nord du pays), en Nur\u00f9n-Castiglione et \u00e0 Fall.&nbsp; Enfin, le culte d\u2019Iniva est totalement absent d\u2019Holmar, d\u2019Etangard ou des \u00celes Froides.<\/p>\n\n\n\n<p>De m\u00eame, dans le Tizun, le culte est inexistant \u00e0 Dolgrak, Zandrizzin, ou Guul-Shog, et il est tr\u00e8s rare en Aldering, au Keltenos et dans l\u2019empire elfe de Fligornil. Cependant, la religion est tr\u00e8s fr\u00e9quente en Surdavie et enfin, Iniva est le culte dominant en Kamberdie. Ce pays abrite le Palais des Miracles, un lieu saint du culte de la Dame Gu\u00e9risseuse. De nombreuses gu\u00e9risons s\u2019y sont produites et la puissance d\u2019Iniva semble y \u00eatre d\u00e9cupl\u00e9e.<\/p>\n\n\n\n<p>On retrouve peu d\u2019adorateurs d\u2019Iniva dans le Zorbaranus, \u00e0 l\u2019exception notable du Dhaz\u00e2l, o\u00f9 le culte est tr\u00e8s courant. Enfin, dans le Karakite, Iniva est principalement r\u00e9v\u00e9r\u00e9e au Chica-Ta.<\/p>\n\n\n\n<h3><a>El\u00e9ments techniques<\/a><\/h3>\n\n\n\n<p><strong>Alignement g\u00e9n\u00e9ral<\/strong>&nbsp;: Iniva est Neutre Bonne. Ses pr\u00eatres sont Neutres Bons en majorit\u00e9, mais parfois Loyaux Bons.<\/p>\n\n\n\n<p><strong>Domaines<\/strong>&nbsp;: \u00e0 choisir parmi Gu\u00e9rison, Flore, Bien, Protection, Purification*, Mysticisme*<\/p>\n\n\n\n<p><strong>Arme de pr\u00e9dilection<\/strong>&nbsp;: Morgenstern<\/p>\n\n\n\n<p><strong>Pouvoirs sp\u00e9ciaux<\/strong>&nbsp;:<\/p>\n\n\n\n<ul>\n<li>Repousser les Morts-Vivants<\/li>\n\n\n\n<li>Convertir spontan\u00e9ment ses sorts en sorts de soins de m\u00eame niveau.<\/li>\n<\/ul>\n\n\n\n<p><strong>Comp\u00e9tences de classe<\/strong>&nbsp;: Art de la magie (Int), Artisanat (Int), Concentration (Con), Connaissances (histoire) (Int), Connaissances (myst\u00e8res) (Int), Connaissances (plans) (Int), Connaissances (religion) (Int), Diplomatie (Cha), Premiers secours (Sag) et Profession (Sag).<br>Un pr\u00eatre qui choisit le domaine de la Flore ajoute la comp\u00e9tence Connaissances (nature) (Int) \u00e0 la liste pr\u00e9c\u00e9dente.<\/p>\n","protected":false},"excerpt":{"rendered":"<p>La divinit\u00e9 Iniva est une divinit\u00e9 dont le but premier est d\u2019apporter la protection \u00e0 ses ouailles et \u00e0 d\u00e9velopper l\u2019entraide entres les races. Ses attributions regroupent tout ce qui a rapport \u00e0 la Gu\u00e9rison et aux soins, aux relations humaines, \u00e0 l\u2019espoir, \u00e0 la protection. D&rsquo;un naturel calme et doux, Iniva ne supporte ni [&hellip;]<\/p>\n","protected":false},"author":3,"featured_media":0,"parent":412,"menu_order":0,"comment_status":"closed","ping_status":"closed","template":"","meta":[],"_links":{"self":[{"href":"https:\/\/extremia.org\/wp\/index.php?rest_route=\/wp\/v2\/pages\/348"}],"collection":[{"href":"https:\/\/extremia.org\/wp\/index.php?rest_route=\/wp\/v2\/pages"}],"about":[{"href":"https:\/\/extremia.org\/wp\/index.php?rest_route=\/wp\/v2\/types\/page"}],"author":[{"embeddable":true,"href":"https:\/\/extremia.org\/wp\/index.php?rest_route=\/wp\/v2\/users\/3"}],"replies":[{"embeddable":true,"href":"https:\/\/extremia.org\/wp\/index.php?rest_route=%2Fwp%2Fv2%2Fcomments&post=348"}],"version-history":[{"count":2,"href":"https:\/\/extremia.org\/wp\/index.php?rest_route=\/wp\/v2\/pages\/348\/revisions"}],"predecessor-version":[{"id":359,"href":"https:\/\/extremia.org\/wp\/index.php?rest_route=\/wp\/v2\/pages\/348\/revisions\/359"}],"up":[{"embeddable":true,"href":"https:\/\/extremia.org\/wp\/index.php?rest_route=\/wp\/v2\/pages\/412"}],"wp:attachment":[{"href":"https:\/\/extremia.org\/wp\/index.php?rest_route=%2Fwp%2Fv2%2Fmedia&parent=348"}],"curies":[{"name":"wp","href":"https:\/\/api.w.org\/{rel}","templated":true}]}}