{"id":336,"date":"2023-01-01T22:40:18","date_gmt":"2023-01-01T21:40:18","guid":{"rendered":"https:\/\/extremia.org\/wp\/?page_id=336"},"modified":"2023-11-01T10:17:02","modified_gmt":"2023-11-01T09:17:02","slug":"gornar-et-untog","status":"publish","type":"page","link":"https:\/\/extremia.org\/wp\/?page_id=336","title":{"rendered":"Gornar et Untog"},"content":{"rendered":"\n<figure class=\"wp-block-image size-full\"><img fetchpriority=\"high\" decoding=\"async\" width=\"246\" height=\"318\" src=\"https:\/\/extremia.org\/wp\/wp-content\/uploads\/image-10.png\" alt=\"\" class=\"wp-image-337\" srcset=\"https:\/\/extremia.org\/wp\/wp-content\/uploads\/image-10.png 246w, https:\/\/extremia.org\/wp\/wp-content\/uploads\/image-10-232x300.png 232w\" sizes=\"(max-width: 246px) 100vw, 246px\" \/><\/figure>\n\n\n\n<h3><a>La divinit\u00e9<\/a><\/h3>\n\n\n\n<p>Gornar et Untog sont des dieux jumeaux qui passent leur temps \u00e0 se quereller. S\u2019affrontant sans cesse, leurs domaines d\u2019influence sont tout naturellement la guerre, les combats, les massacres, la destruction et les affrontements. Ils sont les Saint Patrons des gladiateurs, des mercenaires, des seigneurs de guerre et de tr\u00e8s nombreux guerriers ou soldats.<\/p>\n\n\n\n<p>Les Dieux Jumeaux entretiennent peu de relations avec les autres dieux, mais il est s\u00fbr que l\u2019un et l\u2019autre d\u00e9testent <a href=\"https:\/\/extremia.org\/wp\/?page_id=348\" data-type=\"page\" data-id=\"348\">Iniva<\/a> et Appoca, et ont des rapports difficiles avec <a href=\"https:\/\/extremia.org\/wp\/?page_id=220\" data-type=\"page\" data-id=\"220\">Marblus<\/a>. alors qu\u2019ils ont tendance \u00e0 appr\u00e9cier <a href=\"https:\/\/extremia.org\/wp\/?page_id=208\" data-type=\"page\" data-id=\"208\">Abbo <\/a>ou Xamidi. De plus, Untog a sp\u00e9cifiquement de son c\u00f4t\u00e9 maille \u00e0 partir avec Bohpo mais s\u2019entend parfois avec Hamo\u00ef ou Dagan. T\u00e9m\u00e9raires, fiers et s\u00fbrs d\u2019eux-m\u00eames, Gornar et Untog ne sont pas du genre \u00e0 tergiverser et ont tendance \u00e0 \u00eatre assez directs. Gornar montre toutefois des capacit\u00e9s d\u2019organisation qui font d\u00e9faut \u00e0 son jumeau, qui compense par une agressivit\u00e9 accrue. Leurs affrontements sont aussi c\u00e9l\u00e8bres que celui d\u2019Uron et de Chiar. On dit souvent de deux enfants qui se disputent qu\u2019ils \u00ab&nbsp;se chamaillent comme Gornar et Untog&nbsp;\u00bb.<\/p>\n\n\n\n<p>Gornar et Untog sont repr\u00e9sent\u00e9s comme des combattants, bien que leurs visages ne soient jamais d\u00e9couverts&nbsp;: en effet, Gornar et Untog sont toujours repr\u00e9sent\u00e9s casqu\u00e9s, bien qu\u2019ils ne portent souvent que des armures laissant apparaitre leur puissante musculature. A bien des \u00e9gards, les repr\u00e9sentations de Gornar et Untog font penser \u00e0 des gladiateurs de l\u2019antiquit\u00e9. On les reconnait toutefois \u00e0 deux \u00e9l\u00e9ments&nbsp;: le corps de Gornar est couvert d\u2019un nombre impressionnant de cicatrice, alors qu\u2019Untog a perdu quelques dents dans les bagarres. Par cons\u00e9quent, on surnomme parfois Gornar \u00ab&nbsp;le Balafr\u00e9&nbsp;\u00bb et Untog \u00ab&nbsp;l\u2019Edent\u00e9&nbsp;\u00bb.<\/p>\n\n\n\n<h3><a>Ses fid\u00e8les<\/a><\/h3>\n\n\n\n<p>Les fid\u00e8les de Gornar et Untog disent \u00eatre oppos\u00e9s les uns aux autres et ne pas v\u00e9n\u00e9rer le m\u00eame dieu. Cependant pour les autres clerg\u00e9s, ils sont consid\u00e9r\u00e9s comme deux factions d\u2019une m\u00eame organisation, tellement leurs rites sont proches.<\/p>\n\n\n\n<p>Dans chaque faction, on retrouve une structure similaire. Des deux c\u00f4t\u00e9s, on recrute comme novices de jeunes guerriers ou robustes adolescents pr\u00e9sentant une foi sans faille (limite fanatique) envers leur dieu. Les novices seront entrain\u00e9s par les Gardes-Haches, qui constituent la base des pr\u00eatres de Gornar et d\u2019Untog. Entra\u00eenement militaire pouss\u00e9, tactique de combat et m\u00eame strat\u00e9gie sont au programme des jeunes novices. Les Gardes-Haches suivent au aussi un entra\u00eenement constant, afin de maintenir leur sens en \u00e9veil et leur sans arr\u00eat perfectionner leur expertise du combat. Pour beaucoup, les pr\u00eatres de Gornar et d\u2019Untog sont \u00e0 peine diff\u00e9rents de combattants, \u00e0 la diff\u00e9rence pr\u00e8s qu\u2019ils poss\u00e8dent la magie divine comme alli\u00e9e. Les pr\u00eatres de Gornar passent parfois des accords avec le pouvoir en place pour former les soldats et int\u00e9grer les arm\u00e9es locales, ce qui permet aux dirigeants locaux d\u2019avoir des alli\u00e9s puissants et efficaces, capables de soutenir efficacement leur arm\u00e9e et de renforcer le moral des troupes. Les pr\u00eatres de Gornar y trouvent leur compte \u00e9galement, puisqu\u2019ils sont ainsi au contact d\u2019une force arm\u00e9e constituant un vivier important de nouveaux fid\u00e8les et renforcent ainsi leur contr\u00f4le moral sur les soldats.<\/p>\n\n\n\n<p>Les pr\u00eatres d\u2019Untog sont moins organis\u00e9s. Toutefois, dans les tribus humano\u00efdes, ils parviennent le plus souvent \u00e0 avoir une influence d\u00e9terminante et parviennent bien souvent \u00e0 am\u00e9liorer les tactiques de combat et l\u2019efficacit\u00e9 des guerriers tribaux. Les pr\u00eatres d\u2019Untog font de redoutables aides de camp des chefs humano\u00efdes, et en tant que conseillers, ils encouragent les attitudes belliqueuses et agressives menant la tribu sur les sentiers de la guerre.<\/p>\n\n\n\n<figure class=\"wp-block-image size-full\"><img decoding=\"async\" width=\"382\" height=\"690\" src=\"https:\/\/extremia.org\/wp\/wp-content\/uploads\/image-11.png\" alt=\"\" class=\"wp-image-338\" srcset=\"https:\/\/extremia.org\/wp\/wp-content\/uploads\/image-11.png 382w, https:\/\/extremia.org\/wp\/wp-content\/uploads\/image-11-166x300.png 166w\" sizes=\"(max-width: 382px) 100vw, 382px\" \/><figcaption class=\"wp-element-caption\"><em>Un pr\u00eatre de Gornar<\/em><\/figcaption><\/figure>\n\n\n\n<p>Au-dessus des Garde-Hache, on retrouve les Ma\u00eetres de Combat, qui dirigent le plus souvent des temples (appel\u00e9s \u00ab&nbsp;acad\u00e9mies de combat&nbsp;\u00bb chez les adeptes de Gornar) et des \u00ab&nbsp;ar\u00e8nes d\u2019affrontement&nbsp;\u00bb chez Untog). Les Ma\u00eetres de Combat ont sous leur commandement tous les pr\u00eatres de m\u00eame ob\u00e9dience d\u2019une r\u00e9gion donn\u00e9e. En g\u00e9n\u00e9ral, si un pr\u00eatre conteste l\u2019autorit\u00e9 de son sup\u00e9rieur, il doit le d\u00e9fier en combat singulier. Le vainqueur a ensuite toujours raison et peut disposer comme bon lui semble de son adversaire\u2026 il n\u2019y a pas de hi\u00e9rarchie au-dessus des Ma\u00eetres de Combat, les deux factions n\u2019\u00e9tant pas assez structur\u00e9e pour \u00e7a. Il arrive que dans un conflit, l\u2019une des forces en pr\u00e9sence soit soutenue par les pr\u00eatres de Gornar et l\u2019autre par les pr\u00eatres d\u2019Untog. Mais il peut arriver aussi que deux temples de Gornar soutiennent deux factions diff\u00e9rentes&nbsp;(il en va de m\u00eame pour Untog). Dans ce cas bizarre, les pr\u00eatres de m\u00eame faction s\u2019\u00e9vitent en combat (c\u2019est bien la seule fois que des pr\u00eatres de Gornar ou d\u2019Untog refusent un affrontement). Mais pour autant, les pr\u00eatres de m\u00eame faction n\u2019h\u00e9sitent pas \u00e0 frapper les alli\u00e9s de leurs confr\u00e8res et \u00e0 soutenir l\u2019arm\u00e9e dont ils font partie.<\/p>\n\n\n\n<p>Les pr\u00eatres de l\u2019Edent\u00e9 et ceux du Balafr\u00e9 ont souvent des temp\u00e9raments en harmonie avec ceux de leurs dieux&nbsp;: bagarreurs, impulsifs, courageux jusqu\u2019au t\u00e9m\u00e9raire. Lorsqu\u2019ils ne se battent pas ou ne s\u2019entra\u00eenent pas, de nombreux pr\u00eatres de Gornar ont pour passion les r\u00e9cits de combat, les livres racontant les \u00e9pop\u00e9es d\u2019arm\u00e9es ou encore les trait\u00e9s de strat\u00e9gie militaire. Les pr\u00eatres d\u2019Untog, souvent moins cultiv\u00e9s, sont des amateurs d\u2019armes en tout genre et nombre d\u2019entre eux sont incollables sur les styles d\u2019armes, les formes de lames, etc. Ils aiment d\u2019ailleurs collectionner les armes et se constituent souvent de vastes armureries en pr\u00e9levant nombre d\u2019armes sur les champs de bataille.<\/p>\n\n\n\n<p>Les pr\u00eatres de Gornar portent des armures lourdes, sur lesquels ils rev\u00eatent des cottes d\u2019armes couleur m\u00e9tal sur lequel est brod\u00e9 le blason de des dieux jumeaux&nbsp;: deux haches se croisant sur fond rouge. L\u2019apparence des pr\u00eatres de Gornar est ainsi tr\u00e8s martiale, plus proche de celle des combattants que des pr\u00eatres traditionnels. Ils portent \u00e9galement des casques m\u00e9talliques tr\u00e8s sp\u00e9cifiques, orn\u00e9s d\u2019une pointe effil\u00e9e.&nbsp; Les pr\u00eatres d\u2019Untog pr\u00e9f\u00e8rent des armures un peu plus l\u00e9g\u00e8res, leur permettant une plus grande mobilit\u00e9. Ils appr\u00e9cient les armures ressemblant \u00e0 celle des gladiateurs. Ils appr\u00e9cient les m\u00e9taux comme le bronze et l\u2019\u00e9tain. Ils portent eux aussi un casque similaire \u00e0 celui des pr\u00eatres de Gornar, mais le plus souvent en bronze. Les pr\u00eatres des deux camps utilisent une dague consacr\u00e9e en tant que symbole religieux&nbsp;: celle-ci doit avoir le nom du dieu grav\u00e9 sur la lame. Quel que soit leur faction, les pr\u00eatres appr\u00e9cient les tatouages d\u2019armes, et certains en ont le corps presque int\u00e9gralement recouvert. Ils font g\u00e9n\u00e9ralement leur fiert\u00e9 et les plus beaux suscitent l\u2019admiration de leurs coreligionnaires. Enfin, la devise du culte, tant pour Gornar que pour Untog, est tout simplement \u00ab&nbsp;Au combat&nbsp;!&nbsp;\u00bb.<\/p>\n\n\n\n<p>Lorsqu\u2019ils meurent, tant les fid\u00e8les de Gornar et d\u2019Untog sont honor\u00e9s par un festin fun\u00e8bre o\u00f9 l\u2019ont proclame des odes \u00e0 la m\u00e9moire des d\u00e9funts, avant de s\u2019attabler pour d\u00eener. A la fin du repas, les compagnons d\u2019armes du d\u00e9funt enterrent le d\u00e9funt avec son armure et ses armes, en habit de c\u00e9r\u00e9monie, dans un cercueil d\u2019\u00e9tain. Ce dernier est grav\u00e9 de nombreuses \u00e9pitaphes \u00e0 la gloire du d\u00e9funt, puis le cercueil est enterr\u00e9 dans la terre. En g\u00e9n\u00e9ral, les tombes ne sont pas identifi\u00e9es car les fid\u00e8les de Gornar et d\u2019Untog cherchent \u00e0 \u00e9viter le pillage de leurs morts.<\/p>\n\n\n\n<p>Les fid\u00e8les de Gornar sont surtout Humains, Nains et plus rarement elfes. Les adeptes d\u2019Untog sont souvent Orques, Gobelins, Drows, Hommes-L\u00e9zards, etc.<\/p>\n\n\n\n<p>On trouve les fid\u00e8les d\u2019Untog principalement dans le Tizun (Guul-Shog, et un peu \u00e0 Menesa), mais aussi dans Karakite (Zhullag), et dans les zones sauvages du Zorbaranus, alors que les fid\u00e8les de Gornar se retrouvent surtout dans le Vyrmonus (Carn\u00f9r notamment, mais aussi Fall, Vyrman, Bordanie, Terres du Nord, Nur\u00f9n-Castiglione), le Tizun (Dolgrak, Aldering, Menesa) et le Zorbaranus (Gurvand notamment). Le Balafr\u00e9 et l\u2019Edent\u00e9 ne partagent pas non plus les m\u00eames lieux saints&nbsp;: on raconte que le lieu saint de Gornar serait une acad\u00e9mie formant des guerriers et dispensant l\u2019enseignement du Balafr\u00e9, quelque part dans le Zorbaranus. Pour Untog, son lieu saint serait une ar\u00e8ne de gladiateurs, quelques parts dans les royaumes orques du Tizun. <\/p>\n\n\n\n<p>Parmi les adorateurs notables de cultes, on retrouve les Chefs de Guerre du Balafr\u00e9 ou de l&rsquo;Edent\u00e9 et les Champions du Balafr\u00e9 ou de l&rsquo;Edent\u00e9.<\/p>\n\n\n\n<h3><a>El\u00e9ments techniques<\/a><\/h3>\n\n\n\n<p><strong>Alignement g\u00e9n\u00e9ral<\/strong>&nbsp;: Gornar et Untog sont Chaotique Neutre. Les fid\u00e8les de Gornar sont d\u2019alignement Chaotique Neutre, Chaotique Bon ou Neutre.&nbsp; Les pr\u00eatres d\u2019Untog peuvent \u00eatre Chaotique Neutre, ou Chaotique Mauvais.<\/p>\n\n\n\n<p><strong>Domaines<\/strong>&nbsp;: \u00e0 choisir parmi Guerre, Force, Destruction, Chaos, Gloire*, Pestilence*<\/p>\n\n\n\n<p><strong>Arme de pr\u00e9dilection<\/strong>&nbsp;: la Hache d\u2019armes ou la Hache \u00e0 deux mains.<\/p>\n\n\n\n<p><strong>Pouvoirs sp\u00e9ciaux<\/strong>&nbsp;:<\/p>\n\n\n\n<ul>\n<li>Les pr\u00eatres de Gornar &amp; Untog sont comp\u00e9tents dans le maniement de toutes les armes de Guerre<\/li>\n\n\n\n<li>Convertir spontan\u00e9ment ses sorts en sorts de Soins ou de Blessures de m\u00eame niveau (au choix du joueur&nbsp;: le choix doit \u00eatre effectu\u00e9 en d\u00e9but de carri\u00e8re et ne peut plus \u00eatre chang\u00e9 ensuite).<\/li>\n<\/ul>\n\n\n\n<p><strong>Comp\u00e9tences de classe<\/strong>&nbsp;: Art de la magie (Int), Artisanat (Int), Concentration (Con), Connaissances (histoire) (Int), Connaissances (myst\u00e8res) (Int), Intimidation (Cha), Connaissances (religion) (Int), Diplomatie (Cha), Premiers secours (Sag) et Profession (Sag).<\/p>\n","protected":false},"excerpt":{"rendered":"<p>La divinit\u00e9 Gornar et Untog sont des dieux jumeaux qui passent leur temps \u00e0 se quereller. S\u2019affrontant sans cesse, leurs domaines d\u2019influence sont tout naturellement la guerre, les combats, les massacres, la destruction et les affrontements. Ils sont les Saint Patrons des gladiateurs, des mercenaires, des seigneurs de guerre et de tr\u00e8s nombreux guerriers ou [&hellip;]<\/p>\n","protected":false},"author":3,"featured_media":0,"parent":412,"menu_order":0,"comment_status":"closed","ping_status":"closed","template":"","meta":[],"_links":{"self":[{"href":"https:\/\/extremia.org\/wp\/index.php?rest_route=\/wp\/v2\/pages\/336"}],"collection":[{"href":"https:\/\/extremia.org\/wp\/index.php?rest_route=\/wp\/v2\/pages"}],"about":[{"href":"https:\/\/extremia.org\/wp\/index.php?rest_route=\/wp\/v2\/types\/page"}],"author":[{"embeddable":true,"href":"https:\/\/extremia.org\/wp\/index.php?rest_route=\/wp\/v2\/users\/3"}],"replies":[{"embeddable":true,"href":"https:\/\/extremia.org\/wp\/index.php?rest_route=%2Fwp%2Fv2%2Fcomments&post=336"}],"version-history":[{"count":3,"href":"https:\/\/extremia.org\/wp\/index.php?rest_route=\/wp\/v2\/pages\/336\/revisions"}],"predecessor-version":[{"id":417,"href":"https:\/\/extremia.org\/wp\/index.php?rest_route=\/wp\/v2\/pages\/336\/revisions\/417"}],"up":[{"embeddable":true,"href":"https:\/\/extremia.org\/wp\/index.php?rest_route=\/wp\/v2\/pages\/412"}],"wp:attachment":[{"href":"https:\/\/extremia.org\/wp\/index.php?rest_route=%2Fwp%2Fv2%2Fmedia&parent=336"}],"curies":[{"name":"wp","href":"https:\/\/api.w.org\/{rel}","templated":true}]}}