{"id":329,"date":"2023-01-01T14:28:26","date_gmt":"2023-01-01T13:28:26","guid":{"rendered":"https:\/\/extremia.org\/wp\/?page_id=329"},"modified":"2023-01-01T14:30:34","modified_gmt":"2023-01-01T13:30:34","slug":"adorateur-du-leviathan","status":"publish","type":"page","link":"https:\/\/extremia.org\/wp\/?page_id=329","title":{"rendered":"Adorateur du L\u00e9viathan"},"content":{"rendered":"\n<p><\/p>\n\n\n\n<p>Cette classe de prestige est d\u00e9di\u00e9e aux adeptes de <a href=\"https:\/\/extremia.org\/wp\/?page_id=325\" data-type=\"page\" data-id=\"325\">Dakrel\u2019<\/a> ren\u00e9gat.<\/p>\n\n\n\n<p><a><strong>Description<\/strong><\/a><strong><\/strong><\/p>\n\n\n\n<p>L\u2019Adorateur de la Secte du L\u00e9viathan est membre de la secte dissidente des serviteurs de Dakrel\u2019. On rencontre notamment des adorateurs du L\u00e9viathan dans le Sud du Tizun et dans plusieurs royaumes insulaires comme Fall, Carn\u00f9r et la principaut\u00e9 Callanienne.<\/p>\n\n\n\n<p>Les adorateurs du L\u00e9viathan sont des int\u00e9gristes ayant un go\u00fbt immod\u00e9r\u00e9 pour le secret et une m\u00e9galomanie prononc\u00e9e. Ils pr\u00f4nent une domination du monde aquatique sur le reste du monde et v\u00e9n\u00e8rent L\u00e9viathan (qu\u2019ils refusent d\u2019appeler <a href=\"https:\/\/extremia.org\/wp\/?page_id=325\" data-type=\"page\" data-id=\"325\">Dakrel\u2019<\/a>, bien qu\u2019ils affirment v\u00e9n\u00e9rer la m\u00eame divinit\u00e9 que leurs fr\u00e8res ennemis). Les adorateurs de la Secte sont de dangereux individus pratiquant les sacrifices humains lors de leurs c\u00e9r\u00e9monies. Ces offrandes visent \u00e0 apaiser (ou \u00e0 provoquer, selon leurs besoins) la col\u00e8re de L\u00e9viathan. Les Adorateurs aiment les c\u00e9r\u00e9monies secr\u00e8tes, les complots complexes et tissent souvent des alliances avec les cr\u00e9atures marines mal\u00e9fiques.<\/p>\n\n\n\n<p>La plupart des adorateurs du L\u00e9viathan sont des pr\u00eatres, des r\u00f4deurs ou des pr\u00eatres\/r\u00f4deurs. Quelque fois, il arrive qu&rsquo;un ensorceleur sp\u00e9cialis\u00e9 dans magie de l&rsquo;eau se dirige sur cette voie. Les adorateurs du L\u00e9viathan sont regroup\u00e9s dans de petites organisations ne d\u00e9passant g\u00e9n\u00e9ralement pas une trentaine de personnes, serviteurs compris. Ils sont \u00e9videmment \u00e9tablis sur les \u00eeles ou les c\u00f4tes balay\u00e9es par les orages, alors que d&rsquo;autres passent leur vie enti\u00e8re \u00e0 bord de bateaux. Plusieurs vivent en tant que pirates, attaquant les navires marchands et m\u00eame des vaisseaux militaires.<\/p>\n\n\n\n<p><a><strong>Conditions<\/strong><\/a><strong><\/strong><\/p>\n\n\n\n<p>Pour devenir Adorateur du L\u00e9viathan, un personnage doit r\u00e9pondre aux crit\u00e8res suivants :<\/p>\n\n\n\n<p><strong>Alignement<\/strong> : Mauvais<\/p>\n\n\n\n<p><strong>Bonus de base \u00e0 l\u2019attaque<\/strong> : +4<\/p>\n\n\n\n<p><strong>Bonus de base aux JS: Volont\u00e9<\/strong> +4<\/p>\n\n\n\n<p><strong>Comp\u00e9tences<\/strong> : degr\u00e9 de ma\u00eetrise de 4 en Connaissance (Nature), degr\u00e9 de ma\u00eetrise de 5 en Natation, degr\u00e9 de maitrise de 4 en Langue (Aquatique), degr\u00e9 de ma\u00eetrise de 3 en Connaissance (Religion).<\/p>\n\n\n\n<p><strong>Sorts<\/strong> : facult\u00e9 de lancer des sorts divins de 2<sup>\u00e8me<\/sup> niveau et \u00e0 acc\u00e8s au Domaine de l\u2019Eau.<\/p>\n\n\n\n<p><strong>Divinit\u00e9<\/strong> : Dakrel\u2019 doit \u00eatre la divinit\u00e9 tut\u00e9laire du personnage.<\/p>\n\n\n\n<p><strong>Don<\/strong> : Endurance<\/p>\n\n\n\n<p><a><strong>Caract\u00e9ristiques de classe<\/strong><\/a><\/p>\n\n\n\n<p><\/p>\n\n\n\n<figure class=\"wp-block-table\"><table><tbody><tr><td>Niv.&nbsp;<br>Adorateur du L\u00e9viathan<\/td><td>Bonus de<br>base \u00e0 l&rsquo;Attaque<\/td><td>Bonus de base aux Reflexes<\/td><td>Bonus de base \u00e0 la Vigueur<\/td><td>Bonus de base \u00e0 la Volont\u00e9<\/td><td>Sp\u00e9cial<\/td><td>Sorts<\/td><\/tr><tr><td>1<\/td><td>+0<\/td><td>+2<\/td><td>+0<\/td><td>+2<\/td><td>Respiration aquatique, Arme de pr\u00e9dilection (Trident), Dur \u00e0 Cuire<\/td><td>+1 niv de jeteur de sort effectif&nbsp;<\/td><\/tr><tr><td>2<\/td><td>+1<\/td><td>+3<\/td><td>+0<\/td><td>+3<\/td><td>Libert\u00e9 de mouvement<\/td><td>+1 niv de jeteur de sort effectif<\/td><\/tr><tr><td>3<\/td><td>+2<\/td><td>+3<\/td><td>+1<\/td><td>+3<\/td><td>Contr\u00f4le des cr\u00e9atures aquatiques, Pied Marin<\/td><td>+1 niv de jeteur de sort effectif<\/td><\/tr><tr><td>4<\/td><td>+3<\/td><td>+4<\/td><td>+1<\/td><td>+4<\/td><td>Morsure du L\u00e9viathan&nbsp; Vigueur Surhumaine<\/td><td>+1 niv de jeteur de sort effectif<\/td><\/tr><tr><td>5<\/td><td>+3<\/td><td>+4<\/td><td>+1<\/td><td>+4<\/td><td>Vision des profondeurs<\/td><td>+1 niv de jeteur de sort effectif<\/td><\/tr><tr><td>6<\/td><td>+4<\/td><td>+5<\/td><td>+2<\/td><td>+5<\/td><td>Peur du L\u00e9viathan<\/td><td>+1 niv de jeteur de sort effectif<\/td><\/tr><tr><td>7<\/td><td>+5<\/td><td>+5<\/td><td>+2<\/td><td>+5<\/td><td>Contr\u00f4le des creatures aquatique renforc\u00e9<\/td><td>+1 niv de jeteur de sort effectif<\/td><\/tr><tr><td>8<\/td><td>+6<\/td><td>+6<\/td><td>+2<\/td><td>+6<\/td><td>Morsure renforc\u00e9e<\/td><td>+1 niv de jeteur de sort effectif<\/td><\/tr><tr><td>9<\/td><td>+6<\/td><td>+6<\/td><td>+3<\/td><td>+6<\/td><td>Terreur du L\u00e9viathan<\/td><td>+1 niv de jeteur de sort effectif<\/td><\/tr><tr><td>10<\/td><td>+7<\/td><td>+7<\/td><td>+3<\/td><td>+7<\/td><td>Renversement des navires<\/td><td>+1 niv de jeteur de sort effectif<\/td><\/tr><\/tbody><\/table><\/figure>\n\n\n\n<p><strong>D\u00e9s de vie<\/strong> : d8.<\/p>\n\n\n\n<p><strong>Comp\u00e9tences de classe<\/strong> : Artisanat (Int), Concentration (Int), Connaissances (nature) (Int), Connaissances (religion) (Int), Empathie avec les animaux (Cha), Natation (For), Premiers secours (Sag), Profession (Sag), Saut (For), Sens de l&rsquo;orientation (Sag) et Sens de la nature (Sag).<\/p>\n\n\n\n<p><strong>Points de comp\u00e9tences additionnels \u00e0 chaque niveau<\/strong>&nbsp;: 2 + modificateur d&rsquo;Intelligence.<\/p>\n\n\n\n<p><strong>Armes et armures<\/strong> : L\u2019Adorateur du L\u00e9viathan&nbsp; est form\u00e9 au maniement des armes courantes et au port des armures l\u00e9g\u00e8res.<\/p>\n\n\n\n<p><strong>Sorts<\/strong>. Lorsque le personnage gagne un niveau d\u2019Adorateur du L\u00e9viathan, son quota de sorts quotidiens (et suivant la classe, son nombre de sorts connus) augmente comme s&rsquo;il avait obtenu un niveau suppl\u00e9mentaire dans l&rsquo;une de ses classes de lanceur de sorts pr\u00e9c\u00e9dentes. Par contre, il ne gagne aucun des autres avantages de cette classe, tels qu&rsquo;une meilleure chance de repousser ou d&rsquo;intimider les morts-vivants, de nouveaux dons de m\u00e9tamagie ou de cr\u00e9ation d&rsquo;objets, et ainsi de suite. Si le personnage avait plusieurs classes de jeteur de sorts avant de devenir Adorateur du L\u00e9viathan, il doit choisir \u00e0 laquelle d&rsquo;entre elles chacun de ses niveaux d\u2019Adorateur du L\u00e9viathan va s&rsquo;appliquer, en ce qui concerne les sorts par jour et les sorts connus.<\/p>\n\n\n\n<p><strong>Dur \u00e0 Cuire<\/strong>. De par leur fanatisme, les Adorateurs du L\u00e9viathan gagnent au niveau 1 le don de Dur \u00e0 Cuire.<\/p>\n\n\n\n<p><strong>Respiration aquatique (Ext)<\/strong>. Un Adorateur du L\u00e9viathan peut respirer dans l&rsquo;eau aussi facilement que dans l&rsquo;air. Il obtient aussi une vitesse de d\u00e9placement \u00e0 la nage de 9 m\u00e8tres. Comme toutes les cr\u00e9atures qui ont une vitesse de d\u00e9placement \u00e0 la nage, un Adorateur du L\u00e9viathan n&rsquo;a pas \u00e0 faire de jet de Natation pour se mouvoir dans l&rsquo;eau. Il a un bonus de +8 en-Natation pour r\u00e9aliser des actions sp\u00e9ciales et pour \u00e9viter les situations risqu\u00e9es. Il peut choisir de prendre 10 sur un jet de Natation m\u00eame s&rsquo;il est pr\u00e9cipit\u00e9 ou menac\u00e9. Il peut d\u00e9cider d&rsquo;utiliser une action de course lorsqu&rsquo;il nage, mais cela ne peut se faire qu&rsquo;en ligne droite.<\/p>\n\n\n\n<p><strong>Arme de Pr\u00e9dilection (Trident)<\/strong>. L\u2019Adorateur du L\u00e9viathan gagne le don Arme de Pr\u00e9dilection pour le Trident. Si l\u2019Adorateur poss\u00e9dait d\u00e9j\u00e0 ce don pour le Trident, il gagne \u00e0 la place Arme de Pr\u00e9dilection sup\u00e9rieure (Trident).<\/p>\n\n\n\n<p><strong>Libert\u00e9 de mouvement (Ext)<\/strong>. Au niveau 2, un Adorateur du L\u00e9viathan se d\u00e9place et attaque sous l&rsquo;eau de fa\u00e7on tout \u00e0 fait normale, comme s&rsquo;il \u00e9tait sous l&rsquo;effet du sort libert\u00e9 de mouvement II peut \u00e9galement lancer des sorts sous l&rsquo;eau sans \u00eatre g\u00ean\u00e9. Les restrictions qui ne sont pas directement li\u00e9es \u00e0 l&rsquo;eau (telles que le sortil\u00e8ge toile d&rsquo;araign\u00e9e lanc\u00e9 sous l&rsquo;eau) ne sont pas contrecarr\u00e9es par cette capacit\u00e9.<\/p>\n\n\n\n<p><strong>Contr\u00f4le des cr\u00e9atures aquatiques (Sur)<\/strong>. Au niveau 3, l\u2019Adorateur du L\u00e9viathan obtient la capacit\u00e9 d&rsquo;intimider ou de contr\u00f4ler les cr\u00e9atures aquatiques. Ce pouvoir fonctionne comme celui que poss\u00e8dent les pr\u00eatres mal\u00e9fiques d&rsquo;intimider ou contr\u00f4ler les morts-vivants, mais \u00e0 un niveau \u00e9quivalant \u00e9gal au niveau de classe de l\u2019Adorateur du L\u00e9viathan. Par jour, l\u2019Adorateur peut utiliser ce pouvoir un nombre de fois \u00e9gal \u00e0 2 + son modificateur de Charisme.<\/p>\n\n\n\n<p><strong>Pied Marin<\/strong>. Au niveau 3, l\u2019Adorateur du L\u00e9viathan gagne le don Pied Marin.<\/p>\n\n\n\n<p><strong>Vigueur Surhumaine<\/strong>. Au niveau 4, l\u2019Adorateur du L\u00e9viathan, devient tellement proche de sa divinit\u00e9 qu\u2019il gagne la r\u00e9sistance l\u00e9gendaire du L\u00e9viathan, en b\u00e9n\u00e9ficiant du Don Vigueur Surhumaine. Si le personnage b\u00e9n\u00e9ficie d\u00e9j\u00e0 du don Vigueur Surhumaine, il gagne \u00e0 la place un bonus suppl\u00e9mentaire de +1 sur son jet de sauvegarde de Vigueur.<\/p>\n\n\n\n<p><strong>Morsure du L\u00e9viathan (Sur)<\/strong>&nbsp;: Au niveau 4, l\u2019Adorateur du L\u00e9viathan gagne une attaque suppl\u00e9mentaire de morsure. C&rsquo;est une attaque naturelle qui b\u00e9n\u00e9ficie du bonus d&rsquo;attaque de base total. Il s&rsquo;agit d&rsquo;une attaque naturelle primaire qui inflige 1d6 points de d\u00e9g\u00e2ts (1d4 si l\u2019Adorateur est de taille P) plus 1,5 fois son bonus de Force.<\/p>\n\n\n\n<p><strong>Vision des profondeurs (Ext)<\/strong>. Au niveau 5, l\u2019Adorateur du L\u00e9viathan peut voir sous l&rsquo;eau comme s&rsquo;il poss\u00e9dait la vision nocturne et la vision dans le noir.<\/p>\n\n\n\n<p><strong>Peur du L\u00e9viathan (Ext)<\/strong>. Au niveau 6, l\u2019Adorateur du L\u00e9viathan obtient la capacit\u00e9 de diffuser la peur \u00e0 ses adversaires, comme l\u2019Aura de Terreur diffus\u00e9e par le L\u00e9viathan. Toute cr\u00e9ature se trouvant dans un rayon de de 9m de l\u2019Adorateur du L\u00e9viathan doit r\u00e9ussir un jet de sauvegarde de Volont\u00e9 sous peine d\u2019\u00eatre Effray\u00e9 pendant 1d3 rounds + modificateur de Charisme de l\u2019Adorateur. Le DD est \u00e9gal \u00e0 10 + niveau de l\u2019Adorateur du L\u00e9viathan + Modificateur de Charisme. Par jour, l\u2019Adorateur peut utiliser ce pouvoir un nombre de fois \u00e9gal \u00e0 2 + son modificateur de Charisme.<\/p>\n\n\n\n<p><strong>Contr\u00f4le des cr\u00e9atures aquatiques renforc\u00e9 (Sur)<\/strong>. Au niveau 7, l\u2019Adorateur du L\u00e9viathan b\u00e9n\u00e9ficie d\u2019un bonus de +4 pour calculer les chances de contr\u00f4ler ou d\u2019intimider les cr\u00e9atures aquatiques. Par ailleurs, il obtient 2 utilisations suppl\u00e9mentaires journali\u00e8res de ce pouvoir.<\/p>\n\n\n\n<p><strong>Morsure du L\u00e9viathan renforc\u00e9e (Sur)<\/strong>. Au niveau 8, la Morsure de l\u2019Adorateur du L\u00e9viathan passe \u00e0 1d8 au lieu de 1d6.<\/p>\n\n\n\n<p><strong>Terreur du L\u00e9viathan (Ext)<\/strong>. Au niveau 9, la peur diffus\u00e9 par l\u2019Adorateur du L\u00e9viathan devient telle que les cr\u00e9atures affect\u00e9es deviennent Paniqu\u00e9es plut\u00f4t qu\u2019Effray\u00e9es. Par ailleurs, l\u2019Adorateur gagne 2 utilisations suppl\u00e9mentaires quotidiennes de la Peur du L\u00e9viathan.<\/p>\n\n\n\n<p><strong>Renversement de navires (Sur)<\/strong>. Au niveau 10, l\u2019Adorateur du L\u00e9viathan peut reproduire le pouvoir de Renversement des navires des baleines. Pour ce faire, l\u2019Adorateur du L\u00e9viathan canalise son \u00e9nergie dans un gigantesque tonneau d\u2019eau visant le navire. Il peut alors tenter de faire sombrer un bateau ou un navire. Le capitaine du navire doit alors r\u00e9ussir d&rsquo;un test de profession marin contre un DD de 20 + bonus de Sagesse de l\u2019Adorateur du L\u00e9viathan. Si le navire est plus grand qu\u2019une baleine, le test subit un malus cumulatif de -10 par cat\u00e9gorie de taille de diff\u00e9rence.<\/p>\n\n\n\n<p><strong>D\u00e9s de vie<\/strong> : d8.<\/p>\n\n\n\n<p><strong>Comp\u00e9tences de classe<\/strong> : Artisanat (Int), Concentration (Int), Connaissances (nature) (Int), Connaissances (religion) (Int), Empathie avec les animaux (Cha), Natation (For), Premiers secours (Sag), Profession (Sag), Saut (For), Sens de l&rsquo;orientation (Sag) et Sens de la nature (Sag).<\/p>\n\n\n\n<p><strong>Points de comp\u00e9tences additionnels \u00e0 chaque niveau<\/strong>&nbsp;: 2 + modificateur d&rsquo;Intelligence.<\/p>\n\n\n\n<p><strong>Armes et armures<\/strong> : L\u2019Adorateur du L\u00e9viathan&nbsp; est form\u00e9 au maniement des armes courantes et au port des armures l\u00e9g\u00e8res.<\/p>\n\n\n\n<p><strong>Sorts<\/strong>. Lorsque le personnage gagne un niveau d\u2019Adorateur du L\u00e9viathan, son quota de sorts quotidiens (et suivant la classe, son nombre de sorts connus) augmente comme s&rsquo;il avait obtenu un niveau suppl\u00e9mentaire dans l&rsquo;une de ses classes de lanceur de sorts pr\u00e9c\u00e9dentes. Par contre, il ne gagne aucun des autres avantages de cette classe, tels qu&rsquo;une meilleure chance de repousser ou d&rsquo;intimider les morts-vivants, de nouveaux dons de m\u00e9tamagie ou de cr\u00e9ation d&rsquo;objets, et ainsi de suite. Si le personnage avait plusieurs classes de jeteur de sorts avant de devenir Adorateur du L\u00e9viathan, il doit choisir \u00e0 laquelle d&rsquo;entre elles chacun de ses niveaux d\u2019Adorateur du L\u00e9viathan va s&rsquo;appliquer, en ce qui concerne les sorts par jour et les sorts connus.<\/p>\n\n\n\n<p><strong>Dur \u00e0 Cuire<\/strong>. De par leur fanatisme, les Adorateurs du L\u00e9viathan gagnent au niveau 1 le don de Dur \u00e0 Cuire.<\/p>\n\n\n\n<p><strong>Respiration aquatique (Ext)<\/strong>. Un Adorateur du L\u00e9viathan peut respirer dans l&rsquo;eau aussi facilement que dans l&rsquo;air. Il obtient aussi une vitesse de d\u00e9placement \u00e0 la nage de 9 m\u00e8tres. Comme toutes les cr\u00e9atures qui ont une vitesse de d\u00e9placement \u00e0 la nage, un Adorateur du L\u00e9viathan n&rsquo;a pas \u00e0 faire de jet de Natation pour se mouvoir dans l&rsquo;eau. Il a un bonus de +8 en-Natation pour r\u00e9aliser des actions sp\u00e9ciales et pour \u00e9viter les situations risqu\u00e9es. Il peut choisir de prendre 10 sur un jet de Natation m\u00eame s&rsquo;il est pr\u00e9cipit\u00e9 ou menac\u00e9. Il peut d\u00e9cider d&rsquo;utiliser une action de course lorsqu&rsquo;il nage, mais cela ne peut se faire qu&rsquo;en ligne droite.<\/p>\n\n\n\n<p><strong>Arme de Pr\u00e9dilection (Trident)<\/strong>. L\u2019Adorateur du L\u00e9viathan gagne le don Arme de Pr\u00e9dilection pour le Trident. Si l\u2019Adorateur poss\u00e9dait d\u00e9j\u00e0 ce don pour le Trident, il gagne \u00e0 la place Arme de Pr\u00e9dilection sup\u00e9rieure (Trident).<\/p>\n\n\n\n<p><strong>Libert\u00e9 de mouvement (Ext)<\/strong>. Au niveau 2, un Adorateur du L\u00e9viathan se d\u00e9place et attaque sous l&rsquo;eau de fa\u00e7on tout \u00e0 fait normale, comme s&rsquo;il \u00e9tait sous l&rsquo;effet du sort libert\u00e9 de mouvement II peut \u00e9galement lancer des sorts sous l&rsquo;eau sans \u00eatre g\u00ean\u00e9. Les restrictions qui ne sont pas directement li\u00e9es \u00e0 l&rsquo;eau (telles que le sortil\u00e8ge toile d&rsquo;araign\u00e9e lanc\u00e9 sous l&rsquo;eau) ne sont pas contrecarr\u00e9es par cette capacit\u00e9.<\/p>\n\n\n\n<p><strong>Contr\u00f4le des cr\u00e9atures aquatiques (Sur)<\/strong>. Au niveau 3, l\u2019Adorateur du L\u00e9viathan obtient la capacit\u00e9 d&rsquo;intimider ou de contr\u00f4ler les cr\u00e9atures aquatiques. Ce pouvoir fonctionne comme celui que poss\u00e8dent les pr\u00eatres mal\u00e9fiques d&rsquo;intimider ou contr\u00f4ler les morts-vivants, mais \u00e0 un niveau \u00e9quivalant \u00e9gal au niveau de classe de l\u2019Adorateur du L\u00e9viathan. Par jour, l\u2019Adorateur peut utiliser ce pouvoir un nombre de fois \u00e9gal \u00e0 2 + son modificateur de Charisme.<\/p>\n\n\n\n<p><strong>Pied Marin<\/strong>. Au niveau 3, l\u2019Adorateur du L\u00e9viathan gagne le don Pied Marin.<\/p>\n\n\n\n<p><strong>Vigueur Surhumaine<\/strong>. Au niveau 4, l\u2019Adorateur du L\u00e9viathan, devient tellement proche de sa divinit\u00e9 qu\u2019il gagne la r\u00e9sistance l\u00e9gendaire du L\u00e9viathan, en b\u00e9n\u00e9ficiant du Don Vigueur Surhumaine. Si le personnage b\u00e9n\u00e9ficie d\u00e9j\u00e0 du don Vigueur Surhumaine, il gagne \u00e0 la place un bonus suppl\u00e9mentaire de +1 sur son jet de sauvegarde de Vigueur.<\/p>\n\n\n\n<p><strong>Morsure du L\u00e9viathan (Sur)<\/strong>&nbsp;: Au niveau 4, l\u2019Adorateur du L\u00e9viathan gagne une attaque suppl\u00e9mentaire de morsure. C&rsquo;est une attaque naturelle qui b\u00e9n\u00e9ficie du bonus d&rsquo;attaque de base total. Il s&rsquo;agit d&rsquo;une attaque naturelle primaire qui inflige 1d6 points de d\u00e9g\u00e2ts (1d4 si l\u2019Adorateur est de taille P) plus 1,5 fois son bonus de Force.<\/p>\n\n\n\n<p><strong>Vision des profondeurs (Ext)<\/strong>. Au niveau 5, l\u2019Adorateur du L\u00e9viathan peut voir sous l&rsquo;eau comme s&rsquo;il poss\u00e9dait la vision nocturne et la vision dans le noir.<\/p>\n\n\n\n<p><strong>Peur du L\u00e9viathan (Ext)<\/strong>. Au niveau 6, l\u2019Adorateur du L\u00e9viathan obtient la capacit\u00e9 de diffuser la peur \u00e0 ses adversaires, comme l\u2019Aura de Terreur diffus\u00e9e par le L\u00e9viathan. Toute cr\u00e9ature se trouvant dans un rayon de de 9m de l\u2019Adorateur du L\u00e9viathan doit r\u00e9ussir un jet de sauvegarde de Volont\u00e9 sous peine d\u2019\u00eatre Effray\u00e9 pendant 1d3 rounds + modificateur de Charisme de l\u2019Adorateur. Le DD est \u00e9gal \u00e0 10 + niveau de l\u2019Adorateur du L\u00e9viathan + Modificateur de Charisme. Par jour, l\u2019Adorateur peut utiliser ce pouvoir un nombre de fois \u00e9gal \u00e0 2 + son modificateur de Charisme.<\/p>\n\n\n\n<p><strong>Contr\u00f4le des cr\u00e9atures aquatiques renforc\u00e9 (Sur)<\/strong>. Au niveau 7, l\u2019Adorateur du L\u00e9viathan b\u00e9n\u00e9ficie d\u2019un bonus de +4 pour calculer les chances de contr\u00f4ler ou d\u2019intimider les cr\u00e9atures aquatiques. Par ailleurs, il obtient 2 utilisations suppl\u00e9mentaires journali\u00e8res de ce pouvoir.<\/p>\n\n\n\n<p><strong>Morsure du L\u00e9viathan renforc\u00e9e (Sur)<\/strong>. Au niveau 8, la Morsure de l\u2019Adorateur du L\u00e9viathan passe \u00e0 1d8 au lieu de 1d6.<\/p>\n\n\n\n<p><strong>Terreur du L\u00e9viathan (Ext)<\/strong>. Au niveau 9, la peur diffus\u00e9 par l\u2019Adorateur du L\u00e9viathan devient telle que les cr\u00e9atures affect\u00e9es deviennent Paniqu\u00e9es plut\u00f4t qu\u2019Effray\u00e9es. Par ailleurs, l\u2019Adorateur gagne 2 utilisations suppl\u00e9mentaires quotidiennes de la Peur du L\u00e9viathan.<\/p>\n\n\n\n<p><strong>Renversement de navires (Sur)<\/strong>. Au niveau 10, l\u2019Adorateur du L\u00e9viathan peut reproduire le pouvoir de Renversement des navires des baleines. Pour ce faire, l\u2019Adorateur du L\u00e9viathan canalise son \u00e9nergie dans un gigantesque tonneau d\u2019eau visant le navire. Il peut alors tenter de faire sombrer un bateau ou un navire. Le capitaine du navire doit alors r\u00e9ussir d&rsquo;un test de profession marin contre un DD de 20 + bonus de Sagesse de l\u2019Adorateur du L\u00e9viathan. Si le navire est plus grand qu\u2019une baleine, le test subit un malus cumulatif de -10 par cat\u00e9gorie de taille de diff\u00e9rence.<\/p>\n","protected":false},"excerpt":{"rendered":"<p>Cette classe de prestige est d\u00e9di\u00e9e aux adeptes de Dakrel\u2019 ren\u00e9gat. Description L\u2019Adorateur de la Secte du L\u00e9viathan est membre de la secte dissidente des serviteurs de Dakrel\u2019. On rencontre notamment des adorateurs du L\u00e9viathan dans le Sud du Tizun et dans plusieurs royaumes insulaires comme Fall, Carn\u00f9r et la principaut\u00e9 Callanienne. Les adorateurs du [&hellip;]<\/p>\n","protected":false},"author":3,"featured_media":0,"parent":325,"menu_order":0,"comment_status":"closed","ping_status":"closed","template":"","meta":[],"_links":{"self":[{"href":"https:\/\/extremia.org\/wp\/index.php?rest_route=\/wp\/v2\/pages\/329"}],"collection":[{"href":"https:\/\/extremia.org\/wp\/index.php?rest_route=\/wp\/v2\/pages"}],"about":[{"href":"https:\/\/extremia.org\/wp\/index.php?rest_route=\/wp\/v2\/types\/page"}],"author":[{"embeddable":true,"href":"https:\/\/extremia.org\/wp\/index.php?rest_route=\/wp\/v2\/users\/3"}],"replies":[{"embeddable":true,"href":"https:\/\/extremia.org\/wp\/index.php?rest_route=%2Fwp%2Fv2%2Fcomments&post=329"}],"version-history":[{"count":2,"href":"https:\/\/extremia.org\/wp\/index.php?rest_route=\/wp\/v2\/pages\/329\/revisions"}],"predecessor-version":[{"id":332,"href":"https:\/\/extremia.org\/wp\/index.php?rest_route=\/wp\/v2\/pages\/329\/revisions\/332"}],"up":[{"embeddable":true,"href":"https:\/\/extremia.org\/wp\/index.php?rest_route=\/wp\/v2\/pages\/325"}],"wp:attachment":[{"href":"https:\/\/extremia.org\/wp\/index.php?rest_route=%2Fwp%2Fv2%2Fmedia&parent=329"}],"curies":[{"name":"wp","href":"https:\/\/api.w.org\/{rel}","templated":true}]}}