{"id":325,"date":"2023-01-01T14:21:43","date_gmt":"2023-01-01T13:21:43","guid":{"rendered":"https:\/\/extremia.org\/wp\/?page_id=325"},"modified":"2023-11-01T10:16:21","modified_gmt":"2023-11-01T09:16:21","slug":"dakrel","status":"publish","type":"page","link":"https:\/\/extremia.org\/wp\/?page_id=325","title":{"rendered":"Dakrel&rsquo;"},"content":{"rendered":"\n<figure class=\"wp-block-image size-full\"><img fetchpriority=\"high\" decoding=\"async\" width=\"246\" height=\"319\" src=\"https:\/\/extremia.org\/wp\/wp-content\/uploads\/image-8.png\" alt=\"\" class=\"wp-image-326\" srcset=\"https:\/\/extremia.org\/wp\/wp-content\/uploads\/image-8.png 246w, https:\/\/extremia.org\/wp\/wp-content\/uploads\/image-8-231x300.png 231w\" sizes=\"(max-width: 246px) 100vw, 246px\" \/><\/figure>\n\n\n\n<p><a><strong>La divinit\u00e9<\/strong><\/a><strong><\/strong><\/p>\n\n\n\n<p>Dakrel\u2019 est un dieu solitaire et ombrageux qui r\u00e8gne sur et sous les mers. En effet, Darkel\u2019 est la divinit\u00e9 associ\u00e9e aux Oc\u00e9ans et \u00e0 l\u2019\u00e9l\u00e9ment aquatique dans son ensemble, \u00e0 tel point qu\u2019on le surnomme aussi \u00ab&nbsp;l\u2019Empereur des Eaux&nbsp;\u00bb. Il est le Saint Patron des Marins, P\u00e9cheurs et autres Navigateurs ainsi que le protecteur de nombreuses races aquatiques<\/p>\n\n\n\n<p>Impulsif et parfois col\u00e9rique, on raconte que Dakrel\u2019&nbsp;passe cependant beaucoup de son temps \u00e0 dormir dans les profondeurs de son empire, car ses terribles col\u00e8res le fatiguent. Malgr\u00e9 son caract\u00e8re, il est tr\u00e8s aimant (et aim\u00e9) de son peuple, et est r\u00e9put\u00e9 pour r\u00e9compenser grandement ceux qui le servent avec z\u00e8le.<\/p>\n\n\n\n<p>Dakrel\u2019 est g\u00e9n\u00e9ralement repr\u00e9sent\u00e9 par une grosse baleine bleue et aveugle, ce qui semble ne le g\u00eaner nullement.<\/p>\n\n\n\n<p><a><strong>Ses fid\u00e8les<\/strong><\/a><strong><\/strong><\/p>\n\n\n\n<p>Les fid\u00e8les de Dakrel\u2019 sont principalement des personnes dont les activit\u00e9s ou les int\u00e9r\u00eats sont li\u00e9s \u00e0 l\u2019eau&nbsp;: p\u00eacheurs, mara\u00eechers, poissonniers,&nbsp;marins et m\u00eame pirates. C\u2019est ainsi que fort logiquement, la plupart des Temples de Dakrel\u2019 sont situ\u00e9s en bordure de mer, ou au pire le long d\u2019un cours d\u2019eau majeur.<\/p>\n\n\n\n<p>L\u2019\u00e9l\u00e9ment aquatique est bien \u00e9videmment dominant dans les temples de Dakrel\u2019. Nombreux sont les temples qui ont d\u2019ailleurs d\u00e9tourn\u00e9 un cours d\u2019eau afin alimenter leur propre temple. D\u2019autres temples sont b\u00e2tis au-dessus d\u2019une rivi\u00e8re souterraine, d\u2019autres poss\u00e8dent de gigantesques bassins pour les c\u00e9r\u00e9monies. Fontaines et puits sont \u00e9galement tr\u00e8s courants, et le coquillage est \u00e0 la base de bien des d\u00e9corations dans les temples. La plupart des temples sont en pierre, mais le bois a \u00e9galement une place de choix parmi les mat\u00e9riaux utilis\u00e9s pour les constructions. Les temples sont souvent prot\u00e9g\u00e9s par des \u00e9l\u00e9mentaires d\u2019eau conjur\u00e9s par les pr\u00eatres.<\/p>\n\n\n\n<p>Les c\u00e9r\u00e9monies religieuses ont lieu en milieu immerg\u00e9 lorsque cela est possible, ou autour de bassins sacr\u00e9s. En effet, avant de prier, les fid\u00e8les de Dakrel\u2019 doivent proc\u00e9der \u00e0 des ablutions compl\u00e8tes afin d\u2019\u00eatre en communion avec leur dieu. Lors des naissances d\u2019enfants, il est de coutume de proc\u00e9der \u00e0 des accouchements marins encadr\u00e9s par les pr\u00eatres de Dakrel\u2019. Si cela est impossible, l\u2019enfant peut \u00eatre b\u00e9ni apr\u00e8s sa naissance en \u00e9tant int\u00e9gralement immerg\u00e9 dans l\u2019eau pendant quelques secondes.<\/p>\n\n\n\n<p>Afin de clore leurs c\u00e9r\u00e9monies, les fid\u00e8les de Dakrel\u2019 boivent g\u00e9n\u00e9ralement une coupe d\u2019eau, parfois sal\u00e9e (selon les r\u00e9gions). Pour les rites fun\u00e9raires, le culte de Dakrel\u2019 organise des fun\u00e9railles marines, o\u00f9 les corps des d\u00e9funts sont plong\u00e9s dans l\u2019oc\u00e9an. La devise du culte est \u00ab&nbsp;Par les Forces de l\u2019Eau&nbsp;!&nbsp;\u00bb.<\/p>\n\n\n\n<p>Le clerg\u00e9 de Dakrel\u2019 est organis\u00e9 comme suit&nbsp;:<\/p>\n\n\n\n<ul>\n<li>les pr\u00eatres de bas niveau sont appel\u00e9 les Fils de Dakrel\u2019. Leurs seuls subordonn\u00e9s sont les serviteurs du culte ainsi que les jeunes apprentis, surnomm\u00e9s affectueusement \u00ab&nbsp;les coraux&nbsp;\u00bb.<\/li>\n\n\n\n<li>Au-dessus des Fils de Dakrel\u2019, on trouve les Ma\u00eetres des Eaux. Ils sont g\u00e9n\u00e9ralement les intendants de petits groupes de fid\u00e8les ou les responsables de sections dans les temples les plus grands.<\/li>\n\n\n\n<li>Les Guides de Dakrel\u2019. Ces pr\u00eatres dirigent de larges temples, mais leur autorit\u00e9 s\u2019\u00e9tend sur les autres&nbsp; petits groupes de fid\u00e8les situ\u00e9s dans la r\u00e9gion alentour. Les r\u00e9gions, ou \u00ab&nbsp;zone d\u2019influence&nbsp;\u00bb, ne sont que tr\u00e8s sommairement d\u00e9finies en l\u2019absence de hi\u00e9rarchie sup\u00e9rieure.<\/li>\n<\/ul>\n\n\n\n<p>En effet, \u00ab&nbsp;Guide de Dakrel\u2019&nbsp;\u00bb est le plus haut rang du culte. Le culte n\u2019a aucune direction ou strat\u00e9gie d\u00e9passant le cadre d\u2019une grande r\u00e9gion, pouvant aller jusqu\u2019\u00e0 la taille d\u2019un petit pays. Un Guide de Dakrel\u2019 nomme et peut r\u00e9voquer les Ma\u00eetres des Eaux, et d\u00e9signent g\u00e9n\u00e9ralement leur successeur au poste de Guide. Lorsque cela est impossible, les Ma\u00eetres des Eaux sous le commandement du d\u00e9funt Guide de Dakrel\u2019 se r\u00e9unissent et \u00e9lisent l\u2019un des leurs \u00e0 leur t\u00eate.<\/p>\n\n\n\n<p>Les diff\u00e9rentes communaut\u00e9s de Dakrel\u2019, chacun sous le commandement d\u2019un Guide de Dakrel\u2019, se donnent tr\u00e8s souvent des noms, comme \u00ab&nbsp;La communaut\u00e9 du Golfe de Mayakirol&nbsp;\u00bb ou \u00ab&nbsp;la Communaut\u00e9 de la Vague Grise&nbsp;\u00bb. Le nom est souvent en rapport avec la r\u00e9gion dont la communaut\u00e9 est issue, mais ce n\u2019est pas syst\u00e9matique. Les communaut\u00e9s sont donc ind\u00e9pendantes les unes des autres et entretiennent donc des relations diverses les unes envers les autres, pouvant aller de la profonde amiti\u00e9 \u00e0 la rivalit\u00e9 la plus exacerb\u00e9e, voire m\u00eame \u00e0 la franche hostilit\u00e9 (mais tr\u00e8s rarement \u00e0 l\u2019opposition frontale). Si le clerg\u00e9 de Dakrel\u2019 n\u2019a que peu d\u2019impact politique \u00e0 grande \u00e9chelle en raison de son absence de haute hi\u00e9rarchie, il existe toutefois parmi les Guides de Dakrel\u2019 des pr\u00eatres tr\u00e8s puissants, r\u00e9gnant sur de tr\u00e8s vastes communaut\u00e9s. Ils sont parfois trait\u00e9s par les ambassadeurs de pays \u00e9trangers comme l\u2019\u00e9gal des rois.<\/p>\n\n\n\n<p>Les pr\u00eatres de Dakrel\u2019 portent de longues tuniques bleues claires, aux manches blanches et amples, rappelant ainsi l\u2019\u00e9cume des vagues. La plupart d\u2019entre eux ont \u00e9galement les cheveux longs, la plupart du temps d\u00e9tach\u00e9s, et des bijoux rappelant l\u2019\u00e9l\u00e9ment aquatique&nbsp;: bracelet de coquillage, bague de corail, ceinture d\u2019algues s\u00e9ch\u00e9es\u2026 le symbole religieux de Dakrel\u2019 est une perle mont\u00e9 en pendentif.<\/p>\n\n\n\n<figure class=\"wp-block-image size-full\"><img decoding=\"async\" width=\"456\" height=\"676\" src=\"https:\/\/extremia.org\/wp\/wp-content\/uploads\/image-9.png\" alt=\"\" class=\"wp-image-327\" srcset=\"https:\/\/extremia.org\/wp\/wp-content\/uploads\/image-9.png 456w, https:\/\/extremia.org\/wp\/wp-content\/uploads\/image-9-202x300.png 202w\" sizes=\"(max-width: 456px) 100vw, 456px\" \/><\/figure>\n\n\n\n<p><em>Une pr\u00eatresse de Dakrel\u2019<\/em><\/p>\n\n\n\n<p>Il existe \u00e9galement une secte dissidente et minoritaire parmi les fid\u00e8les de Dakrel\u2019. Cette secte est surtout pr\u00e9sente dans le Vyrmonus (Fall, Carn\u00f9r) et dans le sud du Tizun.<\/p>\n\n\n\n<p>La Secte du L\u00e9viathan est organis\u00e9e selon la m\u00eame structure que le clerg\u00e9 officiel, \u00e0 savoir des communaut\u00e9s autonomes plac\u00e9es sous le contr\u00f4le d\u2019un <a href=\"https:\/\/extremia.org\/wp\/?page_id=329\" data-type=\"page\" data-id=\"329\">Adorateur de L\u00e9viathan<\/a> (l\u2019\u00e9quivalent des Guides de Dakrel\u2019). Les membres de la secte du L\u00e9viathan sont des profonds int\u00e9gristes ayant un go\u00fbt immod\u00e9r\u00e9 pour le secret et une m\u00e9galomanie prononc\u00e9e. Ils pr\u00f4nent une domination du monde aquatique sur le reste du monde et v\u00e9n\u00e8rent L\u00e9viathan (qu\u2019ils refusent d\u2019appeler Dakrel\u2019, bien qu\u2019ils affirment v\u00e9n\u00e9rer la m\u00eame divinit\u00e9 que leurs fr\u00e8res ennemis). Les adorateurs de la Secte sont souvent de dangereux individus qui pratiquent les sacrifices humains lors de leurs c\u00e9r\u00e9monies, ce qui les place d\u2019office hors-la-loi dans de nombreux pays.<\/p>\n\n\n\n<p>Ils portent une robe similaire \u00e0 celle des pr\u00eatres de Dakrel\u2019, mais leur couleur est le bleu marine, avec des manches blanches, plut\u00f4t que le bleu clair et le blanc. Leurs robes comportent \u00e9galement un capuchon (qui n\u2019est pas pr\u00e9sent chez leurs coreligionnaires). Vous trouverez plus d\u2019informations sur la Secte du L\u00e9viathan en consultant la Classe de Prestige d\u2019<a href=\"https:\/\/extremia.org\/wp\/?page_id=329\" data-type=\"page\" data-id=\"329\">Adorateur du L\u00e9viathan<\/a> et vous reportant au <em>Manuel de Fall<\/em>.<\/p>\n\n\n\n<p>La branche officielle du clerg\u00e9 de Dakrel\u2019 a d\u00e9clar\u00e9 la Secte du L\u00e9viathan h\u00e9r\u00e9tique et les deux branches se ha\u00efssent cordialement. Les deux camps s\u2019attaquent \u00e0 vue s\u2019ils se croisent. Toutefois, la Secte du L\u00e9viathan accepte volontiers les nouveaux convertis venant de la branche officielle (on soup\u00e7onne la secte de faire quelques conversions forc\u00e9es\u2026). L\u2019inverse n\u2019est pas vrai, et de toute fa\u00e7on, les membres de la Secte du L\u00e9viathan sont si fanatiques qu\u2019il est tr\u00e8s rare de les voir se repentir (\u00abce n\u2019est jamais arriv\u00e9&nbsp;\u00bb, vous assureront les pr\u00eatres de Dakrel\u2019).<\/p>\n\n\n\n<p>Sans surprise, Dakrel\u2019 est surtout v\u00e9n\u00e9r\u00e9 en zone c\u00f4ti\u00e8re et dans les r\u00e9gions insulaires. Le culte a un statut dominant dans de nombreux pays du Vyrmonus (ConSudre, Carn\u00f9r, Falln Nur\u00f9n-Castiglione) du Tizun (Aldering, Keltenos et Amiraut\u00e9s de Menesa) et dans le Zorbaranus (Idaria). Le culte est \u00e9galement fr\u00e9quemment rencontr\u00e9 dans les villes c\u00f4ti\u00e8res des Terres du Nord, de Bordanie et de Kamberdie.<\/p>\n\n\n\n<p>De nombreuses races aquatiques v\u00e9n\u00e8rent Dakrel\u2019, mais on retrouve aussi des humains et des elfes (surtout aquatiques). On retrouve \u00e9galement quelques tribus d\u2019elfes vivants sur la terre ferme v\u00e9n\u00e9rant Dakrel\u2019 dans le Karakite.<\/p>\n\n\n\n<p>Il existe plusieurs lieux de p\u00e8lerinage importants pour le culte de Dakrel\u2019, notamment une cit\u00e9 d\u2019elfes aquatique de l\u2019Oc\u00e9an des Vyrmes, appel\u00e9 Coldriliniel. Il y aurait aussi notamment un autre lieu situ\u00e9 quelques parts dans l\u2019Oc\u00e9an des Murmures.<\/p>\n\n\n\n<p><a><strong>El\u00e9ments techniques<\/strong><\/a><strong><\/strong><\/p>\n\n\n\n<p><strong>Alignement g\u00e9n\u00e9ral<\/strong>&nbsp;: Dakrel\u2019 est Chaotique Neutre. Les membres du clerg\u00e9 officiel sont souvent Chaotiques Neutres ou Chaotiques Bons&nbsp;; les membres de la Secte du L\u00e9viathan sont le plus souvent Chaotiques Mauvais.<\/p>\n\n\n\n<p><strong>Domaines<\/strong>&nbsp;: \u00e0 choisir parmi Eau, Voyage, Flore, Faune, Oc\u00e9ans*, Communaut\u00e9*<\/p>\n\n\n\n<p><strong>Arme de pr\u00e9dilection<\/strong>&nbsp;: le Trident<\/p>\n\n\n\n<p><strong>Pouvoirs sp\u00e9ciaux<\/strong>&nbsp;:<\/p>\n\n\n\n<ul>\n<li><em>Respiration Aquatique<\/em>, comme un magicien de m\u00eame niveau, 30 min par niveau et par jour<\/li>\n\n\n\n<li>Convertir spontan\u00e9ment ses sorts en sorts de Soins ou de Blessures de m\u00eame niveau (au choix du joueur&nbsp;: le choix doit \u00eatre effectu\u00e9 en d\u00e9but de carri\u00e8re et ne peut plus \u00eatre chang\u00e9 ensuite).<\/li>\n<\/ul>\n\n\n\n<p><strong>Comp\u00e9tences&nbsp;de classe<\/strong>&nbsp;: Art de la magie (Int), Artisanat (Int), Concentration (Con), Natation (For), Connaissances (myst\u00e8res) (Int), Connaissances (Navigation) (Int), Connaissances (religion) (Int), Diplomatie (Cha), Premiers secours (Sag) et Profession (Sag). Un pr\u00eatre de Dakrel\u2019 qui choisit le domaine de la Faune ou de la Flore ajoute la comp\u00e9tence Connaissances (nature) (Int) \u00e0 la liste pr\u00e9c\u00e9dente. Un pr\u00eatre qui choisit le domaine du Voyage ajoute la comp\u00e9tence Survie (Sag) \u00e0 cette liste.<\/p>\n","protected":false},"excerpt":{"rendered":"<p>La divinit\u00e9 Dakrel\u2019 est un dieu solitaire et ombrageux qui r\u00e8gne sur et sous les mers. En effet, Darkel\u2019 est la divinit\u00e9 associ\u00e9e aux Oc\u00e9ans et \u00e0 l\u2019\u00e9l\u00e9ment aquatique dans son ensemble, \u00e0 tel point qu\u2019on le surnomme aussi \u00ab&nbsp;l\u2019Empereur des Eaux&nbsp;\u00bb. Il est le Saint Patron des Marins, P\u00e9cheurs et autres Navigateurs ainsi que [&hellip;]<\/p>\n","protected":false},"author":3,"featured_media":0,"parent":412,"menu_order":0,"comment_status":"closed","ping_status":"closed","template":"","meta":[],"_links":{"self":[{"href":"https:\/\/extremia.org\/wp\/index.php?rest_route=\/wp\/v2\/pages\/325"}],"collection":[{"href":"https:\/\/extremia.org\/wp\/index.php?rest_route=\/wp\/v2\/pages"}],"about":[{"href":"https:\/\/extremia.org\/wp\/index.php?rest_route=\/wp\/v2\/types\/page"}],"author":[{"embeddable":true,"href":"https:\/\/extremia.org\/wp\/index.php?rest_route=\/wp\/v2\/users\/3"}],"replies":[{"embeddable":true,"href":"https:\/\/extremia.org\/wp\/index.php?rest_route=%2Fwp%2Fv2%2Fcomments&post=325"}],"version-history":[{"count":2,"href":"https:\/\/extremia.org\/wp\/index.php?rest_route=\/wp\/v2\/pages\/325\/revisions"}],"predecessor-version":[{"id":334,"href":"https:\/\/extremia.org\/wp\/index.php?rest_route=\/wp\/v2\/pages\/325\/revisions\/334"}],"up":[{"embeddable":true,"href":"https:\/\/extremia.org\/wp\/index.php?rest_route=\/wp\/v2\/pages\/412"}],"wp:attachment":[{"href":"https:\/\/extremia.org\/wp\/index.php?rest_route=%2Fwp%2Fv2%2Fmedia&parent=325"}],"curies":[{"name":"wp","href":"https:\/\/api.w.org\/{rel}","templated":true}]}}