{"id":273,"date":"2021-06-14T00:12:55","date_gmt":"2021-06-13T22:12:55","guid":{"rendered":"http:\/\/extremia.org\/wp\/?page_id=273"},"modified":"2023-11-01T10:16:43","modified_gmt":"2023-11-01T09:16:43","slug":"fresha","status":"publish","type":"page","link":"https:\/\/extremia.org\/wp\/?page_id=273","title":{"rendered":"Fresha"},"content":{"rendered":"<div class=\"wp-block-image\">\n<figure class=\"aligncenter size-large\"><img decoding=\"async\" width=\"158\" height=\"204\" src=\"https:\/\/extremia.org\/wp\/wp-content\/uploads\/image-7.png\" alt=\"\" class=\"wp-image-275\"\/><\/figure><\/div>\n\n\n<p><a><strong>La divinit\u00e9<\/strong><\/a><strong><\/strong><\/p>\n\n\n\n<p>Fresha est la divinit\u00e9 se rapportant \u00e0 la Nature. Sauvage et libre, Fresha est une divinit\u00e9 qui parle peu et n\u2019est pas tr\u00e8s expansive, mais qui d\u00e9gage une puissance sourde et profonde. Ses acc\u00e8s de col\u00e8re sont rares, mais lorsqu\u2019ils surviennent, ils sont des plus terribles. C\u2019est une divinit\u00e9 solitaire qui n\u2019a que peu de rapport avec les autres dieux, \u00e0 l\u2019exception de Xamidi et de Dakrel\u2019. Fresha se d\u00e9sint\u00e9resse de la plupart des probl\u00e8mes des autres dieux ou de ceux de la civilisation, \u00e0 moins qu\u2019ils ne menacent la Faune et la Flore. Auquel cas, elle peut envoyer des signes \u00e0 ses fid\u00e8les pour les inciter \u00e0 intervenir.<\/p>\n\n\n\n<p>Fresha r\u00e8gne sur les \u00e9tendues sauvages et accorde sa protection \u00e0 ceux qui vivent en harmonie avec la nature. Elle est la Sainte Patronne des R\u00f4deurs. Certains Barbares l\u2019appr\u00e9cient \u00e9galement. Fresha est \u00e9galement la protectrice des animaux terrestres et autres cr\u00e9atures sylvestres, et elle exerce une influence \u00e9norme sur le r\u00e8gne animal. On dit \u00e9galement que les fleurs, les herbes ou les arbres lui ob\u00e9issent.<\/p>\n\n\n\n<p>Egalement appel\u00e9e M\u00e8re Nature, Fresha lutte contre toute forme d\u2019envahissement et de destruction de la Nature et peut faire payer tr\u00e8s cher \u00e0 ceux qui bafouent la vie sauvage. Selon les r\u00e9gions, Fresha peut \u00eatre repr\u00e9sent\u00e9e de plusieurs mani\u00e8res&nbsp;: par un ch\u00eane, par une biche, par une elfe rousse\u2026 la repr\u00e9sentation du Ch\u00eane est cependant la plus commune.<\/p>\n\n\n\n<p><a><strong>Ses fid\u00e8les<\/strong><\/a><strong><\/strong><\/p>\n\n\n\n<p>Le clerg\u00e9 de Fresha se confond avec l\u2019organisation druidique. En effet, tous les pr\u00eatres de Fresha sont en r\u00e9alit\u00e9 des Druides, et tous les Druides v\u00e9n\u00e8rent donc Fresha, qu\u2019ils l\u2019appellent Fresha, Nature, M\u00e8re Nature ou Forces Naturelles. Pour Certains, Fresha n\u2019t m\u00eame pas vraiment une d\u00e9esse, mais l\u2019ensemble des choses de la nature. Pour les fid\u00e8les, Fresha est pr\u00e9sente dans chaque brin d\u2019herbe, chaque feuille ou chaque poign\u00e9e de terre.<\/p>\n\n\n\n<p>L\u2019organisation druidique ou clerg\u00e9 de Fresha est pr\u00e9sent partout sur la plan\u00e8te, mais sa structure est relativement l\u00e2che. La plupart des Druides sont en effet des solitaires. Toutefois, il arrive que certains guident de petites communaut\u00e9s sylvestres ou des communaut\u00e9s aux croyances animistes. Bien que les principales t\u00e2ches des Druides soit la pr\u00e9servation de la Nature, l\u2019\u00e9quilibre des force et la protection des animaux, certains druides servent \u00e9galement de conseillers ou de mentors dans quelques r\u00e9gions. La devise des Druides de Fresha est \u00ab&nbsp;Par les Forces de la Nature&nbsp;!&nbsp;\u00bb.<\/p>\n\n\n\n<p>Les Druides et les fid\u00e8les de Fresha se d\u00e9sint\u00e9ressent de la politique, des royaumes et des guerres, \u00e0 moins qu\u2019une menace ne p\u00e8se sur la Nature. On a \u00e9galement vu des Druides plus activistes et agressifs, saccageant sans vergogne les constructions de ceux qui ne respectent pas la flore et la faune. Certains Druides peuvent m\u00eame refuser toute \u00e9volution de la civilisation et la combattre continuellement en pr\u00f4nant un retour total \u00e0 la nature. Tous les Druides portent le plus souvent des tuniques ou des v\u00eatements de couleur verte, mais poss\u00e8dent parfois des capes blanches pour certaines c\u00e9r\u00e9monies.<\/p>\n\n\n\n<p>La majorit\u00e9 des Druides se consid\u00e8rent comme \u00e9gaux, quelques soit leur puissance. Bien que chacun se d\u00e9finissent souvent un petit territoire qu\u2019il prot\u00e8ge, les druides ne rechignent g\u00e9n\u00e9ralement pas \u00e0 \u0153uvrer de concert pour r\u00e9gler certains probl\u00e8mes importants. Les Druides, bien que nombreux soient solitaires, entretiennent une grande fraternit\u00e9 entre eux, m\u00eame si leur fa\u00e7on de servir Fresha et leur vision du monde peut diff\u00e9rer en bien des endroits.<\/p>\n\n\n\n<p>Dans chaque r\u00e9gion g\u00e9ographique d\u2019importance, on retrouve souvent un Archidruide. C\u2019est lui qui r\u00e9git la zone et les autres Druides lui doivent all\u00e9geance. Toutefois, certains druides peuvent passer des ann\u00e9es sans voir leur Archidruide, surtout s\u2019ils ne rencontrent pas de probl\u00e8mes majeurs. D\u2019autres ignorent m\u00eame jusqu\u2019\u00e0 l\u2019identit\u00e9 ou l\u2019existence de l\u2019Archidruide auquel ils sont sens\u00e9s reporter.<\/p>\n\n\n\n<p>La position d\u2019Archidruide se gagne en g\u00e9n\u00e9ral par un combat \u00ab&nbsp;amical&nbsp;\u00bb. Le duel peut \u00eatre magique, physique ou les deux, mais n\u2019est jamais mortel. L\u2019Archidruide et celui le d\u00e9fiant se respectent mutuellement le plus souvent, et il arrive aussi que certains Archidruides abandonne leur position \u00e0 un postulant plus jeune lorsqu\u2019un druide comp\u00e9tent et actif se pr\u00e9sente pour les d\u00e9fier. Ils attendent alors symboliquement le d\u00e9fi avant de s\u2019incliner devant leur successeur.<\/p>\n\n\n\n<p>Il existe une position au-dessus de celle d\u2019Archidruide&nbsp;: il s\u2019agit de celle de Grand Druide. Il a \u00e0 moins d\u2019une quinzaine de Grands Druides de par le monde. Ces derniers sont en g\u00e9n\u00e9ral nomm\u00e9s par le Haut Druide, qui est le dirigeant supr\u00eame de l\u2019organisation Druidique et donc le leader du clerg\u00e9 de Fresha. Le Haut Druide est quant \u00e0 lui \u00e9lu \u00e0 vie par les Grands Druides. Toutefois, l\u2019\u00e2ge venant, certains Hauts Druides pr\u00e9f\u00e8rent se retirer dans la nature, la position de Haut Druide \u00e9tant parfois ingrate et politique, ce qui correspond peu \u00e0 l\u2019image des fid\u00e8les de Fresha. Un nouveau Haut Druide est alors \u00e9lu par ses pairs.<\/p>\n\n\n\n<p>Les fid\u00e8les de Fresha ne construisent g\u00e9n\u00e9ralement pas de temples \u00e0 la gloire de leur divinit\u00e9&nbsp;: ils pr\u00e9f\u00e8rent les clairi\u00e8res consacr\u00e9s par les druides, les bosquets b\u00e9nis, etc. il arrive toutefois que certaines communaut\u00e9s b\u00e2tissent des petites structures en rondin pour abriter leurs druides et accueillir certains types de c\u00e9r\u00e9monie. L\u2019exception notable est la Cit\u00e9-Arbre (voir le <em>Manuel des Terres du Nord<\/em> pour plus d\u2019informations), qui est une sorte de cit\u00e9 sainte et haut lieu mystique pour les fid\u00e8les de Fresha. Au c\u0153ur d\u2019une for\u00eat mill\u00e9naire se tient en effet le v\u00e9ritable centre du culte, o\u00f9 r\u00e9side d\u2019ailleurs le Haut Druide.<\/p>\n\n\n<div class=\"wp-block-image\">\n<figure class=\"aligncenter size-large is-resized\"><img fetchpriority=\"high\" decoding=\"async\" src=\"https:\/\/extremia.org\/wp\/wp-content\/uploads\/Pretresse-Druidesse-Fresha-512x1024.jpg\" alt=\"\" class=\"wp-image-274\" width=\"328\" height=\"656\" srcset=\"https:\/\/extremia.org\/wp\/wp-content\/uploads\/Pretresse-Druidesse-Fresha-512x1024.jpg 512w, https:\/\/extremia.org\/wp\/wp-content\/uploads\/Pretresse-Druidesse-Fresha-150x300.jpg 150w, https:\/\/extremia.org\/wp\/wp-content\/uploads\/Pretresse-Druidesse-Fresha.jpg 531w\" sizes=\"(max-width: 328px) 100vw, 328px\" \/><figcaption class=\"wp-element-caption\"><em>une druidesse de Fresha<\/em><\/figcaption><\/figure><\/div>\n\n\n<p>On retrouve des fid\u00e8les de Fresha sur tous les continents d\u2019Extremia et dans pratiquement tous les pays, m\u00eame si leur fa\u00e7on de v\u00e9n\u00e9rer M\u00e8re Nature peut diff\u00e9rer d\u2019un endroit \u00e0 un autre. Le culte est particuli\u00e8rement populaire parmi les Gaidlasiens d\u2019Etangard, en Idaria et dans l\u2019empire de Fligornil. C\u2019est \u00e9galement un culte important dans les Terre du Nord, \u00e0 Guul-Shog, dans les royaumes orphelins et en Kamberdie.&nbsp;&nbsp; La plupart des fid\u00e8les de Fresha sont des Elfes, des Halfelins et autres cr\u00e9atures Sylvestres. Des Humains et des Gnomes, particuli\u00e8rement dans certaines r\u00e9gions, comptent \u00e9galement parmi les adorateurs de Fresha.<\/p>\n\n\n\n<p>De nombreux adorateurs de Fresha sont v\u00e9g\u00e9tariens, mais certains consomment toutefois du poisson et des \u0153ufs. Les c\u00e9r\u00e9monies religieuses d\u00e9di\u00e9es \u00e0 M\u00e8re Nature ont bien s\u00fbr lieu dans la nature, le plus souvent en plein air. G\u00e9n\u00e9ralement, les c\u00e9r\u00e9monies se tiennent sous un arbre ou dans une clairi\u00e8re sacr\u00e9e. Les rituels diff\u00e8rent un peu d\u2019une r\u00e9gion \u00e0 une autre, mais ont pour point concordant une forte communion avec la nature. Certains Druides enchev\u00eatrent les fid\u00e8les ou eux-m\u00eames pendant des p\u00e9riodes de pri\u00e8res ou de m\u00e9ditation afin d\u2019\u00eatre plus proche de Fresha, d\u2019autres adorateurs ramassent des feuilles et les tiennent contre leur c\u0153urs pendant leurs pri\u00e8res, avant de les jeter dans le cours d\u2019eau le plus proche, purifiant ainsi symboliquement leur c\u0153ur. Le langage druidique \u00e9tant une langue secr\u00e8te r\u00e9serv\u00e9e au druide, la plupart des c\u00e9r\u00e9monies sont effectu\u00e9e en langue elfique (lorsqu\u2019elles ne sont pas silencieuses).<\/p>\n\n\n\n<p>Les adorateurs de Fresha se font g\u00e9n\u00e9ralement enterrer \u00e0 m\u00eame la terre lorsque leur temps est venu. Il est \u00e9galement courant de planter un gland en m\u00eame temps que la d\u00e9pouille, afin de favoriser le d\u00e9veloppement et le renouvellement du cycle naturel.<\/p>\n\n\n\n<p>Le Culte de Fresha est en conflit larv\u00e9 avec le Clerg\u00e9 d\u2019Appoca, qu\u2019il accuse d\u2019exploiter \u00e0 outrance les ressources de la terre et des for\u00eats pour le seul b\u00e9n\u00e9fice des races humano\u00efdes. Il arrive donc fr\u00e9quemment que les fid\u00e8les des deux cultes s\u2019opposent sur bien des points. Dans certaines r\u00e9gions uniquement, les Druides&nbsp; entretiennent des rapports conflictuels avec des clerg\u00e9s de Gornar &amp; Untog,&nbsp; d\u2019Hamo\u00ef ou m\u00eame d\u2019<a href=\"https:\/\/extremia.org\/wp\/?page_id=174\" data-type=\"page\" data-id=\"174\">Uron<\/a>.<\/p>\n","protected":false},"excerpt":{"rendered":"<p>La divinit\u00e9 Fresha est la divinit\u00e9 se rapportant \u00e0 la Nature. Sauvage et libre, Fresha est une divinit\u00e9 qui parle peu et n\u2019est pas tr\u00e8s expansive, mais qui d\u00e9gage une puissance sourde et profonde. Ses acc\u00e8s de col\u00e8re sont rares, mais lorsqu\u2019ils surviennent, ils sont des plus terribles. C\u2019est une divinit\u00e9 solitaire qui n\u2019a que [&hellip;]<\/p>\n","protected":false},"author":3,"featured_media":0,"parent":412,"menu_order":0,"comment_status":"closed","ping_status":"closed","template":"","meta":[],"_links":{"self":[{"href":"https:\/\/extremia.org\/wp\/index.php?rest_route=\/wp\/v2\/pages\/273"}],"collection":[{"href":"https:\/\/extremia.org\/wp\/index.php?rest_route=\/wp\/v2\/pages"}],"about":[{"href":"https:\/\/extremia.org\/wp\/index.php?rest_route=\/wp\/v2\/types\/page"}],"author":[{"embeddable":true,"href":"https:\/\/extremia.org\/wp\/index.php?rest_route=\/wp\/v2\/users\/3"}],"replies":[{"embeddable":true,"href":"https:\/\/extremia.org\/wp\/index.php?rest_route=%2Fwp%2Fv2%2Fcomments&post=273"}],"version-history":[{"count":3,"href":"https:\/\/extremia.org\/wp\/index.php?rest_route=\/wp\/v2\/pages\/273\/revisions"}],"predecessor-version":[{"id":416,"href":"https:\/\/extremia.org\/wp\/index.php?rest_route=\/wp\/v2\/pages\/273\/revisions\/416"}],"up":[{"embeddable":true,"href":"https:\/\/extremia.org\/wp\/index.php?rest_route=\/wp\/v2\/pages\/412"}],"wp:attachment":[{"href":"https:\/\/extremia.org\/wp\/index.php?rest_route=%2Fwp%2Fv2%2Fmedia&parent=273"}],"curies":[{"name":"wp","href":"https:\/\/api.w.org\/{rel}","templated":true}]}}