{"id":265,"date":"2021-01-26T22:15:23","date_gmt":"2021-01-26T21:15:23","guid":{"rendered":"http:\/\/extremia.org\/wp\/?page_id=265"},"modified":"2021-06-14T00:21:45","modified_gmt":"2021-06-13T22:21:45","slug":"serviteur-demoniaque-de-chiar","status":"publish","type":"page","link":"https:\/\/extremia.org\/wp\/?page_id=265","title":{"rendered":"Serviteur d\u00e9moniaque de Chiar"},"content":{"rendered":"\n<p>Classe de prestige pour les adeptes de <a href=\"https:\/\/extremia.org\/wp\/?page_id=256\">Chiar<\/a>.<\/p>\n\n\n\n<p><a><strong>Description<\/strong><\/a><strong><\/strong><\/p>\n\n\n\n<p>Parmi les pr\u00eatres de Chiar les plus impitoyables et les plus sadiques, il arrive que certains d\u2019entre eux attirent l\u2019attention, en plus de leur divinit\u00e9, d\u2019une entit\u00e9 d\u00e9moniaque sup\u00e9rieure (type Diantrefosse). Apr\u00e8s avoir bien observ\u00e9 le candidat, l\u2019entit\u00e9 d\u00e9monique va aborder le pr\u00eatre de Chiar et lui proposer sa protection en \u00e9change d\u2019une alliance et de services particuliers. Si le pr\u00eatre de Chiar reste fid\u00e8le \u00e0 sa divinit\u00e9, il n\u2019en devient pas moins aussi un fid\u00e8le oblig\u00e9 du d\u00e9mon auquel il se lie et dont les objectifs sont le plus souvent align\u00e9s avec les int\u00e9r\u00eats de Chiar.<\/p>\n\n\n\n<p>Apr\u00e8s avoir \u00e9t\u00e9 abord\u00e9 par le d\u00e9mon, le pr\u00eatre de Chiar signe un pacte le liant \u00e0 l\u2019entit\u00e9 d\u00e9moniaque, faisant de lui un serviteur d\u00e9moniaque de Chiar. Il faut savoir que le candidat accepte toujours le pacte\u2026 car en cas de refus il est en g\u00e9n\u00e9ral d\u00e9truit par le d\u00e9mon sup\u00e9rieur&nbsp;! Mais en \u00e9change de service, le serviteur d\u00e9moniaque de Chiar b\u00e9n\u00e9ficie de la protection et de la puissance que peut lui conf\u00e9rer le d\u00e9mon, et il b\u00e9n\u00e9ficie alors de redoutables pouvoirs.<\/p>\n\n\n\n<p>Les Serviteurs d\u00e9moniaques de Chiar sont de v\u00e9ritables pourritures, agressifs aux possibles, semant le malheur et la destruction partout o\u00f9 il passent. Ils savent s\u2019entourer d\u2019alli\u00e9s comme des morts-vivants, des peaux vertes, des d\u00e9mons mineurs ou des assassins sans vergogne. Pour autant, ils n\u2019h\u00e9sitent pas \u00e0 sacrifier sans le moindre scrupule ces fameux alli\u00e9s si cela leur permet d\u2019atteindre plus facilement leurs buts ou tout simplement d\u2019avoir la vie sauve, par exemple en prot\u00e9geant leur retraite.<\/p>\n\n\n\n<p>Les Serviteurs d\u00e9moniaques de Chiar sont de redoutables adversaires, souvent parmi les plus puissants du clerg\u00e9 de Chiar. Certains sont dot\u00e9s d\u2019un esprit retord et d\u2019une intelligence machiav\u00e9lique, mais la plupart sont surtout adepte d\u2019une force brute et de plan peu subtil, pourvoir qu\u2019ils causent un maximum de d\u00e9g\u00e2ts, de terreur et de destruction. Tr\u00e8s souvent charismatiques, les Serviteurs d\u00e9moniaques sont craints et respect\u00e9s, et leurs ouailles font tout leur possible pour \u00e9viter de les d\u00e9cevoir. Ne pas ex\u00e9cuter les ordres d\u2019un serviteur d\u00e9moniaque de Chiar ou ne pas r\u00e9ussir une mission qu\u2019il leur a \u00e9t\u00e9 confi\u00e9 \u00e9tant presque immanquablement synonyme de mort atroce\u2026 ce qui sert aussi d\u2019exemple aux autres&nbsp;!<\/p>\n\n\n\n<p>La plupart des serviteurs d\u00e9moniaques sont des grands parano\u00efaques et des individualistes dans l\u2019\u00e2me. Ils n\u2019aiment pas se regrouper avec d\u2019autres serviteurs d\u00e9moniaques, craignant d\u2019\u00eatre espionn\u00e9s ou exploit\u00e9s voire doubl\u00e9s. La plupart vivent en temps qu\u2019itin\u00e9rants ou en tant que leader religieux d\u2019une sorte de secte s\u2019\u00e9tant form\u00e9e autour d\u2019eux, plut\u00f4t que dans un temple avec une communaut\u00e9 pr\u00e9\u00e9tablie. M\u00e9galomanes, les serviteurs d\u00e9moniaques ne se fixent aucune limite, qu\u2019il s\u2019agisse de destruction, d\u2019horreur et de massacres, ou tout simplement de la puissance qu\u2019ils cherchent \u00e0 atteindre.<\/p>\n\n\n\n<p><a><strong>Conditions<\/strong><\/a><strong><\/strong><\/p>\n\n\n\n<p>Pour devenir Serviteur d\u00e9moniaque de Chiar, un personnage doit r\u00e9pondre aux crit\u00e8res suivants&nbsp;:<\/p>\n\n\n\n<p><strong><ins>A<\/ins><ins>lignement<\/ins><\/strong><ins> : <\/ins>Chaotique Mauvais<\/p>\n\n\n\n<p><strong><ins>Bonus de base \u00e0 l\u2019attaque<\/ins><\/strong><ins> : +<\/ins>6<\/p>\n\n\n\n<p><strong><ins>Bonus de base aux <\/ins>JS<\/strong><ins>: V<\/ins>olont\u00e9<ins> +<\/ins>6<\/p>\n\n\n\n<p><strong><ins>C<\/ins><ins>omp\u00e9tences<\/ins><\/strong><ins>&nbsp;: degr\u00e9 de ma<\/ins><ins>\u00eetrise <\/ins>de 6 en Connaissance (Religion) et 6 en&nbsp; Connaissance (Myst\u00e8res)<\/p>\n\n\n\n<p><strong><ins>Sorts<\/ins><\/strong><ins>&nbsp;: facult\u00e9 de lancer des sorts divins de <\/ins>4<sup>\u00e8me<\/sup> Niveau<\/p>\n\n\n\n<p><strong>Divinit\u00e9<\/strong><ins>&nbsp;: <\/ins>Chiar<ins> doit \u00eatre la divinit\u00e9 tut\u00e9laire du personnage.<\/ins><\/p>\n\n\n\n<p><strong><ins>D<\/ins>on<\/strong>&nbsp;: Vigueur surhumaine, Volont\u00e9 de fer<\/p>\n\n\n\n<p><strong><ins>S<\/ins>p\u00e9cial<\/strong><ins>&nbsp;: <\/ins>Avoir et\u00e9 rep\u00e9r\u00e9 par un d\u00e9mon et avoir pass\u00e9 un pacte avec l\u2019entit\u00e9 d\u00e9moniaque protectrice.<\/p>\n\n\n\n<p><a><strong>Caract\u00e9ristiques de classe<\/strong><\/a><strong><\/strong><\/p>\n\n\n\n<p><strong>D<ins>\u00e9s de vie<\/ins><\/strong><ins>&nbsp;: d<\/ins>8<\/p>\n\n\n\n<p><strong>C<ins>omp\u00e9tences<\/ins> de Classe<\/strong><ins>&nbsp;: <\/ins>Psychologie<ins>, Connaissance (Religion)<\/ins>, Connaissance (Myst\u00e8res), Connaissance (exploration souterraine), Intimidation,Bluff.<\/p>\n\n\n\n<p><strong>P<ins>oints de comp\u00e9tences additionnels \u00e0 chaque niveau<\/ins><\/strong><ins>&nbsp;: 2 + modificateur d\u2019Intelligence.<\/ins><\/p>\n\n\n\n<p><strong>Armes et armures<\/strong>&nbsp;: Le Serviteur d\u00e9moniaque de Chiar ne gagne aucune formation au maniement des armes et des boucliers, mais est form\u00e9 au port de toutes les armures.<\/p>\n\n\n\n<p><strong>Sorts<\/strong>&nbsp;: \u00c0 partir du niveau 2 et \u00e0 tous les niveaux suivants de Serviteur d\u00e9moniaque, le personnage gagne un niveau de jeteur de sort effectif. Il obtient les sorts par jour et le niveau de lanceur de sorts d&rsquo;un personnage de son niveau effectif. En revanche, il ne gagne aucun des autres avantages accompagnant habituellement ce niveau (don de m\u00e9tamagie ou de cr\u00e9ation d&rsquo;objets, renvoi des morts-vivants, etc. Si le Serviteur d\u00e9moniaque de Chiar poss\u00e8de plusieurs classes de lanceur de sorts, le niveau effectif ne s&rsquo;applique qu&rsquo;\u00e0 l&rsquo;une d&rsquo;entre elles, au choix du personnage.<\/p>\n\n\n\n<figure class=\"wp-block-image size-large\"><img fetchpriority=\"high\" decoding=\"async\" width=\"1024\" height=\"380\" src=\"https:\/\/extremia.org\/wp\/wp-content\/uploads\/tableau-Serviteur-d\u00e9moniaque-1024x380.png\" alt=\"Zone de Texte: Niv.  \nServiteur D\u00e9moniaque\tBonus de \nbase \u00e0 l'Attaque\tBonus de base aux Reflexes\tBonus de base \u00e0 la Vigueur\tBonus de base \u00e0 la Volont\u00e9\tSp\u00e9cial\tSorts\n1\t+1\t+0\t+2\t+2\tAura de Mal, Convocation de d\u00e9mon mineur\t-\n2\t+2\t+0\t+3\t+3\tB\u00e9n\u00e9diction d\u00e9moniaque, Douleur intensifi\u00e9e\t+1 niv de jeteur de sort effectif\n3\t+3\t+1\t+3\t+3\tDon de malfaisance\t+1 niv de jeteur de sort effectif\n4\t+4\t+1\t+4\t+4\tConvocation de demon majeur, Soumission d\u2019\u00e2me\t+1 niv de jeteur de sort effectif\n5\t+5\t+1\t+4\t+4\tDernier sursaut\t+1 niv de jeteur de sort effectif\n\n\" class=\"wp-image-266\" srcset=\"https:\/\/extremia.org\/wp\/wp-content\/uploads\/tableau-Serviteur-d\u00e9moniaque-1024x380.png 1024w, https:\/\/extremia.org\/wp\/wp-content\/uploads\/tableau-Serviteur-d\u00e9moniaque-300x111.png 300w, https:\/\/extremia.org\/wp\/wp-content\/uploads\/tableau-Serviteur-d\u00e9moniaque-768x285.png 768w, https:\/\/extremia.org\/wp\/wp-content\/uploads\/tableau-Serviteur-d\u00e9moniaque.png 1230w\" sizes=\"(max-width: 1024px) 100vw, 1024px\" \/><\/figure>\n\n\n\n<p><strong>Aura de Mal (Ext)<\/strong>&nbsp;: &nbsp;Un serviteur d\u00e9moniaque de Chiar g\u00e9n\u00e8re une puissante aura de Mal (voir le sort <em>D\u00e9tection du Mal<\/em>), \u00e9gale \u00e0 son niveau de serviteur d\u00e9moniaque plus son \u00e9ventuel niveau de pr\u00eatre.<\/p>\n\n\n\n<p><strong>Convocation de d\u00e9mon mineur (Mag)<\/strong>&nbsp;: Au niveau 1, Un serviteur d\u00e9moniaque est capable de convoquer un d\u00e9mon de 5 DV ou moins, 1 fois par jour. Ce pouvoir fonctionne sur le m\u00eame principe qu&rsquo;un sort de <em>Convocation de monstres<\/em> jet\u00e9 comme par un lanceur de sorts de niveau 15.<\/p>\n\n\n\n<p><strong>B\u00e9n\u00e9diction d\u00e9moniaque (Sur)<\/strong>&nbsp;: Au niveau 2, le serviteur d\u00e9moniaque de Chiar b\u00e9n\u00e9ficie de la protection d\u2019un d\u00e9mon&nbsp;: le serviteur d\u00e9moniaque ajoute son bonus de Charisme s\u2019applique \u00e0 tous ses jets de sauvegarde.<\/p>\n\n\n\n<p><strong>Convocation de d\u00e9mon majeur (Mag)<\/strong>&nbsp;: Au niveau 4, Un serviteur de d\u00e9moniaque de Chiar est capable de convoquer un d\u00e9mon de 10 DV ou moins, 1 fois par jour. Ce pouvoir fonctionne sur le m\u00eame principe qu&rsquo;un sort de <em>Convocation de monstres<\/em> jet\u00e9 comme par un lanceur de sorts de niveau 15.<\/p>\n\n\n\n<p><strong>Douleur intensifi\u00e9e (Sur)<\/strong>&nbsp;: &nbsp;Lorsqu\u2019un serviteur d\u00e9moniaque confirme un coup critique avec une arme de corps \u00e0 corps ou une arme naturelle, cette attaque inflige 2d6 points de d\u00e9g\u00e2ts non l\u00e9taux&nbsp;suppl\u00e9mentaires et la cible doit r\u00e9ussir un jet de Vigueur&nbsp;DD 19 ou \u00eatre \u00e9cras\u00e9e par la douleur, devenant naus\u00e9euse&nbsp;pendant 1d6 rounds. Si cette capacit\u00e9 fonctionne plusieurs fois, sa dur\u00e9e d\u2019effet se prolonge. Le DD du jet de sauvegarde est bas\u00e9 sur le Charisme.<\/p>\n\n\n\n<p><strong>Don de malfaisance (Sur)<\/strong>&nbsp;:&nbsp;Une fois par jour, un serviteur d\u00e9moniaque de Chiar peut utiliser une action complexe&nbsp;pour octroyer un don de malfaisance \u00e0 une cr\u00e9ature humano\u00efde volontaire en restant au contact avec lui pendant un round entier. La cible gagne alors un bonus de malfaisance de +2 \u00e0 une caract\u00e9ristique de son choix. Le serviteur d\u00e9moniaque ne peut accorder qu&rsquo;un seul don de malfaisance \u00e0 la fois \u00e0 une cr\u00e9ature donn\u00e9e. Tant que le don de malfaisance persiste, le serviteur d\u00e9moniaque peut communiquer par t\u00e9l\u00e9pathie&nbsp;avec la cible, quelle que soit la distance qui les s\u00e9pare. Un<em> Rejet du Mal <\/em>ou<em> un rejet du Chaos <\/em>&nbsp;permet de supprimer un don de malfaisance. Le serviteur &nbsp;peut \u00e9galement l&rsquo;annuler par une action libre.<\/p>\n\n\n\n<p><strong>Soumission d\u2019\u00e2me (Sur)<\/strong>&nbsp;:&nbsp;Par une action rapide, un Serviteur d\u00e9moniaque peut tenter de forcer l\u2019\u00e2me d\u2019une cr\u00e9ature mortelle situ\u00e9e dans un rayon de 18 m\u00e8tres \u00e0 se soumettre \u00e0 lui. Le Serviteur d\u00e9moniaque doit disposer d\u2019un champ de vision d\u00e9gag\u00e9 jusqu\u2019\u00e0 la cible. Celle-ci peut tenter de r\u00e9sister \u00e0 cette attaque sp\u00e9ciale en effectuant un test de Volont\u00e9 de DD 18 mais, m\u00eame si elle r\u00e9ussit son jet de sauvegarde, elle est chancelante&nbsp;pendant 1 round. En cas de r\u00e9ussite du jet de sauvegarde, la cible est immunis\u00e9e contre cette capacit\u00e9 pendant 24 heures. En cas d\u2019\u00e9chec, son \u00e2me est soumise au Serviteur d\u00e9moniaque de Chiar : la victime subit un malus de \u20136 \u00e0 tous les jets d\u2019attaque et jets de sauvegarde contre le Serviteur d\u00e9moniaque de Chiar en question. De plus, si le Serviteur d\u00e9moniaque de Chiar tue la cr\u00e9ature \u00e0 laquelle appartient l\u2019\u00e2me soumise, cette \u00e2me rejoint le corps du d\u00e9mon et l\u2019affecte comme un sort de gu\u00e9rison supr\u00eame&nbsp;(NLS 12). Un Serviteur d\u00e9moniaque de Chiar ne peut soumettre qu\u2019une seule \u00e2me \u00e0 la fois : s\u2019il soumet une seconde \u00e2me, la premi\u00e8re est lib\u00e9r\u00e9e de cet effet. Il s\u2019agit d\u2019un effet mental de mort. Le DD dujet de sauvegarde&nbsp;d\u00e9pend du Charisme.<\/p>\n\n\n\n<p><strong>Dernier sursaut (Sur)<\/strong>&nbsp;: Au niveau 5, Lorsqu&rsquo;un Serviteur d\u00e9moniaque est tu\u00e9, il provoque une explosion de mal aveuglante qui inflige 100 points de d\u00e9g\u00e2ts \u00e0 tout ce qui se trouve dans un rayon de 30 m (20&nbsp;c) (un jet de&nbsp;Reflexes de DD 25 permet de diviser les d\u00e9g\u00e2ts par deux). Le DD du jet de sauvegarde&nbsp;d\u00e9pend de la Constitution.<\/p>\n","protected":false},"excerpt":{"rendered":"<p>Classe de prestige pour les adeptes de Chiar. Description Parmi les pr\u00eatres de Chiar les plus impitoyables et les plus sadiques, il arrive que certains d\u2019entre eux attirent l\u2019attention, en plus de leur divinit\u00e9, d\u2019une entit\u00e9 d\u00e9moniaque sup\u00e9rieure (type Diantrefosse). Apr\u00e8s avoir bien observ\u00e9 le candidat, l\u2019entit\u00e9 d\u00e9monique va aborder le pr\u00eatre de Chiar et [&hellip;]<\/p>\n","protected":false},"author":3,"featured_media":0,"parent":256,"menu_order":0,"comment_status":"closed","ping_status":"closed","template":"","meta":[],"_links":{"self":[{"href":"https:\/\/extremia.org\/wp\/index.php?rest_route=\/wp\/v2\/pages\/265"}],"collection":[{"href":"https:\/\/extremia.org\/wp\/index.php?rest_route=\/wp\/v2\/pages"}],"about":[{"href":"https:\/\/extremia.org\/wp\/index.php?rest_route=\/wp\/v2\/types\/page"}],"author":[{"embeddable":true,"href":"https:\/\/extremia.org\/wp\/index.php?rest_route=\/wp\/v2\/users\/3"}],"replies":[{"embeddable":true,"href":"https:\/\/extremia.org\/wp\/index.php?rest_route=%2Fwp%2Fv2%2Fcomments&post=265"}],"version-history":[{"count":2,"href":"https:\/\/extremia.org\/wp\/index.php?rest_route=\/wp\/v2\/pages\/265\/revisions"}],"predecessor-version":[{"id":281,"href":"https:\/\/extremia.org\/wp\/index.php?rest_route=\/wp\/v2\/pages\/265\/revisions\/281"}],"up":[{"embeddable":true,"href":"https:\/\/extremia.org\/wp\/index.php?rest_route=\/wp\/v2\/pages\/256"}],"wp:attachment":[{"href":"https:\/\/extremia.org\/wp\/index.php?rest_route=%2Fwp%2Fv2%2Fmedia&parent=265"}],"curies":[{"name":"wp","href":"https:\/\/api.w.org\/{rel}","templated":true}]}}