{"id":260,"date":"2021-01-26T22:06:36","date_gmt":"2021-01-26T21:06:36","guid":{"rendered":"http:\/\/extremia.org\/wp\/?page_id=260"},"modified":"2021-01-26T22:08:00","modified_gmt":"2021-01-26T21:08:00","slug":"adepte-du-croc-gele","status":"publish","type":"page","link":"https:\/\/extremia.org\/wp\/?page_id=260","title":{"rendered":"Adepte du Croc Gel\u00e9"},"content":{"rendered":"\n<p>Cette classe de prestige s\u2019adresse aux adeptes de <a href=\"https:\/\/extremia.org\/wp\/?page_id=256\">Chiar<\/a>.<\/p>\n\n\n\n<p><a><strong>Histoire de la Congr\u00e9gation du Croc Gel\u00e9<\/strong><\/a><strong><\/strong><\/p>\n\n\n\n<p>On sait tr\u00e8s peu de chose sur l\u2019histoire de la Congr\u00e9gation du Croc Gel\u00e9. Elle fut probablement fond\u00e9e vers 300 ou 400 Ep. IV, car c\u2019est \u00e0 cette p\u00e9riode qu\u2019on rapporte ses premiers agissements. La Congr\u00e9gation aurait \u00e9t\u00e9 fond\u00e9e en r\u00e9ponse notamment \u00e0 l\u2019<a href=\"https:\/\/extremia.org\/wp\/?page_id=180\">Ordre Ardent<\/a> d\u2019<a href=\"https:\/\/extremia.org\/wp\/?page_id=174\">Uron<\/a> qui les avait mis en d\u00e9route plusieurs fois. On ne sait pas o\u00f9 est n\u00e9e la Congr\u00e9gation, mais on sait qu\u2019elle tire son nom d\u2019un croc de dragon blanc givr\u00e9 ayant appartenu \u00e0 la fid\u00e8le monture d\u2019un puissant pr\u00eatre de <a href=\"https:\/\/extremia.org\/wp\/?page_id=256\">Chiar <\/a>tomb\u00e9 au combat contre un membre de l\u2019Ordre Ardent d\u2019Uron. Ce croc est conserv\u00e9 telle une relique dans un lieu glaciaire et gard\u00e9 secret. Certains racontent que ce croc gel\u00e9 serait dot\u00e9 de grandes propri\u00e9t\u00e9s magiques, mais personne n\u2019est certain de la r\u00e9alit\u00e9 des nombreuses rumeurs colport\u00e9es.<\/p>\n\n\n\n<p><a><strong>Description<\/strong><\/a><strong><\/strong><\/p>\n\n\n\n<p>La Congr\u00e9gation du Croc Gel\u00e9 est une organisation religieuse d\u00e9di\u00e9e \u00e0 Chiar. Ses membres sont parmi les plus forts et les plus fanatiques adorateurs du Dieu Mort. Cette organisation est r\u00e9put\u00e9e pour ses plans machiav\u00e9liques et m\u00e9galomanes.&nbsp; Tout est bon pour r\u00e9ussir un coup d\u2019\u00e9clat permettant de se faire bien voir de Chiar ou du Clerg\u00e9. Heureusement pour Extremia, comme tous les coups sont permis, cela inclus par exemple de se d\u00e9barrasser des concurrents trop ambitieux de la Congr\u00e9gation. Ainsi, les membres les plus forts de la Congr\u00e9gation coop\u00e8rent rarement ensemble. Souvent, ils se regroupent sous la houlette d\u2019un membre puissant de la Congr\u00e9gation et restent autour de lui tant qu\u2019il peut maintenir sa position par la Force. Les Adepte de la Congr\u00e9gation du Croc Gel\u00e9 se sont sp\u00e9cialis\u00e9s sur l\u2019un des attributs principaux de Chiar: le froid. En effet, les Adeptes de la Congr\u00e9gation du Croc Gel\u00e9 ont suivi un entra\u00eenement intensif qui les a fait ma\u00eetriser le Froid et la Glace \u00e0 un degr\u00e9 ultime.<\/p>\n\n\n\n<p>Des membres de la Congr\u00e9gation recrutent discr\u00e8tement parmi les plus fervents adorateurs de Chiar. Ils font ensuite passer aux \u00e9lus de difficiles \u00e9preuves pour tester la r\u00e9sistance et la ferveur des futures recrues. Puis, lors d\u2019une \u00e9preuve finale, il les envoie deux par deux dans la nuit, dans la neige en plein hiver. Ils doivent y passer la nuit ensevelis et y survivre. S\u2019ils survivent tous les deux au lever du lever du soleil, ils doivent combattre \u00e0 mort. Le vainqueur enterre alors dans la neige le cadavre du vaincu.<\/p>\n\n\n\n<p>Les Pr\u00eatres et les Guerriers de Chiar sont les classes les plus communes dans la Congr\u00e9gation du Croc Gel\u00e9. On compte aussi quelques personnages avec quelques niveaux de Roublards ou de Magiciens dans la Congr\u00e9gation. Les races les plus courantes sont humains, demi-elfe, drows, nain, Orque et demi-Orque.<\/p>\n\n\n\n<p>De nos jours, on peut trouver des membres de la Congr\u00e9gation du Croc Gel\u00e9 dans le royaume Tizun\u00e9en de Zandrizzin, en Bordanie, dans plusieurs pays du Zorbaranus, au Karakite et au Vyrmonus, principalement aux Iles Froides, \u00e0 Holmar, \u00e0 Fall et \u00e0 Carn\u00f9r.<\/p>\n\n\n\n<p><a><strong>Conditions<\/strong><\/a><strong><\/strong><\/p>\n\n\n\n<p>Pour devenir membre de la Congr\u00e9gation du Croc Gel\u00e9, un personnage doit r\u00e9pondre aux crit\u00e8res suivants&nbsp;:<\/p>\n\n\n\n<p><strong><ins>Alignement<\/ins><\/strong><ins> : <\/ins>Mauvais<\/p>\n\n\n\n<p><strong><ins>Bonus de base \u00e0 l\u2019attaque<\/ins><\/strong><ins> : +<\/ins>6<\/p>\n\n\n\n<p><strong><ins>Bonus de base aux <\/ins>JS<\/strong><ins>: V<\/ins>igueur<ins> +<\/ins>5<\/p>\n\n\n\n<p><strong><ins>Comp\u00e9tences<\/ins><\/strong><ins>&nbsp;: degr\u00e9 de ma<\/ins><ins>\u00eetrise de <\/ins>6<ins> en Connaissance (Religion)<\/ins><\/p>\n\n\n\n<p><strong><ins>Sorts<\/ins><\/strong><ins>&nbsp;: facult\u00e9 de lancer des sorts divins de 1er niveau<\/ins><\/p>\n\n\n\n<p><strong>Divinit\u00e9<\/strong><ins>&nbsp;: <\/ins>Chiar<ins> doit \u00eatre la divinit\u00e9 tut\u00e9laire du personnage.<\/ins><\/p>\n\n\n\n<p><strong><ins>Don<\/ins><\/strong><ins>&nbsp;: Arme de pr\u00e9dilection (<\/ins>Ep\u00e9e \u00e0 deux mains<ins>)<\/ins>, Robustesse.<\/p>\n\n\n\n<p><strong>Sp\u00e9cial<\/strong>&nbsp;: le personnage doit avoir pass\u00e9 une nuit enseveli dans la neige et avoir surv\u00e9cu. Il doit aussi avoir tu\u00e9 une cr\u00e9ature en sacrifice et ensevelir son corps dans la neige, pour symboliser que lui a surv\u00e9cu au froid, et non la cr\u00e9ature.<\/p>\n\n\n\n<p><a><strong>Caract\u00e9ristiques de classe<\/strong><\/a><strong><\/strong><\/p>\n\n\n\n<p><strong><ins>D\u00e9s de vie<\/ins><\/strong><ins>&nbsp;: d<\/ins>10<\/p>\n\n\n\n<p><strong><ins>Comp\u00e9tences<\/ins> de Classe<\/strong><ins>&nbsp;: Concentration, Connaissance (Religion), Connaissance (<\/ins>Myst\u00e8res<ins>)<\/ins>, <ins>Intimidation, <\/ins>Escalade<ins>, <\/ins>Natation.<\/p>\n\n\n\n<p><ins>Points de comp\u00e9tences additionnels \u00e0 chaque niveau&nbsp;: 2 + modificateur d\u2019Intelligence.<\/ins><\/p>\n\n\n\n<p><strong>Domaine du Froid<\/strong>&nbsp;: Quel que soit sa classe de personnage initiale, un Adepte de la Congr\u00e9gation du Croc Gel\u00e9 peut ajouter les sorts du Domaine du Froid \u00e0 sa liste de sort existante. Cependant, il ne gagne pas pour autant le pouvoir du domaine du froid. Enfin, dans le cas d\u2019un personnage ayant pr\u00e9alablement choisi le Domaine du Froid dans ces domaines initiaux, le personnage gagne un bonus de +1 au DD de ses sorts de Froid.<\/p>\n\n\n\n<p><strong>Ep\u00e9e de Froid<\/strong>\u00a0: une fois par jour, un Adepte de la Congr\u00e9gation du Croc Gel\u00e9 peut, par une action libre, appliquer la propri\u00e9t\u00e9 de froid \u00e0 son arme principale, infligeant 1d6 points de d\u00e9g\u00e2ts de froid suppl\u00e9mentaire en cas d\u2019attaque r\u00e9ussie. L\u2019arme peut ainsi \u00eatre modifi\u00e9e jusqu\u2019\u00e0 un maximum de rounds \u00e9gal \u00e0 deux fois le niveau de classe d\u2019Adapte de la Congr\u00e9gation du Croc Gel\u00e9 du personnage + son modificateur de Charisme. L\u2019arme redevient normale d\u00e8s qu\u2019elle quitte les mains du personnage. Ainsi, s\u2019il se retrouve d\u00e9sarm\u00e9 ou confie l\u2019arme \u00e0 un autre personnage, l\u2019effet magique prend fin. Le personnage peut utiliser ce pouvoir deux fois par jour \u00e0 partir du niveau 3 et enfin 3 fois par jour \u00e0 partir du niveau 6.<\/p>\n\n\n\n<figure class=\"wp-block-image size-large\"><img fetchpriority=\"high\" decoding=\"async\" width=\"1024\" height=\"570\" src=\"https:\/\/extremia.org\/wp\/wp-content\/uploads\/tableau-Croc-Gel\u00e9-1-1024x570.png\" alt=\"\" class=\"wp-image-262\" srcset=\"https:\/\/extremia.org\/wp\/wp-content\/uploads\/tableau-Croc-Gel\u00e9-1-1024x570.png 1024w, https:\/\/extremia.org\/wp\/wp-content\/uploads\/tableau-Croc-Gel\u00e9-1-300x167.png 300w, https:\/\/extremia.org\/wp\/wp-content\/uploads\/tableau-Croc-Gel\u00e9-1-768x428.png 768w, https:\/\/extremia.org\/wp\/wp-content\/uploads\/tableau-Croc-Gel\u00e9-1.png 1169w\" sizes=\"(max-width: 1024px) 100vw, 1024px\" \/><\/figure>\n\n\n\n<p><strong>R\u00e9sistance au Froid<\/strong>\u00a0: par son entra\u00eenement pouss\u00e9 lui ayant occasionn\u00e9 de nombreuses blessures par le froid, l\u2019Adepte de la Congr\u00e9gation du Croc Gel\u00e9 obtient une r\u00e9sistance de 1 point contre le froid, ainsi que contre les sorts et pouvoirs infligeant des d\u00e9g\u00e2ts de froid. Cette r\u00e9sistance est permanente et se cumule avec les sorts conf\u00e9rant une protection similaire (protection contre le froid, r\u00e9sistance aux \u00e9nergies destructives, etc.). Enfin, cette r\u00e9sistance passe \u00e0 deux points au niveau 4 et \u00e0 3 points au niveau 8.<\/p>\n\n\n\n<p><strong>C\u00f4ne de Froid<\/strong>&nbsp;: Au niveau 5, l\u2019Adepte de la Congr\u00e9gation du Croc Gel\u00e9 peut, par une action simple, lancer un C\u00f4ne de Froid une fois par jour, et ceci m\u00eame s\u2019il n\u2019avait normalement pas acc\u00e8s \u00e0 ce sort.<\/p>\n\n\n\n<p><strong>Ep\u00e9e de Froid Intense<\/strong>&nbsp;: une fois par jour,&nbsp; un Adepte peut utiliser le pouvoir d\u2019Arme de Froid Intense. Ce pouvoir fonctionne de la m\u00eame mani\u00e8re que le pouvoir d\u2019Arme de Froid, \u00e0 la diff\u00e9rence qu\u2019il inflige 2d4 points de d\u00e9g\u00e2ts au lieu de 1d6. Ce pouvoir est un pouvoir distinct et il ne compte pas dans le nombre de fois que le personnage peut utiliser le pouvoir d\u2019Ep\u00e9e de Feu.<\/p>\n\n\n\n<p><strong>Extension de Froid<\/strong>&nbsp;: A partir du niveau 9, chaque fois que l\u2019Adepte de la Congr\u00e9gation du Croc Gel\u00e9 lance un sort du domaine du Froid, le sort agit comme s\u2019il b\u00e9n\u00e9ficiait du Don Extension d\u2019Effet, sans demander d\u2019emplacement de sort sup\u00e9rieur.<\/p>\n\n\n\n<p><strong>Rayon Polaire<\/strong>&nbsp;: Au niveau 10, un Adepte de la Congr\u00e9gation du Croc Gel\u00e9 peut lancer une fois par jour un sort de Rayon Polaire, et ceci m\u00eame s\u2019il n\u2019avait normalement pas acc\u00e8s \u00e0 ce sort.<\/p>\n\n\n\n<p>Gel des Feux&nbsp;: Au niveau 10, le froid g\u00e9n\u00e9r\u00e9 par un Adepte de la Congr\u00e9gation du Croc Gel\u00e9 est tel qu\u2019il inflig\u00e9 +1 par D\u00e9 de d\u00e9g\u00e2ts \u00e0 une cr\u00e9ature faite de feu ou utilisant activement le feu, comme un Membre de l\u2019Ordre Ardent, ou tout possesseur d\u2019un objet magique ou b\u00e9n\u00e9ficiaire d\u2019un sort g\u00e9n\u00e9rant du feu (\u00e9p\u00e9e de feu, collier de projectiles, bouclier de feu, etc.)<\/p>\n\n\n\n<p>Sorts&nbsp;: Tous les niveaux pairs d\u2019Adepte de la Congr\u00e9gation du Croc Gel\u00e9, le personnage obtient un niveau effectif de jeteur de sorts pour une de ses classes pr\u00e9c\u00e9dentes pratiquant la magie divine (s\u2019il poss\u00e8de plusieurs classes de ce type, le niveau effectif ne s\u2019applique qu\u2019\u00e0 l\u2019une d\u2019entre elles, au choix du personnage). Il obtient les sorts par jour et le niveau de lanceur de sorts d\u2019un personnage de son niveau effectif. N\u00e9anmoins, il ne gagne aucun des autres avantages accompagnant habituellement ce niveau, tels qu&rsquo;une meilleure chance de repousser ou d&rsquo;intimider les morts-vivants, de nouveaux dons de m\u00e9tamagie ou de cr\u00e9ation d&rsquo;objets, etc.<\/p>\n","protected":false},"excerpt":{"rendered":"<p>Cette classe de prestige s\u2019adresse aux adeptes de Chiar. Histoire de la Congr\u00e9gation du Croc Gel\u00e9 On sait tr\u00e8s peu de chose sur l\u2019histoire de la Congr\u00e9gation du Croc Gel\u00e9. Elle fut probablement fond\u00e9e vers 300 ou 400 Ep. IV, car c\u2019est \u00e0 cette p\u00e9riode qu\u2019on rapporte ses premiers agissements. La Congr\u00e9gation aurait \u00e9t\u00e9 fond\u00e9e [&hellip;]<\/p>\n","protected":false},"author":3,"featured_media":0,"parent":256,"menu_order":0,"comment_status":"closed","ping_status":"closed","template":"","meta":[],"_links":{"self":[{"href":"https:\/\/extremia.org\/wp\/index.php?rest_route=\/wp\/v2\/pages\/260"}],"collection":[{"href":"https:\/\/extremia.org\/wp\/index.php?rest_route=\/wp\/v2\/pages"}],"about":[{"href":"https:\/\/extremia.org\/wp\/index.php?rest_route=\/wp\/v2\/types\/page"}],"author":[{"embeddable":true,"href":"https:\/\/extremia.org\/wp\/index.php?rest_route=\/wp\/v2\/users\/3"}],"replies":[{"embeddable":true,"href":"https:\/\/extremia.org\/wp\/index.php?rest_route=%2Fwp%2Fv2%2Fcomments&post=260"}],"version-history":[{"count":2,"href":"https:\/\/extremia.org\/wp\/index.php?rest_route=\/wp\/v2\/pages\/260\/revisions"}],"predecessor-version":[{"id":264,"href":"https:\/\/extremia.org\/wp\/index.php?rest_route=\/wp\/v2\/pages\/260\/revisions\/264"}],"up":[{"embeddable":true,"href":"https:\/\/extremia.org\/wp\/index.php?rest_route=\/wp\/v2\/pages\/256"}],"wp:attachment":[{"href":"https:\/\/extremia.org\/wp\/index.php?rest_route=%2Fwp%2Fv2%2Fmedia&parent=260"}],"curies":[{"name":"wp","href":"https:\/\/api.w.org\/{rel}","templated":true}]}}