{"id":256,"date":"2021-01-26T22:01:29","date_gmt":"2021-01-26T21:01:29","guid":{"rendered":"http:\/\/extremia.org\/wp\/?page_id=256"},"modified":"2023-11-01T10:15:58","modified_gmt":"2023-11-01T09:15:58","slug":"chiar","status":"publish","type":"page","link":"https:\/\/extremia.org\/wp\/?page_id=256","title":{"rendered":"Chiar"},"content":{"rendered":"<div class=\"wp-block-image\">\n<figure class=\"aligncenter size-large\"><img decoding=\"async\" width=\"158\" height=\"204\" src=\"https:\/\/extremia.org\/wp\/wp-content\/uploads\/image-4.png\" alt=\"\" class=\"wp-image-257\"\/><\/figure><\/div>\n\n\n<p><strong>La divinit\u00e9<\/strong><\/p>\n\n\n\n<p>Chiar est un dieu mal\u00e9fique, symbole du froid et de la corruption des \u00e2mes.<\/p>\n\n\n\n<p>Chiar le Supradragon est abject et cruel, mais particuli\u00e8rement retord et intelligent. Sa force et sa brutalit\u00e9 n\u2019ont \u00e9gales que sa profonde noirceur et sa soif de r\u00e9pandre le Mal et la terreur. Chiar est un dieu tr\u00e8s ind\u00e9pendant et sur de sa force, bien qu\u2019il lui arrive de s\u2019allier avec Gornar &amp; Untog, R\u00e9bion, Hamo\u00ef, Knl\u2019ka\u2026 tant que cela sert ses int\u00e9r\u00eats. Il n\u2019h\u00e9site pas \u00e0 trahir ses alli\u00e9s lorsque ceux-ci ne lui sont plus utiles.<\/p>\n\n\n\n<p>Aussi appel\u00e9 le Dieu Mort ou le Dieu Borgne, Chiar est l\u2019ennemi jur\u00e9 d\u2019Uron mais il hait \u00e9galement tous les dieux bons sans exceptions. Ses principaux d\u00e9tracteurs rappellent que Chiar n\u2019aime personne d\u2019autres que lui-m\u00eame\u2026 Chiar est dans tout ce qui est laid, mauvais et r\u00e9pugnant.<\/p>\n\n\n\n<p>Chiar est repr\u00e9sent\u00e9 par un immense dragon rouge ou noir particuli\u00e8rement laid et tyrannique. Le plus souvent, le dragon est repr\u00e9sent\u00e9 borgne, pour repr\u00e9senter sa d\u00e9faite pass\u00e9e face \u00e0 <a href=\"https:\/\/extremia.org\/wp\/?page_id=174\">Uron <\/a>le juste.<\/p>\n\n\n\n<p><strong>Ses fid\u00e8les<\/strong><\/p>\n\n\n\n<p>Pour leur plus grand malheur (mais pour le bonheur de tous les autres) les fid\u00e8les de Chiar ne sont pas tr\u00e8s organis\u00e9s. S\u2019ils servent tous servilement leur divinit\u00e9 et leur chef spirituel, les fid\u00e8les ne parviennent que rarement \u00e0 effectuer des rapprochements avec d\u2019autres adeptes du culte.<\/p>\n\n\n\n<p>Les fid\u00e8les ont tendance \u00e0 se regrouper en groupuscules isol\u00e9s, sous la conduite d\u2019un chef tout-puissant et intelligent, ce qui lui permet de r\u00e9gner en g\u00e9n\u00e9ral sans mal sur son groupe d\u2019adeptes. Les fid\u00e8les de Chiar sont par nature chaotiques et impulsifs, peu prompts \u00e0 ob\u00e9ir, mais face aux chefs souvent impitoyables dirigeant les groupes ind\u00e9pendants, les fid\u00e8les ont tendance \u00e0 \u00e9viter de se rebeller. Malheureusement, les chefs des groupes sont r\u00e9put\u00e9s pour ne pas s\u2019entendre avec les autres, chacun souhaitant r\u00e9gner comme il l\u2019entend sur son groupe d\u2019adeptes et les utilisant compl\u00e8tement \u00e0 son avantage. Assoiff\u00e9s de pouvoir, les chefs ne s\u2019associent que rarement, cherchant plut\u00f4t \u00e0 \u00e9liminer un leader concurrent afin de contr\u00f4ler ses ouailles.<\/p>\n\n\n\n<p>Les liens hi\u00e9rarchiques sont donc assez simples : tous les fid\u00e8les r\u00e9pondent directement \u00e0 leur chef ou presque. Les chefs les plus puissants ont tendance \u00e0 d\u00e9l\u00e9guer leurs pouvoirs \u00e0 de rares personnes en qui elles ont confiance (en g\u00e9n\u00e9ral des chefs de guerre assoiff\u00e9s de sang et trop b\u00eates pour pouvoir les trahir). Les chefs, eux, sont souvent de puissants pr\u00eatres capables de fomenter des plans sur des d\u00e9cennies ! La plupart de leurs motivations profondes sont obscures, il est impossible de savoir si leurs actions r\u00e9pondent \u00e0 un dessein divin, ou plut\u00f4t, comme cela semble \u00eatre le cas, a une ambition d\u00e9mesur\u00e9e et une soif de pouvoir et de massacre.<\/p>\n\n\n\n<p>Les pr\u00eatres de Chiar vont parfois pactiser avec des pr\u00eatres d\u2019autres divinit\u00e9s mauvaises, dans l\u2019intention cependant de les trahir \u00e0 la premi\u00e8re occasion, d\u00e8s qu\u2019ils ne seront plus utiles \u00e0 leur plan. Les adeptes de Chiar ne peuvent \u00e9galement se contr\u00f4ler en pr\u00e9sence de fanatiques d\u2019Uron, qu\u2019ils attaqueront a vue. L\u2019hiver est la p\u00e9riode propice pour les adeptes de Chiar lorsqu\u2019ils d\u00e9sirent passer \u00e0 l\u2019action, car le froid fait partie des attributs de leur Dieu, et de plus, ils savent que les populations bonnes et paisibles sont affaiblies pendant les p\u00e9riodes froides, ce qui facilitent leur t\u00e2che. Le p\u00e9ch\u00e9 mignon des pr\u00eatres de Chiar est de retourner une personne au c\u0153ur pur et d\u2019en faire un z\u00e9l\u00e9 supp\u00f4t du mal, et ils feront tout pour corrompre les \u00e2mes des gens honn\u00eates.&nbsp;<\/p>\n\n\n\n<p>Les adeptes du Dieu Borgne c\u00e9l\u00e8brent leurs messes noires dans des grottes froides et sombres, ou dans d\u2019autres endroits lugubres de m\u00eame acabit, car ils cultivent un go\u00fbt prononc\u00e9 pour le secret et l\u2019anonymat. Il n\u2019est pas rare que lorsque des personnalit\u00e9s du culte soient amen\u00e9es \u00e0 se rencontrer (ce qui est d\u00e9j\u00e0 rare en soit), elles restent masqu\u00e9es (ce qui n\u2019emp\u00eachera pas les protagonistes d\u2019user de magie pour percer \u00e0 jour les autres participants\u2026).<\/p>\n\n\n\n<p>Le go\u00fbt du secret et de la clandestinit\u00e9 vient en grande partie du fait que les adeptes de Chiar sont chass\u00e9s et emprisonn\u00e9s dans la plupart des civilisations loyales et organis\u00e9es. Les adeptes de Chiar sont vus, avec raison, comme des fauteurs de troubles et des personnes dangereuses devant \u00eatre mises hors d\u2019\u00e9tat de nuire.<\/p>\n\n\n\n<p>Les adeptes rev\u00eatent de grandes robes noires orn\u00e9es de boutons en argent. Ils portent autour du cou leur symbole religieux, repr\u00e9sentant un petit soleil en argent. Un autre symbole, repr\u00e9sentant un dragon noir dans un soleil argent\u00e9, est \u00e9galement cousu sur leurs tuniques, en parfait reflet noir des tuniques des pr\u00eatres d\u2019Uron.<\/p>\n\n\n<div class=\"wp-block-image\">\n<figure class=\"aligncenter size-large\"><img fetchpriority=\"high\" decoding=\"async\" width=\"248\" height=\"459\" src=\"https:\/\/extremia.org\/wp\/wp-content\/uploads\/image-5.png\" alt=\"\" class=\"wp-image-258\" srcset=\"https:\/\/extremia.org\/wp\/wp-content\/uploads\/image-5.png 248w, https:\/\/extremia.org\/wp\/wp-content\/uploads\/image-5-162x300.png 162w\" sizes=\"(max-width: 248px) 100vw, 248px\" \/><figcaption class=\"wp-element-caption\"><em>un pr\u00eatre de Chiar<\/em><\/figcaption><\/figure><\/div>\n\n\n<p>Lors de leurs c\u00e9r\u00e9monies, les fid\u00e8les de Chiar entonnent des cantiques gutturaux, tout en maintenant les m\u00e2choires ferm\u00e9es, rendant leurs paroles presque inaudibles. Afin de satisfaire leur dieu et ses d\u00e9sirs macabres, les pr\u00eatres de Chiar terminent les pri\u00e8res importantes par un sacrifice humain, sens\u00e9 leur apporter la b\u00e9n\u00e9diction et le pouvoir du Dieu Mort. La devise des pr\u00eatres de Chiar est \u00ab Que le Ma\u00eetre du Mal domine ! \u00bb<\/p>\n\n\n\n<p>Il est difficile de savoir si les pr\u00eatres de Chiar jouissent d\u2019une c\u00e9r\u00e9monie particuli\u00e8re \u00e0 leur mort : la plupart des pr\u00eatres de Chiar ayant une mort violente, on ne retrouve pas souvent leur corps. De plus, les fid\u00e8les en d\u00e9bandade on rarement envie de retrouver la d\u00e9pouille de leur d\u00e9funt chef, \u00e0 moins que ce soit pour d\u00e9pouiller ce qui peut l\u2019\u00eatre. Pour certains grands pr\u00eatres cependant, il est arriv\u00e9 que des Dragons blancs con\u00e7oivent des cercueils de glace afin de conserver les corps.<\/p>\n\n\n\n<p>On retrouve des fid\u00e8les de Chiar sur tous les continents, mais la plupart du temps, il s\u2019agit de cultes secrets, sectes et rituels interdits par les dirigeants des pays, \u00e0 l\u2019exception de Zandrizzin et Guul-Shog, dans le Tizun.&nbsp;<\/p>\n\n\n\n<p>&nbsp;Les fid\u00e8les de Chiar sont le plus souvent des races mal\u00e9fiques, comme les Orques, les Drows, etc. mais on retrouve aussi de nombreux humains parmi les rangs des adorateurs du Dieu Mort.<\/p>\n\n\n\n<p><strong>El\u00e9ments techniques<\/strong><\/p>\n\n\n\n<p><strong>Alignement g\u00e9n\u00e9ral<\/strong> : Chiar est Chaotique Mauvais. La plupart de ses adeptes le sont aussi, et rarement, quelques membres sont Neutre Mauvais.<\/p>\n\n\n\n<p><strong>Domaines<\/strong> : Deux \u00e0 choisir parmi Mal, Mort, Destruction, Chaos, Froid*, Magie.<\/p>\n\n\n\n<p>Armes de pr\u00e9dilection : l\u2019\u00e9p\u00e9e \u00e0 deux mains<\/p>\n\n\n\n<p>Pouvoirs sp\u00e9ciaux :<\/p>\n\n\n\n<p>&#8211;&nbsp;&nbsp;&nbsp;&nbsp;&nbsp;&nbsp;&nbsp;&nbsp;&nbsp; Contr\u00f4le des morts-vivants<\/p>\n\n\n\n<p>&#8211;&nbsp;&nbsp;&nbsp;&nbsp;&nbsp;&nbsp;&nbsp;&nbsp;&nbsp; Invocation spontan\u00e9e (les pr\u00eatres de Chiar peuvent remplacer spontan\u00e9ment des sorts de m\u00eame niveau par des sorts de Convocation de monstres de m\u00eame niveau).<\/p>\n\n\n\n<p>Comp\u00e9tences de classe : Art de la magie (Int), Artisanat (Int), Concentration (Con), Connaissances (histoire) (Int), Connaissances (myst\u00e8res) (Int), Connaissances (plans) (Int), Connaissances (religion) (Int), Intimidation (Cha), Premiers secours (Sag) et Profession (Sag).<\/p>\n","protected":false},"excerpt":{"rendered":"<p>La divinit\u00e9 Chiar est un dieu mal\u00e9fique, symbole du froid et de la corruption des \u00e2mes. Chiar le Supradragon est abject et cruel, mais particuli\u00e8rement retord et intelligent. Sa force et sa brutalit\u00e9 n\u2019ont \u00e9gales que sa profonde noirceur et sa soif de r\u00e9pandre le Mal et la terreur. Chiar est un dieu tr\u00e8s ind\u00e9pendant [&hellip;]<\/p>\n","protected":false},"author":3,"featured_media":0,"parent":412,"menu_order":0,"comment_status":"closed","ping_status":"closed","template":"","meta":[],"_links":{"self":[{"href":"https:\/\/extremia.org\/wp\/index.php?rest_route=\/wp\/v2\/pages\/256"}],"collection":[{"href":"https:\/\/extremia.org\/wp\/index.php?rest_route=\/wp\/v2\/pages"}],"about":[{"href":"https:\/\/extremia.org\/wp\/index.php?rest_route=\/wp\/v2\/types\/page"}],"author":[{"embeddable":true,"href":"https:\/\/extremia.org\/wp\/index.php?rest_route=\/wp\/v2\/users\/3"}],"replies":[{"embeddable":true,"href":"https:\/\/extremia.org\/wp\/index.php?rest_route=%2Fwp%2Fv2%2Fcomments&post=256"}],"version-history":[{"count":2,"href":"https:\/\/extremia.org\/wp\/index.php?rest_route=\/wp\/v2\/pages\/256\/revisions"}],"predecessor-version":[{"id":415,"href":"https:\/\/extremia.org\/wp\/index.php?rest_route=\/wp\/v2\/pages\/256\/revisions\/415"}],"up":[{"embeddable":true,"href":"https:\/\/extremia.org\/wp\/index.php?rest_route=\/wp\/v2\/pages\/412"}],"wp:attachment":[{"href":"https:\/\/extremia.org\/wp\/index.php?rest_route=%2Fwp%2Fv2%2Fmedia&parent=256"}],"curies":[{"name":"wp","href":"https:\/\/api.w.org\/{rel}","templated":true}]}}