{"id":250,"date":"2021-01-17T22:49:48","date_gmt":"2021-01-17T21:49:48","guid":{"rendered":"http:\/\/extremia.org\/wp\/?page_id=250"},"modified":"2021-01-17T22:51:29","modified_gmt":"2021-01-17T21:51:29","slug":"satiss","status":"publish","type":"page","link":"https:\/\/extremia.org\/wp\/?page_id=250","title":{"rendered":"Satiss"},"content":{"rendered":"\n<p class=\"has-text-align-center\"><em>\u00abPour l\u2019amour des peuples elfiques&nbsp;!\u00bb<\/em><\/p>\n\n\n\n<div class=\"wp-block-image\"><figure class=\"aligncenter size-large is-resized\"><img fetchpriority=\"high\" decoding=\"async\" src=\"https:\/\/extremia.org\/wp\/wp-content\/uploads\/Fall-PJ-Satiss-862x1024.png\" alt=\"\" class=\"wp-image-251\" width=\"426\" height=\"506\" srcset=\"https:\/\/extremia.org\/wp\/wp-content\/uploads\/Fall-PJ-Satiss-862x1024.png 862w, https:\/\/extremia.org\/wp\/wp-content\/uploads\/Fall-PJ-Satiss-253x300.png 253w, https:\/\/extremia.org\/wp\/wp-content\/uploads\/Fall-PJ-Satiss-768x912.png 768w, https:\/\/extremia.org\/wp\/wp-content\/uploads\/Fall-PJ-Satiss.png 945w\" sizes=\"(max-width: 426px) 100vw, 426px\" \/><\/figure><\/div>\n\n\n\n<h3><a>Histoire<\/a><\/h3>\n\n\n\n<p>Satiss est n\u00e9e en 849 Ep. IV dans le village elfe d\u2019Esfind\u00ebl du le Bois des \u00c2mes, une for\u00eat de l\u2019Evaldian situ\u00e9e dans le nord de Fall. Sa m\u00e8re est une elfe et son p\u00e8re est humain. Delenth, Le p\u00e8re de Satiss, \u00e9tait un magicien qui avait beaucoup voyag\u00e9 pendant sa jeunesse. Alors qu\u2019il traversait le Bois des \u00c2mes, il fut attaqu\u00e9 par des Orques. Gri\u00e8vement bless\u00e9, il fut fort heureusement secouru par un petit groupe d\u2019Elfes qui mirent en d\u00e9route les ennemis. Ils emmen\u00e8rent Delenth \u00e0 leur village afin de pouvoir le soigner. Alwyna, l\u2019une des elfes du groupe, d\u00e9cida de s\u2019occuper du bless\u00e9 et elle passa de nombreux jours \u00e0 soigner Delenth en utilisant des herbes aux vertus gu\u00e9risseuses, en refaisant les pansements de Delenth et en utilisant sa magie pour acc\u00e9l\u00e9rer la gu\u00e9rison.<\/p>\n\n\n\n<p>Delenth et Alwyna pass\u00e8rent ensuite beaucoup de temps ensemble&nbsp;: elle lui apprit la langue elfe \u00e0 mesure qu\u2019il reprenait des forces. C\u2019est assez naturellement qu\u2019une idylle s\u2019en suivi. La petite Satiss naquit de leur relation.<\/p>\n\n\n\n<p>Satiss connu une enfance heureuse au village elfe, entour\u00e9e par ses parents. Tr\u00e8s vite elle se passionna pour la magie exerc\u00e9e \u00e0 la fois par son p\u00e8re et par les elfes, mais \u00e0 la diff\u00e9rence de son p\u00e8re, elle d\u00e9couvrit bient\u00f4t qu\u2019elle pouvait spontan\u00e9ment manier les \u00e9nergies magiques, plut\u00f4t que d\u2019avoir \u00e0 \u00e9tudier de vieux grimoires pendant des heures. Satiss \u00e9tait \u00e9galement tr\u00e8s bien int\u00e9gr\u00e9 parmi les enfants elfes. Toutefois, elle grandissait plus vite que ses camarades en raison de son ascendance humaine. Satiss se sentit bient\u00f4t un peu plus seule, coup\u00e9e de ses amis d\u2019enfance qui ne se&nbsp; d\u00e9veloppaient pas assez vite compar\u00e9s \u00e0 elle, et pas assez mature pour discuter avec les elfes centenaires. Elle commen\u00e7a \u00e0 vivre un peu plus en retrait du village elfe. Elle garda toutefois quelques liens avec une druidesse elfe du village un peu plus ind\u00e9pendante que les autres.<\/p>\n\n\n\n<p>En 880 Ep. IV, le p\u00e8re de Satiss parti sans dire un mot. Il commen\u00e7ait \u00e0 \u00eatre malade et ce d\u00e9part pr\u00e9cipit\u00e9, sans lui dire au revoir, surprirent Satiss. Par le pass\u00e9, son p\u00e8re \u00e9tait retourn\u00e9 plusieurs fois pour quelques mois chez les Humains, mais il avait toujours pr\u00e9venu\u2026 Satiss attendit plusieurs jours et se d\u00e9cida \u00e0 partir \u00e0 sa recherche. C\u2019est ainsi qu\u2019elle d\u00e9cida de partir sur les chemins de l\u2019aventure, plus rien ne la retenait au village elfe, d\u00e9sormais\u2026<\/p>\n\n\n\n<p>Aux cours de ses recherches, elle est attaqu\u00e9e par des orques et est sauv\u00e9e par Aspar\u00ebl et Malachy, qui deviendront ses amis. Elle rencontre alors de nombreux autres compagnons au cours de ses aventures, participe \u00e0 capturer un Ours-Garou et \u00e9limine une tribu de Gnolls mena\u00e7ant la for\u00eat.<\/p>\n\n\n\n<p>D\u00e8s 881 Ep. IV, elle participe \u00e0 une vaste enqu\u00eate, notamment avec ses compagnons Taraine, Ka\u00efam, Roden ou Apsarf\u00ebl, sur de myst\u00e9rieux enl\u00e8vements dans sa r\u00e9gion natale. Luttant contre des Gobelours, elle d\u00e9couvre de myst\u00e9rieux souterrains qu\u2019elle explore avec ses compagnons. Elle y capture notamment une pr\u00eatresse de Chiar qui semble \u00eatre li\u00e9e aux enl\u00e8vements.<\/p>\n\n\n\n<p>L\u2019ann\u00e9e suivante, elle rend visite \u00e0 sa famille elfe en compagnie du conjurateur gnome Hibou Gourmand. De retour vers le village de Thomer, elle retourne dans les souterrains, participe \u00e0 la destruction de tribus Trolls et sauve \u00e0 nouveau la r\u00e9gion d\u2019une nouvelle offensive de Gobelours. Un peu plus tard dans l\u2019ann\u00e9e, elle s\u2019aventure dans un marais voisin avec ses compagnons, affronte des hommes-l\u00e9zards et rencontre m\u00eame une femelle dragon vert dont elle d\u00e9joue les \u00e9nigmes. &nbsp;Elle retourne alors explorer les souterrains et fini par retrouver son p\u00e8re Delenth, qui avait \u00e9t\u00e9 captur\u00e9 et est parvenu \u00e0 s\u2019\u00e9chapper&nbsp;! Satiss est heureuse de l\u2019avoir retrouv\u00e9, et elle envisage de mettre un terme \u00e0 sa carri\u00e8re d\u2019aventuri\u00e8re.<\/p>\n\n\n\n<p>Elle d\u00e9cide cependant d\u2019accompagner ses camarades encore quelques temps, et elle rencontre des elfes des roches, qui l\u2019enl\u00e8ve tout d\u2019abord avant de s\u2019ouvrir au monde ext\u00e9rieur \u00e0 son contact. En 883 Ep. IV, elle affronte des Derros et des flagelleurs mentaux, lib\u00e8re des esclaves dans les profondeurs et d\u00e9truit une cit\u00e9 Kuo-Toa avec ses compagnons d\u2019aventure.<\/p>\n\n\n\n<p>Elle retourne dans son village natal en 884 Ep. IV pour y rejoindre son p\u00e8re et elle \u00e9pouse Ezi\u00ebl, son ami d\u2019enfance, mettant un terme \u00e0 sa carri\u00e8re d\u2019aventuri\u00e8re. Toutefois, l\u2019ann\u00e9e suivante, elle sollicite ses anciens compagnons pour affronter des Drows dans la r\u00e9gion. Ceux-ci lib\u00e8re son mari Ezi\u00ebl, qui avait \u00e9t\u00e9 captur\u00e9. Apr\u00e8s ces \u00e9v\u00e8nement, Satiss donne naissance \u00e0 plusieurs enfants et semble couler des jours paisibles dans sa r\u00e9gion natale. Elle prend plus de responsabilit\u00e9s dans la communaut\u00e9 elfique.<\/p>\n\n\n\n<p>Rendant parfois visite \u00e0 Alvaster \u00e0 ses anciens compagnons ou recevant son ami Bannay elle devient, apr\u00e8s la Guerre des Balistes en 896 Ep. IV, la repr\u00e9sentante des Elfes des Bois apr\u00e8s d\u2019Alvaster. Son r\u00f4le de diplomate l\u2019am\u00e8ne \u00e0 voyager jusqu\u2019\u00e0 Haldorf en 898 Ep. IV.<\/p>\n\n\n\n<h3><a>El\u00e9ments techniques<\/a><\/h3>\n\n\n\n<p>Demi-elfe, Ensorceleuse 10. Humano\u00efde taille M, CB Initiative +7 ; FP 10.&nbsp; VD 9 m<\/p>\n\n\n\n<p>D\u00c9FENSE&nbsp;&nbsp;&nbsp;&nbsp;&nbsp;<\/p>\n\n\n\n<p>CA 18 (22 avec <em>Armure de Mage<\/em>), contact 17 (21), pris au d\u00e9pourvu 15 (armure +2, armure naturelle +1, Parade +1, Dex +3, sorts +4, Divers +1)&nbsp;; PV 64 (10d4+30)<\/p>\n\n\n\n<p>R\u00e9f +8, Vig +5, Vol +9<\/p>\n\n\n\n<p>ATTAQUE&nbsp;&nbsp;&nbsp;&nbsp;<\/p>\n\n\n\n<p>Corps \u00e0 corps <em>B\u00e2ton +3<\/em>, +8 (1d6+4&nbsp;; x2)<\/p>\n\n\n\n<p>Distance <em>Arbal\u00e8te l\u00e9g\u00e8re +1<\/em>, +6 (1d8, x2)<\/p>\n\n\n\n<p>TACTIQUE&nbsp;&nbsp;<\/p>\n\n\n\n<p>Satiss lance <em>Armure du Mage<\/em> en d\u00e9but de journ\u00e9e pour se prot\u00e9ger. Elle a tr\u00e8s peu de chances d\u2019\u00eatre surprise, gr\u00e2ce au super-odorat de Gni, son familier belette.<\/p>\n\n\n\n<p>Attaqu\u00e9e, Satiss commencera par un sort de d\u00e9fense (<em>Vol<\/em> de pr\u00e9f\u00e9rence, ou elle utilisera sa <em>Baguette de L\u00e9vitation<\/em>) afin de tenir ses adversaires \u00e0 distance, puis elle fera usage de ses sorts offensifs, en commen\u00e7ant par deux <em>Boules de Feu<\/em>, puis des <em>Rayons ardents<\/em> et enfin des <em>Projectiles Magiques<\/em>.<\/p>\n\n\n\n<p>Si elle est accul\u00e9e, Satiss utilisera sa <em>baguette de d\u00e9charge \u00e9lectrique<\/em>, et en dernier recours, sa <em>baguette prodigieuse<\/em>, \u00e9tant incertaine de l\u2019effet produit. Gni n\u2019h\u00e9sitera alors pas utiliser ses pouvoirs pour attaquer les agresseurs de sa ma\u00eetresse ou la soigner. Satiss utilisera aussi sa <em>Robe des Roches Vives <\/em>pour se lancer une <em>Peau de Pierre<\/em> si besoin.<\/p>\n\n\n\n<p>Si elle est gri\u00e8vement bless\u00e9e, Satiss tentera de fuir et utilisera <em>image miroir<\/em> et <em>convocation de monstres I<\/em> pour lui permettre de couvrir sa retraite. Si elle est sous l\u2019effet de son sort de Vol, elle quittera alors le champs de bataille le plus rapidement possible.<\/p>\n\n\n\n<p>Moral 18<\/p>\n\n\n\n<p>CARACT\u00c9RISTIQUES&nbsp;&nbsp;&nbsp;&nbsp;&nbsp;&nbsp;<\/p>\n\n\n\n<p>For 12, Dex 16, Con 16, Int 13, Sag 14, Cha 19 (20 avec la <em>cape de Charisme<\/em>)<\/p>\n\n\n\n<p>BBA +5<\/p>\n\n\n\n<p><strong>Dons<\/strong> Science de l\u2019initiative, dispense des composantes mat\u00e9rielles, familier sup\u00e9rieur.<\/p>\n\n\n\n<p><strong>Comp\u00e9tences<\/strong> Art de la magie +6, Bluff +6, Concentration +9, Connaissance (myst\u00e8res) +3, Connaissance (nature) +2, Conaissance (religion) +2, Connaissance(exploration souterraine) +2, Diplomatie +7, D\u00e9tection +4, D\u00e9placement silencieux +9, Equitation +3, Escalade +1, Evasion +9, Fouille +4, Intimidation +5, &nbsp;Natation +1, Perception auditive +5, Saut +1, Psychologie +3, Utilisation objets magiques +5.<\/p>\n\n\n\n<p><strong>Langages<\/strong> Bas Vyrmon, Elfe, Orque, Draconien.<\/p>\n\n\n\n<p><strong>Capacit\u00e9s sp\u00e9ciales<\/strong> Immunit\u00e9 aux sorts de Sommeil, Vision Nocturne, +2 vs. Enchantements.<\/p>\n\n\n\n<p><strong>\u00c9quipement<\/strong> <em>B\u00e2ton +3, Dague +2, Arbal\u00e8te l\u00e9g\u00e8re +1, Cape de Charisme +1, Bottes elfiques, Anneau de respiration aquatique, Anneau d\u2019evasion, Chapeau de d\u00e9guisement, Baguette de D\u00e9charge \u00e9lectrique <\/em>(12 charges),<em> Baguette de Toile d\u2019araign\u00e9e <\/em>(10 charges),<em> Baguette Prodigieuse <\/em>(14 charges), <em>Robe des Roches<\/em>, <em>Pierre de vie<\/em>, <em>Potions de L\u00e9vitation, Potion de Rapidit\u00e9, Potion de soins importants, Potion de r\u00e9sistance au feu, 2 fioles d\u2019eau b\u00e9nites, <\/em>Parchemin avec les sorts de<em> Feuille Morte, Flou, Gr\u00e2ce f\u00e9line, Protection contre les projectiles, Sommeil, Projectile Magique, Conjuration de monstres II<\/em>. 2750 Ewlis et 1 gemme (1000 Ewlis), 1 perle (100 Ewlis).<\/p>\n\n\n\n<p><em>Robe des Roches : <\/em>+2 CA, +1 JS, 15 petites pierres permettant de lancer les sorts suivants&nbsp;:<em> Pierre ac\u00e9r\u00e9e <\/em>(1 charge),<em> fa\u00e7onnage <\/em>(1 charge),<em> mur de pierre <\/em>(1 charge), <em>pierres comm\u00e8res <\/em>(2 charges),<em> peau de pierre <\/em>(3 charges).<\/p>\n\n\n\n<p><em>Pierre de Vie<\/em>&nbsp;: cette pierre pr\u00e9cieuse en forme de coeur est plus plus souvent port\u00e9e en pendentif. Seule les plus grandes pr\u00eatresses de Lurmina peuvent les fabriquer, et elle n\u2019en fabriquent qu\u2019une seule dans leur vie. La pierre procure un effet de <em>protection contre le mal<\/em> tant que le la pierre est port\u00e9e. Elle immunise \u00e9galement contre toutes les maladies, conf\u00e8re un bonus de +1 \u00e0 la CA et prot\u00e8ge \u00e9galement contre le niveau n\u00e9gatifs.<\/p>\n\n\n\n<p>Sorts d\u2019ensorceleur connus (NLS 10, concentration +9)<\/p>\n\n\n\n<p>Niveau 0 (DD 16), 8 \/ jour \u2013 <em>D\u00e9tection de la Magie, H\u00e9b\u00eatement, Illumination, Lecture de la Magie, Manipulation \u00e0 distance, Ouverture\/fermeture, Rayon de givre, R\u00e9sistance, son imaginaire.<\/em><\/p>\n\n\n\n<p>Niveau 1 (DD 17), 7\/ jour \u2013 <em>Armure de mage, Charme personne, convocation de monstres I, Projectile Magique, Rayon affaiblissement<\/em><\/p>\n\n\n\n<p>Niveau 2 (DD 18), 7\/ jour \u2013 <em>Corde enchant\u00e9e, Protection contre les projectiles, Image Miroir, Rayon ardent<\/em><\/p>\n\n\n\n<p>Niveau 3 (DD 19) 7\/ jour \u2013 <em>Boule de Feu, Dissipation de la magie, Vol,<\/em><\/p>\n\n\n\n<p>Niveau 4 (DD 20) 6\/ jour \u2013 <em>Invisibilit\u00e9 supr\u00eame, Sph\u00e8re d\u2019isolement d\u2019Otiluke.<\/em><\/p>\n","protected":false},"excerpt":{"rendered":"<p>\u00abPour l\u2019amour des peuples elfiques&nbsp;!\u00bb Histoire Satiss est n\u00e9e en 849 Ep. IV dans le village elfe d\u2019Esfind\u00ebl du le Bois des \u00c2mes, une for\u00eat de l\u2019Evaldian situ\u00e9e dans le nord de Fall. Sa m\u00e8re est une elfe et son p\u00e8re est humain. Delenth, Le p\u00e8re de Satiss, \u00e9tait un magicien qui avait beaucoup voyag\u00e9 [&hellip;]<\/p>\n","protected":false},"author":3,"featured_media":0,"parent":232,"menu_order":0,"comment_status":"closed","ping_status":"closed","template":"","meta":[],"_links":{"self":[{"href":"https:\/\/extremia.org\/wp\/index.php?rest_route=\/wp\/v2\/pages\/250"}],"collection":[{"href":"https:\/\/extremia.org\/wp\/index.php?rest_route=\/wp\/v2\/pages"}],"about":[{"href":"https:\/\/extremia.org\/wp\/index.php?rest_route=\/wp\/v2\/types\/page"}],"author":[{"embeddable":true,"href":"https:\/\/extremia.org\/wp\/index.php?rest_route=\/wp\/v2\/users\/3"}],"replies":[{"embeddable":true,"href":"https:\/\/extremia.org\/wp\/index.php?rest_route=%2Fwp%2Fv2%2Fcomments&post=250"}],"version-history":[{"count":2,"href":"https:\/\/extremia.org\/wp\/index.php?rest_route=\/wp\/v2\/pages\/250\/revisions"}],"predecessor-version":[{"id":254,"href":"https:\/\/extremia.org\/wp\/index.php?rest_route=\/wp\/v2\/pages\/250\/revisions\/254"}],"up":[{"embeddable":true,"href":"https:\/\/extremia.org\/wp\/index.php?rest_route=\/wp\/v2\/pages\/232"}],"wp:attachment":[{"href":"https:\/\/extremia.org\/wp\/index.php?rest_route=%2Fwp%2Fv2%2Fmedia&parent=250"}],"curies":[{"name":"wp","href":"https:\/\/api.w.org\/{rel}","templated":true}]}}