{"id":246,"date":"2021-01-10T10:58:33","date_gmt":"2021-01-10T09:58:33","guid":{"rendered":"http:\/\/extremia.org\/wp\/?page_id=246"},"modified":"2021-01-10T10:58:33","modified_gmt":"2021-01-10T09:58:33","slug":"vothar-de-dalmatar","status":"publish","type":"page","link":"https:\/\/extremia.org\/wp\/?page_id=246","title":{"rendered":"Vothar de Dalmatar"},"content":{"rendered":"\n<p class=\"has-text-align-center\">\u00ab&nbsp;<em>Pour la puissance d\u2019Holmar<\/em>&nbsp;\u00bb<\/p>\n\n\n\n<div class=\"wp-block-image\"><figure class=\"aligncenter size-large is-resized\"><img fetchpriority=\"high\" decoding=\"async\" src=\"https:\/\/extremia.org\/wp\/wp-content\/uploads\/Holmar-Vothar.jpg\" alt=\"\" class=\"wp-image-247\" width=\"394\" height=\"403\" srcset=\"https:\/\/extremia.org\/wp\/wp-content\/uploads\/Holmar-Vothar.jpg 893w, https:\/\/extremia.org\/wp\/wp-content\/uploads\/Holmar-Vothar-293x300.jpg 293w, https:\/\/extremia.org\/wp\/wp-content\/uploads\/Holmar-Vothar-768x787.jpg 768w\" sizes=\"(max-width: 394px) 100vw, 394px\" \/><\/figure><\/div>\n\n\n\n<h3><a>Histoire<\/a><\/h3>\n\n\n\n<p>Vothar est n\u00e9 en 839 Ep. IV dans une grande famille Holmarienne ayant une longue tradition militaire. Dot\u00e9 d\u2019une \u00e9ducation rigide et autoritaire, Vothar a suivi tr\u00e8s jeune une formation martiale et il a tr\u00e8s vite d\u00e9montr\u00e9 un grand sens du devoir, de l\u2019honneur, ainsi qu\u2019une capacit\u00e9 \u00e0 diriger des hommes.<\/p>\n\n\n\n<p>Int\u00e9gr\u00e9 \u00e0 l\u2019Arm\u00e9e Holmarienne \u00e0 19 ans, il participe \u00e0 la r\u00e9pression du soul\u00e8vement des Gaidlasiens d\u00e8s 863 et jusqu\u2019\u00e0 son an\u00e9antissement en 865 Ep. IV. Au cours de cette premi\u00e8re campagne militaire, il s\u2019illustre et est rapidement promu.<\/p>\n\n\n\n<p>Pendant plusieurs ann\u00e9es, Vothar gravit les \u00e9chelons de l\u2019Arm\u00e9e, intervenant souvent aux fronti\u00e8res d\u2019Holmar, \u00e9tant stationn\u00e9 plusieurs ann\u00e9es \u00e0 Voldamar au Sud-Est, du pays, puis \u00e0 Arvaldar au Sud-Ouest.<\/p>\n\n\n\n<p>Vothar s\u2019illustre \u00e0 nouveau dans la deuxi\u00e8me r\u00e9volte Gaidlasienne en 878 Ep. IV en temps que G\u00e9n\u00e9ral. Il m\u00e8ne les troupes d\u2019Holmar \u00e0 nouveau \u00e0 la victoire, m\u00eame s\u2019il ne parvient pas \u00e0 gagner de territoire suppl\u00e9mentaire sur les Gaidlasiens.<\/p>\n\n\n\n<p>En r\u00e9compense de ses exploits, il est appel\u00e9 \u00e0 Ursagohn, la capitale, en 879 Ep. IV, et va \u00eatre en charge des forces militaires de la ville pendant un mandat de cinq ans.<\/p>\n\n\n\n<p>D\u00e9sormais l\u2019un des des grad\u00e9s les plus exp\u00e9riment\u00e9 de l\u2019arm\u00e9e Holmarienne, Vothar est nomm\u00e9 ambassadeur d\u2019Holmar \u00e0 Fall en 884 Ep. IV. Il est bas\u00e9 pendant deux ans \u00e0 Haldorf puis il se d\u00e9localise \u00e0 Alvaster sur les conseils d\u2019un certain Lanster. Il se r\u00e9v\u00e8le aussi redoutable en diplomatie que sur un champ de bataille, et il travaille secr\u00e8tement pendant plusieurs ann\u00e9es sur une invasion de Fall, notamment du nord, afin de contr\u00f4ler le commerce permettant de relier la m\u00e8re des Exploits et l\u2019Oc\u00e9an du Tizain.<\/p>\n\n\n\n<p>Pendant plusieurs ann\u00e9es, il tisse des liens avec la p\u00e8gre locale et corrompt m\u00eame un &nbsp;Rawlder d\u2019Alvaster pour le rallier \u00e0 sa cause. Avec son alli\u00e9 Lanster, il lance l\u2019invasion du Nord de Fall, mais il \u00e9choue, ses plans \u00e9tant contrecarr\u00e9s par un c\u00e9l\u00e8bre groupe d\u2019aventurier. Il meurt dans dans son ambassade, tu\u00e9 au combat par Roden en Xamidor 891 Ep. IV.<\/p>\n\n\n\n<h3><a>El\u00e9ments techniques<\/a><\/h3>\n\n\n\n<p>Humain, Guerrier 18. Humano\u00efde taille M, LM. Initiative +6 ; FP 18.&nbsp; VD 12 m<\/p>\n\n\n\n<p>D\u00c9FENSE&nbsp;&nbsp;&nbsp;&nbsp;&nbsp;<\/p>\n\n\n\n<p>CA 27 (29 vs. Les cr\u00e9atures bonnes), (+2 dex, +9 armure, +6 bouclier; Contact 12, pris d\u00e9pourvu 25.; PV 270 (18d10+111);<\/p>\n\n\n\n<p>Vig +18; Ref +10; Vol +11<\/p>\n\n\n\n<p>ATTAQUE&nbsp;&nbsp;&nbsp;&nbsp;<\/p>\n\n\n\n<p>Corps \u00e0 corps <em>Amogar<\/em> +31\/+31\/+26\/+21\/+16 ((1d10+15) + coup bouclier +27\/+22 1d3+9)<\/p>\n\n\n\n<p>Distance N\/A<\/p>\n\n\n\n<p>TACTIQUE&nbsp;&nbsp;&nbsp;<\/p>\n\n\n\n<p>Dot\u00e9 du pouvoir de rapidit\u00e9 conf\u00e9r\u00e9 par son arme, Vothar se vient rapidement au corps \u00e0 corps et essaye de placer toutes ses attaque \u00e0 outrance. Son arme inflige aussi des d\u00e9g\u00e2ts <em>Sanglants.<\/em><\/p>\n\n\n\n<p>Confiant dans ses capacit\u00e9s de d\u00e9fense, il n\u2019h\u00e9site pas \u00e0 utiliser fr\u00e9quemment le don d\u2019<em>attaque en puissance <\/em>pour infliger un maximum de d\u00e9g\u00e2ts par coup.<\/p>\n\n\n\n<p>Vothar est un combattant orgeuilleux et pour qui l\u2019honneur est une des valeurs les plus importante. Il ne peut donc concevoir d\u2019\u00eatre vaincu au combat et combattra donc jusqu\u2019\u00e0 la mort. Toutefois, il est intelligent et il n\u2019h\u00e9sitera pas \u00e0 provoquer un adversaire en duel s\u2019il pense avoir le dessus, plut\u00f4t que de risquer une m\u00eal\u00e9e contre plusieurs adversaires.<\/p>\n\n\n\n<p>Moral 20<\/p>\n\n\n\n<p>CARACT\u00c9RISTIQUES&nbsp;&nbsp;&nbsp;&nbsp;&nbsp;&nbsp;&nbsp;<\/p>\n\n\n\n<p>For 22 (24), Dex 16, Con 18 (20), Int 13, Sag 16, Cha 16<\/p>\n\n\n\n<p>BBA +18\/+13\/+8\/+6\/+1, Lutte +25<\/p>\n\n\n\n<p><strong>Dons<\/strong> Combat aveugle, Endurance, Dur \u00e0 Cuire, Esquive, Science de l\u2019initiative, Attaque en puissance, Arme de pr\u00e9dilection (Ep\u00e9e Batarde), Sp\u00e9cialisation martiale (Ep\u00e9e Batarde), Arme exotique (Batarde), Robustesse, Science de la Robustesse, Arme de pr\u00e9dilection sup\u00e9rieure (Batarde), sp\u00e9cialisation martiale sup\u00e9rieure (B\u00e2tarde), Science du critique, Science du coup de Bouclier,&nbsp; R\u00e9flexes Surhumains, Volont\u00e9 de Fer, Vigueur Surhumaine.<\/p>\n\n\n\n<p><strong>Comp\u00e9tences<\/strong> Escalade +10, Saut +10, Psychologie +14, Bluff +12, Intimidation +20.<\/p>\n\n\n\n<p><strong>Langages<\/strong> Bas Vyrmon, Tizain, Gaidlasien.<\/p>\n\n\n\n<p><strong>Capacit\u00e9s sp\u00e9ciales<\/strong> <em>rapidit\u00e9<\/em> (g^race \u00e0 son arme), coup sanglant (gr\u00e2ce \u00e0 son arme)<\/p>\n\n\n\n<p><strong>\u00c9quipement<\/strong> <em>Gantelets des orgres, Amulette de constitution +2, Pavois +2, Harnois +1, Anneau de r\u00e9sistance au Bien <\/em>(RD de 5 au d\u00e9g\u00e2ts de Bien, +2 \u00e0 la CA contre les cr\u00e9atures bonnes)<em>, Anneau de libert\u00e9 de mouvement<\/em>, <em>Potion de Soins Importants, Potion de Vol, Potion de R\u00e9sistance au feu<\/em>, <em>Potion de Spendeur de l\u2019Aigle.<\/em> 650 Kourouns et 2 gemmes d\u2019une valeur de 1000 Kourouns chacune.<\/p>\n\n\n\n<p><em>Amogar<\/em> (arme intelligente)&nbsp;: \u00e9p\u00e9e b\u00e2tarde +5 de <em>rapidit\u00e9<\/em> et <em>sanglante<\/em>. AL&nbsp;: LM. Pouvoirs&nbsp;:<\/p>\n\n\n\n<ul><li><em>Soins mod\u00e9r\u00e9s<\/em> (2d8+3) 3 fois par jour<\/li><li><em>Perception de la Mort<\/em> (permanente)<\/li><li><em>Ralentissement<\/em>, 3 fois par jour<\/li><\/ul>\n","protected":false},"excerpt":{"rendered":"<p>\u00ab&nbsp;Pour la puissance d\u2019Holmar&nbsp;\u00bb Histoire Vothar est n\u00e9 en 839 Ep. IV dans une grande famille Holmarienne ayant une longue tradition militaire. Dot\u00e9 d\u2019une \u00e9ducation rigide et autoritaire, Vothar a suivi tr\u00e8s jeune une formation martiale et il a tr\u00e8s vite d\u00e9montr\u00e9 un grand sens du devoir, de l\u2019honneur, ainsi qu\u2019une capacit\u00e9 \u00e0 diriger des [&hellip;]<\/p>\n","protected":false},"author":3,"featured_media":0,"parent":232,"menu_order":0,"comment_status":"closed","ping_status":"closed","template":"","meta":[],"_links":{"self":[{"href":"https:\/\/extremia.org\/wp\/index.php?rest_route=\/wp\/v2\/pages\/246"}],"collection":[{"href":"https:\/\/extremia.org\/wp\/index.php?rest_route=\/wp\/v2\/pages"}],"about":[{"href":"https:\/\/extremia.org\/wp\/index.php?rest_route=\/wp\/v2\/types\/page"}],"author":[{"embeddable":true,"href":"https:\/\/extremia.org\/wp\/index.php?rest_route=\/wp\/v2\/users\/3"}],"replies":[{"embeddable":true,"href":"https:\/\/extremia.org\/wp\/index.php?rest_route=%2Fwp%2Fv2%2Fcomments&post=246"}],"version-history":[{"count":1,"href":"https:\/\/extremia.org\/wp\/index.php?rest_route=\/wp\/v2\/pages\/246\/revisions"}],"predecessor-version":[{"id":248,"href":"https:\/\/extremia.org\/wp\/index.php?rest_route=\/wp\/v2\/pages\/246\/revisions\/248"}],"up":[{"embeddable":true,"href":"https:\/\/extremia.org\/wp\/index.php?rest_route=\/wp\/v2\/pages\/232"}],"wp:attachment":[{"href":"https:\/\/extremia.org\/wp\/index.php?rest_route=%2Fwp%2Fv2%2Fmedia&parent=246"}],"curies":[{"name":"wp","href":"https:\/\/api.w.org\/{rel}","templated":true}]}}