{"id":243,"date":"2021-01-04T00:35:03","date_gmt":"2021-01-03T23:35:03","guid":{"rendered":"http:\/\/extremia.org\/wp\/?page_id=243"},"modified":"2021-01-10T11:00:29","modified_gmt":"2021-01-10T10:00:29","slug":"dwaine","status":"publish","type":"page","link":"https:\/\/extremia.org\/wp\/?page_id=243","title":{"rendered":"Dwaine"},"content":{"rendered":"\n<p class=\"has-text-align-center\">\u00abToujours face \u00e0 l\u2019ennemi&nbsp;!&nbsp;\u00bb<\/p>\n\n\n\n<div class=\"wp-block-image\"><figure class=\"aligncenter size-large is-resized\"><img fetchpriority=\"high\" decoding=\"async\" src=\"https:\/\/extremia.org\/wp\/wp-content\/uploads\/Fall-Dwaine.jpg\" alt=\"\" class=\"wp-image-244\" width=\"362\" height=\"358\" srcset=\"https:\/\/extremia.org\/wp\/wp-content\/uploads\/Fall-Dwaine.jpg 649w, https:\/\/extremia.org\/wp\/wp-content\/uploads\/Fall-Dwaine-300x297.jpg 300w\" sizes=\"(max-width: 362px) 100vw, 362px\" \/><\/figure><\/div>\n\n\n\n<h3>Histoire<\/h3>\n\n\n\n<p>Dwaine est n\u00e9 en 840 Ep. IV dans la ville d\u2019Alvaster, le plus grand port et la plus grande ville du nord de Fall. C\u2019est un v\u00e9ritable h\u00e9ros local il est toujours rest\u00e9 profond\u00e9ment attach\u00e9 \u00e0 sa ville natale.<\/p>\n\n\n\n<p>Son p\u00e8re \u00e9tait capitaine au sein de la milice d\u2019Alvaster et il forma tr\u00e8s jeune Dawine au maniement des armes. Ce dernier se r\u00e9v\u00e8la rapidement tr\u00e8s dou\u00e9, et \u00e0 20 ans, Dwaine commen\u00e7a sa carri\u00e8re comme mercenaire.<\/p>\n\n\n\n<p>Il fut tour \u00e0 tour chasseurs de tr\u00e9sors, espion, champion local. Seul ou en groupe, il a accompli de nombreux exploits que les bardes en ville ne se lassent pas de narrer.<\/p>\n\n\n\n<p>On dit notamment qu\u2019il aurait d\u00e9mantel\u00e9 un r\u00e9seau de contrebandier en 870 Ep. IV, abbattu un d\u00e9mon mineur convoqu\u00e9 par un magicien d\u00e9ment en 876 Ep. IV, et m\u00eame qu\u2019il aurait d\u00e9fait \u00e0 lui tout seul un b\u00e2teau pirate lors de la chasse au pirates de 882 Ep. IV.<\/p>\n\n\n\n<p>Il est possible que la l\u00e9gende ait d\u00e9pass\u00e9 la r\u00e9alit\u00e9, mais Dwaine n\u2019en reste pas moins un guerrier d\u2019exception. Arm\u00e9 de sa double-lame, il fait trembler les combattants les plus rudes rien que par sa pr\u00e9sence. Sa m\u00e8che de cheveux blancs est presque aussi connue que lui et elle a fait beaucoup pour sa r\u00e9putation. Certains disent m\u00eame qu\u2019elle ferait tout son charme aupr\u00e8s des femmes&nbsp;!<\/p>\n\n\n\n<p>En 891 Ep. IV, bien que plus \u00e2g\u00e9 et alors en semi-retraite, il participa \u00e0 la d\u00e9fense d\u2019Alvaster et aida un groupe d\u2019aventuriers \u00e0 faire \u00e9chouer la tentative d\u2019invasion des Holmariens dans le nord de Fall.<\/p>\n\n\n\n<p>Dwaine a depuis cess\u00e9 ses activit\u00e9s d\u2019aventuriers, mais il semble qu\u2019il prenne parfois sous son aile de jeunes combattants prometteurs afin de leur transmettre son art du combat.<\/p>\n\n\n\n<h3>El\u00e9ments techniques<\/h3>\n\n\n\n<p>Humain, Guerrier 16. Humano\u00efde taille M, LB Initiative +8 ; FP 16.&nbsp; VD 9 m<\/p>\n\n\n\n<p>D\u00c9FENSE&nbsp;&nbsp;&nbsp;&nbsp;&nbsp;<\/p>\n\n\n\n<p>CA 26 (27), contact 16 (17), pris au d\u00e9pourvu 22 (armure +8, Parade +3, Dex +2)&nbsp;; PV 211 (16d10+64)<\/p>\n\n\n\n<p>R\u00e9f +9, Vig +14, Vol +6<\/p>\n\n\n\n<p>ATTAQUE&nbsp;&nbsp;&nbsp;&nbsp;<\/p>\n\n\n\n<p>Corps \u00e0 corps <em>Double Lame +4<\/em>, +23\/+23\/+18\/+13\/+8 (1d8+11\/17-20, x2) et Double Lame +4 (deuxi\u00e8me lame), +23\/+18\/+13 (1d8+11\/17-20, x2)<\/p>\n\n\n\n<p>Distance N\/A<\/p>\n\n\n\n<p>TACTIQUE&nbsp;&nbsp;&nbsp;<\/p>\n\n\n\n<p>Pendant le combat, Dwaine essaye de venir le plus rapidement possible au corps \u00e0 corps et reste dans la m\u00eal\u00e9e\u00a0: m\u00eame s\u2019il est rapide et agile, il pr\u00e9f\u00e8re danser autour de ses adversaires et d\u00e9cha\u00eener ses 8 (\u00a0!) attaques lors d\u2019une attaque \u00e0 outrance.<\/p>\n\n\n\n<p>Il a tendance \u00e0 \u00e9liminer les jeteurs de sorts en premier, car il est moins \u00e0 l\u2019aise face \u00e0 un magicien. Il b\u00e9n\u00e9ficie toutefois de sa <em>cape de d\u00e9placement<\/em> et de son anneau d\u2019<em>esquive totale<\/em> pour \u00e9viter certains sorts.<\/p>\n\n\n\n<p>S\u2019il peut se pr\u00e9parer avant le combat, Dwaine utilisera alors une de ses potions, fonction de la menace qu\u2019il a \u00e0 affronter.<\/p>\n\n\n\n<p>Dwaine est tr\u00e8s courageux, mais pas t\u00e9m\u00e9raire&nbsp;: s\u2019il est r\u00e9duit \u00e0 25 PV ou moins, il tentera de s\u2019enfuir afin de revenir plus tard, une fois remis de ses blessures.<\/p>\n\n\n\n<p>Moral 20<\/p>\n\n\n\n<p>CARACT\u00c9RISTIQUES&nbsp;&nbsp;&nbsp;&nbsp;&nbsp;&nbsp;&nbsp;<\/p>\n\n\n\n<p>For 20, Dex 19, Con 18, Int 14, Sag 12, Cha 16<\/p>\n\n\n\n<p>BBA +16\/+11\/+6\/+1<\/p>\n\n\n\n<p><strong>Dons<\/strong> Arme de pr\u00e9dilection (double lame), Arme de pr\u00e9dilection sup\u00e9rieure (double lame), attaque en puissance, enchainement, combat \u00e0 deux armes, d\u00e9fense \u00e0 deux armes, science du combat \u00e0 deux armes, maitrise du combat \u00e0 deux armes, equive, souplesse du serpent, attaque \u00e9clair, expertise du combat, science du critique (double lame), science de l\u2019initiative.<\/p>\n\n\n\n<p><strong>Comp\u00e9tences<\/strong> Acrobatie +9, Bluff +4, Diplomatie +3, D\u00e9tection +2, Equitation +17, Escalade +17, Evasion +3, Fouille +2, Intimidation +21, &nbsp;Natation +21, Perception auditive +2. Saut +19, Psychologie +2.<\/p>\n\n\n\n<p><strong>Langages<\/strong> Bas Vyrmon, Tizain, &nbsp;Aquatique, Vyrmanti.<\/p>\n\n\n\n<p><strong>Capacit\u00e9s sp\u00e9ciales<\/strong> Esquive totale, <em>Cape de d\u00e9placement<\/em>. <em>Bottes de rapidit\u00e9<\/em><\/p>\n\n\n\n<p><strong>\u00c9quipement<\/strong> <em>Double Lame +4, Lunettes de nyctalope, Amulette d\u2019armure naturelle +2, Chemise de Mailles +3, Cape de d\u00e9placement, Bottes de rapidit\u00e9, Anneau d\u2019esquive totale, Anneau de Protection +2, Potions de Soins Critiques, Potion de Vol, Potion d\u2019h\u00e9ro\u00efsme, Potion de gu\u00e9rison des maladie, Potion de respiration aquatique, potion de soins importants<\/em>, <em>Potion de r\u00e9istance \u00e0 l\u2019acide<\/em>. 320 Ewlis et 3 gemmes d\u2019une valeur de 250 Ewlis chacune.<\/p>\n","protected":false},"excerpt":{"rendered":"<p>\u00abToujours face \u00e0 l\u2019ennemi&nbsp;!&nbsp;\u00bb Histoire Dwaine est n\u00e9 en 840 Ep. IV dans la ville d\u2019Alvaster, le plus grand port et la plus grande ville du nord de Fall. C\u2019est un v\u00e9ritable h\u00e9ros local il est toujours rest\u00e9 profond\u00e9ment attach\u00e9 \u00e0 sa ville natale. Son p\u00e8re \u00e9tait capitaine au sein de la milice d\u2019Alvaster et [&hellip;]<\/p>\n","protected":false},"author":3,"featured_media":0,"parent":232,"menu_order":0,"comment_status":"closed","ping_status":"closed","template":"","meta":[],"_links":{"self":[{"href":"https:\/\/extremia.org\/wp\/index.php?rest_route=\/wp\/v2\/pages\/243"}],"collection":[{"href":"https:\/\/extremia.org\/wp\/index.php?rest_route=\/wp\/v2\/pages"}],"about":[{"href":"https:\/\/extremia.org\/wp\/index.php?rest_route=\/wp\/v2\/types\/page"}],"author":[{"embeddable":true,"href":"https:\/\/extremia.org\/wp\/index.php?rest_route=\/wp\/v2\/users\/3"}],"replies":[{"embeddable":true,"href":"https:\/\/extremia.org\/wp\/index.php?rest_route=%2Fwp%2Fv2%2Fcomments&post=243"}],"version-history":[{"count":2,"href":"https:\/\/extremia.org\/wp\/index.php?rest_route=\/wp\/v2\/pages\/243\/revisions"}],"predecessor-version":[{"id":249,"href":"https:\/\/extremia.org\/wp\/index.php?rest_route=\/wp\/v2\/pages\/243\/revisions\/249"}],"up":[{"embeddable":true,"href":"https:\/\/extremia.org\/wp\/index.php?rest_route=\/wp\/v2\/pages\/232"}],"wp:attachment":[{"href":"https:\/\/extremia.org\/wp\/index.php?rest_route=%2Fwp%2Fv2%2Fmedia&parent=243"}],"curies":[{"name":"wp","href":"https:\/\/api.w.org\/{rel}","templated":true}]}}