{"id":235,"date":"2021-01-03T01:33:14","date_gmt":"2021-01-03T00:33:14","guid":{"rendered":"http:\/\/extremia.org\/wp\/?page_id=235"},"modified":"2026-03-29T01:55:15","modified_gmt":"2026-03-29T00:55:15","slug":"oceane-de-nedrelle","status":"publish","type":"page","link":"https:\/\/extremia.org\/wp\/?page_id=235","title":{"rendered":"Les Chasseurs Impitoyables"},"content":{"rendered":"\n<figure class=\"wp-block-image size-large\"><img fetchpriority=\"high\" decoding=\"async\" width=\"1024\" height=\"683\" src=\"https:\/\/extremia.org\/wp\/wp-content\/uploads\/TdN-Chasseurs-groupe-1024x683.png\" alt=\"\" class=\"wp-image-777\" srcset=\"https:\/\/extremia.org\/wp\/wp-content\/uploads\/TdN-Chasseurs-groupe-1024x683.png 1024w, https:\/\/extremia.org\/wp\/wp-content\/uploads\/TdN-Chasseurs-groupe-300x200.png 300w, https:\/\/extremia.org\/wp\/wp-content\/uploads\/TdN-Chasseurs-groupe-768x512.png 768w, https:\/\/extremia.org\/wp\/wp-content\/uploads\/TdN-Chasseurs-groupe.png 1536w\" sizes=\"(max-width: 1024px) 100vw, 1024px\" \/><\/figure>\n\n\n\n<p>Allassard, Yssel, Oc\u00e9ane, Xartur et Bornir ont form\u00e9 le c\u00e9l\u00e8bre groupe des Chasseurs Impitoyables qui fut l\u2019un des plus grand groupe de h\u00e9ros des Terres du Nord.<br><\/p>\n\n\n\n<p>\u00c0 la fin de l\u2019ann\u00e9e 842, un jeune barbare originaire de Carn\u00f9r, nomm\u00e9 Yssel, apr\u00e8s les gal\u00e8res et les ar\u00e8nes de gladiateurs, aide le pr\u00eatre Martial contre des Orques. Peut apr\u00e8s, lors d\u2019un passage \u00e0 Santoma, le duo rencontre le barde Xartur. Ensemble, ils nettoyent la region des Gobelins infestant les environs. Yssel et Xartur d\u00e9cident de partir \u00e0 l\u2019aventure ensemble et rencontrent bient\u00f4t le malicieux halfelin Safrinin, mais surtout Allassard, qui les accompagnera explorer un temple perdu.<br><\/p>\n\n\n\n<p>En 844, Allassard accompagnent Yssel et Xartur, qui rendent visite \u00e0 Martial \u00e0 Barragosta. Le groupe subsiste alors juste a leurs besoins, trouvant peu de missions int\u00e9ressantes couronn\u00e9es de succ\u00e8s. Allassard introduit alors son ancienne petite amie Oc\u00e9ane aupr\u00e8s du groupe : celle-ci doit en effet partir \u00e0 la recherche de composants magiques. Les trois autres l\u2019accompagnent et la voie de la gloire s\u2019ouvre alors : ils deviennent les Chasseurs Impitoyables. Allassard construit sa ferme fortifi\u00e9e, et les autres envisagent diff\u00e9rents projets. Ils rencontrent peu apr\u00e8s Bornir, alors capitaine dans l\u2019arm\u00e9e, qui les aide dans la lutte contre les invasions orques. Touch\u00e9 par la foi, Bornir rejoint les rangs des pr\u00eatres de Gornar ainsi que les Chasseurs. Le groupe est d\u00e9sormais au complet. En 845, les Chasseurs rencontrent le jeune druide Keyoke, qu\u2019ils recroiseront l\u2019ann\u00e9e suivante alors qu\u2019ils prot\u00e8gent Markim Badyn, et ce dernier leur pr\u00e9sente Aoui. Allassard se marie cette m\u00eame ann\u00e9e. Apr\u00e8s un voyage dans le d\u00e9sert, tous les h\u00e9ros viennent en aide au Baron de Mervic. Xartur  puis Yssel se marient \u00e0 leur tour, bient\u00f4t rejoint par Oc\u00e9ane qui \u00e9pouse Martial. Yssel ouvre son auberge \u00ab Au Repaire des Chasseurs \u00bb \u00e0 Barragosta. 847 est l\u2019ann\u00e9e de repos pour les Chasseurs. Allassard fait fructifier sa ferme, \u00e9tend ses terres et son manoir et cr\u00e9e les Cavaliers Rodeurs. Yssel d\u00e9veloppe son auberge. Xartur entame la construction d\u2019un amphith\u00e9\u00e2tre \u00e0 la capitale et Bornir se retire quelques temps \u00e0 Zamar. Oc\u00e9ane accouche de Styvel et de M\u00e9itrir. Naissance d\u2019Etoiles, fille d\u2019Allassard et de Justina de Marlys. Naissance de la fille de Xartur et de Lucie Janns, Herenjie. Naissance de D\u00e9orie, fille de Vanille de Mervic et d\u2019Yssel M\u00e9liador. Enfin, Xartur devient Ministre des Festivit\u00e9s et de la Culture d\u2019Aurel Ier. En 848 Ep.IV, les Chasseurs Impitoyables repartent \u00e0 l\u2019aventure. Devenus des proches du roi, ils sont retenus pour l\u2019accompagner dans un long voyage et d\u00e9couvrent Grelem\u2019ch, le continent perdu. \u00c0 leur retour, le roi les annoblient et leur octroyent des terres. \u00c0 la fin de l\u2019ann\u00e9e, Xartur retrouve Givaren, son fr\u00e8re. Ils reviennent des \u00e9toiles en 850 Ep.IV et rencontrent Sangata et les enfants de l\u2019Apocalypse. Vers la fin de l\u2019ann\u00e9e, ils convergent \u00e0 la Citadelle du Matin apr\u00e8s s\u2019\u00eatre illustr\u00e9s contre des d\u00e9mons. Ils sont les grands acteurs de la Grande Bataille du Val Dragon. Vialle, fille de Bornir et Sangata, na\u00eet pendant la Bataille du Val Dragon. Les arm\u00e9es du Mal sont vaincues ; L\u2019Empire Vyrmon est sauf et les Chasseurs des h\u00e9ros continentaux.<\/p>\n\n\n\n<p>Les Chasseurs regagnent les Terres du Nord en 851 Ep IV. Tout rentre dans l\u2019ordre. L\u2019ann\u00e9e suivante, les Chasseurs sont honor\u00e9s \u00e0 travers le royaume et sont promus \u00e0 de nouvelles fonctions. En 856 Ep. IV, les Chasseurs sont en semi-retraite et s\u2019occupent de leurs domaines et de leurs familles, tout en occupant divers postes \u00e0 responsabilit\u00e9. En 867, les Chasseurs Impitoyables reprennent du service partent pour une longue exp\u00e9dition dans le Zorbarranus et affrontent de nombreux dangers. Ils reviendront en 869. En 871, ils aideront \u00e9galement \u00e0 la stabilisation du pays durant la Guerre Civile en dirigeant vaillamment les troupes royales, mais laissent d\u00e9sormais les plus hauts faits d\u2019armes \u00e0 des groupes plus jeunes. En 872, alors que le pays est d\u00e9finitivement stabilis\u00e9 et que Panhrir devient roi, les Chasseurs d\u00e9laissent  d\u00e9finitivement les routes de l\u2019aventure pour occuper des postes importants dans l\u2019administration royale.<\/p>\n\n\n\n<h1>Oc\u00e9ane de N\u00e9drelle<\/h1>\n\n\n\n<p class=\"has-text-align-center\">\u00ab&nbsp;<em>Par le Sang des de N\u00e9drelle, p\u00e9rissez par le feu&nbsp;!<\/em>&nbsp;\u00bb<\/p>\n\n\n<div class=\"wp-block-image\">\n<figure class=\"aligncenter size-large is-resized\"><img decoding=\"async\" src=\"https:\/\/extremia.org\/wp\/wp-content\/uploads\/TDN-Oceane.jpg\" alt=\"\" class=\"wp-image-236\" width=\"270\" height=\"384\" srcset=\"https:\/\/extremia.org\/wp\/wp-content\/uploads\/TDN-Oceane.jpg 709w, https:\/\/extremia.org\/wp\/wp-content\/uploads\/TDN-Oceane-211x300.jpg 211w\" sizes=\"(max-width: 270px) 100vw, 270px\" \/><\/figure><\/div>\n\n\n<h3><a>Histoire<\/a><\/h3>\n\n\n\n<p>Oc\u00e9ane de Nedrelle est la fille cadette de Corn\u00e9lim de Nedrelle, fr\u00e8re du Duc Cornir de Fang.<\/p>\n\n\n\n<p>Elle est n\u00e9e en 819 Ep. IV et malheureusement sa m\u00e8re d\u00e9c\u00e9da en couche, laissant son p\u00e8re \u00e9lever seul Oc\u00e9ane et son fr\u00e8re ain\u00e9 Godefrir. Tr\u00e8s jeune, Oc\u00e9ane montre une grande sensibilit\u00e9 \u00e0 la magie&nbsp;; d\u00e8s 10 ans, est elle est envoy\u00e9e \u00e0 l\u2019universit\u00e9 de magie de Barragosta, pour y suivre dix longues ann\u00e9es d\u2019\u00e9tudes sous la direction du fameux Ma\u00eetre Trajin.<\/p>\n\n\n\n<p>Dipl\u00f4m\u00e9e de l\u2019universit\u00e9 en 839 Ep. IV, elle rentre chez elle mais est attaqu\u00e9e sur la route, et ne doit sa survie qu\u2019\u00e0 l\u2019intervention d\u2019un jeune r\u00f4deur, nomm\u00e9 Allassard. C\u2019est une d\u00e9but d\u2019une longue amiti\u00e9 et m\u00eame d\u2019une certaine romance, avant que les deux ne perdent contact pendant quelques ann\u00e9e.<\/p>\n\n\n\n<p>En 843, Allassard fait partie d\u2019un groupe d\u2019aventurier avec Yssel le guerrier et Xartur le barde. Le r\u00f4deur introduit alors son ancienne petite amie Oc\u00e9ane aupr\u00e8s du groupe&nbsp;:&nbsp;ils deviennent les Chasseurs Impitoyables. Ils rencontrent peu apr\u00e8s Bornir, alors capitaine dans l\u2019arm\u00e9e, qui les aide dans la lutte contre les invasions orques.<\/p>\n\n\n\n<p>Pendant 4 ans, Oc\u00e9ane va vivre de grandes aventures avec ses compagnons viennant notamment en aide au Baron de Mervir. Fin 846 Ep. IV, Oc\u00e9ane va \u00e9pouser Martim, un pr\u00eatre d\u2019Uron rencontr\u00e9 pr\u00e9c\u00e9demment.<\/p>\n\n\n\n<p>Oc\u00e9ane accouche l\u2019ann\u00e9e suivante de Styvel et de M\u00e9itrax. Elle d\u00e9cide de cacher l\u2019existence de son fils pendant quelques ann\u00e9es, un sort divinatoire lui indiquant qu\u2019il serait plus tard amen\u00e9 \u00e0 un grand destin au sein du clerg\u00e9 d\u2019Uron.<\/p>\n\n\n\n<p>En 848 Ep.IV, Oc\u00e9ane et les Chasseurs Impitoyables repartent \u00e0 l\u2019aventure. Devenus des proches du roi, ils sont retenus pour l\u2019accompagner dans un long voyage et d\u00e9couvrent Grelem\u2019ch, le continent perdu. A leur retour, le roi les annoblient et leur octroyent des terres.<\/p>\n\n\n\n<p>Les Chasseurs Impitoyables vont alors jouer un role essentiel lors des Chroniques du Val Dragon. Ils partent delivrer l\u2019empereur Telak au Pilier du Ciel. Apr\u00e8s avoir \u00e9t\u00e9 envoy\u00e9s dans le corps d\u2019un d\u00e9mon, les Chasseurs Impotoyables vont d\u00e9couvrir l\u2019\u00e9toile Marblus.<\/p>\n\n\n\n<p>Oc\u00e9ane et ses compagnons reviennent des \u00e9toiles en 850 Ep. IV et&nbsp; rencontrent Sangata et les enfants de l\u2019Apocalypse. Vers la fin de l\u2019ann\u00e9e, ils convergent \u00e0 la Citadelle du Matin apres s\u2019etre illustr\u00e9s contre des d\u00e9mons. Ils prennent une part pr\u00e9pond\u00e9rante dans la Grande Bataille du Val Dragon. Dragon. Les arm\u00e9es du Mal sont vaincues&nbsp;; L\u2019Empire Vyrmon est sauf et Oc\u00e9ane devient une h\u00e9ro\u00efne c\u00e9l\u00e8bre dans une bonne partie du continent.<\/p>\n\n\n\n<p>De retour dans les Terres du Nord en 851 Ep.IV. Oc\u00e9ane est honor\u00e9\u00e9 \u00e0 travers le royaume et elle est appel\u00e9e \u00e0 de hautes fonctions. &nbsp;\u00e0 de nouvelles fonctions. En 856 Ep. IV, Oc\u00e9ane est en retrait de l\u2019aventure pour servir le roi en tant que conseill\u00e8re.<\/p>\n\n\n\n<p>En 867, Oc\u00e9ane reprend du service et part avec ses compagnons pour une longue expedition dans le Zorbarranus pendant deux ans.<\/p>\n\n\n\n<p>En 871, Oc\u00e9ane jouera encore un r\u00f4le important pendant la Guerre Civile en dirigeant vaillamment les troupes royales avec ses compagnons d\u2019armes, mais elle laisse d\u00e9sormais les plus hauts faits d\u2019armes \u00e0 des aventuriers plus jeunes. En 872, Elle se retire d\u00e9finitivement de l\u2019aventure pour occuper diverses fonctions importantes dans l\u2019administration royale.<\/p>\n\n\n\n<p>Oc\u00e9ane est une puissante magicienne, un peu hautaine mais particuli\u00e8rement sagace. Elle est devenue plus distante avec le temps et se montre d\u00e9sormais tr\u00e8s rarement.<\/p>\n\n\n\n<h3><a>El\u00e9ments techniques<\/a><\/h3>\n\n\n\n<p>Humaine, magicienne 14\/Archimage 1 Humano\u00efde taille M, NB Initiative +3 ; FP 15.&nbsp; VD 9 m<\/p>\n\n\n\n<p>D\u00c9FENSE&nbsp;&nbsp;&nbsp;&nbsp;&nbsp;<\/p>\n\n\n\n<p>CA 23, contact 15, pris au d\u00e9pourvu 21 (armure +8, Parade +3, Dex +2)&nbsp;;      PV 87 (15d4+30)<\/p>\n\n\n\n<p>R\u00e9f +12, Vig +10, Vol +17<\/p>\n\n\n\n<p>ATTAQUE&nbsp;&nbsp;&nbsp;&nbsp;<\/p>\n\n\n\n<p>Corps \u00e0 corps <em>B\u00e2ton +3<\/em>, +9\/+4 (1d6+2\/x2)ou <em>Dague+4<\/em>, +10\/+5 (1d4+3\/x2)<\/p>\n\n\n\n<p>Distance N\/A<\/p>\n\n\n\n<p>Sorts de magicien pr\u00e9par\u00e9s (NLS 15, concentration +20)<\/p>\n\n\n\n<p>Niveau 1 \u2013 <em>Identification, Projectile Magique (x2)<\/em>, <em>Protection contre le mal, disque flottant<\/em><\/p>\n\n\n\n<p>Niveau 2 \u2013 <em>Protection contre les projectiles, Rayon ardent, Image Miroir, Fl\u00e8che acide, Toile d\u2019arraign\u00e9e<\/em><\/p>\n\n\n\n<p>Niveau 3 \u2013 <em>Boule de Feu, Dissipation de la magie, Sph\u00e8re d\u2019invisibilit\u00e9, Vol, Coordination invers\u00e9e d\u2019Oc\u00e9ane.<\/em><\/p>\n\n\n\n<p>Niveau 4 \u2013 <em>Peau de pierre, Globe d\u2019invuln\u00e9rabilit\u00e9 partielle, Temp\u00eate de gr\u00eale, Porte dimensionnelle, D\u00e9livrance des mal\u00e9dictions.<\/em><\/p>\n\n\n\n<p>Niveau 5 \u2013 <em>C\u00f4ne de froid, Convocation de montres V, T\u00e9l\u00e9portation, Contact avec les plans, Brume mortelle<\/em><\/p>\n\n\n\n<p>Niveau 6 \u2013 <em>Dissipation supr\u00eame, Prevoyance, Eclair multiple, zone d\u2019antimagie.<\/em><\/p>\n\n\n\n<p>Niveau 7 \u2013 <em>T\u00e9l\u00e9portation supr\u00eame, Boule de feu \u00e0 retardement<\/em>.<\/p>\n\n\n\n<p>Niveau 8 \u2013 <em>Rayon polaire<\/em>.<\/p>\n\n\n\n<p>TACTIQUE&nbsp;&nbsp;&nbsp;<\/p>\n\n\n\n<p>Pendant le combat, Oc\u00e9ane lance en g\u00e9n\u00e9ral au premier round un sort de protection sur elle-m\u00eame ou ses alli\u00e9s, en fonction de la menace rencontr\u00e9e&nbsp;: <em>Globe d\u2019invuln\u00e9rabilit\u00e9 partielle<\/em> le plus souvent, ou bien <em>Peau de Pierre<\/em> face \u00e0 des combattants, ou bien <em>Zone antimagie<\/em> sur un jeteur de sorts adverse. Elle peut \u00e9ventuellement lancer ensuite au second round un deuxi\u00e8me sort de protection si n\u00e9cessaire. Ensuite, Oc\u00e9ane se d\u00e9chaine et fait parler sa puissance de feu&nbsp;: elle commence toujours par une <em>Boule de Feu<\/em>, son sortil\u00e8ge offensif favori (\u00e9ventuellement la version \u00e0 retardement si les adversaires sont vraiment dangereux) avant d\u2019enchainer avec <em>Eclairs Multiples<\/em>, <em>C\u00f4ne de Froid<\/em>, une autre <em>Boule de Feu<\/em> et <em>Rayon Polaire<\/em>. &nbsp;Face \u00e0 des adversaires de faible puissance, elle pr\u00e9f\u00e8rera utiliser ses <em>Projectiles Magiques<\/em>. N\u2019oubliez pas que sa capacit\u00e9 de <em>grand arcane<\/em> (maitrise des \u00e9nergies) lui permet d\u2019adapter le type d\u2019\u00e9nergie destructive en fonction de ses adversaires.<\/p>\n\n\n\n<p>Si Oc\u00e9ane est en difficult\u00e9 et est r\u00e9duite \u00e0 moins de 20 points de vie, son sortil\u00e8ge de Pr\u00e9voyance se d\u00e9clenche, utilisant alors son sort de T\u00e9l\u00e9portation pour la ramener dans son laboratoire secret dans la ville de Fang. Elle prend alors des potions de soins critiques pour revenir \u00e0 sa sant\u00e9 maximum, prend une autre <em>baguette de feu<\/em> (25 charges) ainsi qu\u2019une baguette de convocations (20 charges), et utilise sa <em>t\u00e9l\u00e9portation supr\u00eame<\/em> pour retourner combattre.<\/p>\n\n\n\n<p>Moral 19<\/p>\n\n\n\n<p>CARACT\u00c9RISTIQUES&nbsp;&nbsp;&nbsp;&nbsp;&nbsp;&nbsp;&nbsp;<\/p>\n\n\n\n<p>For 8, Dex 14, Con 14, Int 22, Sag 14, Cha 16<\/p>\n\n\n\n<p>BBA +7\/+2<\/p>\n\n\n\n<p><strong>Dons<\/strong> Dispense de composantes mat\u00e9rielles, Ecole renforc\u00e9e (Evocation), Ecole renforc\u00e9e (Abjuration) Am\u00e9lioration des cr\u00e9atures convoqu\u00e9es, Cr\u00e9ation d\u2019objets merveilleux, Ecriture de parchemin, Pr\u00e9paration de potions, Augmentation d\u2019intensit\u00e9, Talent (Art de la magie), Quintessence des sorts.<\/p>\n\n\n\n<p><strong>Comp\u00e9tences<\/strong> Art de la magie +26, Connaissances (ing\u00e9nierie) +13, Connaissances (exploration souterraine) +13, Connaissances (Folklore local) +11, Connaissances (g\u00e9ographie) +9, Connaissances (Histoire) +10, Connaissances &nbsp;(myst\u00e8res) +22, Connaissance (Noblesse\/Royaut\u00e9) +12, Connaissance (plans) +21, Connaissances (nature) +9, Connaissances (religions) +9, Decryptage (+11), Discr\u00e9tion +0, Fouille +10, D\u00e9tection +5, D\u00e9placement silencieux -1, Evasion -1, Psychologie +3, Perception auditive +5.<\/p>\n\n\n\n<p><strong>Langages<\/strong> Bas Vyrmon, Haut Vyrmon, Tizain, &nbsp;Commun des profondeurs, Celeste, Draconique, Elfe, Drow, Nain.<\/p>\n\n\n\n<p><strong>Capacit\u00e9s sp\u00e9ciales<\/strong> Sorts, Grand Arcane (Ma\u00eetrise des energies)<\/p>\n\n\n\n<p><strong>\u00c9quipement<\/strong> <em>Pierre ioun (ellipso\u00efde lavande), Casque de l\u2019homme-poisson, lunettes de nyctalope, amulette d\u2019armure naturelle +3, Robe d\u2019archimage, cape elfique, bottes elfiques, bracelets d\u2019assistance, gants de nage et d\u2019escalade, anneau des arcanes (deuxi\u00e8me), anneau de protection +3, Dague +4, B\u00e2ton +3, baguette de feu<\/em> (20 charges), <em>B\u00e2ton des plans<\/em> (12 charges), <em>Sceptre de M\u00e9tamagie (incantation rapide)<\/em>, <em>Potion de soins importants, potion d\u2019invisibilit\u00e9, potion d\u2019\u00e9tat gazeux, potion de rapidit\u00e9, potion de gu\u00e9rison de la c\u00e9cit\u00e9\/surdit\u00e9, potion de splendeur de l\u2019aigle<\/em>, <em>parchemin de transmutation de la pierre en chair, parchemin d\u2019annulation d\u2019enchantement, parchemin de t\u00e9l\u00e9portation, parchemin d\u2019h\u00e9ro\u00efsme supr\u00eame.<\/em> Sac sans fond (2<sup>\u00e8me<\/sup> mod\u00e8le), <em>plume magique (ancre), Sel d\u2019abjuration, tapis volant, pierre d\u2019alerte<\/em>. 250 Sabots et 1d4+1 gemmes d\u2019une valeur de 500 Sabots. D\u00e9couvrez le sortil\u00e8ge de Coordination invers\u00e9e d\u2019Oc\u00e9ane dans le Manuel des Terres du Nord, sur le site <a href=\"http:\/\/www.extremia.org\">www.extremia.org<\/a>.<\/p>\n\n\n\n<h1>Yssel<\/h1>\n\n\n<div class=\"wp-block-image\">\n<figure class=\"aligncenter size-full is-resized\"><img decoding=\"async\" src=\"https:\/\/extremia.org\/wp\/wp-content\/uploads\/TDN-PJ-yssel2.jpg\" alt=\"\" class=\"wp-image-778\" width=\"354\" height=\"289\" srcset=\"https:\/\/extremia.org\/wp\/wp-content\/uploads\/TDN-PJ-yssel2.jpg 411w, https:\/\/extremia.org\/wp\/wp-content\/uploads\/TDN-PJ-yssel2-300x245.jpg 300w\" sizes=\"(max-width: 354px) 100vw, 354px\" \/><\/figure><\/div>\n\n\n<p><\/p>\n\n\n\n<h1>Bornir<\/h1>\n\n\n<div class=\"wp-block-image\">\n<figure class=\"aligncenter size-full is-resized\"><img loading=\"lazy\" decoding=\"async\" src=\"https:\/\/extremia.org\/wp\/wp-content\/uploads\/TDN-PJ-Bornir.jpg\" alt=\"\" class=\"wp-image-779\" width=\"350\" height=\"321\" srcset=\"https:\/\/extremia.org\/wp\/wp-content\/uploads\/TDN-PJ-Bornir.jpg 436w, https:\/\/extremia.org\/wp\/wp-content\/uploads\/TDN-PJ-Bornir-300x276.jpg 300w\" sizes=\"(max-width: 350px) 100vw, 350px\" \/><\/figure><\/div>\n\n\n<h1>Allassard<\/h1>\n\n\n<div class=\"wp-block-image\">\n<figure class=\"aligncenter size-full is-resized\"><img loading=\"lazy\" decoding=\"async\" src=\"https:\/\/extremia.org\/wp\/wp-content\/uploads\/TDN-PJ-Allassard.jpg\" alt=\"\" class=\"wp-image-780\" width=\"398\" height=\"397\" srcset=\"https:\/\/extremia.org\/wp\/wp-content\/uploads\/TDN-PJ-Allassard.jpg 476w, https:\/\/extremia.org\/wp\/wp-content\/uploads\/TDN-PJ-Allassard-300x300.jpg 300w, https:\/\/extremia.org\/wp\/wp-content\/uploads\/TDN-PJ-Allassard-150x150.jpg 150w\" sizes=\"(max-width: 398px) 100vw, 398px\" \/><\/figure><\/div>\n\n\n<h1>Xartur<\/h1>\n\n\n<div class=\"wp-block-image\">\n<figure class=\"aligncenter size-full is-resized\"><img loading=\"lazy\" decoding=\"async\" src=\"https:\/\/extremia.org\/wp\/wp-content\/uploads\/TDN-PJ-Xartur.jpg\" alt=\"\" class=\"wp-image-781\" width=\"439\" height=\"479\" srcset=\"https:\/\/extremia.org\/wp\/wp-content\/uploads\/TDN-PJ-Xartur.jpg 850w, https:\/\/extremia.org\/wp\/wp-content\/uploads\/TDN-PJ-Xartur-275x300.jpg 275w, https:\/\/extremia.org\/wp\/wp-content\/uploads\/TDN-PJ-Xartur-768x838.jpg 768w\" sizes=\"(max-width: 439px) 100vw, 439px\" \/><\/figure><\/div>","protected":false},"excerpt":{"rendered":"<p>Allassard, Yssel, Oc\u00e9ane, Xartur et Bornir ont form\u00e9 le c\u00e9l\u00e8bre groupe des Chasseurs Impitoyables qui fut l\u2019un des plus grand groupe de h\u00e9ros des Terres du Nord. \u00c0 la fin de l\u2019ann\u00e9e 842, un jeune barbare originaire de Carn\u00f9r, nomm\u00e9 Yssel, apr\u00e8s les gal\u00e8res et les ar\u00e8nes de gladiateurs, aide le pr\u00eatre Martial contre des [&hellip;]<\/p>\n","protected":false},"author":3,"featured_media":0,"parent":232,"menu_order":0,"comment_status":"closed","ping_status":"closed","template":"","meta":[],"_links":{"self":[{"href":"https:\/\/extremia.org\/wp\/index.php?rest_route=\/wp\/v2\/pages\/235"}],"collection":[{"href":"https:\/\/extremia.org\/wp\/index.php?rest_route=\/wp\/v2\/pages"}],"about":[{"href":"https:\/\/extremia.org\/wp\/index.php?rest_route=\/wp\/v2\/types\/page"}],"author":[{"embeddable":true,"href":"https:\/\/extremia.org\/wp\/index.php?rest_route=\/wp\/v2\/users\/3"}],"replies":[{"embeddable":true,"href":"https:\/\/extremia.org\/wp\/index.php?rest_route=%2Fwp%2Fv2%2Fcomments&post=235"}],"version-history":[{"count":8,"href":"https:\/\/extremia.org\/wp\/index.php?rest_route=\/wp\/v2\/pages\/235\/revisions"}],"predecessor-version":[{"id":783,"href":"https:\/\/extremia.org\/wp\/index.php?rest_route=\/wp\/v2\/pages\/235\/revisions\/783"}],"up":[{"embeddable":true,"href":"https:\/\/extremia.org\/wp\/index.php?rest_route=\/wp\/v2\/pages\/232"}],"wp:attachment":[{"href":"https:\/\/extremia.org\/wp\/index.php?rest_route=%2Fwp%2Fv2%2Fmedia&parent=235"}],"curies":[{"name":"wp","href":"https:\/\/api.w.org\/{rel}","templated":true}]}}