{"id":232,"date":"2021-01-03T01:27:00","date_gmt":"2021-01-03T00:27:00","guid":{"rendered":"http:\/\/extremia.org\/wp\/?page_id=232"},"modified":"2024-10-13T14:16:59","modified_gmt":"2024-10-13T12:16:59","slug":"heros","status":"publish","type":"page","link":"https:\/\/extremia.org\/wp\/?page_id=232","title":{"rendered":"H\u00e9ros"},"content":{"rendered":"\n<p>Le retour des H\u00e9ros ! Dans cette section, retrouvez les figures du Monde. Cette section existait d\u00e9j\u00e0 sous l&rsquo;ancien site, mais une nouvelle pr\u00e9sentation et plusieurs mises \u00e0 jour ont \u00e9t\u00e9 n\u00e9cessaire pour remettre \u00e0 niveau les principaux h\u00e9ros du monde connu.<\/p>\n\n\n\n<figure class=\"wp-block-image size-large is-resized\"><img fetchpriority=\"high\" decoding=\"async\" src=\"https:\/\/extremia.org\/wp\/wp-content\/uploads\/X-dragon-slayer-high-688x1024.jpg\" alt=\"\" class=\"wp-image-718\" width=\"481\" height=\"716\" srcset=\"https:\/\/extremia.org\/wp\/wp-content\/uploads\/X-dragon-slayer-high-688x1024.jpg 688w, https:\/\/extremia.org\/wp\/wp-content\/uploads\/X-dragon-slayer-high-202x300.jpg 202w, https:\/\/extremia.org\/wp\/wp-content\/uploads\/X-dragon-slayer-high-768x1143.jpg 768w, https:\/\/extremia.org\/wp\/wp-content\/uploads\/X-dragon-slayer-high-1032x1536.jpg 1032w, https:\/\/extremia.org\/wp\/wp-content\/uploads\/X-dragon-slayer-high-1376x2048.jpg 1376w, https:\/\/extremia.org\/wp\/wp-content\/uploads\/X-dragon-slayer-high-scaled.jpg 1721w\" sizes=\"(max-width: 481px) 100vw, 481px\" \/><\/figure>\n","protected":false},"excerpt":{"rendered":"<p>Le retour des H\u00e9ros ! Dans cette section, retrouvez les figures du Monde. Cette section existait d\u00e9j\u00e0 sous l&rsquo;ancien site, mais une nouvelle pr\u00e9sentation et plusieurs mises \u00e0 jour ont \u00e9t\u00e9 n\u00e9cessaire pour remettre \u00e0 niveau les principaux h\u00e9ros du monde connu.<\/p>\n","protected":false},"author":3,"featured_media":0,"parent":0,"menu_order":0,"comment_status":"closed","ping_status":"closed","template":"","meta":[],"_links":{"self":[{"href":"https:\/\/extremia.org\/wp\/index.php?rest_route=\/wp\/v2\/pages\/232"}],"collection":[{"href":"https:\/\/extremia.org\/wp\/index.php?rest_route=\/wp\/v2\/pages"}],"about":[{"href":"https:\/\/extremia.org\/wp\/index.php?rest_route=\/wp\/v2\/types\/page"}],"author":[{"embeddable":true,"href":"https:\/\/extremia.org\/wp\/index.php?rest_route=\/wp\/v2\/users\/3"}],"replies":[{"embeddable":true,"href":"https:\/\/extremia.org\/wp\/index.php?rest_route=%2Fwp%2Fv2%2Fcomments&post=232"}],"version-history":[{"count":2,"href":"https:\/\/extremia.org\/wp\/index.php?rest_route=\/wp\/v2\/pages\/232\/revisions"}],"predecessor-version":[{"id":720,"href":"https:\/\/extremia.org\/wp\/index.php?rest_route=\/wp\/v2\/pages\/232\/revisions\/720"}],"wp:attachment":[{"href":"https:\/\/extremia.org\/wp\/index.php?rest_route=%2Fwp%2Fv2%2Fmedia&parent=232"}],"curies":[{"name":"wp","href":"https:\/\/api.w.org\/{rel}","templated":true}]}}