{"id":224,"date":"2021-01-03T01:13:11","date_gmt":"2021-01-03T00:13:11","guid":{"rendered":"http:\/\/extremia.org\/wp\/?page_id=224"},"modified":"2024-02-24T00:25:24","modified_gmt":"2024-02-23T23:25:24","slug":"inquisiteur-du-juste","status":"publish","type":"page","link":"https:\/\/extremia.org\/wp\/?page_id=224","title":{"rendered":"Inquisiteur du Juste"},"content":{"rendered":"\n<p>Classe de prestige pour les adeptes de <a href=\"https:\/\/extremia.org\/wp\/?page_id=220\">Marblus<\/a>.<\/p>\n\n\n\n<figure class=\"wp-block-image size-large is-resized\"><img fetchpriority=\"high\" decoding=\"async\" src=\"https:\/\/extremia.org\/wp\/wp-content\/uploads\/Bordanie-Ameline-1024x938.jpg\" alt=\"\" class=\"wp-image-590\" width=\"367\" height=\"336\" srcset=\"https:\/\/extremia.org\/wp\/wp-content\/uploads\/Bordanie-Ameline-1024x938.jpg 1024w, https:\/\/extremia.org\/wp\/wp-content\/uploads\/Bordanie-Ameline-300x275.jpg 300w, https:\/\/extremia.org\/wp\/wp-content\/uploads\/Bordanie-Ameline-768x704.jpg 768w, https:\/\/extremia.org\/wp\/wp-content\/uploads\/Bordanie-Ameline-1536x1407.jpg 1536w, https:\/\/extremia.org\/wp\/wp-content\/uploads\/Bordanie-Ameline.jpg 1575w\" sizes=\"(max-width: 367px) 100vw, 367px\" \/><\/figure>\n\n\n\n<p><strong>Description<\/strong><\/p>\n\n\n\n<p>Les Inquisiteurs du Juste sont les serviteurs les plus z\u00e9l\u00e9s de Marblus. Plus que quiconque, ils incarnent la loi et l&rsquo;ordre. Les Inquisiteurs du Juste constituent l&rsquo;\u00e9lite des serviteurs de Marblus et ils symbolisent la justice et le respect des r\u00e8glements. Ils combattent le d\u00e9sordre et l&rsquo;injustice avec ferveur et pour la plupart des gens, ils apparaissent rigides et inflexibles, mais \u00e9galement implacables avec leurs ennemis. La plupart des Inquisiteurs du Juste sont des solitaires envoy\u00e9s en mission, mais certains int\u00e8grent des groupes d\u2019aventuriers loyaux afin de repousser le Chaos partout o\u00f9 ils le peuvent. Parfois, certains sont assign\u00e9s \u00e0 de grandes villes afin d\u2019y faire r\u00e9gner l\u2019Ordre. Les Inquisiteurs du Juste de haut niveau se rendent parfois dans les plans du Chaos pour y frapper des Ext\u00e9rieurs comme les d\u00e9mons. Les Pr\u00eatres constituent la plupart des rangs des Inquisiteurs, mais il est possible aussi de retrouver des guerriers\/pr\u00eatres, voire de rares paladins pour des inquisiteurs Loyaux Bons, qui restent malgr\u00e9 tout rares.&nbsp;<\/p>\n\n\n\n<p>Les Inquisiteurs du Juste suivent un code de conduite rigide qui les obligent \u00e0 respecter l\u2019autorit\u00e9 l\u00e9gitime, \u00e0 se comporter de fa\u00e7on honorable (c\u2019est-\u00e0-dire \u00e0 ne pas mentir, tricher, utiliser le poison, etc.), \u00e0 faire appliquer les lois, et \u00e0 ch\u00e2tier ceux qui menacent l\u2019Ordre et la discipline.<\/p>\n\n\n\n<p>Les Inquisiteurs du Juste sont rep\u00e9r\u00e9s parmi les fid\u00e8les du clerg\u00e9 et re\u00e7oivent une formation sp\u00e9ciale leur permettant d\u2019aqu\u00e9rir le statut convoit\u00e9 d\u2019inquisiteur du Juste. Ce r\u00f4le est particuli\u00e8rement prestigieux dans le clerg\u00e9 de Marblus et ses membres sont trait\u00e9s avec beaucoup de d\u00e9f\u00e9rence et de respect.<\/p>\n\n\n\n<p>On raconte que le premier Inquisiteur du Juste fut un h\u00e9ros originaire de l\u2019actuelle Surdavie, appel\u00e9 Andje l\u2019Int\u00e8gre. On raconte d\u2019ailleurs qu\u2019il fut le premier porteur de la Loyale, un puissant artefact de Marblus.<\/p>\n\n\n\n<p><strong>Conditions<\/strong><\/p>\n\n\n\n<p>Pour devenir Inquisiteur du Juste, un personnage doit r\u00e9pondre aux crit\u00e8res suivants&nbsp;:<\/p>\n\n\n\n<p><strong><ins>A<\/ins><ins>lignement<\/ins><\/strong><ins> : <\/ins>Loyal<\/p>\n\n\n\n<p><strong><ins>Bonus de base \u00e0 l\u2019attaque<\/ins><\/strong><ins> : +<\/ins>5<\/p>\n\n\n\n<p><strong><ins>Bonus de base aux <\/ins>JS<\/strong><ins>: V<\/ins>olont\u00e9 +4<\/p>\n\n\n\n<p><strong><ins>C<\/ins><ins>omp\u00e9tences<\/ins><\/strong><ins>&nbsp;: degr\u00e9 de ma<\/ins><ins>\u00eetrise <\/ins>de 6 en Connaissance (Religion) et 5 en&nbsp; Diplomatie et 4 en Profession (Juriste\/Avocat).<\/p>\n\n\n\n<p><strong><ins>Sorts<\/ins><\/strong><ins>&nbsp;: facult\u00e9 de lancer des sorts divins de <\/ins>2<sup>\u00e8me<\/sup> Niveau<\/p>\n\n\n\n<p><strong>Divinit\u00e9<\/strong><ins>&nbsp;: <\/ins>Marblus <ins>doit \u00eatre la divinit\u00e9 tut\u00e9laire du personnage.<\/ins><\/p>\n\n\n\n<p><strong><ins>D<\/ins>on<\/strong>&nbsp;: Attaque en puissance, Maniement d\u2019une arme exotique (Ep\u00e9e B\u00e2tarde)<\/p>\n\n\n\n<p><strong>Caract\u00e9ristiques de classe<\/strong><\/p>\n\n\n\n<p><strong>D<ins>\u00e9s de vie<\/ins><\/strong><ins>&nbsp;: d<\/ins>8<\/p>\n\n\n\n<p><strong>C<ins>omp\u00e9tences<\/ins> de Classe<\/strong><ins>&nbsp;: <\/ins><a href=\"http:\/\/www.gemmaline.com\/competence-artdelamagie.htm\">Art de la magie<\/a>, <a href=\"http:\/\/www.gemmaline.com\/competence-concentration.htm\">Concentration<\/a>, <a href=\"http:\/\/www.gemmaline.com\/competence-connaissance.htm\">Connaissances<\/a> (Religion), <a href=\"http:\/\/www.gemmaline.com\/competence-connaissance.htm\">Connaissances<\/a> (plans), <a href=\"http:\/\/www.gemmaline.com\/competence-connaissance.htm\">Connaissances<\/a> (myst\u00e8res), <a href=\"http:\/\/www.gemmaline.com\/competence-connaissance.htm\">Connaissances<\/a> (folklore local), <a href=\"http:\/\/www.gemmaline.com\/competence-diplomatie.htm\">Diplomatie<\/a>, <a href=\"http:\/\/www.gemmaline.com\/competence-premiersecours.htm\">Premiers secours<\/a>, <a href=\"http:\/\/www.gemmaline.com\/competence-profession.htm\">Profession<\/a>, Intimidation.<\/p>\n\n\n\n<p><strong>P<ins>oints de comp\u00e9tences additionnels \u00e0 chaque niveau<\/ins><\/strong><ins>&nbsp;: 2 + modificateur d\u2019Intelligence.<\/ins><\/p>\n\n\n\n<p><strong>Armes et armures<\/strong>&nbsp;: l\u2019Inquisiteur du Juste est form\u00e9 au maniement des armes courantes et des armes de guerre, mais pas \u00e0 celui des boucliers. Il est form\u00e9 au port des armures l\u00e9g\u00e8res.<\/p>\n\n\n\n<p><strong>Sorts<\/strong>&nbsp;: \u00c0 partir du niveau 2 et \u00e0 tous les niveaux (\u00e0 l\u2019exception du niveau 6) d\u2019Inquisiteur du Juste, le personnage gagne un niveau de jeteur de sort effectif. Il obtient les sorts par jour et le niveau de lanceur de sorts d&rsquo;un personnage de son niveau effectif. En Revanche, il ne gagne aucun des autres avantages accompagnant habituellement ce niveau (don de M\u00e9tamagie ou de cr\u00e9ation d&rsquo;objets, renvoi des morts-vivants, etc. Si l\u2019Inquisiteur du Juste poss\u00e8de plusieurs classes de lanceur de sorts, le niveau effectif ne s&rsquo;applique qu&rsquo;\u00e0 l&rsquo;une d&rsquo;entre elles, au choix du personnage.<br><br><\/p>\n\n\n\n<p><strong>Ch\u00e2timent du Chaos (Sur)<\/strong>&nbsp;: D\u00e8s le niveau 1, un Inquisiteur du Juste peut tenter de ch\u00e2tier un adversaire chaotique au moyen d&rsquo;une attaque au corps \u00e0 corps normale, 1 fois par jour. Il ajoute son bonus de Charisme (le cas \u00e9ch\u00e9ant) au jet d&rsquo;attaque et inflige 1 point de d\u00e9g\u00e2ts suppl\u00e9mentaire par niveau d\u2019Inquisiteur du Juste. Par exemple, un Inquisiteur du Juste de niveau 4 arm\u00e9 d&rsquo;une \u00e9p\u00e9e b\u00e2tarde infligera 1d8+4 points de d\u00e9g\u00e2ts, plus tout bonus de Force ou d&rsquo;effet magique applicable. Si l\u2019Inquisiteur du Juste ch\u00e2tie accidentellement une cr\u00e9ature qui n&rsquo;est pas chaotique, le pouvoir n&rsquo;a aucun effet, mais il est tout de m\u00eame d\u00e9pens\u00e9 pour la journ\u00e9e.<\/p>\n\n\n\n<p>Ce pouvoir est utilisable 2 fois par jour au niveau 5 et 3 fois par jour au niveau 8.<\/p>\n\n\n\n<p><br><strong>D\u00e9tection du Chaos (Mag)<\/strong>&nbsp;: Au niveau 1, l\u2019inquisiteur du Juste est capable d\u2019utiliser <em>D\u00e9tection du Chaos<\/em>, \u00e0 volont\u00e9 (niveau de lanceur de sorts \u00e9gal au niveau de lanceur de sorts divins du personnage).<\/p>\n\n\n\n<p><br><strong>Savoir Juridique (Ext)<\/strong>&nbsp;: Afin de mener \u00e0 bien sa mission et de lutter efficacement contre le Chaos, un Inquisiteur du Juste&nbsp; connait les rouages juridiques et textes l\u00e9gaux du pays dans lequel il vit ainsi que des pays alentours. Au niveau 2, il b\u00e9n\u00e9ficie d&rsquo;un bonus \u00e9gal \u00e0 son niveau d\u2019Inquisiteur du Juste aux tests de Connaissances et de Renseignements en rapport avec le droit et les proc\u00e8s (savoir s&rsquo;il est l\u00e9gal de porter une arme en ville, comment se comporter \u00e0 la cour, etc.). Il b\u00e9n\u00e9ficie \u00e9galement de ce bonus aux tests de comp\u00e9tence ou de caract\u00e9ristique li\u00e9s au Charisme quand il s&rsquo;agit de d\u00e9battre de sujets juridiques.<\/p>\n\n\n\n<p><strong>D\u00e9tection des mensonges (Mag)<\/strong>&nbsp;: Au niveau 4, l\u2019Inquisiteur du Juste peut utiliser <em>D\u00e9tection des mensonges<\/em>, 1 fois par jour (niveau de lanceur de sorts \u00e9gal au niveau de lanceur de sorts divins du personnage).<\/p>\n\n\n\n<p><br><strong>Gr\u00e2ce Loyale (Sur)<\/strong>&nbsp;: Au niveau 4, l\u2019Inquisiteur du Juste b\u00e9n\u00e9ficie d&rsquo;un bonus \u00e9gal \u00e0 son bonus de Charisme (le cas \u00e9ch\u00e9ant) aux jets de sauvegarde contre les sorts accompagn\u00e9s du registre du Chaos et contre les pouvoirs magiques et surnaturels des Ext\u00e9rieurs chaotiques. Ce bonus se cumule avec celui du pouvoir de gr\u00e2ce divine. Un paladin\/Inquisiteur du Juste ajoute donc deux fois son bonus de Charisme aux jets de sauvegard\u00e9 contre les effets chaotiques.<\/p>\n\n\n\n<p><strong>Aura de calme (Sur)<\/strong>&nbsp;: Au niveau 6, l\u2019Inquisiteur du Juste est immunis\u00e9 \u00e0 tous les sorts et pouvoirs magiques du registre \u00e9motion, ainsi qu\u2019\u00e0 tous les effets de terreur. Les alli\u00e9s situ\u00e9s dans un rayon de 3 m\u00e8tres de l\u2019Inquisiteur re\u00e7oivent un bonus de moral de +4 \u00e0 leurs jets de sauvegarde contre ces effets. Cette capacit\u00e9 fonctionne seulement lorsque l\u2019Inquisiteur est conscient, pas s\u2019il est inconscient ou mort.<\/p>\n\n\n\n<p><br><strong>Lame axiomatique (Sur)<\/strong>&nbsp;: Au niveau 7, l\u2019inquisiteur du Juste peut impr\u00e9gner son arme de corps \u00e0 corps du pouvoir de la Loi. Une fois par jour et par point de bonus en Charisme (1 fois par jour minimum), l\u2019Inquisiteur du Juste peut affubler son arme de corps \u00e0 corps de la propri\u00e9t\u00e9 sp\u00e9ciale axiomatique. (+2d6 points de d\u00e9g\u00e2ts contre les adversaires chaotiques). Si l&rsquo;arme du personnage b\u00e9n\u00e9ficie d\u00e9j\u00e0 de cette am\u00e9lioration, il n&rsquo;en tire aucun avantage. Chaque utilisation du pouvoir correspond \u00e0 une action libre et l&rsquo;effet dure 1 round.<\/p>\n\n\n\n<p><strong>Pacte de Loi (Mag)<\/strong>&nbsp;: Au niveau 9, l\u2019Inquisiteur du Juste peut obliger une cr\u00e9ature vaincue \u00e0 accepter un pacte de loi qui l\u2019oblige \u00e0 respecter une condition, comme avec <a href=\"https:\/\/www.pathfinder-fr.org\/Wiki\/Pathfinder-RPG.mission.ashx\">mission<\/a>. Au lieu d\u2019assigner une t\u00e2che ou une mission au vaincu, il lui donne juste quelques interdits \u00e0 respecter, afin de prot\u00e9ger les autres, par exemple : \u00ab Quitte cette ville et n\u2019y reviens jamais \u00bb ou \u00ab N\u2019attaque plus de caravanes. \u00bb Cette interdiction prot\u00e8ge une zone de 700 kilom\u00e8tres carr\u00e9s au maximum ou un groupe de gens (une tribu ou les habitants d\u2019une ville donn\u00e9e). L\u2019effet de ce pouvoir dure 1 mois par niveau d\u2019Inquisiteur du Juste.<\/p>\n\n\n\n<p><strong>Aura de loi absolue (Sur)<\/strong>&nbsp;: Au niveau 10, l\u2019Inquisiteur du Juste est un tel symbole d&rsquo;ordre et de justice que le Chaos recule devant lui. Il est en permanence entour\u00e9 par un effet de rejet du Chaos. S&rsquo;il renvoie un Ext\u00e9rieur chaotique dans son plan d&rsquo;origine ou dissipe un enchantement accompagn\u00e9 du registre du Chaos, l&rsquo;aura dispara\u00eet temporairement. Il peut n\u00e9anmoins la r\u00e9activer au prix d&rsquo;une action libre d\u00e8s son tour de jeu suivant.<\/p>\n\n\n\n<figure class=\"wp-block-table is-style-stripes\"><table><tbody><tr><td>Niv.&nbsp;<br>Inquisiteur du Juste<\/td><td>Bonus de<br>base \u00e0 l&rsquo;Attaque<\/td><td>Bonus de base aux Reflexes<\/td><td>Bonus de base \u00e0 la Vigueur<\/td><td>Bonus de base \u00e0 la Volont\u00e9<\/td><td>Sp\u00e9cial<\/td><td>Sorts<\/td><\/tr><tr><td>1<\/td><td>+0<\/td><td>+0<\/td><td>+2<\/td><td>+2<\/td><td>&nbsp;D\u00e9tection du Chaos, Ch\u00e2timent du Chaos (1\/j), Aura de Loi<\/td><td>&nbsp;<\/td><\/tr><tr><td>2<\/td><td>+1<\/td><td>+0<\/td><td>+3<\/td><td>+3<\/td><td>Savoir Juridique<\/td><td>+1 niv de jeteur de sort effectif<\/td><\/tr><tr><td>3<\/td><td>+2<\/td><td>+1<\/td><td>+3<\/td><td>+3<\/td><td>D\u00e9tection des mensonges<\/td><td>+1 niv de jeteur de sort effectif<\/td><\/tr><tr><td>4<\/td><td>+3<\/td><td>+1<\/td><td>+4<\/td><td>+4<\/td><td>Gr\u00e2ce Loyale<\/td><td>+1 niv de jeteur de sort effectif<\/td><\/tr><tr><td>5<\/td><td>+3<\/td><td>+1<\/td><td>+4<\/td><td>+4<\/td><td>Ch\u00e2timent du Chaos (2\/j)<\/td><td>+1 niv de jeteur de sort effectif<\/td><\/tr><tr><td>6<\/td><td>+4<\/td><td>+2<\/td><td>+5<\/td><td>+5<\/td><td>Aura de Calme<\/td><td>&nbsp;<\/td><\/tr><tr><td>7<\/td><td>+5<\/td><td>+2<\/td><td>+5<\/td><td>+5<\/td><td>Lame Axiomatique<\/td><td>+1 niv de jeteur de sort effectif<\/td><\/tr><tr><td>8<\/td><td>+6<\/td><td>+2<\/td><td>+6<\/td><td>+6<\/td><td>Ch\u00e2timent du Chaos (3\/j)<\/td><td>+1 niv de jeteur de sort effectif<\/td><\/tr><tr><td>9<\/td><td>+6<\/td><td>+3<\/td><td>+6<\/td><td>+6<\/td><td>Pacte de Loi<\/td><td>+1 niv de jeteur de sort effectif<\/td><\/tr><tr><td>10<\/td><td>+7<\/td><td>+3<\/td><td>+7<\/td><td>+7<\/td><td>Aura de loi absolue<\/td><td>+1 niv de jeteur de sort effectif<\/td><\/tr><\/tbody><\/table><\/figure>\n\n\n\n<p><strong>Anciens Inquisiteur du Juste<\/strong>&nbsp;: Un Inquisiteur du Juste violant son alignement ou commettant un acte injuste (vol, une agression, meurtre d&rsquo;un innocent ou toute violation de la loi) perd ses facult\u00e9s de lanceur de sorts et ses aptitudes de classe de prestige (\u00e0 l&rsquo;exception de sa formation au maniement des armes et du pouvoir de Savoir Juridique). Il r\u00e9cup\u00e8re son statut et ses aptitudes s&rsquo;il fait acte de contrition ou re\u00e7oit un sort de P\u00e9nitence. Un Inquisiteur du Juste non conscient de ses actes (charm\u00e9, etc.) conserve ses aptitudes mais devra verser une importante d\u00eeme \u00e0 son clerg\u00e9 en guise de repentance.<\/p>\n","protected":false},"excerpt":{"rendered":"<p>Classe de prestige pour les adeptes de Marblus. Description Les Inquisiteurs du Juste sont les serviteurs les plus z\u00e9l\u00e9s de Marblus. Plus que quiconque, ils incarnent la loi et l&rsquo;ordre. Les Inquisiteurs du Juste constituent l&rsquo;\u00e9lite des serviteurs de Marblus et ils symbolisent la justice et le respect des r\u00e8glements. Ils combattent le d\u00e9sordre et [&hellip;]<\/p>\n","protected":false},"author":3,"featured_media":0,"parent":220,"menu_order":0,"comment_status":"closed","ping_status":"closed","template":"","meta":[],"_links":{"self":[{"href":"https:\/\/extremia.org\/wp\/index.php?rest_route=\/wp\/v2\/pages\/224"}],"collection":[{"href":"https:\/\/extremia.org\/wp\/index.php?rest_route=\/wp\/v2\/pages"}],"about":[{"href":"https:\/\/extremia.org\/wp\/index.php?rest_route=\/wp\/v2\/types\/page"}],"author":[{"embeddable":true,"href":"https:\/\/extremia.org\/wp\/index.php?rest_route=\/wp\/v2\/users\/3"}],"replies":[{"embeddable":true,"href":"https:\/\/extremia.org\/wp\/index.php?rest_route=%2Fwp%2Fv2%2Fcomments&post=224"}],"version-history":[{"count":2,"href":"https:\/\/extremia.org\/wp\/index.php?rest_route=\/wp\/v2\/pages\/224\/revisions"}],"predecessor-version":[{"id":591,"href":"https:\/\/extremia.org\/wp\/index.php?rest_route=\/wp\/v2\/pages\/224\/revisions\/591"}],"up":[{"embeddable":true,"href":"https:\/\/extremia.org\/wp\/index.php?rest_route=\/wp\/v2\/pages\/220"}],"wp:attachment":[{"href":"https:\/\/extremia.org\/wp\/index.php?rest_route=%2Fwp%2Fv2%2Fmedia&parent=224"}],"curies":[{"name":"wp","href":"https:\/\/api.w.org\/{rel}","templated":true}]}}