{"id":220,"date":"2021-01-03T01:07:32","date_gmt":"2021-01-03T00:07:32","guid":{"rendered":"http:\/\/extremia.org\/wp\/?page_id=220"},"modified":"2023-11-01T10:17:47","modified_gmt":"2023-11-01T09:17:47","slug":"marblus","status":"publish","type":"page","link":"https:\/\/extremia.org\/wp\/?page_id=220","title":{"rendered":"Marblus"},"content":{"rendered":"<div class=\"wp-block-image\">\n<figure class=\"aligncenter size-large\"><img decoding=\"async\" width=\"180\" height=\"179\" src=\"https:\/\/extremia.org\/wp\/wp-content\/uploads\/image-2.png\" alt=\"\" class=\"wp-image-221\" srcset=\"https:\/\/extremia.org\/wp\/wp-content\/uploads\/image-2.png 180w, https:\/\/extremia.org\/wp\/wp-content\/uploads\/image-2-150x150.png 150w\" sizes=\"(max-width: 180px) 100vw, 180px\" \/><\/figure><\/div>\n\n\n<h3><a>La divinit\u00e9<\/a><\/h3>\n\n\n\n<p>Marblus est un dieu tr\u00e8s strict et s\u00e9v\u00e8re, mais loyal et juste, qui appr\u00e9cie le go\u00fbt de l\u2019effort et le travail bien fait. C\u2019est sans surprise que ses attributions principales concernent la justice, l\u2019\u00e9galit\u00e9 et l\u2019ordre. Marblus est tr\u00e8s exigeant envers ses ouailles ainsi qu\u2019avec les autres dieux, ce qui explique qu\u2019il ne s\u2019entend qu\u2019avec des divinit\u00e9s tr\u00e8s loyales comme Uron. Marblus est fr\u00e9quemment surnomm\u00e9 \u00ab&nbsp;la Balance de la Justice&nbsp;\u00bb ou tout simplement \u00ab&nbsp;Le Juste&nbsp;\u00bb. Selon les pays, la repr\u00e9sentation de Marblus peut varier&nbsp;: souvent une balance inscrite dans un triangle, mais on retrouve parfois l\u2019image d\u2019un homme brun aux cheveux longs dont les yeux sont ferm\u00e9s et qui ouvre ses bras, paumes ouvertes vers le haut (rapport \u00e0 la balance). Enfin, la repr\u00e9sentation la moins courante est celle d\u2019une lune ne argent.<\/p>\n\n\n\n<p>Marblus est le Saint Patron des Juges et des Administrations (parlementaires, fonctionnaires, employ\u00e9s royaux, membres assembl\u00e9es, selon les pays), et \u00e9galement v\u00e9n\u00e9r\u00e9s de nombreux pr\u00e9v\u00f4ts, avou\u00e9s, etc. Dans de nombreux pays, son clerg\u00e9 est le repr\u00e9sentant de la loi et fait appliquer celle-ci \u00e0 l\u2019aide de l\u2019arm\u00e9e locale. On dit souvent d\u2019un chevalier courageux ou d\u2019un honn\u00eate paladin qu\u2019il&nbsp;\u00ab est loyal comme Le Juste\u00bb, ou encore d\u2019une personne honn\u00eate qu\u2019elle est \u00ab&nbsp;honn\u00eate comme Marblus&nbsp;\u00bb.<\/p>\n\n\n\n<h3><a>Ses fid\u00e8les<\/a><\/h3>\n\n\n\n<p>Le clerg\u00e9 de Marblus est tr\u00e8s hi\u00e9rarchis\u00e9 et ses pr\u00eatres sont des mod\u00e8les d\u2019ordre et de discipline. Le clerg\u00e9 s\u2019\u00e9tend \u00e0 l\u2019ensemble d\u2019Extremia et chaque pr\u00eatre de l\u2019ordre, quel que soit le coin recul\u00e9 dans lequel il vit, \u00e0 conscience de faire partie d\u2019une grande organisation dans laquelle patience et m\u00e9rite seront les deux cl\u00e9s pour \u00e9voluer en son sein.<\/p>\n\n\n\n<p>Les temples de Marblus forment de nombreux novices, qu\u2019ils nomment \u00ab&nbsp;Apprentis&nbsp;\u00bb. Ces novices sont toujours form\u00e9s dans les temples par des pr\u00eatres plus exp\u00e9riment\u00e9s. La formation est longue et difficile, faite d\u2019ob\u00e9issance, de respect, de privation et de lecture des codes de loi. Lorsqu\u2019ils sont intronis\u00e9s pr\u00eatres, les apprentis deviennent des membres du clerg\u00e9 \u00e0 part enti\u00e8re. Dans la terminologie du clerg\u00e9, les simples pr\u00eatres sont des \u00ab&nbsp;Edans&nbsp;\u00bb. Droits, loyaux et aust\u00e8res comme la plupart de leurs cong\u00e9n\u00e8res, les nouveaux Edans auront la possibilit\u00e9 de progresser au sein du clerg\u00e9, peut-\u00eatre pour devenir \u00ab&nbsp;P\u00e8res des Apprentis&nbsp;\u00bb, qui sont les formateurs des novices. Apr\u00e8s quelques ann\u00e9es \u00e0 ce poste, les plus talentueux pourront devenir des \u00ab&nbsp;Medans&nbsp;\u00bb, qui sont les aides de camp des chefs de temples. Ces derniers portent le nom d\u2019&nbsp;\u00ab&nbsp;Honorables&nbsp;\u00bb, et leur sens de l\u2019honneur et de la justice est reconnu par leurs amis comme leurs ennemis.<\/p>\n\n\n\n<p>Les Honorables les plus actifs et les plus m\u00e9ritants pourront \u00eatre nomm\u00e9 \u00ab&nbsp;V\u00e9n\u00e9rables&nbsp;\u00bb. Il s\u2019agit d\u2019un titre hautement reconnu puisqu\u2019il permet par la suite de participer \u00e0 l\u2019\u00e9lection du \u00ab&nbsp;Tr\u00e8s V\u00e9n\u00e9rable&nbsp;\u00bb, qui se trouve \u00eatre le chef supr\u00eame du clerg\u00e9 de Marblus, auquel tous les pr\u00eatres jurent all\u00e9geance. Le Tr\u00e8s V\u00e9n\u00e9rable est la plupart du temps un homme exp\u00e9riment\u00e9, doubl\u00e9 d\u2019un fin politicien.<\/p>\n\n\n<div class=\"wp-block-image\">\n<figure class=\"aligncenter size-large is-resized\"><img fetchpriority=\"high\" decoding=\"async\" src=\"https:\/\/extremia.org\/wp\/wp-content\/uploads\/image-3.png\" alt=\"\" class=\"wp-image-222\" width=\"265\" height=\"470\" srcset=\"https:\/\/extremia.org\/wp\/wp-content\/uploads\/image-3.png 265w, https:\/\/extremia.org\/wp\/wp-content\/uploads\/image-3-169x300.png 169w\" sizes=\"(max-width: 265px) 100vw, 265px\" \/><figcaption class=\"wp-element-caption\"><em>Un pr\u00eatre de Marblus<\/em><\/figcaption><\/figure><\/div>\n\n\n<p>Un autre titre prestigieux dans le clerg\u00e9 est <a href=\"https:\/\/extremia.org\/wp\/?page_id=224\">Inquisiteur du Juste<\/a> : rep\u00e9r\u00e9s parmi les fid\u00e8les du clerg\u00e9 et re\u00e7oivent une formation sp\u00e9ciale leur permettant d\u2019acqu\u00e9rir ce statut convoit\u00e9.<\/p>\n\n\n\n<p>La vie au sein des temples de Marblus est des plus aust\u00e8res&nbsp;: les pr\u00eatres ne parlent que lorsque cela est n\u00e9cessaire, ne mentent ni ne trichent jamais, sont d\u2019une propret\u00e9 et d\u2019une organisation \u00e0 faire p\u00e2lir de nombreuses arm\u00e9es. F\u00e9rus de loi et \u00e9pris de justice, les pr\u00eatres de Marblus, malgr\u00e9 leur id\u00e9aux et leurs \u00e9vidente bonne volont\u00e9, sont souvent vu comme \u00ab&nbsp;coinc\u00e9s&nbsp;\u00bb ou trop absconds par la population ou par les pr\u00eatres d\u2019autres divinit\u00e9s. Le clerg\u00e9 de Marblus se voulant comme un mod\u00e8le d\u2019\u00e9galit\u00e9, les pr\u00eatres et les pr\u00eatresses ont tous le cr\u00e2ne ras\u00e9, symbole de discipline. Les hommes se doivent d\u2019\u00eatre glabres. Il n\u2019y a pas d\u2019ailleurs pas d\u2019autres diff\u00e9rences entre les hommes et les femmes dans le clerg\u00e9, et les diff\u00e9rences sont des plus t\u00e9nues&nbsp;: quartiers mixtes, responsabilit\u00e9s identiques pour hommes et femmes, entra\u00eenement identique, etc.<\/p>\n\n\n\n<p>Dans la plupart des communaut\u00e9s loyales, les pr\u00eatres de Marblus font office de juges et les temples du Juste sont des tribunaux, instruisant les affaires importantes et garantissant une ind\u00e9pendance vis-\u00e0-vis du pouvoir en place. Les petites communaut\u00e9s trop isol\u00e9es ou n\u2019ayant pas de pr\u00eatre de Marblus \u00e0 disposition peuvent parfois b\u00e9n\u00e9ficier du passage d\u2019un <a href=\"https:\/\/extremia.org\/wp\/?page_id=226\">Marcheur de la Loi<\/a>, un pr\u00eatre de Marblus itin\u00e9rant dont c\u2019est justement la mission de se rendre dans les endroits isol\u00e9s ou difficiles d\u2019acc\u00e8s pour rendre la justice.<\/p>\n\n\n\n<p>Bien que tout entier tourn\u00e9 vers la Loi, les pr\u00eatres de Marblus font en g\u00e9n\u00e9ral peut de diff\u00e9rence entre le Bien et le Mal&nbsp;: ce qui importe, c\u2019est le respect des lois, et non de savoir si le fautif \u00e0 apporter le bien ou le mal en faisant ce qu\u2019il a fait. Certains pr\u00eatres de Marblus sont toutefois plus mod\u00e9r\u00e9s dans leur approche et comprennent la situation du menu peuple, et essayent parfois d\u2019\u00eatre un peu plus \u00e0 l\u2019\u00e9coute des r\u00e9alit\u00e9s du monde qui les entourent.<\/p>\n\n\n\n<p>De nombreux pr\u00eatres de Marblus comptent aussi parmi leurs activit\u00e9s la relecture, la correction et la reproduction de codes de lois. Ils sont \u00e9galement souvent sollicit\u00e9s pour donner leur validation lors d\u2019actes ou de contrats officiels, sollicitation qui n\u2019est pas gratuite et constitue l\u2019essentiel des revenus du clerg\u00e9 (avec les dons et quelques imp\u00f4ts, bien s\u00fbr).<\/p>\n\n\n\n<p>Le culte du Juste entretien des cimeti\u00e8res souvent attenant \u00e0 ses temples afin de d\u00e9poser les corps de ses morts. Ceux-ci sont install\u00e9s dans des cercueils de pierre et plac\u00e9 dans des petits mausol\u00e9es plut\u00f4t qu\u2019enterr\u00e9s. Les cimeti\u00e8res de Marblus sont souvent tr\u00e8s bien organis\u00e9s et bien tenus, souvent en forme g\u00e9ographique et dot\u00e9s d\u2019all\u00e9es bord\u00e9es de galets d\u00e9limitant les zones de passages avec les zones r\u00e9serv\u00e9es aux mausol\u00e9es. Les cimeti\u00e8res sont toujours d\u00e9fendus par une poign\u00e9e de jeunes pr\u00eatres qui ont \u00e9galement la responsabilit\u00e9 de leur entretien.<\/p>\n\n\n\n<p>Etant donn\u00e9 leurs importants pouvoirs et leur droiture, les pr\u00eatres de Marblus peuvent aussi \u00eatre plus tourn\u00e9s vers l\u2019action et soutenir les forces arm\u00e9es et les milices d\u2019un pays ou d\u2019une ville, rendant ainsi les forces de l\u2019ordre bien plus efficace gr\u00e2ce \u00e0 l\u2019appui de la magie divine. Leurs talents divinatoires et certains autres sorts peuvent aussi servir lors d\u2019interrogatoires ou d\u2019analyse de sc\u00e8ne de crime.<\/p>\n\n\n\n<p>Dans certaines r\u00e9gions, les pr\u00eatres de Marblus peuvent aussi faire office d\u2019avocats, mais cette situation est plus rare car elle oblige les pr\u00eatres \u00e0 prendre parti, alors qu\u2019ils se d\u00e9clarent eux-m\u00eames plus comp\u00e9tents pour juger des faits et non les interpr\u00e9ter.<\/p>\n\n\n\n<p>Les pr\u00eatres de Marblus portent tous des tabards gris sur lesquels est brod\u00e9e une balance inscrite dans un triangle sur le torse. Ils portent \u00e9galement des capes grises rehauss\u00e9es de fils d\u2019argent, ainsi que des bottes de cuirs solides. La balance inscrite dans le triangle est \u00e9galement le blason du clerg\u00e9 de Marblus. Le symbole religieux des pr\u00eatres est une \u00e9charpe argent\u00e9e laquelle est brod\u00e9e la devise \u00ab&nbsp;Pour l\u2019Ordre et la Justice&nbsp;\u00bb.<\/p>\n\n\n\n<p>Les temples de Marblus sont le plus souvent de larges b\u00e2timents sobrement d\u00e9cor\u00e9s mais bien tenus, principalement en pierre, de couleur grise ou blanche. Les murs sont souvent recouverts de textes de loi ou de recommandations grav\u00e9 \u00e0 m\u00eame la pierre, car \u00ab&nbsp;Nul n\u2019est cens\u00e9 ignorer la Loi&nbsp;\u00bb, ce qui constitue l\u2019une des deux devises des pr\u00eatres de Marblus.<\/p>\n\n\n\n<p>La plupart des fid\u00e8les de Marblus sont des humains, mais on trouve aussi quelques nains ainsi que des elfes et bien s\u00fbr des demi-elfes.<\/p>\n\n\n\n<p>On trouve de nombreux fid\u00e8les du Juste \u00e0 Holmar et dans le Vyrman, deux pays du Vyrmonus o\u00f9 le culte de Marblus est dominant. D\u2019ailleurs, le lieu saint le plus important du culte, le Pilier de la Loi, se trouve dans le royaume d\u2019Holmar. Dans ce contient, le culte de Marblus reste \u00e9galement tr\u00e8s courant dans les Terres du Nord, Fall et ConSudre. Dans le Tizun, on trouve des fid\u00e8les en bon nombre au Keltenos et en Sudarvie, mais presque pas ailleurs. En Surdavie, d\u2019ailleurs, on trouve un autre lieu c\u00e9l\u00e8bre du culte, le Mont Kujtin, au sommet duquel aurait \u00e9t\u00e9 trouv\u00e9, selon la l\u00e9gende, la Loyale, une arme sainte du clerg\u00e9 de Marblus. Dans le Zorbaranus, le seul pays dans lequel le culte de Marblus est courant est le Dhaz\u00e2l. Enfin dans le Karakite, on retrouve surtout des fid\u00e8les au Chongten.<\/p>\n\n\n\n<h3><a>El\u00e9ments techniques<\/a><\/h3>\n\n\n\n<p><strong>Alignement g\u00e9n\u00e9ral<\/strong>&nbsp;: Loyal Neutre. La plupart des pr\u00eatres de Marblus sont Loyaux Neutres \u00e9galement.<\/p>\n\n\n\n<p><strong>Domaines<\/strong>&nbsp;: \u00e0 choisir parmi Loi, Protection, Connaissance, Bien, Inquisition*, Pens\u00e9e*<\/p>\n\n\n\n<p><strong>Arme de pr\u00e9dilection<\/strong>&nbsp;: Ep\u00e9e b\u00e2tarde<\/p>\n\n\n\n<p><strong>Pouvoirs sp\u00e9ciaux<\/strong>&nbsp;:<\/p>\n\n\n\n<ul>\n<li>Repousser les Morts-vivants<\/li>\n\n\n\n<li>Convertir spontan\u00e9ment ses sorts en sorts de Soins ou de Blessures de m\u00eame niveau (au choix du joueur&nbsp;: le choix doit \u00eatre effectu\u00e9 en d\u00e9but de carri\u00e8re et ne peut plus \u00eatre chang\u00e9 ensuite).<\/li>\n<\/ul>\n\n\n\n<p><strong>Comp\u00e9tences&nbsp;de classe<\/strong>&nbsp;: Art de la magie (Int), Artisanat (Int), Concentration (Con), Psychologie (Cha), Connaissances (myst\u00e8res) (Int), Connaissances (loi) (Int), Connaissances (religion) (Int), Diplomatie (Cha), Premiers secours (Sag) et Profession (Sag). Un pr\u00eatre qui choisit le domaine de la Connaissance ajoute toutes les formes de Connaissances (Int) \u00e0 cette liste.<\/p>\n","protected":false},"excerpt":{"rendered":"<p>La divinit\u00e9 Marblus est un dieu tr\u00e8s strict et s\u00e9v\u00e8re, mais loyal et juste, qui appr\u00e9cie le go\u00fbt de l\u2019effort et le travail bien fait. C\u2019est sans surprise que ses attributions principales concernent la justice, l\u2019\u00e9galit\u00e9 et l\u2019ordre. Marblus est tr\u00e8s exigeant envers ses ouailles ainsi qu\u2019avec les autres dieux, ce qui explique qu\u2019il ne [&hellip;]<\/p>\n","protected":false},"author":3,"featured_media":0,"parent":412,"menu_order":0,"comment_status":"closed","ping_status":"closed","template":"","meta":[],"_links":{"self":[{"href":"https:\/\/extremia.org\/wp\/index.php?rest_route=\/wp\/v2\/pages\/220"}],"collection":[{"href":"https:\/\/extremia.org\/wp\/index.php?rest_route=\/wp\/v2\/pages"}],"about":[{"href":"https:\/\/extremia.org\/wp\/index.php?rest_route=\/wp\/v2\/types\/page"}],"author":[{"embeddable":true,"href":"https:\/\/extremia.org\/wp\/index.php?rest_route=\/wp\/v2\/users\/3"}],"replies":[{"embeddable":true,"href":"https:\/\/extremia.org\/wp\/index.php?rest_route=%2Fwp%2Fv2%2Fcomments&post=220"}],"version-history":[{"count":3,"href":"https:\/\/extremia.org\/wp\/index.php?rest_route=\/wp\/v2\/pages\/220\/revisions"}],"predecessor-version":[{"id":418,"href":"https:\/\/extremia.org\/wp\/index.php?rest_route=\/wp\/v2\/pages\/220\/revisions\/418"}],"up":[{"embeddable":true,"href":"https:\/\/extremia.org\/wp\/index.php?rest_route=\/wp\/v2\/pages\/412"}],"wp:attachment":[{"href":"https:\/\/extremia.org\/wp\/index.php?rest_route=%2Fwp%2Fv2%2Fmedia&parent=220"}],"curies":[{"name":"wp","href":"https:\/\/api.w.org\/{rel}","templated":true}]}}