{"id":212,"date":"2020-12-22T23:24:06","date_gmt":"2020-12-22T22:24:06","guid":{"rendered":"http:\/\/extremia.org\/wp\/?page_id=212"},"modified":"2026-03-20T22:24:45","modified_gmt":"2026-03-20T21:24:45","slug":"elu-du-roc","status":"publish","type":"page","link":"https:\/\/extremia.org\/wp\/?page_id=212","title":{"rendered":"Elu du Roc"},"content":{"rendered":"\n<p>Classe de prestige pour les adeptes de d\u2019<a href=\"https:\/\/extremia.org\/wp\/?page_id=208\">Abbo<\/a>.<\/p>\n\n\n\n<figure class=\"wp-block-image size-large is-resized\"><img fetchpriority=\"high\" decoding=\"async\" src=\"https:\/\/extremia.org\/wp\/wp-content\/uploads\/Clerge-elue-du-Roc-683x1024.png\" alt=\"\" class=\"wp-image-768\" width=\"349\" height=\"523\" srcset=\"https:\/\/extremia.org\/wp\/wp-content\/uploads\/Clerge-elue-du-Roc-683x1024.png 683w, https:\/\/extremia.org\/wp\/wp-content\/uploads\/Clerge-elue-du-Roc-200x300.png 200w, https:\/\/extremia.org\/wp\/wp-content\/uploads\/Clerge-elue-du-Roc-768x1152.png 768w, https:\/\/extremia.org\/wp\/wp-content\/uploads\/Clerge-elue-du-Roc.png 1024w\" sizes=\"(max-width: 349px) 100vw, 349px\" \/><figcaption class=\"wp-element-caption\">une \u00e9lue du Roc<\/figcaption><\/figure>\n\n\n\n<h3><a>Description<\/a><\/h3>\n\n\n\n<p>Il arrive parfois que dans les situations les plus d\u00e9sesp\u00e9r\u00e9e, qui n\u2019aurait normalement pas laiss\u00e9 une chance de&nbsp;survie \u00e0 un \u00eatre ordinaire, qu\u2019un miracle se produise et qu\u2019une personne particuli\u00e8rement pieuse envers Abbo est la vie sauve. Qu\u2019il s\u2019agisse d\u2019un \u00e9boulement, d\u2019un glissement de terrain, d\u2019un tremblement de terre, d\u2019une chute vertigineuse sur des rochers, ou de toute autre catastrophe impliquant la roche, ou la terre, l\u2019Elu du Roc a forc\u00e9ment surv\u00e9cu \u00e0 un tel \u00e9v\u00e8nement.<\/p>\n\n\n\n<p>Myst\u00e9rieusement, la m\u00e9saventure subie par un personnage devenant Elu du Roc rel\u00e8ve d\u2019une protection divine d\u2019Abbo. Il semble aussi que l\u2019exp\u00e9rience ait renforc\u00e9 sa communion avec la terre, et que la pierre ne fait d\u00e9sormais qu\u2019un avec les Elus du Roc. Ces derniers, relativement rare, sont per\u00e7us comme des \u00eatres sacr\u00e9s pour le culte d\u2019Abbo. Ils deviennent d\u2019ailleurs des serviteurs fanatiques de leur dieu, reconnaissant que ce dernier les aient prot\u00e9g\u00e9s, et ils mettent leur existence au service du clerg\u00e9, servant comme troupe d\u2019\u00e9lite ou comme meneur d\u2019une communaut\u00e9 religieuse.<\/p>\n\n\n\n<h3><a>Conditions<\/a><\/h3>\n\n\n\n<p>Pour devenir Elu du Roc, un personnage doit r\u00e9pondre aux crit\u00e8res suivants&nbsp;:<\/p>\n\n\n\n<p><strong><ins>Alignement<\/ins><\/strong><ins> : <\/ins>Chaotique<\/p>\n\n\n\n<p><strong><ins>Bonus de base \u00e0 l\u2019attaque<\/ins><\/strong><ins> : +<\/ins>4<\/p>\n\n\n\n<p><strong><ins>Bonus de base aux <\/ins>JS<\/strong><ins>: V<\/ins>igueur<ins> +<\/ins>4<\/p>\n\n\n\n<p><strong><ins>Comp\u00e9tences<\/ins><\/strong><ins>&nbsp;: degr\u00e9 de ma<\/ins><ins>\u00eetrise <\/ins>de 4 en Artisanat (Construction en Pierre) et 4 en&nbsp; Profession (Mineur ou Architecte)<\/p>\n\n\n\n<p><strong><ins>Sorts<\/ins><\/strong><ins>&nbsp;: facult\u00e9 de lancer des sorts divins de <\/ins>2<sup>\u00e8me<\/sup> Niveau<\/p>\n\n\n\n<p><strong>Divinit\u00e9<\/strong><ins>&nbsp;: <\/ins><a href=\"https:\/\/extremia.org\/wp\/?page_id=208\">Abbo<\/a><ins> doit \u00eatre la divinit\u00e9 tut\u00e9laire du personnage.<\/ins><\/p>\n\n\n\n<p><strong>Don<\/strong>&nbsp;: Endurance, Dur \u00e0 Cuire<\/p>\n\n\n\n<p><strong>Sp\u00e9cial<\/strong><ins>&nbsp;: <\/ins>Doit avoir \u00e9t\u00e9 victime d\u2019un ph\u00e9nom\u00e8ne en rapport avec la pierre ou la terre (un \u00e9boulement, un tremblement de terre, une chute sur de la roche\u2026) et avoir surv\u00e9cu.<\/p>\n\n\n\n<h3><a>Caract\u00e9ristiques de classe<\/a><\/h3>\n\n\n\n<p><strong><ins>D\u00e9s de vie<\/ins><\/strong><ins>&nbsp;: d<\/ins>8<\/p>\n\n\n\n<p><strong><ins>Comp\u00e9tences<\/ins> de Classe<\/strong><ins>&nbsp;: <\/ins>Artisanat<ins>, Connaissance (Religion), Connaissance (<\/ins>Exploration souterraine<ins>)<\/ins>, Profession (Architecte ou Mineur), Survie<ins>, <\/ins>Premiers Secours.<\/p>\n\n\n\n<p><strong><ins>Points de comp\u00e9tences additionnels \u00e0 chaque niveau<\/ins><\/strong><ins>&nbsp;: 2 + modificateur d\u2019Intelligence.<\/ins><\/p>\n\n\n\n<p><strong>Armes et armures<\/strong>&nbsp;: L\u2019Elu du Roc ne gagne aucune formation au maniement des armes et des boucliers, mais est form\u00e9 au port de toutes les armures.<\/p>\n\n\n\n<p><strong>R\u00e9duction de d\u00e9g\u00e2ts<\/strong><ins>&nbsp;: <\/ins>Au niveau 1, la peau de l\u2019Elu du Roc devient si dure qu\u2019elle lui permet d\u2019absorber des d\u00e9g\u00e2ts&nbsp;: chaque fois qu\u2019une arme ou qu\u2019une attaque naturelle lui inflige des d\u00e9g\u00e2ts, ceux-ci sont r\u00e9duits de 1. La r\u00e9duction aux d\u00e9g\u00e2ts augmente d\u2019un point suppl\u00e9mentaire aux niveaux 4, 7 et 10. Ce pouvoir est identique au pouvoir de Barbare du m\u00eame nom.<\/p>\n\n\n\n<p><strong>Tremblement<\/strong> <strong>(Sur)<\/strong>&nbsp;: En frappant violemment le sol \u00e0 l&rsquo;aide de son marteau de guerre (action simple), un Elu du Roc de niveau 6 ou plus cr\u00e9e une onde de choc qui fait trembler la terre devant lui. Les cr\u00e9atures qui sont en contact avec le sol dans un c\u00f4ne de 18 m\u00e8tres de long \u00e0 partir du point d&rsquo;impact doivent r\u00e9ussir un jet de r\u00e9flexes (DD 10 + niveau de l\u2019Elu du Roc + modificateur de Force) sous peine de se retrouver \u00e0 terre.<\/p>\n\n\n\n<figure class=\"wp-block-table\"><table><tbody><tr><td>Niv.&nbsp;<br>Elu du Roc<\/td><td>Bonus de<br>base \u00e0 l&rsquo;Attaque<\/td><td>Bonus de base aux Reflexes<\/td><td>Bonus de base \u00e0 la Vigueur<\/td><td>Bonus de base \u00e0 la Volont\u00e9<\/td><td>Sp\u00e9cial<\/td><td>Sorts<\/td><\/tr><tr><td>1<\/td><td>+0<\/td><td>+0<\/td><td>+2<\/td><td>+2<\/td><td>R\u00e9duction des D\u00e9g\u00e2ts (1\/-)<\/td><td>&nbsp;<\/td><\/tr><tr><td>2<\/td><td>+1<\/td><td>+0<\/td><td>+3<\/td><td>+3<\/td><td>Robustesse du Roc (1)<\/td><td>+1 niv de jeteur de sort effectif<\/td><\/tr><tr><td>3<\/td><td>+2<\/td><td>+1<\/td><td>+3<\/td><td>+3<\/td><td>Arme Tonnerre<\/td><td>&nbsp;+1 niv de jeteur de sort effectif<\/td><\/tr><tr><td>4<\/td><td>+3<\/td><td>+1<\/td><td>+4<\/td><td>+4<\/td><td>R\u00e9duction des D\u00e9g\u00e2ts (2\/-)<\/td><td>+1 niv de jeteur de sort effectif<\/td><\/tr><tr><td>5<\/td><td>+3<\/td><td>+1<\/td><td>+4<\/td><td>+4<\/td><td>Robustesse du Roc (2)<\/td><td>&nbsp;+1 niv de jeteur de sort effectif<\/td><\/tr><tr><td>6<\/td><td>+4<\/td><td>+2<\/td><td>+5<\/td><td>+5<\/td><td>Tremblement<\/td><td>&nbsp;<\/td><\/tr><tr><td>7<\/td><td>+5<\/td><td>+2<\/td><td>+5<\/td><td>+5<\/td><td>R\u00e9duction des D\u00e9g\u00e2ts (3\/-)<\/td><td>&nbsp;+1 niv de jeteur de sort effectif<\/td><\/tr><tr><td>8<\/td><td>+6<\/td><td>+2<\/td><td>+6<\/td><td>+6<\/td><td>Robustesse du Roc (3)<\/td><td>+1 niv de jeteur de sort effectif<\/td><\/tr><tr><td>9<\/td><td>+6<\/td><td>+3<\/td><td>+6<\/td><td>+6<\/td><td>Frappe Tonnerre<\/td><td>&nbsp;+1 niv de jeteur de sort effectif<\/td><\/tr><tr><td>10<\/td><td>+7<\/td><td>+3<\/td><td>+7<\/td><td>+7<\/td><td>R\u00e9duction des D\u00e9g\u00e2ts (4\/-)<\/td><td>+1 niv de jeteur de sort effectif<\/td><\/tr><\/tbody><\/table><\/figure>\n\n\n\n<p><strong>Robustesse du Roc (Ext.)<\/strong>&nbsp;: Au niveau 2 la peau de l\u2019Elu du Roc devient encore plus dure et lui permet de b\u00e9n\u00e9ficier d\u2019un bonus d\u2019armure naturelle de +1 \u00e0 sa <a href=\"https:\/\/www.pathfinder-fr.org\/Wiki\/Pathfinder-RPG.CA.ashx\">CA<\/a>. Ce bonus augmente d\u2019un point au niveau 5 et encore d\u2019un point au niveau 8.<\/p>\n\n\n\n<p><strong>Arme Tonnerre (Sur.)<\/strong>&nbsp;: Au niveau 3, l\u2019Elu du Roc est capable de conf\u00e9rer la propri\u00e9t\u00e9 Tonnerre \u00e0 son arme. Ce bonus augmente d\u2019un point au niveau 5 et encore d\u2019un point au niveau 8.<\/p>\n\n\n\n<p><strong>Frappe tonnerre (Ext)<\/strong>&nbsp;: Quand l\u2019Elu du Roc atteint le niveau 9, ses coups sont si puissants que les armures n&rsquo;offrent gu\u00e8re de protection contre eux, mais la victime doit en plus endurer une douleur insupportable. Quand il manie son marteau de guerre, le personnage b\u00e9n\u00e9ficie d&rsquo;un bonus aux jets de d\u00e9g\u00e2ts des armes au corps \u00e0 corps \u00e9gal au bonus d&rsquo;armure de son adversaire (ce qui n&rsquo;inclut pas le bonus de bouclier et les bonus d&rsquo;alt\u00e9ration). Ainsi, un Elu du Roc qui frappe un adversaire portant une cuirasse b\u00e9n\u00e9ficie d&rsquo;un bonus de +5 aux jets de d\u00e9g\u00e2ts.<\/p>\n\n\n\n<p><strong>Sorts<\/strong>&nbsp;: \u00c0 partir du niveau 2 et \u00e0 chaque niveau d\u2019Elu du Roc, le personnage gagne un niveau de jeteur de sort effectif. Il obtient les sorts par jour et le niveau de lanceur de sorts d&rsquo;un personnage de son niveau effectif. Par contre, il ne gagne aucun des autres avantages accompagnant habituellement ce niveau (don de m\u00e9tamagie ou de cr\u00e9ation d&rsquo;objets, renvoi des morts-vivants, etc. Si l\u2019Elu du Roc poss\u00e8de plusieurs classes de lanceur de sorts, le niveau effectif ne s&rsquo;applique qu&rsquo;\u00e0 l&rsquo;une d&rsquo;entre elles, au choix du personnage.<\/p>\n","protected":false},"excerpt":{"rendered":"<p>Classe de prestige pour les adeptes de d\u2019Abbo. Description Il arrive parfois que dans les situations les plus d\u00e9sesp\u00e9r\u00e9e, qui n\u2019aurait normalement pas laiss\u00e9 une chance de&nbsp;survie \u00e0 un \u00eatre ordinaire, qu\u2019un miracle se produise et qu\u2019une personne particuli\u00e8rement pieuse envers Abbo est la vie sauve. Qu\u2019il s\u2019agisse d\u2019un \u00e9boulement, d\u2019un glissement de terrain, d\u2019un [&hellip;]<\/p>\n","protected":false},"author":3,"featured_media":209,"parent":208,"menu_order":0,"comment_status":"closed","ping_status":"closed","template":"","meta":[],"_links":{"self":[{"href":"https:\/\/extremia.org\/wp\/index.php?rest_route=\/wp\/v2\/pages\/212"}],"collection":[{"href":"https:\/\/extremia.org\/wp\/index.php?rest_route=\/wp\/v2\/pages"}],"about":[{"href":"https:\/\/extremia.org\/wp\/index.php?rest_route=\/wp\/v2\/types\/page"}],"author":[{"embeddable":true,"href":"https:\/\/extremia.org\/wp\/index.php?rest_route=\/wp\/v2\/users\/3"}],"replies":[{"embeddable":true,"href":"https:\/\/extremia.org\/wp\/index.php?rest_route=%2Fwp%2Fv2%2Fcomments&post=212"}],"version-history":[{"count":5,"href":"https:\/\/extremia.org\/wp\/index.php?rest_route=\/wp\/v2\/pages\/212\/revisions"}],"predecessor-version":[{"id":769,"href":"https:\/\/extremia.org\/wp\/index.php?rest_route=\/wp\/v2\/pages\/212\/revisions\/769"}],"up":[{"embeddable":true,"href":"https:\/\/extremia.org\/wp\/index.php?rest_route=\/wp\/v2\/pages\/208"}],"wp:featuredmedia":[{"embeddable":true,"href":"https:\/\/extremia.org\/wp\/index.php?rest_route=\/wp\/v2\/media\/209"}],"wp:attachment":[{"href":"https:\/\/extremia.org\/wp\/index.php?rest_route=%2Fwp%2Fv2%2Fmedia&parent=212"}],"curies":[{"name":"wp","href":"https:\/\/api.w.org\/{rel}","templated":true}]}}