{"id":208,"date":"2020-12-22T23:19:25","date_gmt":"2020-12-22T22:19:25","guid":{"rendered":"http:\/\/extremia.org\/wp\/?page_id=208"},"modified":"2023-11-01T10:15:31","modified_gmt":"2023-11-01T09:15:31","slug":"abbo","status":"publish","type":"page","link":"https:\/\/extremia.org\/wp\/?page_id=208","title":{"rendered":"Abbo"},"content":{"rendered":"<div class=\"wp-block-image\">\n<figure class=\"aligncenter size-large\"><img decoding=\"async\" width=\"179\" height=\"191\" src=\"https:\/\/extremia.org\/wp\/wp-content\/uploads\/image-1.png\" alt=\"\" class=\"wp-image-210\"\/><\/figure><\/div>\n\n\n<h3><a>La divinit\u00e9<\/a><\/h3>\n\n\n\n<p>Abbo est un dieu symbole de puissance physique ayant un fort rapport \u00e0 la pierre et aux m\u00e9taux. Ses principales attributions sont la force physique, l\u2019endurance, et tout ce qui se rapporte \u00e0 la condition physique, au corps, \u00e0 la puissance musculaire. Mais ses attributions incluent \u00e9galement tout ce qui se rapporte \u00e0 la roche, aux m\u00e9taux traditionnels (fer, bronze, acier, airain, cuivre).<\/p>\n\n\n\n<p>Abbo est d\u00e9crit comme un dieu rieur, bruyant et bon vivant, bien qu\u2019il ait parfois des sautes d\u2019humeur. Il d\u00e9teste les gens fourbes et faisant usage de la ruse. Il accorde sa protection et sa force aux personnes mettant en valeur leur puissance physique et l\u2019usage de leurs mains, comme les forgerons, les tailleurs de pierre, les mineurs, les porteurs, les mar\u00e9chaux-ferrants, lutteurs, charrons, etc. dont il est le Saint Patron.<\/p>\n\n\n\n<p>On raconte qu\u2019Abbo d\u00e9teste Knl\u2019ka, qui repr\u00e9sente la mort, la vieillesse et l\u2019affaiblissement du corps. Il appr\u00e9cie Gornar &amp; Untog, les dieux jumeaux, avec qui il entretient des rapports fr\u00e9quents et avec qui il partage des int\u00e9r\u00eats communs, ceux-ci servant mutuellement les uns les autres.<\/p>\n\n\n\n<p>Abbo est repr\u00e9sent\u00e9 par un colosse roux et musculeux portant une longue barbe. Il est torse nu, porte un lourd marteau dans la main et a le plus souvent un visage joyeux. Enfin, on dit souvent de personnes tr\u00e8s muscl\u00e9es qu\u2019elles sont \u00ab&nbsp;fortes comme l\u2019est Abbo&nbsp;\u00bb. On dit \u00e9galement d\u2019un objet ou d\u2019une mati\u00e8re que \u00ab&nbsp;c\u2019est dur comme le poing d\u2019Abbo&nbsp;\u00bb. Parfois, on surnomme Abbo \u00ab&nbsp;le <a href=\"https:\/\/extremia.org\/wp\/?page_id=214\">Marteleur d\u2019Etoiles<\/a>&nbsp;\u00bb ou encore \u00ab&nbsp;Celui qui \u00e9crase les \u00e9toiles&nbsp;\u00bb. En revanche, ses d\u00e9tracteurs et ses ennemis le nomment parfois \u00ab&nbsp;L\u2019Enclume&nbsp;\u00bb.<\/p>\n\n\n\n<h3><a>Ses fid\u00e8les<\/a><\/h3>\n\n\n\n<p>Le clerg\u00e9 d\u2019Abbo n\u2019est pas tr\u00e8s hi\u00e9rarchis\u00e9, mais est tr\u00e8s r\u00e9pandu. De nombreux pr\u00eatres d\u2019Abbo,&nbsp; bas\u00e9s dans des petits villages, ne sont responsables que de leur communaut\u00e9 et ne sont m\u00eame pas rattach\u00e9 \u00e0 un sup\u00e9rieur, mais reconnaissent l\u2019autorit\u00e9 de tout pr\u00eatre plus puissants qu\u2019eux se pr\u00e9sentant et leur ordonnant quelque chose. Dans les grandes villes, le clerg\u00e9 est un peu mieux organis\u00e9, mais la tendance est souvent \u00e0 un lien direct entre les pr\u00eatres de la base et le dirigeant d\u2019un grand temple. La d\u00e9l\u00e9gation et la hi\u00e9rarchie ne sont pas tr\u00e8s \u00e9tablies, mais comme expliqu\u00e9 pr\u00e9c\u00e9demment, les pr\u00eatres d\u2019Abbo ont coutume de reconna\u00eetre les ordres d\u2019un pr\u00eatre plus puissant qu\u2019eux.<\/p>\n\n\n\n<p>Le symbole du clerg\u00e9 d\u2019Abbo est un marteau en diagonale inscrit dans un cercle. Les pr\u00eatres d\u2019Abbo portent des bottes et une culotte de couleur sombres; mais n\u2019ont pas \u00e0 proprement parler de tenue rituelle tr\u00e8s \u00e9tablie. Les hommes sont le plus souvent torse nu sous leur armure, et les femmes cachent l\u2019essentiel. Sur le bras droit, les pr\u00eatres d\u2019Abbo ont un tatouage repr\u00e9sentant un poing serr\u00e9 tenant un marteau&nbsp;; sur leur bras gauche est tatou\u00e9e une enclume. Dans les petits villages, les pr\u00eatres exercent souvent un m\u00e9tier en plus de leur fonction de pr\u00eatre&nbsp;: armurier, forgeron, mineur ou meunier sont des bons exemples. La devise du clerg\u00e9 d\u2019Abbo est \u00ab&nbsp;Force et Robustesse&nbsp;\u00bb.<\/p>\n\n\n<div class=\"wp-block-image\">\n<figure class=\"aligncenter size-large\"><img fetchpriority=\"high\" decoding=\"async\" width=\"250\" height=\"421\" src=\"https:\/\/extremia.org\/wp\/wp-content\/uploads\/image.png\" alt=\"\" class=\"wp-image-209\" srcset=\"https:\/\/extremia.org\/wp\/wp-content\/uploads\/image.png 250w, https:\/\/extremia.org\/wp\/wp-content\/uploads\/image-178x300.png 178w\" sizes=\"(max-width: 250px) 100vw, 250px\" \/><\/figure><\/div>\n\n\n<p><em>Un pr\u00eatre d\u2019Abbo<\/em><em><\/em><\/p>\n\n\n\n<p>Parmi les traditions auxquelles s\u2019astreignent les croyants d\u2019Abbo, on retrouve une s\u00e9rie d\u2019exercices physiques et autres efforts corporels. Les pr\u00eatres d\u2019Abbo racontent que seule une personne qui transpire de ses efforts peut entre en communion avec l\u2019esprit v\u00e9hicul\u00e9 par le clerg\u00e9 d\u2019Abbo, qui glorifie un mode de vie ou le travail de ses mains et la sueur de son front est grandement mis en valeur. La sueur a par ailleurs une vertu particuli\u00e8re, puisque les pr\u00eatres d\u2019Abbo boivent leur propre sueur durant les c\u00e9r\u00e9monies et f\u00eates religieuses. La culture du corps et de son d\u00e9veloppement est \u00e9galement source de prestige parmi les suivants d\u2019Abbo. Ceux qui v\u00e9n\u00e8rent Abbo sont en g\u00e9n\u00e9ral enterr\u00e9s \u00e0 m\u00eame la terre, dans des tombes individuelles qu\u2019on recouvre de st\u00e8le en pierre. La tombe est souvent proche du lieu ou le d\u00e9funt a travaill\u00e9 et su\u00e9 toute sa vie. En g\u00e9n\u00e9ral, on les all\u00e8ge de leurs v\u00eatements et on leur huile le corps afin de faire ressortir leur musculature lorsqu\u2019ils appara\u00eetront devant Abbo.<\/p>\n\n\n\n<p>Les temples d\u2019Abbo sont g\u00e9n\u00e9ralement d\u2019imposantes b\u00e2tisses de pierre, lorsqu\u2019ils ne sont pas creus\u00e9s directement dans la roche. De larges autels en granit et des bancs en pierre forment le mobilier des temples, \u00e9galement agr\u00e9ment\u00e9s d\u2019objets m\u00e9talliques et de quelques objets d\u2019arts fait de m\u00e9taux pr\u00e9cieux. Certains temples d\u2019importance sont prot\u00e9g\u00e9s par des \u00e9l\u00e9mentaires de Terre, et les plus grands complexes religieux peuvent m\u00eame compter sur des golems de fer pour d\u00e9fendre les lieux saints. Deux de ces lieux les plus connus sont le Mont Gardak dans le Tizun et le Temple de Gumuld\u00f9r dans le Vyrmonus (Royaume de Carn\u00f9r). On parle aussi d\u2019un important centre religieux dans le sud du Karakite, pr\u00e8s d\u2019un Volcan.<\/p>\n\n\n\n<p>Les Nains, les demi-orques et les humains sont les principaux croyants d\u2019Abbo, ainsi que les autres humano\u00efdes particuli\u00e8rement forts et \u00e0 tendance chaotique. On sent d\u2019ailleurs de nombreuses influences naines dans l\u2019imagerie et les valeurs v\u00e9hicul\u00e9es par Abbo (sauf peut-\u00eatre le caract\u00e8re&nbsp;: si les nains sont souvent renfrogn\u00e9s et bourru, Abbo est plut\u00f4t d\u00e9crit comme d\u2019un naturel jovial, mais pouvant s\u2019emporter).<\/p>\n\n\n\n<p>Le clerg\u00e9 d\u2019Abbo est pr\u00e9sent dans pratiquement tous les pays du Vyrmonus. Carn\u00f9r poss\u00e8de une tr\u00e8s large proportion de pr\u00eatres d\u2019Abbo, pays dans lequel la religion d\u2019Abbo est dominante. C\u2019est \u00e9galement le cas en Nur\u00f9n-Castiglione, o\u00f9 le clerg\u00e9 est extr\u00eamement pr\u00e9sent. Les habitants des Terres du Nord (notamment ses artisans) sont tr\u00e8s nombreux \u00e0 v\u00e9n\u00e9rer Abbo. Le culte est \u00e9galement populaire&nbsp; en Bordanie. Il est cependant plus rare \u00e0 Holmar, \u00e0 Etangard, \u00e0 Fall, ConSudre, en Principaut\u00e9 Callanienne et dans le Vyrman.<\/p>\n\n\n\n<p>Dans le Tizun, Abbo est la religion dominante pour les Nains du Dolgrak.&nbsp; Le culte est \u00e9galement tr\u00e8s courant \u00e0 Guul-Shog, en Sudarvie mais il est interdit au Zandrizzin et plut\u00f4t rare au Keltenos et en Kamberdie.<\/p>\n\n\n\n<p>Dans le Zorbaranus, Abbo est la religion unique en Th\u00e9ocratie de Falbur, mais il est interdit dans la Magiocratie de Menedev et plut\u00f4t rare en Idara et au Dhaz\u00e2l. Enfin, on trouve des fid\u00e8les d\u2019Abbo en bon nombre au Gurvand.<\/p>\n\n\n\n<p>Dans le Karakite, la religion d\u2019Abbo est plut\u00f4t rare, notamment au Chongten, au Chica-Ta et au Zhullag. En revanche, les voyageurs venant de ses lointaines contr\u00e9es parlent d\u2019un important temple d\u00e9di\u00e9 \u00e0 Abbo, dans le sud du contient, \u00e0 proximit\u00e9 d\u2019un Volcan.<\/p>\n\n\n\n<h3><a>El\u00e9ments techniques<\/a><\/h3>\n\n\n\n<p><strong>Alignement g\u00e9n\u00e9ral<\/strong>&nbsp;: Abbo est Chaotique Bon. Ses fid\u00e8les sont Chaotique Bon, Chaotique Neutre ou Neutre.<\/p>\n\n\n\n<p><strong>Domaines<\/strong>&nbsp;: deux \u00e0 choisir parmi&nbsp;: Force, Terre, Chaos, Feu, Comp\u00e9tition*, Cr\u00e9ation*<\/p>\n\n\n\n<p><strong>Armes de pr\u00e9dilection<\/strong>&nbsp;: Marteau de Guerre<\/p>\n\n\n\n<p><strong>Pouvoirs sp\u00e9ciaux<\/strong>&nbsp;:<\/p>\n\n\n\n<ul>\n<li>Don gratuit de Robustesse<\/li>\n\n\n\n<li>Convertir spontan\u00e9ment ses sorts en sorts de Soins ou de Blessures de m\u00eame niveau (au choix du joueur&nbsp;: le choix doit \u00eatre effectu\u00e9 en d\u00e9but de carri\u00e8re et ne peut plus \u00eatre chang\u00e9 ensuite).<\/li>\n<\/ul>\n\n\n\n<p><strong>Comp\u00e9tences&nbsp;de classes<\/strong>&nbsp;: Art de la magie (Int), Artisanat (Int), Concentration (Con), Escalade (For), Connaissances (myst\u00e8res) (Int), Connaissances (plans) (Int), Connaissances (religion) (Int), Diplomatie (Cha), Premiers secours (Sag) et Profession (Sag).<\/p>\n","protected":false},"excerpt":{"rendered":"<p>La divinit\u00e9 Abbo est un dieu symbole de puissance physique ayant un fort rapport \u00e0 la pierre et aux m\u00e9taux. Ses principales attributions sont la force physique, l\u2019endurance, et tout ce qui se rapporte \u00e0 la condition physique, au corps, \u00e0 la puissance musculaire. Mais ses attributions incluent \u00e9galement tout ce qui se rapporte \u00e0 [&hellip;]<\/p>\n","protected":false},"author":3,"featured_media":0,"parent":412,"menu_order":0,"comment_status":"closed","ping_status":"closed","template":"","meta":[],"_links":{"self":[{"href":"https:\/\/extremia.org\/wp\/index.php?rest_route=\/wp\/v2\/pages\/208"}],"collection":[{"href":"https:\/\/extremia.org\/wp\/index.php?rest_route=\/wp\/v2\/pages"}],"about":[{"href":"https:\/\/extremia.org\/wp\/index.php?rest_route=\/wp\/v2\/types\/page"}],"author":[{"embeddable":true,"href":"https:\/\/extremia.org\/wp\/index.php?rest_route=\/wp\/v2\/users\/3"}],"replies":[{"embeddable":true,"href":"https:\/\/extremia.org\/wp\/index.php?rest_route=%2Fwp%2Fv2%2Fcomments&post=208"}],"version-history":[{"count":3,"href":"https:\/\/extremia.org\/wp\/index.php?rest_route=\/wp\/v2\/pages\/208\/revisions"}],"predecessor-version":[{"id":414,"href":"https:\/\/extremia.org\/wp\/index.php?rest_route=\/wp\/v2\/pages\/208\/revisions\/414"}],"up":[{"embeddable":true,"href":"https:\/\/extremia.org\/wp\/index.php?rest_route=\/wp\/v2\/pages\/412"}],"wp:attachment":[{"href":"https:\/\/extremia.org\/wp\/index.php?rest_route=%2Fwp%2Fv2%2Fmedia&parent=208"}],"curies":[{"name":"wp","href":"https:\/\/api.w.org\/{rel}","templated":true}]}}