{"id":2,"date":"2020-04-24T11:36:17","date_gmt":"2020-04-24T09:36:17","guid":{"rendered":"http:\/\/extremia.org\/wp\/?page_id=2"},"modified":"2020-07-03T18:01:47","modified_gmt":"2020-07-03T16:01:47","slug":"page-d-exemple","status":"publish","type":"page","link":"https:\/\/extremia.org\/wp\/","title":{"rendered":"Bienvenue sur Extr\u00eamia"},"content":{"rendered":"\n<p>Qu&rsquo;est-ce qu&rsquo;Extr\u00eamia ?<\/p>\n\n\n\n<p>Extr\u00eamia est un projet de cr\u00e9ation de monde de jeu de r\u00f4le. Il vise \u00e0 offrir un monde de campagne utilisable avec les r\u00e8gles de Donjons &amp; Dragons, voire pour tout jeu M\u00e9di\u00e9val Fantastique. D\u00e9velopp\u00e9 par des amateurs, ce monde est utilisable gratuitement pour tous les joueurs, tant que les droits d&rsquo;auteurs sont respect\u00e9s et qu&rsquo;aucune utilisation commerciale n&rsquo;est faite du monde.<\/p>\n\n\n\n<h2>Un Monde<\/h2>\n\n\n\n<p>Ce site vous pr\u00e9sente diverses ressources vous permettant de jouer dans Extr\u00eamia le plus vite possible. La partie Monde d\u00e9crit le cadre de jeu lui-m\u00eame. La plupart des aventures pourront par exemple se d\u00e9rouler sur l&rsquo;un de ses continents, le Vyrmonus, dans l&rsquo;un des royaumes qui le constituent : Les Terres du Nord, Etangard, Les Iles Froides, et bien d&rsquo;autres. Ces royaumes partagent plus ou moins le m\u00eame patrimoine mythologique mais sont habit\u00e9s par des races vari\u00e9es. <\/p>\n\n\n\n<h2>Des R\u00e8gles<\/h2>\n\n\n\n<p>Des nouvelles r\u00e8gles optionnelles ont \u00e9t\u00e9 d\u00e9velopp\u00e9es pour Extr\u00eamia. Ces r\u00e8gles, conseill\u00e9es mais pas indispensables, ont \u00e9t\u00e9 surtout con\u00e7ues pour AD&amp;D2, mais quelques-unes existent aussi pour DD3, notamment des classes de prestige. Parmi celles-ci, on trouve les de l&rsquo;\u00e9quipement, des classes, et profils et sorts, dont certains sp\u00e9cifiques aux nouvelles classes.<\/p>\n\n\n\n<p>Et bien d&rsquo;autres choses encore&#8230;<\/p>\n\n\n\n<blockquote class=\"wp-block-quote\"><p>Au dehors, la pluie tombe \u00e0 grosses gouttes. L&rsquo;eau s&rsquo;abat sur les carreaux avec un bruit sourd. Le vent incessant secoue les arbres avec une puissance inou\u00efe, alors que des \u00e9clairs terribles rendent le ciel luisant par instants. Le rayonnement majestueux d&rsquo;Uron, compl\u00e8tement masqu\u00e9 par Marblus, ne parvient \u00e0 diffuser qu&rsquo;un p\u00e2le halo de lumi\u00e8re. A l&rsquo;oppos\u00e9, Chiar, le soleil de glace, semble \u00eatre l&rsquo;\u0153il du cyclone de cette temp\u00eate qui s&rsquo;abat sur les Terres du Nord. En ce 21\u00e8me de Chiaror, la population, terroris\u00e9e par la temp\u00eate qui fait rage, n&rsquo;ose gu\u00e8re s&rsquo;aventurer au dehors. Est-ce le Cataclysme Final qui s&rsquo;approche, ou simplement une des nombreuses manifestations du Mal ? A l&rsquo;int\u00e9rieur de la petite chambre de l&rsquo;Auberge du Cr\u00e2ne Chantant, alors que la flamme de la bougie vacille, cr\u00e9ant des ombres mena\u00e7antes sur les murs, les pages du grimoire extr\u00eamian se tournent, et elles vous invitent \u00e0 les parcourir !<\/p><\/blockquote>\n","protected":false},"excerpt":{"rendered":"<p>Qu&rsquo;est-ce qu&rsquo;Extr\u00eamia ? Extr\u00eamia est un projet de cr\u00e9ation de monde de jeu de r\u00f4le. Il vise \u00e0 offrir un monde de campagne utilisable avec les r\u00e8gles de Donjons &amp; Dragons, voire pour tout jeu M\u00e9di\u00e9val Fantastique. D\u00e9velopp\u00e9 par des amateurs, ce monde est utilisable gratuitement pour tous les joueurs, tant que les droits d&rsquo;auteurs [&hellip;]<\/p>\n","protected":false},"author":1,"featured_media":0,"parent":0,"menu_order":0,"comment_status":"closed","ping_status":"open","template":"","meta":[],"_links":{"self":[{"href":"https:\/\/extremia.org\/wp\/index.php?rest_route=\/wp\/v2\/pages\/2"}],"collection":[{"href":"https:\/\/extremia.org\/wp\/index.php?rest_route=\/wp\/v2\/pages"}],"about":[{"href":"https:\/\/extremia.org\/wp\/index.php?rest_route=\/wp\/v2\/types\/page"}],"author":[{"embeddable":true,"href":"https:\/\/extremia.org\/wp\/index.php?rest_route=\/wp\/v2\/users\/1"}],"replies":[{"embeddable":true,"href":"https:\/\/extremia.org\/wp\/index.php?rest_route=%2Fwp%2Fv2%2Fcomments&post=2"}],"version-history":[{"count":3,"href":"https:\/\/extremia.org\/wp\/index.php?rest_route=\/wp\/v2\/pages\/2\/revisions"}],"predecessor-version":[{"id":159,"href":"https:\/\/extremia.org\/wp\/index.php?rest_route=\/wp\/v2\/pages\/2\/revisions\/159"}],"wp:attachment":[{"href":"https:\/\/extremia.org\/wp\/index.php?rest_route=%2Fwp%2Fv2%2Fmedia&parent=2"}],"curies":[{"name":"wp","href":"https:\/\/api.w.org\/{rel}","templated":true}]}}