{"id":199,"date":"2020-12-06T23:41:15","date_gmt":"2020-12-06T22:41:15","guid":{"rendered":"http:\/\/extremia.org\/wp\/?page_id=199"},"modified":"2024-02-24T00:27:14","modified_gmt":"2024-02-23T23:27:14","slug":"gardien-de-la-flamme-blanche","status":"publish","type":"page","link":"https:\/\/extremia.org\/wp\/?page_id=199","title":{"rendered":"Gardien de la Flamme Blanche"},"content":{"rendered":"\n<p>Cette classe de prestige s\u2019adresse \u00e0 de puissants personnages v\u00e9n\u00e9rant le Dieu <a href=\"https:\/\/extremia.org\/wp\/?page_id=174\">Uron<\/a>.<\/p>\n\n\n\n<figure class=\"wp-block-image size-large is-resized\"><img fetchpriority=\"high\" decoding=\"async\" src=\"https:\/\/extremia.org\/wp\/wp-content\/uploads\/Fall-PJ-Taraine-1-970x1024.png\" alt=\"\" class=\"wp-image-592\" width=\"342\" height=\"361\" srcset=\"https:\/\/extremia.org\/wp\/wp-content\/uploads\/Fall-PJ-Taraine-1-970x1024.png 970w, https:\/\/extremia.org\/wp\/wp-content\/uploads\/Fall-PJ-Taraine-1-284x300.png 284w, https:\/\/extremia.org\/wp\/wp-content\/uploads\/Fall-PJ-Taraine-1-768x811.png 768w, https:\/\/extremia.org\/wp\/wp-content\/uploads\/Fall-PJ-Taraine-1.png 1004w\" sizes=\"(max-width: 342px) 100vw, 342px\" \/><figcaption class=\"wp-element-caption\"><em>Taraine, Gardien de la Flamme Blanche<\/em><\/figcaption><\/figure>\n\n\n\n<h2><a>Histoire de la Fraternit\u00e9 de la Flamme Blanche<\/a><\/h2>\n\n\n\n<p>La Fraternit\u00e9 de la Flamme Blanche est une sorte de cercle d\u2019\u00e9lite regroupant un tr\u00e8s petit nombre de fid\u00e8les d\u2019Uron. A l\u2019origine de cette Fraternit\u00e9, on trouve une jeune femme, paladin d\u2019Uron, qui agissait comme une redresseuse de tort dans les Terres du Nord entre 825 Ep. IV et 840 Ep. IV. Tel un chevalier errant, elle apportait son aide aux n\u00e9cessiteux et prenait la d\u00e9fense des faibles au nom d\u2019Uron, tout en combattant farouchement le Mal partout ou elle allait. Cette femme \u00e9tait uniquement connue sous le nom de la Flamme Blanche. Apr\u00e8s une carri\u00e8re bien remplie, la Flamme Blanche r\u00e9alisa que ses meilleures ann\u00e9es de combattante \u00e9tait derri\u00e8re elle, et ne souhaitant pas voir mourir son id\u00e9al, elle d\u00e9cida de former un successeur. Elle d\u00e9couvrit un jeune paladin au potentiel immense, par ailleurs jeune fr\u00e8re du Roi Aurel Martigir. A partir de 841, elle forma donc le jeune Hans, qui du haut de ses 20 ans, repr\u00e9sentait l\u2019avenir de la vision d\u2019aide et de d\u00e9vouement de la Flamme Blanche. Mais le jeune Hans, gr\u00e2ce \u00e0 ses contacts avec les plus hauts dignitaires du Clerg\u00e9 d\u2019Uron, obtint de pouvoir cr\u00e9er une Fraternit\u00e9 religieuse au service d\u2019Uron. Avec le consentement du Haut Conseil du clerg\u00e9 d\u2019Uron, un petit cercle de fid\u00e8les serviteurs d\u2019Uron fut cr\u00e9\u00e9, tout en respectant les valeurs et les buts que la Flamme Blanche s\u2019\u00e9tait fix\u00e9e pendant toute sa vie.<\/p>\n\n\n\n<p>En 842 Ep. IV, la Flamme Blanche et Hans recrut\u00e8rent cinq autres membres pour la Fraternit\u00e9, qui devinrent les premiers Gardiens de la Flamme Blanche. Depuis lors, la Fraternit\u00e9 de la Flamme Blanche compte toujours six membres combattants et itin\u00e9rants, ainsi qu\u2019un Guide, qui est en g\u00e9n\u00e9ral un ancien membre combattant de la Fraternit\u00e9. Le Guide a pour r\u00f4le de rep\u00e9rer et initier les recrues de la Fraternit\u00e9, pendant que les autres&nbsp;membres parcourent le monde afin d\u2019aider la veuve et l\u2019orphelin et combattre le Mal avec toute la d\u00e9termination possible.<\/p>\n\n\n\n<p>En 853 Ep. IV, la Flamme Blanche tr\u00e9passa et le r\u00f4le de Guide passa au doyen de la Fraternit\u00e9, Brian de Wycumb, un paladin Fallien, puis en 860 Ep. IV, a Tristan le Boh\u00e8me, un ancien chevalier du Vyrman. En 871 Ep. IV, a la mort de Tristan, c\u2019est Hans le Nordois, membre fondateur de la Fraternit\u00e9, qui reprit le r\u00f4le de Gardien.<\/p>\n\n\n\n<h2><a>Description<\/a><\/h2>\n\n\n\n<p>Recrut\u00e9 parmi la cr\u00e8me de la cr\u00e8me des adorateurs d\u2019Uron, les Gardiens de la Flamme Blanche forment une petite communaut\u00e9 reportant directement aux membres les plus importants du clerg\u00e9 d\u2019Uron. Les membres de&nbsp;la Fraternit\u00e9 sont de redoutables combattants, choisis parmi les plus valeureux paladins, guerriers ou pr\u00eatres ayant d\u00e9vou\u00e9 leur vie a la destruction du mal et a l\u2019aide apport\u00e9e aux faibles. Chaque membre voyage de mani\u00e8re itin\u00e9rante, ne poss\u00e9dant que ce qu\u2019il peut transporter et sans r\u00e9sidence fixe, voyageant au gr\u00e9 du Mal \u00e0 combattre.<\/p>\n\n\n\n<p>Tous les biens mon\u00e9taires, \u00e0 l\u2019exception de ce qui est n\u00e9cessaire aux frais de voyage, doit \u00eatre remis en tant qu\u2019aum\u00f4ne dans un temple d\u2019Uron. Les Gardiens de la Flamme Blanche suivent une discipline tr\u00e8s stricte, encore plus exigeante que celle des autres membres du clerg\u00e9 d\u2019Uron et m\u00eame encore plus contraignante que les r\u00e8gles de l\u2019Ordre Ardent (un autre Ordre religieux du culte d\u2019Uron).<\/p>\n\n\n\n<p>En plus du v\u0153u de pauvret\u00e9, les Gardiens de la Flamme Blanche font v\u0153u de chastet\u00e9. De plus, ils ne boivent aucun alcool et ne mangent pas plus que de raison. Ainsi, les Gardien de la Flamme Blanche ne peuvent \u00eatre d\u00e9tourn\u00e9s de leur but par les tentations terrestres&nbsp;: leur esprit est enti\u00e8rement tourn\u00e9 vers la lutte contre les Forces du Mal.<\/p>\n\n\n\n<p>Les Gardiens n\u2019ont aucun domestique ou suivant, a l\u2019exception toutefois d\u2019un \u00e9cuyer (si le Gardien le d\u00e9sire \u2013 et dans ce cas, l\u2019\u00e9cuyer ne peut avoir un niveau global sup\u00e9rieur \u00e0 9) et d\u2019un Destrier (si le personnage y a acc\u00e8s par ses classes pr\u00e9c\u00e9dentes).<\/p>\n\n\n\n<p>Mais ces r\u00e8gles difficiles sont \u00e9galement contrebalanc\u00e9es par quelques avantages significatifs au sein du culte d\u2019Uron&nbsp;; tout d\u2019abord, de par leur raret\u00e9, leur discipline de fer et leur puissance, les Gardiens de la Flamme Blanche sont respect\u00e9s partout ou ils passent&nbsp;: les fid\u00e8les d\u2019Uron leur apportent syst\u00e9matiquement de l\u2019aide et essayent toujours de servir un Gardien. De m\u00eame, lorsqu\u2019il p\u00e9n\u00e8tre dans un temple d\u2019Uron (en dehors des lieux de p\u00e8lerinage les plus importants), le Gardien est automatiquement le membre le plus haut place du temple et le Grand Pr\u00eatre ainsi que tous les pr\u00eatres et serviteurs du temple doivent ob\u00e9ir au Gardien de la Flamme Blanche. Ce dernier peut r\u00e9quisitionner un temple, ou autant de pr\u00eatres qu\u2019il le d\u00e9sire, afin de mener a bien sa mission.<\/p>\n\n\n\n<p>Le culte d\u2019Uron veille aussi \u00e0 pourvoir les Gardiens de la Flamme Blanche en \u00e9quipement, en troupes, en montures voire en machines de guerre ou navires si cela est n\u00e9cessaire a l\u2019accomplissement d\u2019une tache particuli\u00e8rement importante. La Fraternit\u00e9 est naturellement amen\u00e9e \u00e0 intervenir dans les missions les plus dangereuses, mais les Gardiens peuvent \u00e9galement \u00eatre employ\u00e9s par la direction du clerg\u00e9 comme \u00e9missaires, n\u00e9gociateurs ou diplomates. Ils sont le plus souvent actifs sur le contient du Vyrmonus, mais des missions peuvent parfois les amener sur des terres plus lointaines.<\/p>\n\n\n\n<p>Les Gardiens de la Flamme Blanche peuvent \u00e9galement passer des alliances avec des aventuriers partageant des id\u00e9aux communs, afin que ceux-ci les aident dans sa qu\u00eate. Bien que ne recherchant pas les richesses pour lui-m\u00eame, un Gardien de la Flamme Blanche est libre de r\u00e9compenser ses alli\u00e9s ou des troupes servant sous ses ordres comme bon lui semble.<\/p>\n\n\n\n<p>Le symbole de la Fraternit\u00e9 est une Flamme blanche, d\u00e9limit\u00e9e par un fil d\u2019or et cousue sur les tuniques de pr\u00eatres d\u2019Uron. La devise de la Fraternit\u00e9 de la Flamme Blanche est&nbsp;\u00ab&nbsp;<em>qu\u2019Uron guide ma lame<\/em>&nbsp;\u00bb, que les Gardiens prononcent avant chaque combat, juste apr\u00e8s une courte pri\u00e8re adress\u00e9e \u00e0 leur dieu.<\/p>\n\n\n\n<h2><a>Conditions<\/a><\/h2>\n\n\n\n<p>Pour devenir Membre de la Fraternit\u00e9 de la Flamme Blanche, un personnage doit r\u00e9pondre aux crit\u00e8res suivants&nbsp;:<\/p>\n\n\n\n<p><strong><ins>Alignement<\/ins><\/strong><ins> : <\/ins>Loyal Bon<\/p>\n\n\n\n<p><strong><ins>Bonus de base au<\/ins> toucher<\/strong><ins>: +<\/ins>14<\/p>\n\n\n\n<p><strong><ins>Comp\u00e9tences<\/ins><\/strong><ins>&nbsp;: degr\u00e9 de ma<\/ins><ins>\u00eetrise de <\/ins>6<ins> en Connaissance (Religion)<\/ins>, de 4 en Equitation et de 5 en Diplomatie.<\/p>\n\n\n\n<p><strong><ins>Sorts<\/ins><\/strong><ins>&nbsp;: facult\u00e9 de lancer des sorts divins <\/ins>de 3<sup>\u00e8me<\/sup> niveau.<\/p>\n\n\n\n<p><strong>Divinit\u00e9<\/strong><ins>&nbsp;: <\/ins>le personnage doit v\u00e9n\u00e9rer Uron.<\/p>\n\n\n\n<p><strong>Sp\u00e9cial<\/strong>&nbsp;: le personnage doit avoir \u00e9t\u00e9 approch\u00e9 par le Guide de la Fraternit\u00e9 pour en faire partie. De plus, le personnage doit abandonner toute richesse, terre ou possession au profit du clerg\u00e9 d\u2019Uron.<\/p>\n\n\n\n<h2><a>Caract\u00e9ristiques de classe<\/a><\/h2>\n\n\n\n<p><strong><ins>D\u00e9s de vie<\/ins><\/strong><ins>&nbsp;: d<\/ins>10<\/p>\n\n\n\n<p><strong><ins>Comp\u00e9tences<\/ins> de Classe<\/strong><ins>&nbsp;:<\/ins> <ins>Concentration, Connaissance (Religion), <\/ins>Connaissance (Loi)<ins>,<\/ins> Connaissance (Noblesse et Royaut\u00e9), Connaissance (G\u00e9ographie), Diplomatie, Dressage, Equitation, <ins>Psychologie,<\/ins> Intimidation, Premiers Secours, Renseignements.<\/p>\n\n\n\n<p><strong><ins>Points de comp\u00e9tences additionnels \u00e0 chaque niveau<\/ins><\/strong><ins>&nbsp;: <\/ins>2<ins> + modificateur d\u2019Intelligence.<\/ins><\/p>\n\n\n\n<p><strong>R\u00e9duction de d\u00e9g\u00e2ts (Sur) <\/strong>: Au niveau 1, en devenant Gardien de la Fraternit\u00e9 de la Flamme Blanche, le personnage devient l\u2019un des champions d\u2019Uron et gagne une r\u00e9sistance aux d\u00e9g\u00e2ts. Chaque fois que le personnage est frapp\u00e9 par une arme ou une attaque naturelle, les d\u00e9g\u00e2ts qu\u2019il subit sont diminu\u00e9s de 1 point. Ce pouvoir augmente \u00e9galement aux niveaux 2 et 3, passant respectivement \u00e0 2 puis 3 points.<\/p>\n\n\n\n<p><strong>H\u00e9ro\u00efsme Divin (Sur).<\/strong> Combattre aupr\u00e8s d\u2019un Gardien de la Flamme Blanche est un honneur et une extraordinaire source de motivation. Une fois par jour, le Gardien est capable d&rsquo;insuffler un sentiment d&rsquo;h\u00e9ro\u00efsme \u00e0 ses alli\u00e9s. Tous les alli\u00e9s situ\u00e9s dans un rayon de 3 m\u00e8tres gagnent 1d10 points de vie temporaires et un bonus de moral de +1 en Volont\u00e9. Les alli\u00e9s v\u00e9n\u00e9rant Uron voient ses bonus doubl\u00e9s. Ce pouvoir affecte un nombre d&rsquo;alli\u00e9s \u00e9gal au niveau de Gardien de la Fraternit\u00e9 de la Flamme Blanche+ modificateur de Charisme. Il dure ce m\u00eame nombre de rounds. Il est \u00e0 noter que ce pouvoir surnaturel n\u2019affecte pas le Gardien lui-m\u00eame, seulement ses alli\u00e9s.<\/p>\n\n\n\n<p><strong>Aura \u00e9tincelante (Sur)<\/strong>. Au niveau 2, le personnage jouit de la lumi\u00e8re permanente d\u2019Uron. Quel que soit le niveau d&rsquo;obscurit\u00e9, le Gardien voit comme s&rsquo;il se trouvait en ext\u00e9rieur au moment o\u00f9 le soleil se l\u00e8ve. Ce pouvoir fonctionne sur le m\u00eame principe que la vision dans le noir (port\u00e9e de 18 m\u00e8tres), si ce n&rsquo;est que le personnage distingue parfaitement les couleurs. Il b\u00e9n\u00e9ficie \u00e9galement d&rsquo;un bonus de saintet\u00e9 de +2 aux jets de sauvegarde contre les sorts des domaines de la Mort et de l&rsquo;Obscurit\u00e9, ainsi que d&rsquo;un bonus de saintet\u00e9 de +1 \u00e0 la CA contre les attaques des morts-vivants.<\/p>\n\n\n\n<p><strong>Lame de justice (Sur)<\/strong>. Au niveau 3, le Gardien de la Fraternit\u00e9 peut impr\u00e9gner son arme de corps \u00e0 corps du pouvoir de la justice. Une fois par jour et pendant une dur\u00e9e en round \u00e9gal \u00e0 son bonus de Charisme, le Gardien peut affubler son arme de corps \u00e0 corps de la propri\u00e9t\u00e9 sp\u00e9ciale axiomatique. (+2d6 points de d\u00e9g\u00e2ts contre les adversaires chaotiques). Si l&rsquo;arme du personnage b\u00e9n\u00e9ficie d\u00e9j\u00e0 de cette am\u00e9lioration, il n&rsquo;en tire aucun avantage. La propri\u00e9t\u00e9 axiomatique est en revanche cumulable avec d\u2019autres propri\u00e9t\u00e9s comme par exemple \u00ab&nbsp;Sainte&nbsp;\u00bb ou \u00ab&nbsp;Ardente&nbsp;\u00bb.<\/p>\n\n\n\n<p><strong>Sorts<\/strong>&nbsp;: \u00e0 chaque niveau de Flamme Blanche, le personnage obtient un niveau effectif de jeteur de sorts pour une de ses classes pr\u00e9c\u00e9dentes pratiquant la magie divine (s\u2019il poss\u00e8de plusieurs classes de ce type, le niveau effectif ne s\u2019applique qu\u2019\u00e0 l\u2019une d\u2019entre elles, au choix du personnage). Il obtient les sorts par jour et le niveau de lanceur de sorts d\u2019un personnage de son niveau effectif. N\u00e9anmoins, il ne gagne aucun des autres avantages accompagnant habituellement ce niveau, tels qu&rsquo;une meilleure chance de repousser ou d&rsquo;intimider les morts-vivants, une am\u00e9lioration du destrier, de nouveaux dons de m\u00e9tamagie ou de cr\u00e9ation d&rsquo;objets, etc.<\/p>\n\n\n\n<p><\/p>\n\n\n\n<h2><a>Liste des membres de la Fraternit\u00e9<\/a><\/h2>\n\n\n<div class=\"wp-block-image\">\n<figure class=\"aligncenter size-large is-resized\"><img decoding=\"async\" src=\"https:\/\/extremia.org\/wp\/wp-content\/uploads\/Fall-PJ-Taraine-970x1024.png\" alt=\"\" class=\"wp-image-200\" width=\"380\" height=\"401\" srcset=\"https:\/\/extremia.org\/wp\/wp-content\/uploads\/Fall-PJ-Taraine-970x1024.png 970w, https:\/\/extremia.org\/wp\/wp-content\/uploads\/Fall-PJ-Taraine-284x300.png 284w, https:\/\/extremia.org\/wp\/wp-content\/uploads\/Fall-PJ-Taraine-768x811.png 768w, https:\/\/extremia.org\/wp\/wp-content\/uploads\/Fall-PJ-Taraine.png 1004w\" sizes=\"(max-width: 380px) 100vw, 380px\" \/><figcaption class=\"wp-element-caption\">Taraine<\/figcaption><\/figure><\/div>\n\n\n<ul>\n<li>842 Ep. IV&nbsp;: Guide&nbsp;: la Flamme Blanche. Gardiens&nbsp;: Hans Martigir (Noble Nordois, paladin), Brian de Wycumb et Ceden de Wycumb (fr\u00e8res de sang et paladins Falliens), Tristan le Boh\u00e8me (Chevalier Vyrman et Paladin), Alrio (guerrier-pr\u00eatre ConSudr\u00e9en), Berir l\u2019Althirien (pr\u00eatre-paladin Nordois).<\/li>\n\n\n\n<li>851 Ep. IV&nbsp;: Jehan la Lance (paladin Bordanien) remplace Ceden de Wycumb et Dinariz (paladine ConSudreenne) remplace Berir l\u2019Althirien<\/li>\n\n\n\n<li>853 Ep IV&nbsp;: Brian de Wycumb devient Guide et Girdir Sheridin (noble Noirdois et pr\u00eatre) rejoint la Fraternit\u00e9.<\/li>\n\n\n\n<li>860 Ep. IV&nbsp;: Tristan le Boh\u00e8me devient Guide a la mort de Brian de Wycumb.<\/li>\n\n\n\n<li>869 Ep. IV&nbsp;: mort d\u2019Alrio. Emeril (paladin demi-elfe) prend sa place dans la Fraternit\u00e9.<\/li>\n\n\n\n<li>871 Ep. IV&nbsp;: Hans devient Guide a la mort de Tristan le Boh\u00e8me et Orbaine le Gaucher (paladin Fallien) rejoint la Fraternit\u00e9.<\/li>\n\n\n\n<li>876 Ep. IV&nbsp;: Mort de Dinariz, qui est remplac\u00e9e dans la Fraternit\u00e9 par Selk\u00f9n (Paladin Carn\u00f9rien).<\/li>\n\n\n\n<li>882 Ep. IV&nbsp;: mort de Jehan la Lance, remplac\u00e9 dans la Fraternit\u00e9 par Zomano (pr\u00eatre ConSudr\u00e9en)<\/li>\n\n\n\n<li>887 Ep. IV&nbsp;: mort de Girdir Sheridin, remplac\u00e9 par Taraine (Paladin Fallien).<\/li>\n<\/ul>\n\n\n\n<p><\/p>\n","protected":false},"excerpt":{"rendered":"<p>Cette classe de prestige s\u2019adresse \u00e0 de puissants personnages v\u00e9n\u00e9rant le Dieu Uron. Histoire de la Fraternit\u00e9 de la Flamme Blanche La Fraternit\u00e9 de la Flamme Blanche est une sorte de cercle d\u2019\u00e9lite regroupant un tr\u00e8s petit nombre de fid\u00e8les d\u2019Uron. A l\u2019origine de cette Fraternit\u00e9, on trouve une jeune femme, paladin d\u2019Uron, qui agissait [&hellip;]<\/p>\n","protected":false},"author":3,"featured_media":0,"parent":174,"menu_order":0,"comment_status":"closed","ping_status":"closed","template":"","meta":[],"_links":{"self":[{"href":"https:\/\/extremia.org\/wp\/index.php?rest_route=\/wp\/v2\/pages\/199"}],"collection":[{"href":"https:\/\/extremia.org\/wp\/index.php?rest_route=\/wp\/v2\/pages"}],"about":[{"href":"https:\/\/extremia.org\/wp\/index.php?rest_route=\/wp\/v2\/types\/page"}],"author":[{"embeddable":true,"href":"https:\/\/extremia.org\/wp\/index.php?rest_route=\/wp\/v2\/users\/3"}],"replies":[{"embeddable":true,"href":"https:\/\/extremia.org\/wp\/index.php?rest_route=%2Fwp%2Fv2%2Fcomments&post=199"}],"version-history":[{"count":3,"href":"https:\/\/extremia.org\/wp\/index.php?rest_route=\/wp\/v2\/pages\/199\/revisions"}],"predecessor-version":[{"id":594,"href":"https:\/\/extremia.org\/wp\/index.php?rest_route=\/wp\/v2\/pages\/199\/revisions\/594"}],"up":[{"embeddable":true,"href":"https:\/\/extremia.org\/wp\/index.php?rest_route=\/wp\/v2\/pages\/174"}],"wp:attachment":[{"href":"https:\/\/extremia.org\/wp\/index.php?rest_route=%2Fwp%2Fv2%2Fmedia&parent=199"}],"curies":[{"name":"wp","href":"https:\/\/api.w.org\/{rel}","templated":true}]}}