{"id":193,"date":"2020-12-06T23:24:02","date_gmt":"2020-12-06T22:24:02","guid":{"rendered":"http:\/\/extremia.org\/wp\/?page_id=193"},"modified":"2026-03-20T22:37:36","modified_gmt":"2026-03-20T21:37:36","slug":"champion-de-lordre-lumineux","status":"publish","type":"page","link":"https:\/\/extremia.org\/wp\/?page_id=193","title":{"rendered":"Champion de l\u2019Ordre Lumineux"},"content":{"rendered":"\n<p>Cette classe de prestige s\u2019adresse aux adeptes d\u2019<a href=\"https:\/\/extremia.org\/wp\/?page_id=174\">Uron<\/a>.<\/p>\n\n\n\n<p><\/p>\n\n\n\n<figure class=\"wp-block-image size-large is-resized\"><img fetchpriority=\"high\" decoding=\"async\" src=\"https:\/\/extremia.org\/wp\/wp-content\/uploads\/Bordanie-Ordre-lumineux-683x1024.png\" alt=\"\" class=\"wp-image-773\" width=\"371\" height=\"552\"\/><figcaption class=\"wp-element-caption\"><em>un champion de l&rsquo;Ordre Lumineux<\/em><\/figcaption><\/figure>\n\n\n\n<h2><strong>Histoire de l\u2019Ordre Lumineux<\/strong><\/h2>\n\n\n\n<p>Il y a plusieurs si\u00e8cles, vers l\u2019an 150 Ep. IV, l\u2019ancien royaume de Kiria, dans le Vyrmonus, eu \u00e0 subir une \u00e9trange vague de retour \u00e0 la vie des morts depuis longtemps enterr\u00e9s. Ce myst\u00e9rieux ph\u00e9nom\u00e8ne dura plus de sept ans, pendant lesquels les diff\u00e9rents clerg\u00e9s repr\u00e9sentant les forces du bien unirent leurs efforts afin d\u2019\u00e9radiquer ce fl\u00e9au. Un Pr\u00eatre d\u2019Uron, nomm\u00e9 Yz\u00e0n, ainsi qu\u2019un Paladin d\u2019Uron appel\u00e9 Vareon le Pieux et trois fr\u00e8res guerriers, une fi\u00e8re r\u00f4deuse du nom de Tristiania la Farouche et un myst\u00e9rieux magicien dont le nom n\u2019est pas parvenu jusqu\u2019\u00e0 nous, remont\u00e8rent la piste du mal \u00e0 la racine. Ils d\u00e9couvrirent que ces ph\u00e9nom\u00e8ne \u00e9taient caus\u00e9 par l\u2019association d\u2019un puissant n\u00e9cromancien, appel\u00e9 Yolk\u00f6r, et d\u2019une redoutable pr\u00eatresse de Knlk\u2019a, appel\u00e9e Nabaline<\/p>\n\n\n\n<p>. Cette alliance avait litt\u00e9ralement lev\u00e9 une arm\u00e9e de morts-vivants, en ranimant tout d\u2019abord les guerriers tomb\u00e9s lors de guerres anciennes, en relevant les cadavres directement dans les champs de bataille, puis en rappelant d\u2019entre les morts les cadavres qui reposaient en paix dans les cimeti\u00e8res des villages du royaume de Kiria. On appela toute cette p\u00e9riode la Guerre des Non-Morts.<\/p>\n\n\n\n<p>Le groupe de h\u00e9ros traqua pendant plusieurs ann\u00e9es le n\u00e9cromancien et la pr\u00eatresse de Knl\u2019ka. Mais \u00e0 chaque fois, ces derniers parvenait \u00e0 s\u2019\u00e9chapper. Au cours d\u2019un affrontement dantesque, l\u2019un des trois fr\u00e8res, fut tu\u00e9, ainsi que le n\u00e9cromancien Yolk\u00f6r. Quant au myst\u00e9rieux magicien, il disparut \u00e0 la suite d\u2019un puissant sortil\u00e8ge, et personne ne sut ce qu\u2019il advint de lui. La pr\u00eatresse de Knl\u2019ka, qui fut captur\u00e9e, mais elle parvint juste avant d\u2019\u00eatre faite prisonni\u00e8re, \u00e0 lancer le processus de transformation en liche de son conjoint n\u00e9cromancien. Ce dernier poursuivi la guerre sous forme de Liche pendant encore toute une ann\u00e9e, avant d\u2019\u00eatre d\u00e9finitivement d\u00e9truit par les h\u00e9ros survivants alors qu\u2019il assi\u00e9geait la ville de Kiria avec ses hordes mort-vivantes restantes. La r\u00f4deuse Tristiania la Farouche trouva la mort dans cet affrontement final.<\/p>\n\n\n\n<p>Peu de temps apr\u00e8s, les survivants, Yz\u00e0n le pr\u00eatre, Vareon le Pieux et les fr\u00e8res survivants, d\u00e9cid\u00e8rent qu\u2019une telle menace ne devait plus se lever sans que des hommes et des femmes puissent se dresser sur leur chemin. Ils d\u00e9cid\u00e8rent de former un Ordre religieux qui se chargerait de former des troupes d\u2019\u00e9lite, opposant la puissance lumi\u00e8re divine d\u2019Uron aux forces du mal et notamment aux morts-vivants.<\/p>\n\n\n\n<p>Les h\u00e9ros survivants fond\u00e8rent leur premier temple dans la ville de Kiria, qu\u2019ils nomm\u00e8rent la Demeure Lumineuse. Quelques temps apr\u00e8s, leur ordre pris le nom d\u2019Ordre Lumineux. Il a perdur\u00e9 jusqu\u2019\u00e0 nos jours en formant plusieurs g\u00e9n\u00e9rations d\u2019adorateurs d\u2019Uron s\u00e9lectionn\u00e9 pour leur propension \u00e0 lutter efficacement contre les morts-vivants. Encore aujourd\u2019hui, malgr\u00e9 les changements politiques au cours des si\u00e8cles, Kiria est toujours consid\u00e9r\u00e9e comme une ville Sainte pour les adorateurs d\u2019<a href=\"https:\/\/extremia.org\/wp\/?page_id=174\">Uron<\/a>, est la Demeure Lumineuse est un est principaux lieux saints du culte. Ceux qui ont surv\u00e9cu \u00e0 une violente affliction de mort-vivant (putr\u00e9faction de la momie etc.) essayent d\u2019y venir en p\u00e8lerinage.<\/p>\n\n\n\n<p>Le symbole de l\u2019Ordre Lumineux est un soleil levant comprenant une patte de dragon en son sein. La devise de l\u2019Ordre est \u00ab que la lumi\u00e8re divine me montre le chemin \u00bb, que les Champions de l\u2019Ordre Lumineux prononcent chaque jour lorsque le soleil se l\u00e8ve.<\/p>\n\n\n\n<h2><strong>Description<\/strong><\/h2>\n\n\n\n<p>Le Champion de l\u2019Ordre Lumineux canalise la puissance brute et pure du soleil. Sa raison d\u2019\u00eatre est l\u2019\u00e9radication des morts-vivants. Avec comme alli\u00e9e la lumi\u00e8re du soleil, il traque inlassablement les cr\u00e9atures mal\u00e9fiques qui sont tapies dans les t\u00e9n\u00e8bres. Serviteur z\u00e9l\u00e9 d\u2019Uron, il voue un v\u00e9ritable culte \u00e0 la lumi\u00e8re du Soleil. Malgr\u00e9 la douceur de celle-ci et un c\u0153ur profond\u00e9ment bon, le Champion de l\u2019Ordre Lumineux se montre implacable face \u00e0 ses ennemis.<\/p>\n\n\n\n<p>La plupart des membres de cette classe de prestige sont des pr\u00eatres d\u2019<a href=\"https:\/\/extremia.org\/wp\/?page_id=174\">Uron<\/a>, mais certains disposent \u00e9galement de niveaux de paladin. Les guerriers\/pr\u00eatres sont \u00e9galement courants et il est possible de croiser de rares certains pr\u00eatres\/magiciens ou pr\u00eatres\/bardes.<\/p>\n\n\n\n<p>Les Champions de l\u2019Ordre Lumineux vivent souvent dans de petits temples compos\u00e9s uniquement de membres de leur ordre. En leur sein, ils forment les nouveaux membres, perfectionnent leur savoir en lisant ou r\u00e9digeant des ouvrages sur les morts-vivants et les moyens de les combattre. Mais, en dehors des nouvelles recrues et des anciens, la plupart des autres Champion de l\u2019Ordre Lumineux pr\u00e9f\u00e8re une vie errante, leur permettant de pourchasser les morts-vivants partout o\u00f9 ils le peuvent. Ils rejoignent parfois des groupes d\u2019aventuriers, leur permettant ainsi de se frotter fr\u00e9quemment aux morts-vivants.<\/p>\n\n\n\n<h2><strong>Conditions<\/strong><\/h2>\n\n\n\n<p>Pour devenir Champion de l\u2019Ordre Lumineux, un personnage satisfaire aux conditions suivantes :<\/p>\n\n\n\n<p><br><strong>Alignement<\/strong>&nbsp;: Bon.<\/p>\n\n\n\n<p><strong>Comp\u00e9tences<\/strong>&nbsp;: Degr\u00e9 de ma\u00eetrise de 8 en Connaissances (Religion), degr\u00e9 de ma\u00eetrise de 4 en Connaissances (Nature), degr\u00e9 de maitrise de 4 en D\u00e9tection.<\/p>\n\n\n\n<p><strong>Sorts<\/strong>&nbsp;: Facult\u00e9 de lancer lumi\u00e8re du jour en qualit\u00e9 de sort de magie divine<\/p>\n\n\n\n<p><strong>Divinit\u00e9<\/strong><ins>&nbsp;: <a href=\"https:\/\/extremia.org\/wp\/?page_id=174\">Uron<\/a> doit \u00eatre la divinit\u00e9 tut\u00e9laire du personnage.<\/ins><\/p>\n\n\n\n<p><strong>Domaine<\/strong>&nbsp;: Soleil<\/p>\n\n\n\n<p><strong>Dons<\/strong>&nbsp;: Emprise sur les morts-vivants.<\/p>\n\n\n\n<h2><strong>Caract\u00e9ristiques de classe<\/strong><\/h2>\n\n\n\n<p><strong>D\u00e9s de vie<\/strong>&nbsp;: d8<\/p>\n\n\n\n<p><strong>Comp\u00e9tences de Classe&nbsp;: <\/strong>Art de la magie,Concentration, Connaissance (religion), Connaissance (nature), D\u00e9tection, Connaissance (myst\u00e8res), Intimidation, Premiers secours.<\/p>\n\n\n\n<p><strong>&nbsp;Points de comp\u00e9tences additionnels \u00e0 chaque niveau <\/strong>: 2 + modificateur d\u2019Intelligence.<\/p>\n\n\n\n<p><strong>Armes et armures<\/strong>&nbsp;: Le Champion de l\u2019Ordre Lumineux ne gagne aucune formation au maniement des armes et des boucliers, ni au port des armures.<\/p>\n\n\n\n<p><strong>Sorts<\/strong>&nbsp;: \u00c0 partir du niveau 2, \u00e0 chaque niveau de Champion de l\u2019Ordre Lumineux, le personnage gagne un niveau de jeteur de sort effectif. A chaque niveau \u00e0 partir du 2\u00e8me, il obtient les sorts par jour et le niveau de lanceur de sorts d&rsquo;un personnage de son niveau effectif. Par contre, il ne gagne aucun des autres avantages accompagnant habituellement ce niveau (don de m\u00e9tamagie ou de cr\u00e9ation d&rsquo;objets, etc. ; \u00e0 l\u2019exception de l&rsquo;aptitude de renvoi des morts-vivants, voir ci-dessous). Si le Champion de l\u2019Ordre Lumineux poss\u00e8de plusieurs classes de lanceur de sorts, le niveau effectif ne s&rsquo;applique qu&rsquo;\u00e0 l&rsquo;une d&rsquo;entre elles, au choix du personnage.<\/p>\n\n\n\n<p><strong>Renvoi des morts-vivants (Sur)<\/strong>. Les niveaux de Champion de l\u2019Ordre Lumineux se cumulent avec ceux des autres classes conf\u00e9rant la facult\u00e9 de renvoi des morts-vivants pour ce qui est de d\u00e9terminer le niveau de pr\u00eatre effectif du personnage durant ses tentatives de renvoi. Par exemple, un pr\u00eatre d\u2019Uron niv 7 \/ Champion de l\u2019Ordre Lumineux niv 3 va renvoyer les morts-vivants comme un pr\u00eatre de niveau 10.<\/p>\n\n\n\n<p><strong>Aura lumineuse (Sur)<\/strong>&nbsp;: D\u00e8s le niveau 1, Le Champion de l\u2019Ordre Lumineux peut d\u00e9gager une aura de lueur vive affaiblissant les morts-vivants. Cette aura \u00e9claire vivement dans un rayon de 9 m\u00e8tres et faiblement sur 9 m\u00e8tres de plus. Les cr\u00e9atures qui subissent habituellement des malus lorsqu&rsquo;elles sont expos\u00e9es \u00e0 une lueur vive doivent tenir compte de ceux-ci quand elles se trouvent dans un rayon de 9 m\u00e8tres du personnage. De plus, les morts-vivants qui se situent au sein de la zone vivement \u00e9clair\u00e9e subissent un malus de -2 aux jets d&rsquo;attaque, jets de d\u00e9g\u00e2ts et jets de sauvegarde. Le personnage active ce pouvoir au prix d&rsquo;une action libre qui ne provoque pas d&rsquo;attaque d&rsquo;opportunit\u00e9. Tant que l&rsquo;aura lumineuse est active, le personnage lance les sorts accompagn\u00e9s du registre de la lumi\u00e8re avec un bonus de +2 au niveau de lanceur de sorts. Le Champion de l\u2019Ordre Lumineux peut utiliser ce pouvoir 1 fois par jour au niveau 1, 2 fois par jour au niveau 3 et 3 fois par jour au niveau 5. Chaque utilisation dure 10 rounds. L&rsquo;aura lumineuse \u00e9quivaut \u00e0 un sort de <em>Lumi\u00e8re<\/em> de 5e niveau contre les effets accompagn\u00e9s du registre de l&rsquo;obscurit\u00e9.<\/p>\n\n\n\n<p><strong>Lumi\u00e8re br\u00fblante (Mag)<\/strong>. D\u00e8s le niveau 2, au prix d&rsquo;une action simple, le Champion de l\u2019Ordre Lumineux peut utiliser <em>Lumi\u00e8re br\u00fblante<\/em> 1 fois par round tant que son aura lumineuse est active. Le niveau de lanceur <img decoding=\"async\" src=\"\" alt=\"Zone de Texte: Niv.  \nChampion Ordre Lumineux\tBonus de \nbase \u00e0 l'Attaque\tBonus de base aux Reflexes\tBonus de base \u00e0 la Vigueur\tBonus de base \u00e0 la Volont\u00e9\tSp\u00e9cial\tSorts\n1\t+0\t+0\t+2\t+2\tAura Lumineuse (1\/j), Renvoi des morts-vivants\t-\n2\t+1\t+0\t+3\t+3\tLumi\u00e8re Br\u00fblante\t+1 niv de jeteur de sort effectif\n3\t+2\t+1\t+3\t+3\tAura Lumineuse (2\/j),\t+1 niv de jeteur de sort effectif\n4\t+3\t+1\t+4\t+4\tProtection contre les Ombres\t+1 niv de jeteur de sort effectif\n5\t+3\t+1\t+4\t+4\tAura Lumineuse (3\/j), Rayon du Soleil \t+1 niv de jeteur de sort effectif\n\n\" width=\"655\" height=\"174\">de sorts de l&rsquo;effet est \u00e9gal au niveau de lanceur de sorts divins du personnage et inclut un bonus de +2 en raison de l&rsquo;aura lumineuse. Par exemple, un pr\u00eatre d\u2019Uron de niveau 7 \/ Champion de l\u2019Ordre Lumineux niv 2 utilisera cet effet comme un lanceur de sorts de niveau 11.<\/p>\n\n\n\n<p><strong>Protection contre les ombres (Sur) <\/strong>&nbsp;au niveau 4, le Champion de l\u2019Ordre Lumineux b\u00e9n\u00e9ficie d&rsquo;un bonus de saintet\u00e9 de +2 aux jets de sauvegarde contre les sorts du domaine de l&rsquo;obscurit\u00e9 et d&rsquo;un bonus de saintet\u00e9 de +1 \u00e0 la CA contre les attaques des morts-vivants. Ce bonus de +1 \u00e0 la CA passe \u00e0 +2 contre les cr\u00e9atures de type Ombre ou Ombre supr\u00eame, ou les cr\u00e9atures issues du demi-plan de l\u2019Ombre.<\/p>\n\n\n\n<p><strong>Rayon de soleil (Mag)<\/strong>. Au prix d&rsquo;une action complexe, Champion de l\u2019Ordre Lumineux de niveau 5 peut g\u00e9n\u00e9rer un rayon de lumi\u00e8re \u00e9blouissante (\u00e9quivalant \u00e0 un <em>Rayon de soleil<\/em>) 1 fois par round tant que son aura lumineuse est active. Le niveau de lanceur de sorts de l&rsquo;effet est \u00e9gal au niveau de lanceur de sorts divins du personnage et inclut un bonus de +2 en raison de l&rsquo;aura lumineuse. Par exemple, un Pr\u00eatre d\u2019<a href=\"https:\/\/extremia.org\/wp\/?page_id=174\">Uron<\/a> 7 \/ Champion de l\u2019Ordre Lumineux 5 utilisera ce pouvoir comme un lanceur de sorts de niveau 14.<\/p>\n","protected":false},"excerpt":{"rendered":"<p>Cette classe de prestige s\u2019adresse aux adeptes d\u2019Uron. Histoire de l\u2019Ordre Lumineux Il y a plusieurs si\u00e8cles, vers l\u2019an 150 Ep. IV, l\u2019ancien royaume de Kiria, dans le Vyrmonus, eu \u00e0 subir une \u00e9trange vague de retour \u00e0 la vie des morts depuis longtemps enterr\u00e9s. Ce myst\u00e9rieux ph\u00e9nom\u00e8ne dura plus de sept ans, pendant lesquels [&hellip;]<\/p>\n","protected":false},"author":3,"featured_media":0,"parent":174,"menu_order":0,"comment_status":"closed","ping_status":"closed","template":"","meta":[],"_links":{"self":[{"href":"https:\/\/extremia.org\/wp\/index.php?rest_route=\/wp\/v2\/pages\/193"}],"collection":[{"href":"https:\/\/extremia.org\/wp\/index.php?rest_route=\/wp\/v2\/pages"}],"about":[{"href":"https:\/\/extremia.org\/wp\/index.php?rest_route=\/wp\/v2\/types\/page"}],"author":[{"embeddable":true,"href":"https:\/\/extremia.org\/wp\/index.php?rest_route=\/wp\/v2\/users\/3"}],"replies":[{"embeddable":true,"href":"https:\/\/extremia.org\/wp\/index.php?rest_route=%2Fwp%2Fv2%2Fcomments&post=193"}],"version-history":[{"count":4,"href":"https:\/\/extremia.org\/wp\/index.php?rest_route=\/wp\/v2\/pages\/193\/revisions"}],"predecessor-version":[{"id":774,"href":"https:\/\/extremia.org\/wp\/index.php?rest_route=\/wp\/v2\/pages\/193\/revisions\/774"}],"up":[{"embeddable":true,"href":"https:\/\/extremia.org\/wp\/index.php?rest_route=\/wp\/v2\/pages\/174"}],"wp:attachment":[{"href":"https:\/\/extremia.org\/wp\/index.php?rest_route=%2Fwp%2Fv2%2Fmedia&parent=193"}],"curies":[{"name":"wp","href":"https:\/\/api.w.org\/{rel}","templated":true}]}}