{"id":180,"date":"2020-12-06T23:06:46","date_gmt":"2020-12-06T22:06:46","guid":{"rendered":"http:\/\/extremia.org\/wp\/?page_id=180"},"modified":"2026-03-15T12:39:09","modified_gmt":"2026-03-15T11:39:09","slug":"membre-de-lordre-ardent","status":"publish","type":"page","link":"https:\/\/extremia.org\/wp\/?page_id=180","title":{"rendered":"Membre de l\u2019Ordre Ardent"},"content":{"rendered":"\n<p>Cette classe de prestige s\u2019adresse aux adeptes d\u2019<a href=\"https:\/\/extremia.org\/wp\/?page_id=174\">Uron<\/a>.<\/p>\n\n\n\n<figure class=\"wp-block-image size-large is-resized\"><img fetchpriority=\"high\" decoding=\"async\" src=\"https:\/\/extremia.org\/wp\/wp-content\/uploads\/Clerge-ordre-ardent-683x1024.png\" alt=\"\" class=\"wp-image-750\" width=\"291\" height=\"436\" srcset=\"https:\/\/extremia.org\/wp\/wp-content\/uploads\/Clerge-ordre-ardent-683x1024.png 683w, https:\/\/extremia.org\/wp\/wp-content\/uploads\/Clerge-ordre-ardent-200x300.png 200w, https:\/\/extremia.org\/wp\/wp-content\/uploads\/Clerge-ordre-ardent-768x1152.png 768w, https:\/\/extremia.org\/wp\/wp-content\/uploads\/Clerge-ordre-ardent.png 1024w\" sizes=\"(max-width: 291px) 100vw, 291px\" \/><\/figure>\n\n\n\n<h2><a>Histoire de l\u2019Ordre Ardent<\/a><\/h2>\n\n\n\n<p>En 34 Ep. IV, sur la c\u00f4te Nord de la Bordanie, un v\u00e9n\u00e9rable Dragon Rouge terrorisait et ravageait les villages de la r\u00e9gion et notamment la ville de Vieux-Port. Le Dragon exigeait des tributs, des offrandes et se comportait en seigneur et ma\u00eetre. Le dirigeant de l\u2019\u00e9poque envoya ses arm\u00e9es, puis ses plus valeureux h\u00e9ros, mais tous succomb\u00e8rent face au dragon, les uns apr\u00e8s les autres.<\/p>\n\n\n\n<p>Un jour toutefois, un groupe parvint \u00e0 presque faire jeu \u00e9gal avec le Dragon. Mais ils ne parvenaient pas \u00e0 tuer le Dragon. Une vaillante pr\u00eatresse d\u2019Uron du nom d\u2019Isabeau se d\u00e9tacha alors du groupe et prot\u00e9g\u00e9e par sa foi, elle d\u00e9fia le Dragon de parvenir \u00e0 la br\u00fbler de son souffle ardent. Le Dragon, souffla, souffla, mais malgr\u00e9 ses blessures, Isabeau r\u00e9sistait. \u00c9nerv\u00e9, fatigu\u00e9, le Dragon se focalisait sur cette pr\u00eatresse d\u2019Uron qui le d\u00e9fiait, et il ne vit pas des h\u00e9ros et des soldats s\u2019approcher de lui dans son dos.<\/p>\n\n\n\n<p>Le Dragon fini par un dernier souffle de feu, et ce dernier souffle fini par venir \u00e0 bout d\u2019Isabeau, qui fini par br\u00fbler vive, malgr\u00e9 la protection d\u2019Uron. Mais le Dragon, d\u00e9sormais incapable de souffler et ext\u00e9nu\u00e9, finit par \u00eatre abattu.<\/p>\n\n\n\n<p>En l\u2019honneur de la pr\u00eatresse d\u00e9funte, la ville de Vieux-Port fut renomm\u00e9e Flamboyante-Isabeau. Le Temple d\u2019<a href=\"https:\/\/extremia.org\/wp\/?page_id=174\">Uron<\/a>, d\u00e9truit par le Dragon, fut reconstruit et embelli, et il fut d\u00e9di\u00e9 \u00e0 la pr\u00eatresse d\u2019<a href=\"https:\/\/extremia.org\/wp\/?page_id=174\">Uron<\/a>, dont les cendres furent placer au centre du temple. En quelques ann\u00e9es, la ville devint une v\u00e9ritable ville-Sainte&nbsp;: le lieu o\u00f9 Isabeau a \u00e9t\u00e9 tu\u00e9e se d\u00e9veloppa en un v\u00e9ritable lieu de p\u00e8lerinage, tout comme le temple o\u00f9 ses cendres reposaient, ainsi que le lieu o\u00f9 elle fit sa derni\u00e8re pr\u00eache avant le combat contre le Dragon, afin de motiver ses compagnons.<\/p>\n\n\n\n<p>En 42 Ep. IV, le clerg\u00e9 local d\u2019<a href=\"https:\/\/extremia.org\/wp\/?page_id=174\">Uron<\/a> d\u00e9cida de fonder l\u2019Ordre Ardent, une confr\u00e9rie d\u2019adorateurs d\u2019Uron dont l\u2019objectif serait de d\u00e9velopper la ma\u00eetrise du feu \u00e0 son paroxysme, avec la Sainte Flamboyante Isabeau comme patronne et mod\u00e8le pour l\u2019Ordre.<\/p>\n\n\n\n<p>Pendant plusieurs ann\u00e9es, l\u2019Ordre Ardent se d\u00e9veloppa principalement dans le Nord de la Bordanie, puis il se d\u00e9veloppa ensuite en Castiglione, au royaume de Kiria, puis certains membres de l\u2019Ordre prirent le bateau et all\u00e8rent fonder une antenne de l\u2019Ordre dans les \u00eeles de Carn\u00f9r et de l\u00e0, petit \u00e0 petit, l\u2019Ordre se diffusa dans les Terres Hostiles et ConSudre.<\/p>\n\n\n\n<h2><a>Description<\/a><\/h2>\n\n\n\n<p>L\u2019Ordre Ardent est un ordre religieux d\u00e9di\u00e9 \u00e0 <a href=\"https:\/\/extremia.org\/wp\/?page_id=174\">Uron<\/a>. Ses pr\u00eatres sont tri\u00e9s sur le volet parmi les fid\u00e8les les plus braves du Souffle Divin. Cette organisation d\u2019\u00e9lite militaire prend directement ses ordres de des hautes instances du culte d\u2019<a href=\"https:\/\/extremia.org\/wp\/?page_id=174\">Uron<\/a>. Ses membres sont r\u00e9put\u00e9s pour leur puissance offensive ind\u00e9niable et leur talent au combat. De plus, les membres de l\u2019Ordre se sont sp\u00e9cialis\u00e9s sur l\u2019un des attributs principaux d\u2019<a href=\"https:\/\/extremia.org\/wp\/?page_id=174\">Uron<\/a>&nbsp;: le feu. En effet, ceux de l\u2019Ordre Ardent ont suivi un entra\u00eenement intensif que les a fait ma\u00eetriser la puissance du feu et leur permet de s\u2019en servir au mieux contre les ennemis du culte. Tous apprivoisent puis ma\u00eetrisent de mieux en mieux les flammes \u00e0 mesure qu\u2019ils progressent dans l\u2019Ordre.<\/p>\n\n\n\n<p>Pour \u00eatre s\u00e9lectionn\u00e9, les fid\u00e8les d\u2019<a href=\"https:\/\/extremia.org\/wp\/?page_id=174\">Uron<\/a> doivent faire acte de candidature et se porter volontaire pour suivre un entra\u00eenement des plus pouss\u00e9s afin de faire partie de l\u2019Ordre Ardent. Les meilleurs sont accept\u00e9s dans l\u2019Ordre apr\u00e8s une c\u00e9r\u00e9monie d\u2019intronisation qui constitue un dernier test pour les candidats. Une fois admis, les nouveaux membres quittent leur temple d\u2019origine et ne r\u00e9pondent d\u00e9sormais plus que de l\u2019Ordre Ardent. Ils seront amen\u00e9s \u00e0 participer aux missions dangereuses que le culte d\u2019<a href=\"https:\/\/extremia.org\/wp\/?page_id=174\">Uron<\/a> leur confiera, et \u00e0 intervenir partout o\u00f9 leur puissance physique alli\u00e9e \u00e0 leur ferveur pour <a href=\"https:\/\/extremia.org\/wp\/?page_id=174\">Uron<\/a> sera n\u00e9cessaire.<\/p>\n\n\n\n<p>Les membres de l\u2019Ordre Ardent sont dot\u00e9s d\u2019une r\u00e9sistance et d\u2019une volont\u00e9 hors du commun&nbsp;: ils sont parmi les plus valeureux et les plus robustes des serviteurs du culte. Arm\u00e9s de leurs \u00e9p\u00e9es longues, l\u2019arme de pr\u00e9dilection de leur dieu, ils sont pr\u00eats \u00e0 relever n\u2019importe quel d\u00e9fi. V\u00e9n\u00e9rant la Flaboyante-Isabeau comme une sainte, il trouve dans son exemple la foi n\u00e9cessaire pour d\u00e9velopper leur ma\u00eetrise du feu.<\/p>\n\n\n\n<p>Les Paladins et Pr\u00eatres d\u2019Uron sont naturellement les classes les plus aptes \u00e0 choisir d\u2019entrer dans l\u2019Ordre Ardent. On a \u00e9galement vu parfois quelques guerriers particuli\u00e8rement pieux&nbsp; dot\u00e9s de quelques niveaux de pr\u00eatres entrer dans cet Ordre. Bien que la majorit\u00e9 des membres soient humains, on a parfois rencontr\u00e9 des elfes des demi-elfes et m\u00eame quelques nains parmi les membres de l\u2019Ordre Ardent.<\/p>\n\n\n\n<p>De nos jours, l\u2019Ordre Ardent est particuli\u00e8rement pr\u00e9sent dans l\u2019Est du Tizun, en Bordanie, le Sud-Ouest du Zorbaranus, et au Vyrmonus, principalement en Bordanie, au Vyrman, \u00e0 Carn\u00f9r,&nbsp; dans les Terres du Nord et ConSudre.<\/p>\n\n\n\n<h2><a>Conditions<\/a><\/h2>\n\n\n\n<p>Pour devenir Adepte de l\u2019Ordre Ardent, un personnage doit r\u00e9pondre aux crit\u00e8res suivants&nbsp;:<\/p>\n\n\n\n<p><strong><ins>Alignement<\/ins><\/strong><ins> : <\/ins>L<ins>oyal <\/ins>B<ins>on<\/ins><\/p>\n\n\n\n<p><strong><ins>Bonus de base \u00e0 l\u2019attaque<\/ins><\/strong><ins> : +<\/ins>6<\/p>\n\n\n\n<p><strong><ins>Bonus de base aux <\/ins>JS<\/strong><ins>: V<\/ins>igueur<ins> +<\/ins>5<\/p>\n\n\n\n<p><strong><ins>Comp\u00e9tences<\/ins><\/strong><ins>&nbsp;: degr\u00e9 de ma<\/ins><ins>\u00eetrise de <\/ins>6<ins> en Connaissance (Religion)<\/ins><\/p>\n\n\n\n<p><strong><ins>Sorts<\/ins><\/strong><ins>&nbsp;: facult\u00e9 de lancer des sorts divins de 1er niveau<\/ins><\/p>\n\n\n\n<p><strong>Divinit\u00e9<\/strong><ins>&nbsp;: Uron doit \u00eatre la divinit\u00e9 tut\u00e9laire du personnage.<\/ins><\/p>\n\n\n\n<p><strong><ins>Don<\/ins><\/strong><ins>&nbsp;: Arme de pr\u00e9dilection (Ep\u00e9e Longue)<\/ins>, Vigueur Surhumaine<\/p>\n\n\n\n<h2><a>Caract\u00e9ristiques de classe<\/a><\/h2>\n\n\n\n<p><strong><ins>D\u00e9s de vie<\/ins><\/strong><ins>&nbsp;: d10<\/ins><\/p>\n\n\n\n<p><strong><ins>Comp\u00e9tences<\/ins> de Classe<\/strong><ins>&nbsp;: Concentration, Connaissance (Religion), Intimidation, Premiers Secours, Psychologie, <\/ins>Profession, Equitation<\/p>\n\n\n\n<p><strong><ins>Points de comp\u00e9tences additionnels \u00e0 chaque niveau<\/ins><\/strong><ins>&nbsp;: 2 + modificateur d\u2019Intelligence.<\/ins><\/p>\n\n\n\n<p><strong>Domaine du Feu<\/strong>&nbsp;: Quelque soit sa classe de personnage initiale, un membre de l\u2019Ordre Ardent peut ajouter les sorts du Domaine du Feu \u00e0 sa liste de sort existante. Cependant, il ne gagne pas pour autant le pouvoir du domaine du feu. Enfin, dans le cas d\u2019un pr\u00eatre ayant pr\u00e9alablement choisi le Domaine du Feu dans ces domaines initiaux, le personnage gagne un bonus de +1 au DD de ses sorts de Feu.<\/p>\n\n\n\n<p><strong>Ep\u00e9e de Feu<\/strong>&nbsp;: une fois par jour, un Membre de l\u2019Ordre Ardent peut, par une action libre, transformer son \u00e9p\u00e9e longue en arme <em>de feu<\/em>, infligeant 1d6 points de d\u00e9g\u00e2ts de feu suppl\u00e9mentaire en cas d\u2019attaque r\u00e9ussie. L\u2019arme peut ainsi \u00eatre modifi\u00e9e jusqu\u2019\u00e0 un maximum de rounds \u00e9gal au niveau de classe de Membre de l\u2019Ordre Ardent du personnage, auquel on ajoute son modificateur de Charisme, mais redevient normale d\u00e8s qu\u2019elle quitte les mains de celui-ci. Ainsi, s\u2019il se retrouve d\u00e9sarm\u00e9 ou confie l\u2019arme \u00e0 un autre personnage, l\u2019effet magique prend fin. Le personnage peut utiliser ce pouvoir deux fois par jour \u00e0 partir du niveau 3 et enfin 3 fois par jour \u00e0 partir du niveau 6.<\/p>\n\n\n\n<p><strong>R\u00e9sistance au Feu<\/strong>&nbsp;: par son entra\u00eenement pouss\u00e9 lui ayant occasionn\u00e9 de nombreuses blessures par le feu, le membre de l\u2019Ordre Ardent obtient une r\u00e9sistance de 1 point contre le feu, ainsi que contre les sorts et pouvoirs infligeant des d\u00e9g\u00e2ts de feu. Cette r\u00e9sistance est permanente et se cumule avec les sorts conf\u00e9rant une protection similaire (protection contre le feu, r\u00e9sistance aux \u00e9nergies destructives, etc.). Enfin, cette r\u00e9sistance passe \u00e0 deux points au niveau 4 et \u00e0 3 points au niveau 8.<\/p>\n\n\n\n<p><img decoding=\"async\" alt=\"Zone de Texte: Niv.  \nOrdre \nArdent\tBonus de \nbase \u00e0 l'Attaque\tBonus de base aux Reflexes\tBonus de base \u00e0 la Vigueur\tBonus de base \u00e0 la Volont\u00e9\tSp\u00e9cial\tSorts\n1\t+1\t+0\t+2\t+2\tEp\u00e9e de Feu (1 \/ jour),\nDomaine du Feu\t \n2\t+2\t+0\t+3\t+3\tR\u00e9sistance au feu (1)\t+1 niv de jeteur de sort effectif\n3\t+3\t+1\t+3\t+3\tEp\u00e9e de Feu (2 \/ jour)\t \n4\t+4\t+1\t+4\t+4\tR\u00e9sistance au feu (2)\t+1 niv de jeteur de sort effectif\n5\t+5\t+1\t+4\t+4\tFeu Ravageur\t \n6\t+6\t+2\t+5\t+5\tEp\u00e9e de Feu (3 \/ jour)\t+1 niv de jeteur de sort effectif\n7\t+7\t+2\t+5\t+5\tEp\u00e9e de Feu Intense\t \n8\t+8\t+2\t+6\t+6\tR\u00e9sistance au feu (3)\t+1 niv de jeteur de sort effectif\n9\t+9\t+3\t+6\t+6\tExtension de Feu\t \n10\t+10\t+3\t+7\t+7\tQuintessence du Feu\t+1 niv de jeteur de sort effectif\n\n\" src=\"\" style=\"width: 1px;\"><strong>Feu Ravageur<\/strong>&nbsp;: Au niveau 5, le Membre de l\u2019Ordre Ardent peut, par une action simple, lib\u00e9rer une d\u00e9flagration de flamme qui inflige 5d6 points de d\u00e9g\u00e2ts \u00e0 toutes les cr\u00e9atures situ\u00e9es dans un rayon de 3 m\u00e8tres du personnage (jet de R\u00e9flexes pour demi-d\u00e9g\u00e2ts, DD de Sauvegarde \u00e9gal \u00e0 10 + niveau de classe de Membre de l\u2019Ordre Ardent + modificateur de Sagesse) et met le feu \u00e0 tous les objets inflammables compris dans la zone.<\/p>\n\n\n\n<p><strong>Ep\u00e9e de Feu Intense<\/strong>&nbsp;: une fois par jour,&nbsp; un Membre peut utiliser le pouvoir d\u2019<em>Ep\u00e9e de Feu Intense<\/em>. Ce pouvoir fonctionne de la m\u00eame mani\u00e8re que le pouvoir d\u2019<em>Ep\u00e9e de Feu<\/em>, \u00e0 la diff\u00e9rence qu\u2019il inflige 2d4 points de d\u00e9g\u00e2ts au lieu de 1d6. Ce pouvoir est un pouvoir distinct et il ne compte pas dans le nombre de fois que le personnage peut utiliser le pouvoir d\u2019<em>Ep\u00e9e de Feu.<\/em><\/p>\n\n\n\n<p><strong>Extension de Feu<\/strong>&nbsp;: A partir du niveau 9, chaque fois que le Membre de l\u2019Ordre Ardent lance un sort du domaine du Feu, le sort agit comme s\u2019il b\u00e9n\u00e9ficiait du Don Extension d\u2019Effet, sans demander d\u2019emplacement de sort sup\u00e9rieur.<\/p>\n\n\n\n<p><strong>Quintessence du Feu<\/strong>&nbsp;: A partir du niveau 10, chaque fois que le Membre de l\u2019Ordre Ardent lance un sort du domaine du Feu, le sort agit comme s\u2019il b\u00e9n\u00e9ficiait du Quintessence des Sorts, sans demander d\u2019emplacement de sort sup\u00e9rieur.<\/p>\n\n\n\n<p><strong>Sorts<\/strong>&nbsp;: Tous les niveaux pairs de Membre de l\u2019Ordre ardent, le personnage obtient un niveau effectif de jeteur de sorts pour une de ses classes pr\u00e9c\u00e9dentes pratiquant la magie divine (s\u2019il poss\u00e8de plusieurs classes de ce type, le niveau effectif ne s\u2019applique qu\u2019\u00e0 l\u2019une d\u2019entre elles, au choix du personnage). Il obtient les sorts par jour et le niveau de lanceur de sorts d\u2019un personnage de son niveau effectif. N\u00e9anmoins, il ne gagne aucun des autres avantages accompagnant habituellement ce niveau, tels qu&rsquo;une meilleure chance de repousser ou d&rsquo;intimider les morts-vivants, de nouveaux dons de m\u00e9tamagie ou de cr\u00e9ation d&rsquo;objets, etc.<\/p>\n","protected":false},"excerpt":{"rendered":"<p>Cette classe de prestige s\u2019adresse aux adeptes d\u2019Uron. Histoire de l\u2019Ordre Ardent En 34 Ep. IV, sur la c\u00f4te Nord de la Bordanie, un v\u00e9n\u00e9rable Dragon Rouge terrorisait et ravageait les villages de la r\u00e9gion et notamment la ville de Vieux-Port. Le Dragon exigeait des tributs, des offrandes et se comportait en seigneur et ma\u00eetre. [&hellip;]<\/p>\n","protected":false},"author":3,"featured_media":0,"parent":174,"menu_order":0,"comment_status":"closed","ping_status":"closed","template":"","meta":[],"_links":{"self":[{"href":"https:\/\/extremia.org\/wp\/index.php?rest_route=\/wp\/v2\/pages\/180"}],"collection":[{"href":"https:\/\/extremia.org\/wp\/index.php?rest_route=\/wp\/v2\/pages"}],"about":[{"href":"https:\/\/extremia.org\/wp\/index.php?rest_route=\/wp\/v2\/types\/page"}],"author":[{"embeddable":true,"href":"https:\/\/extremia.org\/wp\/index.php?rest_route=\/wp\/v2\/users\/3"}],"replies":[{"embeddable":true,"href":"https:\/\/extremia.org\/wp\/index.php?rest_route=%2Fwp%2Fv2%2Fcomments&post=180"}],"version-history":[{"count":6,"href":"https:\/\/extremia.org\/wp\/index.php?rest_route=\/wp\/v2\/pages\/180\/revisions"}],"predecessor-version":[{"id":751,"href":"https:\/\/extremia.org\/wp\/index.php?rest_route=\/wp\/v2\/pages\/180\/revisions\/751"}],"up":[{"embeddable":true,"href":"https:\/\/extremia.org\/wp\/index.php?rest_route=\/wp\/v2\/pages\/174"}],"wp:attachment":[{"href":"https:\/\/extremia.org\/wp\/index.php?rest_route=%2Fwp%2Fv2%2Fmedia&parent=180"}],"curies":[{"name":"wp","href":"https:\/\/api.w.org\/{rel}","templated":true}]}}