{"id":174,"date":"2020-12-06T22:54:36","date_gmt":"2020-12-06T21:54:36","guid":{"rendered":"http:\/\/extremia.org\/wp\/?page_id=174"},"modified":"2023-12-27T10:24:37","modified_gmt":"2023-12-27T09:24:37","slug":"uron","status":"publish","type":"page","link":"https:\/\/extremia.org\/wp\/?page_id=174","title":{"rendered":"Uron"},"content":{"rendered":"<div class=\"wp-block-image\">\n<figure class=\"aligncenter size-large is-resized\"><img fetchpriority=\"high\" decoding=\"async\" src=\"https:\/\/extremia.org\/wp\/wp-content\/uploads\/Uron.jpg\" alt=\"\" class=\"wp-image-175\" width=\"242\" height=\"314\" srcset=\"https:\/\/extremia.org\/wp\/wp-content\/uploads\/Uron.jpg 452w, https:\/\/extremia.org\/wp\/wp-content\/uploads\/Uron-231x300.jpg 231w\" sizes=\"(max-width: 242px) 100vw, 242px\" \/><\/figure><\/div>\n\n\n<h2><a>La divinit\u00e9<\/a><\/h2>\n\n\n\n<p>Uron est un Supradragon, une sorte de Dieu-Dragon tr\u00e8s rare dans le multivers. Seule une demi-douzaine de ces cr\u00e9atures a \u00e9t\u00e9 recens\u00e9e \u00e0 travers les \u00e2ges et les galaxies. Uron fut le cr\u00e9ateur de la plan\u00e8te Extr\u00eamia, qu\u2019on dit \u00eatre faite de son propre corps.<\/p>\n\n\n\n<p>L\u2019esprit d\u2019Uron est toujours pr\u00e9sent sur la plan\u00e8te et ce dernier assume le r\u00f4le de dieu principal. Il est associ\u00e9 \u00e0 la lumi\u00e8re, au soleil et au feu. D\u00e9peint comme profond\u00e9ment bon et loyal, Uron a une personnalit\u00e9 forte mais capable de juger avec sagesse et discernement. Ses fid\u00e8les louent son courage, sa force, son flegme et son \u00e9nergie chaleureuse, ainsi qu\u2019un grand sens de la loyaut\u00e9, de l\u2019ordre et du devoir.<\/p>\n\n\n\n<p>Uron est&nbsp; le plus souvent repr\u00e9sent\u00e9 par un immense dragon d&rsquo;or au regard bienveillant, aux attitudes paternelles et au sens de l\u2019effort sans limite. On le dit exigeant mais g\u00e9n\u00e9reux avec ceux qui le servent. On dit souvent de personnes pures qu\u2019elles sont&nbsp;\u00ab&nbsp;bienveillantes comme Uron&nbsp;\u00bb. On dit aussi de quelqu\u2019un de courageux \u00ab&nbsp;qu\u2019il a la bravoure d\u2019Uron&nbsp;\u00bb. \u00c9galement, Les fid\u00e8les d\u2019Uron surnomment parfois leur divinit\u00e9 \u00ab&nbsp;le Souffle Divin&nbsp;\u00bb. Ce surnom a \u00e9galement donn\u00e9, par d\u00e9formation, l\u2019expression \u00ab&nbsp;Par le Souffle d\u2019Uron&nbsp;!&nbsp;\u00bb, qui sert le plus souvent \u00e0 exprimer sa surprise ou sa col\u00e8re. Enfin, Uron est aussi parfois surnomm\u00e9 \u00ab&nbsp;le Lumineux&nbsp;\u00bb.<\/p>\n\n\n\n<h2><a>Ses fid\u00e8les<\/a><\/h2>\n\n\n\n<p>Le clerg\u00e9 d\u2019Uron est tr\u00e8s organis\u00e9 et hi\u00e9rarchis\u00e9. De jeunes hommes et jeunes femmes de toutes races et de toutes conditions sont envoy\u00e9s dans les temples d\u2019Uron en qualit\u00e9 de novice (les pr\u00eatres d\u2019Uron confirm\u00e9s les surnomment les \u00ab&nbsp;\u00e9tincelles&nbsp;\u00bb). Ils y servent invariablement pendant cinq ans, sous les ordres du Garde-Feu, avant d\u2019\u00eatre ordonn\u00e9 pr\u00eatre, si bien s\u00fbr ils montrent les qualit\u00e9s requises pour devenir de v\u00e9ritables serviteurs d\u2019Uron&nbsp;: Foi, Sagesse, Compassion et Vaillance sont parmi les valeurs les plus importantes. La devise du culte est d\u2019ailleurs \u00ab&nbsp;Courage et Loyaut\u00e9&nbsp;\u00bb. Les t\u00e2ches des novices sont les plus ingrates, et comprennent l\u2019entretien et le nettoyage du temple, la cuisine, etc. Ce traitement doit apprendre l\u2019humilit\u00e9 aux \u00ab&nbsp;Etincelles&nbsp;\u00bb, avant qu\u2019ils ne deviennent des pr\u00eatres.<\/p>\n\n\n\n<p>Une fois devenus des pr\u00eatres confirm\u00e9s, les novices deviennent des \u00ab&nbsp;Flammes&nbsp;\u00bb. Si beaucoup le resteront toute leur carri\u00e8re, certains pourront briguer des positions plus importantes. Par ordre d\u2019importance, on retrouve tout d\u2019abord le Porte-Feu, qui assiste les pr\u00eatres plus exp\u00e9riment\u00e9s pour toutes les c\u00e9r\u00e9monies internes et les offices pour les fid\u00e8les. Puis vient le grade de \u00ab&nbsp;Flamboyant&nbsp;\u00bb, qui est le premier grade o\u00f9 les pr\u00eatres d\u2019Uron peuvent c\u00e9l\u00e9brer des c\u00e9r\u00e9monies religieuses. Dans les temples les plus petits, o\u00f9 il n\u2019y a qu\u2019une poign\u00e9e de pr\u00eatres, le responsable est souvent un Flamboyant, et il reporte au responsable d\u2019un temple plus important. Si le temple est de bonne taille, on retrouve ensuite la position de \u00ab&nbsp;Luminastre&nbsp;\u00bb, qui correspond dans le clerg\u00e9 d\u2019Uron \u00e0 celui de cell\u00e9rier.<\/p>\n\n\n\n<p>Puis vient le poste de Garde-Feu, qui est le responsable des novices, comme nous l\u2019avons vu. Dans les temples les plus grands, il existe aussi une position similaire, mais l\u00e9g\u00e8rement plus prestigieuse&nbsp;: celle de Garde-Flamme, qui s\u2019occupe de g\u00e9rer et surveiller l\u2019entra\u00eenement des pr\u00eatres ordinaires.<\/p>\n\n\n\n<p>On trouve ensuite le Ma\u00eetre des Feux, qui doit s\u2019assurer que le feu br\u00fble en permanence dans le temple. Il a notamment la responsabilit\u00e9 d\u2019alimenter le Grand Atre, qui est le brasero principal devant lequel se d\u00e9roulent les c\u00e9r\u00e9monies du culte.<\/p>\n\n\n\n<p>Au-dessus de lui, on trouve le Ma\u00eetre Solaire. Le responsable d\u2019un temple d\u2019une grande ville est fr\u00e9quemment un Ma\u00eetre Solaire, dont la puissance est en g\u00e9n\u00e9ral remarquable. Seuls les meilleurs meneurs d\u2019hommes et les plus purs des pr\u00eatres d\u2019Uron peuvent devenir Ma\u00eetre Solaire. Un certain sens politique est \u00e9galement requis,&nbsp;ce qui explique parfois que des pr\u00eatres voyageurs, ayant d\u00e9cid\u00e9 de servir Uron sur les routes de l\u2019aventure plut\u00f4t qu\u2019en priant et en s\u2019entra\u00eenant dans un temple, n\u2019ont souvent que le titre de Flamboyant. Toutefois, certains pr\u00eatres itin\u00e9rants d\u2019Uron obtiennent un tel prestige et une telle renomm\u00e9e qu\u2019on leur attribue parfois le titre envi\u00e9 de Ma\u00eetre Flamboyant. Certains Ma\u00eetres Solaires particuli\u00e8rement efficace obtiennent parfois ce titre.<\/p>\n\n\n\n<p>Seule une poign\u00e9e de pr\u00eatres&nbsp;est nomm\u00e9 Seigneurs des Flammes. Ils ne sont en g\u00e9n\u00e9ral qu\u2019entre dix et douze \u00e0 travers le monde. Ils ne se r\u00e9unissent que rarement mais forment une sorte de conseil des sages du clerg\u00e9 d\u2019Uron. Le chef supr\u00eame du clerg\u00e9 est issu de ce conseil et est appel\u00e9 le Grand Flamboyant. Il est le dirigeant incontest\u00e9 du culte. Tous les pr\u00eatres d\u2019Uron lui vouent une all\u00e9geance sans faille.<\/p>\n\n\n<div class=\"wp-block-image\">\n<figure class=\"aligncenter size-large is-resized\"><img decoding=\"async\" src=\"https:\/\/extremia.org\/wp\/wp-content\/uploads\/Clerg\u00e9-pretre-dUron-444x1024.jpg\" alt=\"\" class=\"wp-image-176\" width=\"315\" height=\"726\" srcset=\"https:\/\/extremia.org\/wp\/wp-content\/uploads\/Clerg\u00e9-pretre-dUron-444x1024.jpg 444w, https:\/\/extremia.org\/wp\/wp-content\/uploads\/Clerg\u00e9-pretre-dUron-130x300.jpg 130w, https:\/\/extremia.org\/wp\/wp-content\/uploads\/Clerg\u00e9-pretre-dUron-768x1770.jpg 768w, https:\/\/extremia.org\/wp\/wp-content\/uploads\/Clerg\u00e9-pretre-dUron-667x1536.jpg 667w, https:\/\/extremia.org\/wp\/wp-content\/uploads\/Clerg\u00e9-pretre-dUron.jpg 769w\" sizes=\"(max-width: 315px) 100vw, 315px\" \/><figcaption class=\"wp-element-caption\">Un pr\u00eatre d&rsquo;Uron<\/figcaption><\/figure><\/div>\n\n\n<p>Le blason du clerg\u00e9 d\u2019Uron est un dragon d\u2019or sur un fond blanc. Ce code couleur se retrouve aussi sur les v\u00eatements des pr\u00eatres. Ceux-ci portent en effet des tuniques blanches sur lesquelles on retrouve un petit dragon d\u2019or brod\u00e9 sur le c\u0153ur. De plus, lorsqu\u2019ils se d\u00e9placent, les pr\u00eatres d\u2019Uron portent aussi un manteau blanc avec une capuche tr\u00e8s longue qui rappelle la queue d\u2019un dragon. Enfin, les pr\u00eatres d\u2019Uron portent autour du cou leur symbole religieux, la repr\u00e9sentation d\u2019une griffe de dragon en or.<\/p>\n\n\n\n<p>M\u00eame dans des coins recul\u00e9s et des contr\u00e9es lointaines, on retrouve souvent un temple d\u2019Uron, souvent de vastes b\u00e2timents de pierre blanche laissant de larges ouvertures pour laisser passer les rayons du soleil. Les temples d\u2019Uron sont en effet tr\u00e8s \u00e9clair\u00e9s, et les jeux de lumi\u00e8re y sont fr\u00e9quents. Les temples d\u2019Uron les plus importants sont dot\u00e9s de cours int\u00e9rieures et de serres afin d\u2019utiliser au maximum la lumi\u00e8re du soleil. Une fois la nuit tomb\u00e9e, la lumi\u00e8re du soleil est remplac\u00e9e par de grands braseros, des torches, etc. Ainsi, les fid\u00e8les ont conscience que le Souffle Divin les accompagne, m\u00eame pendant la nuit. Les chemin\u00e9es sont monnaie courante dans les temples d\u2019Uron, et les temples sont toujours con\u00e7us pour \u00e9viter les incendies, bien que de toute fa\u00e7on, les pr\u00eatres d\u2019Uron puissent ma\u00eetriser les flammes par leur seule volont\u00e9.<\/p>\n\n\n\n<p>Les fid\u00e8les d\u2019Uron ont toujours besoin d\u2019allumer un feu afin de prier et de se rapprocher de leur dieu, et les c\u00e9r\u00e9monies religieuses \u00e0 l\u2019int\u00e9rieur du temple ont toujours lieu aupr\u00e8s du Grand \u00c2tre, qui br\u00fble sans rel\u00e2che dans tout temple d\u2019Uron. C\u2019est ici notamment que sont incin\u00e9r\u00e9s les pr\u00eatres d\u2019Uron lorsqu\u2019ils viennent \u00e0 d\u00e9c\u00e9der. Sans surprise, les adeptes d\u2019Uron pratiquent la cr\u00e9mation en tant que rite fun\u00e9raire.<\/p>\n\n\n\n<p>S\u2019ils sont loin d\u2019un temple, les fid\u00e8les d\u2019Uron fabriquent de grands brasiers et y d\u00e9posent le corps du ou des d\u00e9funts. Ils prononcent ensuite une oraison fun\u00e8bre avant d\u2019enflammer le brasier et d\u2019assister \u00e0 la sc\u00e8ne, impassibles.<\/p>\n\n\n\n<p>A travers le monde et les \u00e2ges, le culte d\u2019Uron a vu na\u00eetre de plusieurs ordres d\u2019\u00e9lite. Les plus principaux sont l\u2019<a href=\"https:\/\/extremia.org\/wp\/?page_id=180\">Ordre Ardent<\/a> et l\u2019<a href=\"https:\/\/extremia.org\/wp\/?page_id=193\">Ordre Lumineux<\/a>, mais aussi la <a href=\"https:\/\/extremia.org\/wp\/?page_id=199\">Fraternit\u00e9&nbsp;de la Flamme Blanche<\/a>.<\/p>\n\n\n\n<p>La majorit\u00e9 des fid\u00e8les d\u2019Uron sont des humains. Toutefois, on trouve aussi de nombreux demi-elfes, des elfes et quelques parmi ceux qui v\u00e9n\u00e8rent le Souffle Divin. On trouve beaucoup d\u2019adorateurs d\u2019Uron dans le Vyrmonus, notamment dans le Vyrman, \u00e0 ConSudre et dans les Terres du Nord, dans lesquels la religion est dominante. La foi est \u00e9galement tr\u00e8s courante \u00e0 Fall, en Bordanie et en N\u00f9run-Castiglione. Il y a \u00e9galement de nombreux fid\u00e8les d\u2019Uron dans le Tizun, notamment en Sudarvie et en Kamberdie, o\u00f9 on trouve de fervents adorateurs du Supradragon. Ensuite, dans le Zorbaranus, le culte d\u2019Uron est la religion majeure dans le Sultanat de Dhazal. Enfin, on retrouve des adeptes d\u2019Uron dans le Karakite, notamment dans le Chica-Ta et le Chongten.<\/p>\n\n\n\n<p>Le clerg\u00e9 d\u2019Uron compte plusieurs lieux saints \u00e0 travers le monde. Les plus c\u00e9l\u00e8bres dans le Vyrmonus sont la ville sainte de Flamboyante-Isabeau en Bordanie, la Demeure Lumineuse, sit\u00e9e \u00e0 Kiria dans le Vyrman, si\u00e8ge de l\u2019Ordre Lumineux, et le Monast\u00e8re de Pirim, un ancien temple mystique situ\u00e9 dans les Terres du Nord, qui met \u00e0 l\u2019\u00e9preuve le courage des jeunes pr\u00eatres, pr\u00e8s de la ville qui vit na\u00eetre un h\u00e9ros du culte, le c\u00e9l\u00e8bre Deslan Kamin. Enfin un autre lieu de p\u00e8lerinage c\u00e9l\u00e8bre est le temple d\u2019Uron \u00e0 Vyrmona. Dans le Tizun, en Sudarvie, on peut noter l\u2019\u00c2tre Perp\u00e9tuel, un brasier g\u00e9ant qui br\u00fble en permanence.<\/p>\n\n\n\n<h2><a>El\u00e9ments techniques<\/a><\/h2>\n\n\n\n<p><strong>Alignement g\u00e9n\u00e9ral<\/strong>&nbsp;: Uron est Loyal Bon. Ses pr\u00eatres sont principalement Loyaux Bons. Certains sont Neutre Bons, et on peut trouver plus rarement des Chaotiques Bons.<\/p>\n\n\n\n<p><strong>Domaines<\/strong>&nbsp;: \u00e0 choisir parmi Bien, Soleil, Loi, Feu, Gloire*, Mysticisme*<\/p>\n\n\n\n<p><strong>Arme de pr\u00e9dilection<\/strong>&nbsp;: l\u2019\u00e9p\u00e9e longue<\/p>\n","protected":false},"excerpt":{"rendered":"<p>La divinit\u00e9 Uron est un Supradragon, une sorte de Dieu-Dragon tr\u00e8s rare dans le multivers. Seule une demi-douzaine de ces cr\u00e9atures a \u00e9t\u00e9 recens\u00e9e \u00e0 travers les \u00e2ges et les galaxies. Uron fut le cr\u00e9ateur de la plan\u00e8te Extr\u00eamia, qu\u2019on dit \u00eatre faite de son propre corps. L\u2019esprit d\u2019Uron est toujours pr\u00e9sent sur la plan\u00e8te [&hellip;]<\/p>\n","protected":false},"author":3,"featured_media":0,"parent":412,"menu_order":0,"comment_status":"closed","ping_status":"closed","template":"","meta":[],"_links":{"self":[{"href":"https:\/\/extremia.org\/wp\/index.php?rest_route=\/wp\/v2\/pages\/174"}],"collection":[{"href":"https:\/\/extremia.org\/wp\/index.php?rest_route=\/wp\/v2\/pages"}],"about":[{"href":"https:\/\/extremia.org\/wp\/index.php?rest_route=\/wp\/v2\/types\/page"}],"author":[{"embeddable":true,"href":"https:\/\/extremia.org\/wp\/index.php?rest_route=\/wp\/v2\/users\/3"}],"replies":[{"embeddable":true,"href":"https:\/\/extremia.org\/wp\/index.php?rest_route=%2Fwp%2Fv2%2Fcomments&post=174"}],"version-history":[{"count":10,"href":"https:\/\/extremia.org\/wp\/index.php?rest_route=\/wp\/v2\/pages\/174\/revisions"}],"predecessor-version":[{"id":498,"href":"https:\/\/extremia.org\/wp\/index.php?rest_route=\/wp\/v2\/pages\/174\/revisions\/498"}],"up":[{"embeddable":true,"href":"https:\/\/extremia.org\/wp\/index.php?rest_route=\/wp\/v2\/pages\/412"}],"wp:attachment":[{"href":"https:\/\/extremia.org\/wp\/index.php?rest_route=%2Fwp%2Fv2%2Fmedia&parent=174"}],"curies":[{"name":"wp","href":"https:\/\/api.w.org\/{rel}","templated":true}]}}