{"id":165,"date":"2020-12-06T22:11:30","date_gmt":"2020-12-06T21:11:30","guid":{"rendered":"http:\/\/extremia.org\/wp\/?page_id=165"},"modified":"2023-12-27T11:04:50","modified_gmt":"2023-12-27T10:04:50","slug":"le-monde-en-ligne","status":"publish","type":"page","link":"https:\/\/extremia.org\/wp\/?page_id=165","title":{"rendered":"Le Monde en ligne"},"content":{"rendered":"\n<p>Vous trouverez dans cette section le contenu le plus \u00e0 jour, qui est encore en relecture, en attente de publication ou mise \u00e0 jour dans les manuels PDF.<\/p>\n\n\n\n<p>Vous pouvez l&rsquo;utiliser en compl\u00e9ment ou remplacement des manuels PDF,  et n&rsquo;h\u00e9sitez pas \u00e0 nous faire conna\u00eetre les erreurs ou incoh\u00e9rences \u00e9ventuelles.<\/p>\n\n\n\n<p>Plusieurs sections sont disponibles afin de retrouver facilement les informations.<\/p>\n\n\n\n<p><\/p>\n\n\n\n<h3><a>Les Classes de Prestige<\/a><\/h3>\n\n\n\n<p>Retrouvez ici les classes de Prestige sp\u00e9cialement con\u00e7ues pour le Monde d&rsquo;Extremia !<\/p>\n\n\n\n<p><\/p>\n\n\n\n<p><a href=\"https:\/\/extremia.org\/wp\/?page_id=180\" data-type=\"page\" data-id=\"180\">Membre de l&rsquo;Ordre Ardent<\/a>, une CP pour Pr\u00eatre, Paladin, Guerrier\/Pr\u00eatre d&rsquo;<a href=\"https:\/\/extremia.org\/wp\/?page_id=174\" data-type=\"page\" data-id=\"174\">Uron<\/a>.<\/p>\n\n\n\n<p><a href=\"https:\/\/extremia.org\/wp\/?page_id=353\" data-type=\"page\" data-id=\"353\">Pieux Gu\u00e9risseur de la Dame Gardienne<\/a>, pour les Pr\u00eatres d&rsquo;<a href=\"https:\/\/extremia.org\/wp\/?page_id=348\" data-type=\"page\" data-id=\"348\">Iniva<\/a>. <\/p>\n\n\n\n<p><a href=\"https:\/\/extremia.org\/wp\/?page_id=226\" data-type=\"page\" data-id=\"226\">Marcheur de la Loi<\/a>, une CP pour Pr\u00eatre ou Magicien v\u00e9n\u00e9rant <a href=\"https:\/\/extremia.org\/wp\/?page_id=220\" data-type=\"page\" data-id=\"220\">Marblus<\/a>.<\/p>\n\n\n\n<p><a href=\"https:\/\/extremia.org\/wp\/?page_id=199\" data-type=\"page\" data-id=\"199\">Gardien de la Flamme Blanche<\/a>, une classe de prestige pour Paladin ou Guerrier\/Pr\u00eatre d&rsquo;<a href=\"https:\/\/extremia.org\/wp\/?page_id=174\" data-type=\"page\" data-id=\"174\">Uron<\/a>.<\/p>\n\n\n\n<p><a href=\"https:\/\/extremia.org\/wp\/?page_id=329\" data-type=\"page\" data-id=\"329\">Adorateur du L\u00e9viathan<\/a>, une classe de Pr\u00eatre ou de Guerrier\/Pr\u00eatre pour adorateurs de <a href=\"https:\/\/extremia.org\/wp\/?page_id=325\" data-type=\"page\" data-id=\"325\">Dakrel&rsquo;<\/a>.<\/p>\n\n\n\n<p><a href=\"https:\/\/extremia.org\/wp\/?page_id=193\" data-type=\"page\" data-id=\"193\">Champion de l&rsquo;Ordre Lumineux<\/a>, une CP pour Pr\u00eatre, Guerrier\/Pr\u00eatre, Paladin v\u00e9n\u00e9rant <a href=\"https:\/\/extremia.org\/wp\/?page_id=174\" data-type=\"page\" data-id=\"174\">Uron<\/a>.<\/p>\n\n\n\n<p><a href=\"https:\/\/extremia.org\/wp\/?page_id=260\" data-type=\"page\" data-id=\"260\">Adepte de la congr\u00e9gation du Croc Gel\u00e9<\/a>, une CP pour Pr\u00eatre, Guerrier\/Pr\u00eatre, Pr\u00eatre\/roublard de <a href=\"https:\/\/extremia.org\/wp\/?page_id=256\" data-type=\"page\" data-id=\"256\">Chiar<\/a>.<\/p>\n\n\n\n<p><a href=\"https:\/\/extremia.org\/wp\/?page_id=224\" data-type=\"page\" data-id=\"224\">Inquisiteur du Juste<\/a>, une CP pour Pr\u00eatre ou Guerrier\/Pr\u00eatre de <a href=\"https:\/\/extremia.org\/wp\/?page_id=220\" data-type=\"page\" data-id=\"220\">Marblus<\/a>.<\/p>\n\n\n\n<p><a href=\"https:\/\/extremia.org\/wp\/?page_id=356\" data-type=\"page\" data-id=\"356\">Saint Protecteur d&rsquo;Iniva<\/a>, une classe de prestige pour les Pr\u00eatres adorant <a href=\"https:\/\/extremia.org\/wp\/?page_id=348\" data-type=\"page\" data-id=\"348\">Iniva<\/a>. <\/p>\n\n\n\n<p><a href=\"https:\/\/extremia.org\/wp\/?page_id=212\" data-type=\"page\" data-id=\"212\">Elu du Roc<\/a>, une classe de prestige pour Pr\u00eatre ou Guerrier\/Pr\u00eatre v\u00e9n\u00e9rant <a href=\"https:\/\/extremia.org\/wp\/?page_id=208\" data-type=\"page\" data-id=\"208\">Abbo<\/a>.<\/p>\n\n\n\n<p><a href=\"https:\/\/extremia.org\/wp\/?page_id=214\" data-type=\"page\" data-id=\"214\">Marteleur d&rsquo;\u00e9toiles<\/a>, une classe de prestige de Pr\u00eatre et de Guerrier\/Pr\u00eatre d&rsquo;<a href=\"https:\/\/extremia.org\/wp\/?page_id=208\" data-type=\"page\" data-id=\"208\">Abbo<\/a>. <\/p>\n\n\n\n<p><a href=\"https:\/\/extremia.org\/wp\/?page_id=265\" data-type=\"page\" data-id=\"265\">Serviteur D\u00e9moniaque de Chiar<\/a>, une classe de prestige de Pr\u00eatre ou de Guerrier\/Pr\u00eatre v\u00e9n\u00e9rant <a href=\"https:\/\/extremia.org\/wp\/?page_id=256\" data-type=\"page\" data-id=\"256\">Chiar<\/a>.<\/p>\n\n\n\n<p><a href=\"https:\/\/extremia.org\/wp\/?page_id=340\" data-type=\"page\" data-id=\"340\">Chef de Guerre du Balafr\u00e9 \/ de l&rsquo;Edent\u00e9<\/a> une CP pour Pr\u00eatre ou Guerrier\/Pr\u00eatre  de <a href=\"https:\/\/extremia.org\/wp\/?page_id=336\" data-type=\"page\" data-id=\"336\">Gornar et Untog<\/a>.<\/p>\n\n\n\n<p><a href=\"https:\/\/extremia.org\/wp\/?page_id=345\" data-type=\"page\" data-id=\"345\">Champion du Balafr\u00e9 \/ de l&rsquo;Edent\u00e9<\/a> une CP de Pr\u00eatre ou Guerrier\/Pr\u00eatre, pour les divinit\u00e9 <a href=\"https:\/\/extremia.org\/wp\/?page_id=336\" data-type=\"page\" data-id=\"336\">Gornar et Untog<\/a>.<\/p>\n\n\n\n<p><a href=\"https:\/\/extremia.org\/wp\/?page_id=403\" data-type=\"page\" data-id=\"403\">Maitre des Temp\u00eates<\/a>, une CP de  Pr\u00eatre ou de Guerrier\/Pr\u00eatre de <a href=\"https:\/\/extremia.org\/wp\/?page_id=393\" data-type=\"page\" data-id=\"393\">Xamidi<\/a>. <\/p>\n\n\n\n<p><a href=\"https:\/\/extremia.org\/wp\/?page_id=443\" data-type=\"page\" data-id=\"443\">Seigneur des Morts<\/a>, classe de prestige pour les Pr\u00eatres de <a href=\"https:\/\/extremia.org\/wp\/?page_id=439\" data-type=\"page\" data-id=\"439\">Knl&rsquo;ka<\/a>. <\/p>\n\n\n\n<p><a href=\"https:\/\/extremia.org\/wp\/?page_id=484\" data-type=\"page\" data-id=\"484\">Ex\u00e9cuteur du Cobra Noir<\/a> une CP pour Pr\u00eatre ou Roublard\/Pr\u00eatre d&rsquo;<a href=\"https:\/\/extremia.org\/wp\/?page_id=476\" data-type=\"page\" data-id=\"476\">Hamo\u00ef<\/a>.<\/p>\n\n\n\n<p><a href=\"https:\/\/extremia.org\/wp\/?page_id=503\" data-type=\"page\" data-id=\"503\">Berger des \u00c2mes Perdues<\/a>, une CP pour Pr\u00eatre, Roublard\/Pr\u00eatre et adorateurs du dieu <a href=\"https:\/\/extremia.org\/wp\/?page_id=499\" data-type=\"page\" data-id=\"499\">R\u00e9bion<\/a>.<\/p>\n\n\n\n<p>Fr\u00e8re de Bataille une CP pour Guerrier, Barde, Barbare, R\u00f4deur, dans le cadre de campagne d&rsquo;Etangard.  <\/p>\n\n\n\n<p>Gardien Clanique, une classe de prestige de Guerrier dans le cadre de campagne d&rsquo;Etangard. <\/p>\n\n\n\n<p>Majarchitecte, une classe de prestige pour Magicien dans le cadre de campagne de Fall.<\/p>\n\n\n\n<p>Archer mont\u00e9 Nordois, une CP pour Guerrier, R\u00f4deur, Roublard dans le cadre des Terres du Nord.<\/p>\n\n\n\n<p>Fureteur de la Harpe Enchant\u00e9e, une CP pour Barde, Roublard, Guerrier\/Barde dans les Terres du Nord.<\/p>\n\n\n\n<p>Cavalier R\u00f4deur, une CP pour R\u00f4deur, Druide ou Guerrier dans les Terres du Nord.<\/p>\n\n\n\n<p><\/p>\n\n\n\n<h3><a>Les diff\u00e9rents pays d&rsquo;Extremia<\/a><\/h3>\n\n\n\n<p><\/p>\n\n\n\n<p>Cette section est pour l&rsquo;instant vide, mais elle se remplira tr\u00e8s prochainement&#8230;<\/p>\n","protected":false},"excerpt":{"rendered":"<p>Vous trouverez dans cette section le contenu le plus \u00e0 jour, qui est encore en relecture, en attente de publication ou mise \u00e0 jour dans les manuels PDF. Vous pouvez l&rsquo;utiliser en compl\u00e9ment ou remplacement des manuels PDF, et n&rsquo;h\u00e9sitez pas \u00e0 nous faire conna\u00eetre les erreurs ou incoh\u00e9rences \u00e9ventuelles. Plusieurs sections sont disponibles afin [&hellip;]<\/p>\n","protected":false},"author":2,"featured_media":0,"parent":131,"menu_order":0,"comment_status":"closed","ping_status":"closed","template":"","meta":[],"_links":{"self":[{"href":"https:\/\/extremia.org\/wp\/index.php?rest_route=\/wp\/v2\/pages\/165"}],"collection":[{"href":"https:\/\/extremia.org\/wp\/index.php?rest_route=\/wp\/v2\/pages"}],"about":[{"href":"https:\/\/extremia.org\/wp\/index.php?rest_route=\/wp\/v2\/types\/page"}],"author":[{"embeddable":true,"href":"https:\/\/extremia.org\/wp\/index.php?rest_route=\/wp\/v2\/users\/2"}],"replies":[{"embeddable":true,"href":"https:\/\/extremia.org\/wp\/index.php?rest_route=%2Fwp%2Fv2%2Fcomments&post=165"}],"version-history":[{"count":2,"href":"https:\/\/extremia.org\/wp\/index.php?rest_route=\/wp\/v2\/pages\/165\/revisions"}],"predecessor-version":[{"id":510,"href":"https:\/\/extremia.org\/wp\/index.php?rest_route=\/wp\/v2\/pages\/165\/revisions\/510"}],"up":[{"embeddable":true,"href":"https:\/\/extremia.org\/wp\/index.php?rest_route=\/wp\/v2\/pages\/131"}],"wp:attachment":[{"href":"https:\/\/extremia.org\/wp\/index.php?rest_route=%2Fwp%2Fv2%2Fmedia&parent=165"}],"curies":[{"name":"wp","href":"https:\/\/api.w.org\/{rel}","templated":true}]}}