{"id":131,"date":"2020-06-16T13:45:43","date_gmt":"2020-06-16T11:45:43","guid":{"rendered":"http:\/\/extremia.org\/wp\/?page_id=131"},"modified":"2025-01-27T22:12:00","modified_gmt":"2025-01-27T21:12:00","slug":"les-manuels-du-monde-dextremia","status":"publish","type":"page","link":"https:\/\/extremia.org\/wp\/?page_id=131","title":{"rendered":"Les guides du monde d&rsquo;Extremia"},"content":{"rendered":"\n<p>Les guides du monde sont la porte d&rsquo;entr\u00e9e d&rsquo;Extr\u00eamia ; ils d\u00e9crivent le monde dans son ensemble avec sa mythologie commune. Pour d\u00e9marrer une exploration aventureuse, nous avons aussi cr\u00e9\u00e9 des manuels plus d\u00e9taill\u00e9s pour certaines parties comme les Terres du Nord ou Etangard. Et si vous voulez enrichir le monde, n&rsquo;h\u00e9sitez pas, faites-le et nous int\u00e9grerons vos cr\u00e9ations dans les manuels; avec les honneurs, bien entendu !  <\/p>\n\n\n\n<h3>Le Guide du Monde<\/h3>\n\n\n\n<p class=\"has-text-align-left\">C&rsquo;est le document de base d&rsquo;Extremia. Ce Guide contient tout ce qu&rsquo;on a besoin de savoir actuellement pour pouvoir jouer dans le monde, que ce soit l&rsquo;histoire, la g\u00e9ographie, la mythologie, la politique, ou le climat. C&rsquo;est le premier document \u00e0 d\u00e9vorer pour avoir un aper\u00e7u d&rsquo;Extremia.<\/p>\n\n\n\n<figure class=\"wp-block-image size-large is-resized\"><img fetchpriority=\"high\" decoding=\"async\" src=\"https:\/\/extremia.org\/wp\/wp-content\/uploads\/Couverture-Guide-Extremia-717x1024.png\" alt=\"\" class=\"wp-image-742\" width=\"334\" height=\"478\" srcset=\"https:\/\/extremia.org\/wp\/wp-content\/uploads\/Couverture-Guide-Extremia-717x1024.png 717w, https:\/\/extremia.org\/wp\/wp-content\/uploads\/Couverture-Guide-Extremia-210x300.png 210w, https:\/\/extremia.org\/wp\/wp-content\/uploads\/Couverture-Guide-Extremia-768x1097.png 768w, https:\/\/extremia.org\/wp\/wp-content\/uploads\/Couverture-Guide-Extremia.png 900w\" sizes=\"(max-width: 334px) 100vw, 334px\" \/><\/figure>\n\n\n\n<div class=\"wp-block-file\"><a id=\"wp-block-file--media-5a012ac9-7650-4bdb-8ff8-e408ada05f6e\" href=\"https:\/\/extremia.org\/wp\/wp-content\/uploads\/Guide_du_Monde_Extremia_090.pdf\">Guide_du_Monde_Extremia_090<\/a><a href=\"https:\/\/extremia.org\/wp\/wp-content\/uploads\/Guide_du_Monde_Extremia_090.pdf\" class=\"wp-block-file__button wp-element-button\" download aria-describedby=\"wp-block-file--media-5a012ac9-7650-4bdb-8ff8-e408ada05f6e\">T\u00e9l\u00e9charger<\/a><\/div>\n\n\n\n<h3>Le Guide des Dieux<\/h3>\n\n\n\n<p>Dans ce guide, vous retrouverez l&rsquo;ensemble de la mythologie des 18 divinit\u00e9s d&rsquo;Extremia, ainsi que les pratiques de leurs clerg\u00e9s. Plusieurs classes de prestiges sont aussi disponibles pour des personnages adeptes d&rsquo;une divinit\u00e9 du monde.<\/p>\n\n\n\n<p><\/p>\n\n\n\n<figure class=\"wp-block-image size-large is-resized\"><img decoding=\"async\" src=\"https:\/\/extremia.org\/wp\/wp-content\/uploads\/Couv-guide-des-Dieux-099-764x1024.png\" alt=\"\" class=\"wp-image-649\" width=\"322\" height=\"431\" srcset=\"https:\/\/extremia.org\/wp\/wp-content\/uploads\/Couv-guide-des-Dieux-099-764x1024.png 764w, https:\/\/extremia.org\/wp\/wp-content\/uploads\/Couv-guide-des-Dieux-099-224x300.png 224w, https:\/\/extremia.org\/wp\/wp-content\/uploads\/Couv-guide-des-Dieux-099-768x1029.png 768w, https:\/\/extremia.org\/wp\/wp-content\/uploads\/Couv-guide-des-Dieux-099-1146x1536.png 1146w, https:\/\/extremia.org\/wp\/wp-content\/uploads\/Couv-guide-des-Dieux-099.png 1152w\" sizes=\"(max-width: 322px) 100vw, 322px\" \/><\/figure>\n\n\n\n<div class=\"wp-block-file\"><a id=\"wp-block-file--media-9c99abef-346f-48cf-8735-d0c9232d5eb0\" href=\"https:\/\/extremia.org\/wp\/wp-content\/uploads\/Extremia-Guide_des_Dieux-099.pdf\">Extremia-Guide_des_Dieux-099<\/a><a href=\"https:\/\/extremia.org\/wp\/wp-content\/uploads\/Extremia-Guide_des_Dieux-099.pdf\" class=\"wp-block-file__button wp-element-button\" download aria-describedby=\"wp-block-file--media-9c99abef-346f-48cf-8735-d0c9232d5eb0\">T\u00e9l\u00e9charger<\/a><\/div>\n\n\n\n<p><\/p>\n\n\n\n<h3>Le Manuel des Terres du Nord<\/h3>\n\n\n\n<p><\/p>\n\n\n\n<p>Le Manuel des Terres du Nord est un suppl\u00e9ment au manuel de base du Monde d&rsquo;Extr\u00eamia. Il d\u00e9crit en d\u00e9tail le Royaume des Terres du Nord \u00e0 son apog\u00e9e, province par province, s&rsquo;attardant dans chaque \u00e9choppe, d\u00e9voilant les grandes guildes du Royaume, et d\u00e9voilant les intrigues de la politique. D\u00e9couvrez dans ces pages une myriade de d\u00e9tails, pour lancer une longue campagne dans ce royaume.<\/p>\n\n\n\n<p>Ah ! Le l\u00e9gendaire Royaume des Terres du Nord ! principal et premier cadre d&rsquo;aventures d&rsquo;Extr\u00eamia ! Des g\u00e9n\u00e9rations d&rsquo;aventuriers y ont eu une carri\u00e8re unique !<\/p>\n\n\n\n<p>Ce pays du continent Vyrmonus peut servir de cadre \u00e0 de grandes campagnes \u00e9piques. Le contenu du manuel permet de jouer sans aucun soucis sur une p\u00e9riode de pr\u00e8s de 40 ans, et quelques ajustements permettront de jouer sur une p\u00e9riode plus longue encore.<\/p>\n\n\n\n<p>Des&nbsp;<a href=\"https:\/\/extremia.org\/wp\/?page_id=78\">sc\u00e9narios<\/a>&nbsp;disponibles en DD3.5 peuvent \u00eatre jou\u00e9s dans les Terres du Nord afin de vivre une grande campagne dans ce royaume.<\/p>\n\n\n\n<figure class=\"wp-block-image size-large is-resized\"><img decoding=\"async\" src=\"https:\/\/extremia.org\/wp\/wp-content\/uploads\/image-50-730x1024.png\" alt=\"\" class=\"wp-image-572\" width=\"319\" height=\"447\" srcset=\"https:\/\/extremia.org\/wp\/wp-content\/uploads\/image-50-730x1024.png 730w, https:\/\/extremia.org\/wp\/wp-content\/uploads\/image-50-214x300.png 214w, https:\/\/extremia.org\/wp\/wp-content\/uploads\/image-50-768x1078.png 768w, https:\/\/extremia.org\/wp\/wp-content\/uploads\/image-50.png 1052w\" sizes=\"(max-width: 319px) 100vw, 319px\" \/><\/figure>\n\n\n\n<div class=\"wp-block-file\"><a id=\"wp-block-file--media-774ce0b8-ba04-4ee6-8c71-aa377067aabf\" href=\"https:\/\/extremia.org\/wp\/wp-content\/uploads\/DD3_Manuel_des_Terres_du_Nord_A4_FULL.pdf\">DD3_Manuel_des_Terres_du_Nord_A4_FULL<\/a><a href=\"https:\/\/extremia.org\/wp\/wp-content\/uploads\/DD3_Manuel_des_Terres_du_Nord_A4_FULL.pdf\" class=\"wp-block-file__button wp-element-button\" download aria-describedby=\"wp-block-file--media-774ce0b8-ba04-4ee6-8c71-aa377067aabf\">T\u00e9l\u00e9charger<\/a><\/div>\n\n\n\n<h3>Le Manuel de Fall<\/h3>\n\n\n\n<p>Pays insulaire situ\u00e9 au coeur de la mer des Exploits, Fall est un pays de marchands et d&rsquo;explorateurs, un pays qui a b\u00e2ti sa r\u00e9putation de commer\u00e7ant redoutable autour de sa ma\u00eetrise de la mer.<\/p>\n\n\n\n<p>Fall est un pays dans lequel on ne plaisante pas avec la loi, et la politique et les intrigues sont des sports nationaux, au m\u00eame titre que bon nombre de jeux locaux c\u00e9l\u00e8bres comme le Walton ou le Chalk. Le syst\u00e8me politique de Fall, tr\u00e8s particulier, vaut autant que ses fameuses Halgers, sorte d&rsquo;agences priv\u00e9es d&rsquo;aventuriers.&nbsp;<\/p>\n\n\n\n<p>Mais Fall vaut aussi par la magnificence d&rsquo;Haldorf, sa capitale, certainement l&rsquo;une des villes les plus fascinantes de tout le Vyrmonus. Fa\u00e7onn\u00e9e par les majarchitectes, la ville regorge de surprises et de myst\u00e8res pour l&rsquo;\u00e9tranger qui vient \u00e0 y s\u00e9journer&#8230;<\/p>\n\n\n\n<figure class=\"wp-block-image size-large is-resized\"><img loading=\"lazy\" decoding=\"async\" src=\"https:\/\/extremia.org\/wp\/wp-content\/uploads\/Couv-Guide-Fall-729x1024.png\" alt=\"\" class=\"wp-image-669\" width=\"321\" height=\"450\" srcset=\"https:\/\/extremia.org\/wp\/wp-content\/uploads\/Couv-Guide-Fall-729x1024.png 729w, https:\/\/extremia.org\/wp\/wp-content\/uploads\/Couv-Guide-Fall-213x300.png 213w, https:\/\/extremia.org\/wp\/wp-content\/uploads\/Couv-Guide-Fall-768x1079.png 768w, https:\/\/extremia.org\/wp\/wp-content\/uploads\/Couv-Guide-Fall-1093x1536.png 1093w, https:\/\/extremia.org\/wp\/wp-content\/uploads\/Couv-Guide-Fall.png 1110w\" sizes=\"(max-width: 321px) 100vw, 321px\" \/><\/figure>\n\n\n\n<div class=\"wp-block-file\"><a id=\"wp-block-file--media-036131d7-f21d-4f1d-b1ed-78ecc2b7b418\" href=\"https:\/\/extremia.org\/wp\/wp-content\/uploads\/Guide_de_fall_V099.pdf\" target=\"_blank\" rel=\"noreferrer noopener\">Guide_de_fall_V099<\/a><a href=\"https:\/\/extremia.org\/wp\/wp-content\/uploads\/Guide_de_fall_V099.pdf\" class=\"wp-block-file__button wp-element-button\" download aria-describedby=\"wp-block-file--media-036131d7-f21d-4f1d-b1ed-78ecc2b7b418\">T\u00e9l\u00e9charger<\/a><\/div>\n\n\n\n<h3>Le Manuel d&rsquo;Etangard<\/h3>\n\n\n\n<p>Les landes d&rsquo;Etangard abritent les coutumes claniques de ses habitants fiers et valeureux. Ce pays rude fut le deuxi\u00e8me setting dans lequel se d\u00e9roul\u00e8rent des campagnes de jeu dans Extr\u00eamia. <\/p>\n\n\n\n<p>Le Manuel d&rsquo;Etangard d\u00e9crit le pays des Gaidlasiens en 70 pages et aborde la culture et la vie des clans. Apprenez-en plus d\u00e8s maintenant!<\/p>\n\n\n\n<p>5 <a href=\"https:\/\/extremia.org\/wp\/?page_id=78\" data-type=\"page\" data-id=\"78\">sc\u00e9narios<\/a>, faisant partie d&rsquo;une grande campagne, sont \u00e9galement disponible sur le site d&rsquo;Extremia pour d\u00e9couvrir Etangard et ses secrets&#8230;<\/p>\n\n\n\n<div class=\"wp-block-file\"><a id=\"wp-block-file--media-ca402fb9-02d9-4da7-99c5-9924b70c4bf2\" href=\"https:\/\/extremia.org\/wp\/wp-content\/uploads\/Extremia-0.9.0-etangard.pdf\" target=\"_blank\" rel=\"noreferrer noopener\">Extremia-0.9.0-etangard<\/a><a href=\"https:\/\/extremia.org\/wp\/wp-content\/uploads\/Extremia-0.9.0-etangard.pdf\" class=\"wp-block-file__button wp-element-button\" download aria-describedby=\"wp-block-file--media-ca402fb9-02d9-4da7-99c5-9924b70c4bf2\">T\u00e9l\u00e9charger<\/a><\/div>\n\n\n\n<p><\/p>\n\n\n\n<p><\/p>\n","protected":false},"excerpt":{"rendered":"<p>Les guides du monde sont la porte d&rsquo;entr\u00e9e d&rsquo;Extr\u00eamia ; ils d\u00e9crivent le monde dans son ensemble avec sa mythologie commune. Pour d\u00e9marrer une exploration aventureuse, nous avons aussi cr\u00e9\u00e9 des manuels plus d\u00e9taill\u00e9s pour certaines parties comme les Terres du Nord ou Etangard. Et si vous voulez enrichir le monde, n&rsquo;h\u00e9sitez pas, faites-le et [&hellip;]<\/p>\n","protected":false},"author":2,"featured_media":0,"parent":0,"menu_order":0,"comment_status":"closed","ping_status":"closed","template":"","meta":[],"_links":{"self":[{"href":"https:\/\/extremia.org\/wp\/index.php?rest_route=\/wp\/v2\/pages\/131"}],"collection":[{"href":"https:\/\/extremia.org\/wp\/index.php?rest_route=\/wp\/v2\/pages"}],"about":[{"href":"https:\/\/extremia.org\/wp\/index.php?rest_route=\/wp\/v2\/types\/page"}],"author":[{"embeddable":true,"href":"https:\/\/extremia.org\/wp\/index.php?rest_route=\/wp\/v2\/users\/2"}],"replies":[{"embeddable":true,"href":"https:\/\/extremia.org\/wp\/index.php?rest_route=%2Fwp%2Fv2%2Fcomments&post=131"}],"version-history":[{"count":17,"href":"https:\/\/extremia.org\/wp\/index.php?rest_route=\/wp\/v2\/pages\/131\/revisions"}],"predecessor-version":[{"id":743,"href":"https:\/\/extremia.org\/wp\/index.php?rest_route=\/wp\/v2\/pages\/131\/revisions\/743"}],"wp:attachment":[{"href":"https:\/\/extremia.org\/wp\/index.php?rest_route=%2Fwp%2Fv2%2Fmedia&parent=131"}],"curies":[{"name":"wp","href":"https:\/\/api.w.org\/{rel}","templated":true}]}}